{"id":22258,"date":"2022-03-16T12:02:45","date_gmt":"2022-03-16T11:02:45","guid":{"rendered":"https:\/\/librosdelzorrorojo.com\/catalogo\/romeo-y-julieta\/"},"modified":"2024-03-01T09:21:17","modified_gmt":"2024-03-01T08:21:17","slug":"romeo-y-julieta","status":"publish","type":"product","link":"https:\/\/librosdelzorrorojo.com\/ca\/cataleg\/romeo-y-julieta\/","title":{"rendered":"Romeo y Julieta"},"content":{"rendered":"<p><em>Romeo y Julieta\u00a0<\/em>es\u00a0una historia sobre la imposibilidad del amor, pero tambi\u00e9n\u00a0sobre su posibilidad aun y los constructos sociales.\u00a0En esta \u00e9poca en la que\u00a0nos replanteamos\u00a0nuestra idea del amor rom\u00e1ntico,\u00a0es importante volver a las grandes obras que nos ayudaron a construir esas nociones hoy obsoletas, para darles nueva vida y significado.<\/p>\n<p>Esta edici\u00f3n, que cuenta con ilustraciones del artista Svetlin Vassilev y un l\u00facido pr\u00f3logo a cargo de la escritora colombiana Carolina San\u00edn, propone\u00a0una relectura de la cl\u00e1sica tragedia de Shakespeare\u00a0sobre dos adolescentes enamorados, cuyas familias est\u00e1n enfrentadas.<\/p>\n<p>San\u00edn nos invita a repensar esta obra desde la actualidad:\u00a0\u00ab<em>Romeo y Julieta<\/em>\u00a0es una grandiosa tragedia feminista y es una alegor\u00eda de nuestros amores.\u00a0Sus protagonistas existen en cada espectador, hombre o mujer, y son el impulso de muerte y el impulso er\u00f3tico, la desesperaci\u00f3n y la oportunidad\u00bb.<\/p>\n<p>Svetlin Vassilev, Premio Nacional de Ilustraci\u00f3n de Grecia 2004,\u00a0consigue captar la turbulencia, pero tambi\u00e9n la delicadeza de las emociones\u00a0latentes de esta trama. A trav\u00e9s de unas estampas en acr\u00edlico, en las que\u00a0sublima la tradici\u00f3n pict\u00f3rica tanto cl\u00e1sica como contempor\u00e1nea,\u00a0el artista convierte esta obra teatral en una pieza de arte en s\u00ed misma.<\/p>\n<p><img decoding=\"async\" src=\"https:\/\/librosdelzorrorojo.com\/wp-content\/uploads\/2017\/09\/logo-generalitat2.jpg\" alt=\"\" width=\"200\" height=\"67\" class=\"alignnone size-full wp-image-11151\" \/><img decoding=\"async\" src=\"https:\/\/librosdelzorrorojo.com\/wp-content\/uploads\/2018\/04\/ICEC_BN-WEB-02.png\" alt=\"\" width=\"200\" height=\"48\" class=\"alignnone size-full wp-image-15980\" \/><\/p>\n","protected":false},"excerpt":{"rendered":"Romeo y Julieta\u00a0es\u00a0una historia sobre la imposibilidad del amor, pero tambi\u00e9n\u00a0sobre su posibilidad aun y los constructos sociales.\u00a0En esta \u00e9poca en la que\u00a0nos replanteamos\u00a0nuestra idea del amor rom\u00e1ntico,\u00a0es importante volver a las grandes obras que nos ayudaron a construir esas nociones hoy obsoletas, para darles nueva vida y significado. Esta edici\u00f3n, que cuenta con ilustraciones [&hellip;]","protected":false},"featured_media":22245,"template":"","meta":{"_acf_changed":false},"product_brand":[],"product_cat":[844,3156,846],"product_tag":[],"class_list":{"0":"post-22258","1":"product","2":"type-product","3":"status-publish","4":"has-post-thumbnail","6":"product_cat-castella","7":"product_cat-juvenil-adult","8":"product_cat-novedades-ca","10":"first","11":"instock","12":"taxable","13":"shipping-taxable","14":"purchasable","15":"product-type-simple"},"acf":[],"yoast_head":"<!-- This site is optimized with the Yoast SEO plugin v25.1 - https:\/\/yoast.com\/wordpress\/plugins\/seo\/ -->\n<title>Romeo y Julieta - Libros del Zorro Rojo<\/title>\n<meta name=\"description\" content=\"Romeo y Julieta es una historia sobre la imposibilidad del amor, pero tambi\u00e9n una historia sobre la posibilidad del amor a pesar de los constructos sociales. Esta edici\u00f3n de la cl\u00e1sica tragedia de dos adolescentes enamorados, cuyas familias est\u00e1n enfrentadas, propone una relectura del texto, en un momento como el actual, en el que est\u00e1 m\u00e1s vigente que nunca el replanteo y la construcci\u00f3n de nuevas formas de vinculaci\u00f3n con el amor rom\u00e1ntico.\" \/>\n<meta name=\"robots\" content=\"index, follow, max-snippet:-1, max-image-preview:large, max-video-preview:-1\" \/>\n<link rel=\"canonical\" href=\"https:\/\/librosdelzorrorojo.com\/ca\/cataleg\/romeo-y-julieta\/\" \/>\n<meta property=\"og:locale\" content=\"ca_ES\" \/>\n<meta property=\"og:type\" content=\"article\" \/>\n<meta property=\"og:title\" content=\"Romeo y Julieta - Libros del Zorro Rojo\" \/>\n<meta property=\"og:description\" content=\"Romeo y Julieta es una historia sobre la imposibilidad del amor, pero tambi\u00e9n una historia sobre la posibilidad del amor a pesar de los constructos sociales. Esta edici\u00f3n de la cl\u00e1sica tragedia de dos adolescentes enamorados, cuyas familias est\u00e1n enfrentadas, propone una relectura del texto, en un momento como el actual, en el que est\u00e1 m\u00e1s vigente que nunca el replanteo y la construcci\u00f3n de nuevas formas de vinculaci\u00f3n con el amor rom\u00e1ntico.\" \/>\n<meta property=\"og:url\" content=\"https:\/\/librosdelzorrorojo.com\/ca\/cataleg\/romeo-y-julieta\/\" \/>\n<meta property=\"og:site_name\" content=\"Libros del Zorro Rojo\" \/>\n<meta property=\"article:modified_time\" content=\"2024-03-01T08:21:17+00:00\" \/>\n<meta property=\"og:image\" content=\"https:\/\/librosdelzorrorojo.com\/wp-content\/uploads\/2022\/03\/Cover_Romeo-y-Julieta-WEB.jpg\" \/>\n\t<meta property=\"og:image:width\" content=\"850\" \/>\n\t<meta property=\"og:image:height\" content=\"1254\" \/>\n\t<meta property=\"og:image:type\" content=\"image\/jpeg\" \/>\n<meta name=\"twitter:card\" content=\"summary_large_image\" \/>\n<meta name=\"twitter:label1\" content=\"Temps estimat de lectura\" \/>\n\t<meta name=\"twitter:data1\" content=\"1 minut\" \/>\n<script type=\"application\/ld+json\" class=\"yoast-schema-graph\">{\"@context\":\"https:\/\/schema.org\",\"@graph\":[{\"@type\":\"WebPage\",\"@id\":\"https:\/\/librosdelzorrorojo.com\/ca\/cataleg\/romeo-y-julieta\/\",\"url\":\"https:\/\/librosdelzorrorojo.com\/ca\/cataleg\/romeo-y-julieta\/\",\"name\":\"Romeo y Julieta - Libros del Zorro Rojo\",\"isPartOf\":{\"@id\":\"https:\/\/librosdelzorrorojo.com\/#website\"},\"primaryImageOfPage\":{\"@id\":\"https:\/\/librosdelzorrorojo.com\/ca\/cataleg\/romeo-y-julieta\/#primaryimage\"},\"image\":{\"@id\":\"https:\/\/librosdelzorrorojo.com\/ca\/cataleg\/romeo-y-julieta\/#primaryimage\"},\"thumbnailUrl\":\"https:\/\/librosdelzorrorojo.com\/wp-content\/uploads\/2022\/03\/Cover_Romeo-y-Julieta-WEB.jpg\",\"datePublished\":\"2022-03-16T11:02:45+00:00\",\"dateModified\":\"2024-03-01T08:21:17+00:00\",\"description\":\"Romeo y Julieta es una historia sobre la imposibilidad del amor, pero tambi\u00e9n una historia sobre la posibilidad del amor a pesar de los constructos sociales. Esta edici\u00f3n de la cl\u00e1sica tragedia de dos adolescentes enamorados, cuyas familias est\u00e1n enfrentadas, propone una relectura del texto, en un momento como el actual, en el que est\u00e1 m\u00e1s vigente que nunca el replanteo y la construcci\u00f3n de nuevas formas de vinculaci\u00f3n con el amor rom\u00e1ntico.\",\"breadcrumb\":{\"@id\":\"https:\/\/librosdelzorrorojo.com\/ca\/cataleg\/romeo-y-julieta\/#breadcrumb\"},\"inLanguage\":\"ca\",\"potentialAction\":[{\"@type\":\"ReadAction\",\"target\":[\"https:\/\/librosdelzorrorojo.com\/ca\/cataleg\/romeo-y-julieta\/\"]}]},{\"@type\":\"ImageObject\",\"inLanguage\":\"ca\",\"@id\":\"https:\/\/librosdelzorrorojo.com\/ca\/cataleg\/romeo-y-julieta\/#primaryimage\",\"url\":\"https:\/\/librosdelzorrorojo.com\/wp-content\/uploads\/2022\/03\/Cover_Romeo-y-Julieta-WEB.jpg\",\"contentUrl\":\"https:\/\/librosdelzorrorojo.com\/wp-content\/uploads\/2022\/03\/Cover_Romeo-y-Julieta-WEB.jpg\",\"width\":850,\"height\":1254,\"caption\":\"Cover Romeo y Julieta WEB\"},{\"@type\":\"BreadcrumbList\",\"@id\":\"https:\/\/librosdelzorrorojo.com\/ca\/cataleg\/romeo-y-julieta\/#breadcrumb\",\"itemListElement\":[{\"@type\":\"ListItem\",\"position\":1,\"name\":\"Portada\",\"item\":\"https:\/\/librosdelzorrorojo.com\/ca\/\"},{\"@type\":\"ListItem\",\"position\":2,\"name\":\"Cat\u00e0leg\",\"item\":\"https:\/\/librosdelzorrorojo.com\/ca\/cataleg\/\"},{\"@type\":\"ListItem\",\"position\":3,\"name\":\"Romeo y Julieta\"}]},{\"@type\":\"WebSite\",\"@id\":\"https:\/\/librosdelzorrorojo.com\/#website\",\"url\":\"https:\/\/librosdelzorrorojo.com\/\",\"name\":\"Libros del Zorro Rojo\",\"description\":\"Libros ilustrados\",\"potentialAction\":[{\"@type\":\"SearchAction\",\"target\":{\"@type\":\"EntryPoint\",\"urlTemplate\":\"https:\/\/librosdelzorrorojo.com\/?s={search_term_string}\"},\"query-input\":{\"@type\":\"PropertyValueSpecification\",\"valueRequired\":true,\"valueName\":\"search_term_string\"}}],\"inLanguage\":\"ca\"}]}<\/script>\n<!-- \/ Yoast SEO plugin. -->","yoast_head_json":{"title":"Romeo y Julieta - Libros del Zorro Rojo","description":"Romeo y Julieta es una historia sobre la imposibilidad del amor, pero tambi\u00e9n una historia sobre la posibilidad del amor a pesar de los constructos sociales. Esta edici\u00f3n de la cl\u00e1sica tragedia de dos adolescentes enamorados, cuyas familias est\u00e1n enfrentadas, propone una relectura del texto, en un momento como el actual, en el que est\u00e1 m\u00e1s vigente que nunca el replanteo y la construcci\u00f3n de nuevas formas de vinculaci\u00f3n con el amor rom\u00e1ntico.","robots":{"index":"index","follow":"follow","max-snippet":"max-snippet:-1","max-image-preview":"max-image-preview:large","max-video-preview":"max-video-preview:-1"},"canonical":"https:\/\/librosdelzorrorojo.com\/ca\/cataleg\/romeo-y-julieta\/","og_locale":"ca_ES","og_type":"article","og_title":"Romeo y Julieta - Libros del Zorro Rojo","og_description":"Romeo y Julieta es una historia sobre la imposibilidad del amor, pero tambi\u00e9n una historia sobre la posibilidad del amor a pesar de los constructos sociales. Esta edici\u00f3n de la cl\u00e1sica tragedia de dos adolescentes enamorados, cuyas familias est\u00e1n enfrentadas, propone una relectura del texto, en un momento como el actual, en el que est\u00e1 m\u00e1s vigente que nunca el replanteo y la construcci\u00f3n de nuevas formas de vinculaci\u00f3n con el amor rom\u00e1ntico.","og_url":"https:\/\/librosdelzorrorojo.com\/ca\/cataleg\/romeo-y-julieta\/","og_site_name":"Libros del Zorro Rojo","article_modified_time":"2024-03-01T08:21:17+00:00","og_image":[{"width":850,"height":1254,"url":"https:\/\/librosdelzorrorojo.com\/wp-content\/uploads\/2022\/03\/Cover_Romeo-y-Julieta-WEB.jpg","type":"image\/jpeg"}],"twitter_card":"summary_large_image","twitter_misc":{"Temps estimat de lectura":"1 minut"},"schema":{"@context":"https:\/\/schema.org","@graph":[{"@type":"WebPage","@id":"https:\/\/librosdelzorrorojo.com\/ca\/cataleg\/romeo-y-julieta\/","url":"https:\/\/librosdelzorrorojo.com\/ca\/cataleg\/romeo-y-julieta\/","name":"Romeo y Julieta - Libros del Zorro Rojo","isPartOf":{"@id":"https:\/\/librosdelzorrorojo.com\/#website"},"primaryImageOfPage":{"@id":"https:\/\/librosdelzorrorojo.com\/ca\/cataleg\/romeo-y-julieta\/#primaryimage"},"image":{"@id":"https:\/\/librosdelzorrorojo.com\/ca\/cataleg\/romeo-y-julieta\/#primaryimage"},"thumbnailUrl":"https:\/\/librosdelzorrorojo.com\/wp-content\/uploads\/2022\/03\/Cover_Romeo-y-Julieta-WEB.jpg","datePublished":"2022-03-16T11:02:45+00:00","dateModified":"2024-03-01T08:21:17+00:00","description":"Romeo y Julieta es una historia sobre la imposibilidad del amor, pero tambi\u00e9n una historia sobre la posibilidad del amor a pesar de los constructos sociales. Esta edici\u00f3n de la cl\u00e1sica tragedia de dos adolescentes enamorados, cuyas familias est\u00e1n enfrentadas, propone una relectura del texto, en un momento como el actual, en el que est\u00e1 m\u00e1s vigente que nunca el replanteo y la construcci\u00f3n de nuevas formas de vinculaci\u00f3n con el amor rom\u00e1ntico.","breadcrumb":{"@id":"https:\/\/librosdelzorrorojo.com\/ca\/cataleg\/romeo-y-julieta\/#breadcrumb"},"inLanguage":"ca","potentialAction":[{"@type":"ReadAction","target":["https:\/\/librosdelzorrorojo.com\/ca\/cataleg\/romeo-y-julieta\/"]}]},{"@type":"ImageObject","inLanguage":"ca","@id":"https:\/\/librosdelzorrorojo.com\/ca\/cataleg\/romeo-y-julieta\/#primaryimage","url":"https:\/\/librosdelzorrorojo.com\/wp-content\/uploads\/2022\/03\/Cover_Romeo-y-Julieta-WEB.jpg","contentUrl":"https:\/\/librosdelzorrorojo.com\/wp-content\/uploads\/2022\/03\/Cover_Romeo-y-Julieta-WEB.jpg","width":850,"height":1254,"caption":"Cover Romeo y Julieta WEB"},{"@type":"BreadcrumbList","@id":"https:\/\/librosdelzorrorojo.com\/ca\/cataleg\/romeo-y-julieta\/#breadcrumb","itemListElement":[{"@type":"ListItem","position":1,"name":"Portada","item":"https:\/\/librosdelzorrorojo.com\/ca\/"},{"@type":"ListItem","position":2,"name":"Cat\u00e0leg","item":"https:\/\/librosdelzorrorojo.com\/ca\/cataleg\/"},{"@type":"ListItem","position":3,"name":"Romeo y Julieta"}]},{"@type":"WebSite","@id":"https:\/\/librosdelzorrorojo.com\/#website","url":"https:\/\/librosdelzorrorojo.com\/","name":"Libros del Zorro Rojo","description":"Libros ilustrados","potentialAction":[{"@type":"SearchAction","target":{"@type":"EntryPoint","urlTemplate":"https:\/\/librosdelzorrorojo.com\/?s={search_term_string}"},"query-input":{"@type":"PropertyValueSpecification","valueRequired":true,"valueName":"search_term_string"}}],"inLanguage":"ca"}]}},"_links":{"self":[{"href":"https:\/\/librosdelzorrorojo.com\/ca\/wp-json\/wp\/v2\/product\/22258","targetHints":{"allow":["GET"]}}],"collection":[{"href":"https:\/\/librosdelzorrorojo.com\/ca\/wp-json\/wp\/v2\/product"}],"about":[{"href":"https:\/\/librosdelzorrorojo.com\/ca\/wp-json\/wp\/v2\/types\/product"}],"wp:featuredmedia":[{"embeddable":true,"href":"https:\/\/librosdelzorrorojo.com\/ca\/wp-json\/wp\/v2\/media\/22245"}],"wp:attachment":[{"href":"https:\/\/librosdelzorrorojo.com\/ca\/wp-json\/wp\/v2\/media?parent=22258"}],"wp:term":[{"taxonomy":"product_brand","embeddable":true,"href":"https:\/\/librosdelzorrorojo.com\/ca\/wp-json\/wp\/v2\/product_brand?post=22258"},{"taxonomy":"product_cat","embeddable":true,"href":"https:\/\/librosdelzorrorojo.com\/ca\/wp-json\/wp\/v2\/product_cat?post=22258"},{"taxonomy":"product_tag","embeddable":true,"href":"https:\/\/librosdelzorrorojo.com\/ca\/wp-json\/wp\/v2\/product_tag?post=22258"}],"curies":[{"name":"wp","href":"https:\/\/api.w.org\/{rel}","templated":true}]}}