{"id":22208,"date":"2022-03-09T09:39:04","date_gmt":"2022-03-09T08:39:04","guid":{"rendered":"https:\/\/librosdelzorrorojo.com\/catalogo\/pajaros\/"},"modified":"2024-03-01T09:20:31","modified_gmt":"2024-03-01T08:20:31","slug":"pajaros","status":"publish","type":"product","link":"https:\/\/librosdelzorrorojo.com\/ca\/cataleg\/pajaros\/","title":{"rendered":"P\u00e1jaros"},"content":{"rendered":"<p>Este libro es\u00a0un inventario de doscientos p\u00e1jaros,\u00a0en el que el artista Jochen Gerner celebra la contemplaci\u00f3n del entorno y la libertad en el ejercicio creativo utilizando materiales sencillos y recursos asequibles.<\/p>\n<p>Se trata de un aviario que recopila, adem\u00e1s de\u00a0paseriformes y variedades ornitol\u00f3gicas de todo el mundo, especies inventadas por el propio autor,\u00a0cuestionando as\u00ed los l\u00edmites de la realidad en nuestra vida cotidiana.<\/p>\n<p>A trav\u00e9s de\u00a0la asociaci\u00f3n de trazos simples y del empleo de un n\u00famero reducido de colores,\u00a0Gerner desvela las estructuras infinitas de los plumajes de estos p\u00e1jaros, \u00abplantados de perfil y, parad\u00f3jicamente, nunca captados en pleno vuelo\u00bb.<\/p>\n<p>Para este\u00a0experimento gr\u00e1fico,\u00a0el reconocido artista franc\u00e9s parte de la observaci\u00f3n de aves que le son familiares, del conocimiento heredado de su padre sobre el mundo de la ornitolog\u00eda y de\u00a0un\u00a0an\u00e1lisis de fotograf\u00edas contempor\u00e1neas y de documentos antiguos ilustrados.<\/p>\n<p><em>P\u00e1jaros<\/em>\u00a0es\u00a0un libro de dise\u00f1o impecable,\u00a0cuyas im\u00e1genes son el centro de atenci\u00f3n, ideal para los amantes del dibujo y la ilustraci\u00f3n, ni\u00f1os y mayores, interesados por la naturaleza y el mundo de las aves.<\/p>\n<p><img decoding=\"async\" src=\"https:\/\/librosdelzorrorojo.com\/wp-content\/uploads\/2017\/09\/logo-generalitat2.jpg\" alt=\"\" width=\"200\" height=\"67\" class=\"alignnone size-full wp-image-11151\" \/><\/p>\n","protected":false},"excerpt":{"rendered":"Este libro es\u00a0un inventario de doscientos p\u00e1jaros,\u00a0en el que el artista Jochen Gerner celebra la contemplaci\u00f3n del entorno y la libertad en el ejercicio creativo utilizando materiales sencillos y recursos asequibles. Se trata de un aviario que recopila, adem\u00e1s de\u00a0paseriformes y variedades ornitol\u00f3gicas de todo el mundo, especies inventadas por el propio autor,\u00a0cuestionando as\u00ed los [&hellip;]","protected":false},"featured_media":22167,"template":"","meta":{"_acf_changed":false},"product_brand":[],"product_cat":[844,3156,846],"product_tag":[],"class_list":{"0":"post-22208","1":"product","2":"type-product","3":"status-publish","4":"has-post-thumbnail","6":"product_cat-castella","7":"product_cat-juvenil-adult","8":"product_cat-novedades-ca","10":"first","11":"instock","12":"taxable","13":"shipping-taxable","14":"purchasable","15":"product-type-simple"},"acf":[],"yoast_head":"<!-- This site is optimized with the Yoast SEO plugin v25.1 - https:\/\/yoast.com\/wordpress\/plugins\/seo\/ -->\n<title>P\u00e1jaros - Libros del Zorro Rojo<\/title>\n<meta name=\"description\" content=\"&quot;P\u00e1jaros&quot; es un inventario de doscientos p\u00e1jaros, reales e imaginarios, creados por el artista Jochen Gerner. Una aviario para los amantes de la naturaleza y la ornitolog\u00eda que celebra la libertad de los colores y las l\u00edneas con un sencillo experimento gr\u00e1fico.\" \/>\n<meta name=\"robots\" content=\"index, follow, max-snippet:-1, max-image-preview:large, max-video-preview:-1\" \/>\n<link rel=\"canonical\" href=\"https:\/\/librosdelzorrorojo.com\/ca\/cataleg\/pajaros\/\" \/>\n<meta property=\"og:locale\" content=\"ca_ES\" \/>\n<meta property=\"og:type\" content=\"article\" \/>\n<meta property=\"og:title\" content=\"P\u00e1jaros - Libros del Zorro Rojo\" \/>\n<meta property=\"og:description\" content=\"&quot;P\u00e1jaros&quot; es un inventario de doscientos p\u00e1jaros, reales e imaginarios, creados por el artista Jochen Gerner. Una aviario para los amantes de la naturaleza y la ornitolog\u00eda que celebra la libertad de los colores y las l\u00edneas con un sencillo experimento gr\u00e1fico.\" \/>\n<meta property=\"og:url\" content=\"https:\/\/librosdelzorrorojo.com\/ca\/cataleg\/pajaros\/\" \/>\n<meta property=\"og:site_name\" content=\"Libros del Zorro Rojo\" \/>\n<meta property=\"article:modified_time\" content=\"2024-03-01T08:20:31+00:00\" \/>\n<meta property=\"og:image\" content=\"https:\/\/librosdelzorrorojo.com\/wp-content\/uploads\/2022\/03\/Cover-Guarda_Pajaros-WEB.jpg\" \/>\n\t<meta property=\"og:image:width\" content=\"849\" \/>\n\t<meta property=\"og:image:height\" content=\"1170\" \/>\n\t<meta property=\"og:image:type\" content=\"image\/jpeg\" \/>\n<meta name=\"twitter:card\" content=\"summary_large_image\" \/>\n<meta name=\"twitter:label1\" content=\"Temps estimat de lectura\" \/>\n\t<meta name=\"twitter:data1\" content=\"1 minut\" \/>\n<script type=\"application\/ld+json\" class=\"yoast-schema-graph\">{\"@context\":\"https:\/\/schema.org\",\"@graph\":[{\"@type\":\"WebPage\",\"@id\":\"https:\/\/librosdelzorrorojo.com\/ca\/cataleg\/pajaros\/\",\"url\":\"https:\/\/librosdelzorrorojo.com\/ca\/cataleg\/pajaros\/\",\"name\":\"P\u00e1jaros - Libros del Zorro Rojo\",\"isPartOf\":{\"@id\":\"https:\/\/librosdelzorrorojo.com\/#website\"},\"primaryImageOfPage\":{\"@id\":\"https:\/\/librosdelzorrorojo.com\/ca\/cataleg\/pajaros\/#primaryimage\"},\"image\":{\"@id\":\"https:\/\/librosdelzorrorojo.com\/ca\/cataleg\/pajaros\/#primaryimage\"},\"thumbnailUrl\":\"https:\/\/librosdelzorrorojo.com\/wp-content\/uploads\/2022\/03\/Cover-Guarda_Pajaros-WEB.jpg\",\"datePublished\":\"2022-03-09T08:39:04+00:00\",\"dateModified\":\"2024-03-01T08:20:31+00:00\",\"description\":\"\\\"P\u00e1jaros\\\" es un inventario de doscientos p\u00e1jaros, reales e imaginarios, creados por el artista Jochen Gerner. Una aviario para los amantes de la naturaleza y la ornitolog\u00eda que celebra la libertad de los colores y las l\u00edneas con un sencillo experimento gr\u00e1fico.\",\"breadcrumb\":{\"@id\":\"https:\/\/librosdelzorrorojo.com\/ca\/cataleg\/pajaros\/#breadcrumb\"},\"inLanguage\":\"ca\",\"potentialAction\":[{\"@type\":\"ReadAction\",\"target\":[\"https:\/\/librosdelzorrorojo.com\/ca\/cataleg\/pajaros\/\"]}]},{\"@type\":\"ImageObject\",\"inLanguage\":\"ca\",\"@id\":\"https:\/\/librosdelzorrorojo.com\/ca\/cataleg\/pajaros\/#primaryimage\",\"url\":\"https:\/\/librosdelzorrorojo.com\/wp-content\/uploads\/2022\/03\/Cover-Guarda_Pajaros-WEB.jpg\",\"contentUrl\":\"https:\/\/librosdelzorrorojo.com\/wp-content\/uploads\/2022\/03\/Cover-Guarda_Pajaros-WEB.jpg\",\"width\":849,\"height\":1170,\"caption\":\"Cover Guarda Pajaros WEB\"},{\"@type\":\"BreadcrumbList\",\"@id\":\"https:\/\/librosdelzorrorojo.com\/ca\/cataleg\/pajaros\/#breadcrumb\",\"itemListElement\":[{\"@type\":\"ListItem\",\"position\":1,\"name\":\"Portada\",\"item\":\"https:\/\/librosdelzorrorojo.com\/ca\/\"},{\"@type\":\"ListItem\",\"position\":2,\"name\":\"Cat\u00e0leg\",\"item\":\"https:\/\/librosdelzorrorojo.com\/ca\/cataleg\/\"},{\"@type\":\"ListItem\",\"position\":3,\"name\":\"P\u00e1jaros\"}]},{\"@type\":\"WebSite\",\"@id\":\"https:\/\/librosdelzorrorojo.com\/#website\",\"url\":\"https:\/\/librosdelzorrorojo.com\/\",\"name\":\"Libros del Zorro Rojo\",\"description\":\"Libros ilustrados\",\"potentialAction\":[{\"@type\":\"SearchAction\",\"target\":{\"@type\":\"EntryPoint\",\"urlTemplate\":\"https:\/\/librosdelzorrorojo.com\/?s={search_term_string}\"},\"query-input\":{\"@type\":\"PropertyValueSpecification\",\"valueRequired\":true,\"valueName\":\"search_term_string\"}}],\"inLanguage\":\"ca\"}]}<\/script>\n<!-- \/ Yoast SEO plugin. -->","yoast_head_json":{"title":"P\u00e1jaros - Libros del Zorro Rojo","description":"\"P\u00e1jaros\" es un inventario de doscientos p\u00e1jaros, reales e imaginarios, creados por el artista Jochen Gerner. Una aviario para los amantes de la naturaleza y la ornitolog\u00eda que celebra la libertad de los colores y las l\u00edneas con un sencillo experimento gr\u00e1fico.","robots":{"index":"index","follow":"follow","max-snippet":"max-snippet:-1","max-image-preview":"max-image-preview:large","max-video-preview":"max-video-preview:-1"},"canonical":"https:\/\/librosdelzorrorojo.com\/ca\/cataleg\/pajaros\/","og_locale":"ca_ES","og_type":"article","og_title":"P\u00e1jaros - Libros del Zorro Rojo","og_description":"\"P\u00e1jaros\" es un inventario de doscientos p\u00e1jaros, reales e imaginarios, creados por el artista Jochen Gerner. Una aviario para los amantes de la naturaleza y la ornitolog\u00eda que celebra la libertad de los colores y las l\u00edneas con un sencillo experimento gr\u00e1fico.","og_url":"https:\/\/librosdelzorrorojo.com\/ca\/cataleg\/pajaros\/","og_site_name":"Libros del Zorro Rojo","article_modified_time":"2024-03-01T08:20:31+00:00","og_image":[{"width":849,"height":1170,"url":"https:\/\/librosdelzorrorojo.com\/wp-content\/uploads\/2022\/03\/Cover-Guarda_Pajaros-WEB.jpg","type":"image\/jpeg"}],"twitter_card":"summary_large_image","twitter_misc":{"Temps estimat de lectura":"1 minut"},"schema":{"@context":"https:\/\/schema.org","@graph":[{"@type":"WebPage","@id":"https:\/\/librosdelzorrorojo.com\/ca\/cataleg\/pajaros\/","url":"https:\/\/librosdelzorrorojo.com\/ca\/cataleg\/pajaros\/","name":"P\u00e1jaros - Libros del Zorro Rojo","isPartOf":{"@id":"https:\/\/librosdelzorrorojo.com\/#website"},"primaryImageOfPage":{"@id":"https:\/\/librosdelzorrorojo.com\/ca\/cataleg\/pajaros\/#primaryimage"},"image":{"@id":"https:\/\/librosdelzorrorojo.com\/ca\/cataleg\/pajaros\/#primaryimage"},"thumbnailUrl":"https:\/\/librosdelzorrorojo.com\/wp-content\/uploads\/2022\/03\/Cover-Guarda_Pajaros-WEB.jpg","datePublished":"2022-03-09T08:39:04+00:00","dateModified":"2024-03-01T08:20:31+00:00","description":"\"P\u00e1jaros\" es un inventario de doscientos p\u00e1jaros, reales e imaginarios, creados por el artista Jochen Gerner. Una aviario para los amantes de la naturaleza y la ornitolog\u00eda que celebra la libertad de los colores y las l\u00edneas con un sencillo experimento gr\u00e1fico.","breadcrumb":{"@id":"https:\/\/librosdelzorrorojo.com\/ca\/cataleg\/pajaros\/#breadcrumb"},"inLanguage":"ca","potentialAction":[{"@type":"ReadAction","target":["https:\/\/librosdelzorrorojo.com\/ca\/cataleg\/pajaros\/"]}]},{"@type":"ImageObject","inLanguage":"ca","@id":"https:\/\/librosdelzorrorojo.com\/ca\/cataleg\/pajaros\/#primaryimage","url":"https:\/\/librosdelzorrorojo.com\/wp-content\/uploads\/2022\/03\/Cover-Guarda_Pajaros-WEB.jpg","contentUrl":"https:\/\/librosdelzorrorojo.com\/wp-content\/uploads\/2022\/03\/Cover-Guarda_Pajaros-WEB.jpg","width":849,"height":1170,"caption":"Cover Guarda Pajaros WEB"},{"@type":"BreadcrumbList","@id":"https:\/\/librosdelzorrorojo.com\/ca\/cataleg\/pajaros\/#breadcrumb","itemListElement":[{"@type":"ListItem","position":1,"name":"Portada","item":"https:\/\/librosdelzorrorojo.com\/ca\/"},{"@type":"ListItem","position":2,"name":"Cat\u00e0leg","item":"https:\/\/librosdelzorrorojo.com\/ca\/cataleg\/"},{"@type":"ListItem","position":3,"name":"P\u00e1jaros"}]},{"@type":"WebSite","@id":"https:\/\/librosdelzorrorojo.com\/#website","url":"https:\/\/librosdelzorrorojo.com\/","name":"Libros del Zorro Rojo","description":"Libros ilustrados","potentialAction":[{"@type":"SearchAction","target":{"@type":"EntryPoint","urlTemplate":"https:\/\/librosdelzorrorojo.com\/?s={search_term_string}"},"query-input":{"@type":"PropertyValueSpecification","valueRequired":true,"valueName":"search_term_string"}}],"inLanguage":"ca"}]}},"_links":{"self":[{"href":"https:\/\/librosdelzorrorojo.com\/ca\/wp-json\/wp\/v2\/product\/22208","targetHints":{"allow":["GET"]}}],"collection":[{"href":"https:\/\/librosdelzorrorojo.com\/ca\/wp-json\/wp\/v2\/product"}],"about":[{"href":"https:\/\/librosdelzorrorojo.com\/ca\/wp-json\/wp\/v2\/types\/product"}],"wp:featuredmedia":[{"embeddable":true,"href":"https:\/\/librosdelzorrorojo.com\/ca\/wp-json\/wp\/v2\/media\/22167"}],"wp:attachment":[{"href":"https:\/\/librosdelzorrorojo.com\/ca\/wp-json\/wp\/v2\/media?parent=22208"}],"wp:term":[{"taxonomy":"product_brand","embeddable":true,"href":"https:\/\/librosdelzorrorojo.com\/ca\/wp-json\/wp\/v2\/product_brand?post=22208"},{"taxonomy":"product_cat","embeddable":true,"href":"https:\/\/librosdelzorrorojo.com\/ca\/wp-json\/wp\/v2\/product_cat?post=22208"},{"taxonomy":"product_tag","embeddable":true,"href":"https:\/\/librosdelzorrorojo.com\/ca\/wp-json\/wp\/v2\/product_tag?post=22208"}],"curies":[{"name":"wp","href":"https:\/\/api.w.org\/{rel}","templated":true}]}}