{"id":22062,"date":"2022-03-01T15:24:58","date_gmt":"2022-03-01T14:24:58","guid":{"rendered":"https:\/\/librosdelzorrorojo.com\/?post_type=product&#038;p=22062"},"modified":"2024-03-01T09:19:36","modified_gmt":"2024-03-01T08:19:36","slug":"el-mes-petit-de-tots","status":"publish","type":"product","link":"https:\/\/librosdelzorrorojo.com\/ca\/cataleg\/el-mes-petit-de-tots\/","title":{"rendered":"El m\u00e9s petit de tots"},"content":{"rendered":"<p>Lola Anglada i Sarriera, precursora de la il\u00b7lustraci\u00f3 i autora cabdal de Catalunya, va escriure i il\u00b7lustrar, en plena Guerra Civil, El m\u00e9s petit de tots. Un llibre que pretenia inculcar els valors\u00a0 republicans als nens i les nenes, alhora que posava en relleu els penosos efectes de la guerra i els beneficis de la pau. Libros del Zorro Rojo i l\u2019Ajuntament de Barcelona recuperen aquesta obra en una edici\u00f3 fidel a l\u2019original, que inclou dos assajos \u2014sobre Anglada i sobre la LIJ durant la II Rep\u00fablica\u2014 de Montserrat Castillo, historiadora, cr\u00edtica d\u2019art i comiss\u00e0ria de diverses exposicions de Lola Anglada, i de Teresa Ma\u00f1\u00e0, fil\u00f2loga i coautora del llibre <em>El patrimoni de la imaginaci\u00f3: llibres d\u2019ahir per a lectors d\u2019avui<\/em> (2007).<\/p>\n<p>El t\u00edtol, que \u00e9s una mostra excepcional de la lluita antifeixista i el catalanisme popular, va veure la llum el 1937 per iniciativa del Comissariat de Propaganda de la Generalitat de Catalunya, l\u2019oficina creada pel govern de Llu\u00eds Companys un any abans per difondre la causa catalana, internacionalitzar el conflicte b\u00e8l\u00b7lic i mantenir l\u2019\u00e0nim de la poblaci\u00f3.<\/p>\n<p>Abans de ser un \u00e0lbum il\u00b7lustrat, el protagonista es va fer corpori en la figureta d\u2019un infant vestit amb la gorra fr\u00edgia \u2014s\u00edmbol del republicanisme popular\u2014, una granota d\u2019obrer, el puny esquerre al\u00e7at i una senyera a l\u2019altra m\u00e0, marxant tot decidit com un milici\u00e0 qualsevol per batallar contra els facciosos. L\u2019escultor Miquel Paredes va crear aquesta pe\u00e7a per enc\u00e0rrec del Comissariat de Propaganda, que volia traslladar un missatge de confian\u00e7a i preparar la poblaci\u00f3 civil per a la guerra. Segons Jaume Miravitlles, president i creador d\u2019aquest departament, \u00abEl m\u00e9s petit de tots\u00bb va voler ser \u00abla cara amable de la creu que presentaven molts aspectes t\u00e8rbols del que passava al carrer\u00bb.<\/p>\n","protected":false},"excerpt":{"rendered":"Lola Anglada i Sarriera, precursora de la il\u00b7lustraci\u00f3 i autora cabdal de Catalunya, va escriure i il\u00b7lustrar, en plena Guerra Civil, El m\u00e9s petit de tots. Un llibre que pretenia inculcar els valors\u00a0 republicans als nens i les nenes, alhora que posava en relleu els penosos efectes de la guerra i els beneficis de la [&hellip;]","protected":false},"featured_media":22074,"template":"","meta":{"_acf_changed":false},"product_brand":[],"product_cat":[840,846],"product_tag":[],"class_list":{"0":"post-22062","1":"product","2":"type-product","3":"status-publish","4":"has-post-thumbnail","6":"product_cat-catala","7":"product_cat-novedades-ca","9":"first","10":"instock","11":"taxable","12":"shipping-taxable","13":"purchasable","14":"product-type-simple"},"acf":[],"yoast_head":"<!-- This site is optimized with the Yoast SEO plugin v25.1 - https:\/\/yoast.com\/wordpress\/plugins\/seo\/ -->\n<title>El m\u00e9s petit de tots - Libros del Zorro Rojo<\/title>\n<meta name=\"robots\" content=\"index, follow, max-snippet:-1, max-image-preview:large, max-video-preview:-1\" \/>\n<link rel=\"canonical\" href=\"https:\/\/librosdelzorrorojo.com\/ca\/cataleg\/el-mes-petit-de-tots\/\" \/>\n<meta property=\"og:locale\" content=\"ca_ES\" \/>\n<meta property=\"og:type\" content=\"article\" \/>\n<meta property=\"og:title\" content=\"El m\u00e9s petit de tots - Libros del Zorro Rojo\" \/>\n<meta property=\"og:description\" content=\"Lola Anglada i Sarriera, precursora de la il\u00b7lustraci\u00f3 i autora cabdal de Catalunya, va escriure i il\u00b7lustrar, en plena Guerra Civil, El m\u00e9s petit de tots. Un llibre que pretenia inculcar els valors\u00a0 republicans als nens i les nenes, alhora que posava en relleu els penosos efectes de la guerra i els beneficis de la [&hellip;]\" \/>\n<meta property=\"og:url\" content=\"https:\/\/librosdelzorrorojo.com\/ca\/cataleg\/el-mes-petit-de-tots\/\" \/>\n<meta property=\"og:site_name\" content=\"Libros del Zorro Rojo\" \/>\n<meta property=\"article:modified_time\" content=\"2024-03-01T08:19:36+00:00\" \/>\n<meta property=\"og:image\" content=\"https:\/\/librosdelzorrorojo.com\/wp-content\/uploads\/2022\/03\/PROV-mes-petit.png\" \/>\n\t<meta property=\"og:image:width\" content=\"713\" \/>\n\t<meta property=\"og:image:height\" content=\"746\" \/>\n\t<meta property=\"og:image:type\" content=\"image\/png\" \/>\n<meta name=\"twitter:card\" content=\"summary_large_image\" \/>\n<meta name=\"twitter:label1\" content=\"Temps estimat de lectura\" \/>\n\t<meta name=\"twitter:data1\" content=\"2 minuts\" \/>\n<script type=\"application\/ld+json\" class=\"yoast-schema-graph\">{\"@context\":\"https:\/\/schema.org\",\"@graph\":[{\"@type\":\"WebPage\",\"@id\":\"https:\/\/librosdelzorrorojo.com\/ca\/cataleg\/el-mes-petit-de-tots\/\",\"url\":\"https:\/\/librosdelzorrorojo.com\/ca\/cataleg\/el-mes-petit-de-tots\/\",\"name\":\"El m\u00e9s petit de tots - Libros del Zorro Rojo\",\"isPartOf\":{\"@id\":\"https:\/\/librosdelzorrorojo.com\/#website\"},\"primaryImageOfPage\":{\"@id\":\"https:\/\/librosdelzorrorojo.com\/ca\/cataleg\/el-mes-petit-de-tots\/#primaryimage\"},\"image\":{\"@id\":\"https:\/\/librosdelzorrorojo.com\/ca\/cataleg\/el-mes-petit-de-tots\/#primaryimage\"},\"thumbnailUrl\":\"https:\/\/librosdelzorrorojo.com\/wp-content\/uploads\/2022\/03\/PROV-mes-petit.png\",\"datePublished\":\"2022-03-01T14:24:58+00:00\",\"dateModified\":\"2024-03-01T08:19:36+00:00\",\"breadcrumb\":{\"@id\":\"https:\/\/librosdelzorrorojo.com\/ca\/cataleg\/el-mes-petit-de-tots\/#breadcrumb\"},\"inLanguage\":\"ca\",\"potentialAction\":[{\"@type\":\"ReadAction\",\"target\":[\"https:\/\/librosdelzorrorojo.com\/ca\/cataleg\/el-mes-petit-de-tots\/\"]}]},{\"@type\":\"ImageObject\",\"inLanguage\":\"ca\",\"@id\":\"https:\/\/librosdelzorrorojo.com\/ca\/cataleg\/el-mes-petit-de-tots\/#primaryimage\",\"url\":\"https:\/\/librosdelzorrorojo.com\/wp-content\/uploads\/2022\/03\/PROV-mes-petit.png\",\"contentUrl\":\"https:\/\/librosdelzorrorojo.com\/wp-content\/uploads\/2022\/03\/PROV-mes-petit.png\",\"width\":713,\"height\":746,\"caption\":\"PROV mes petit\"},{\"@type\":\"BreadcrumbList\",\"@id\":\"https:\/\/librosdelzorrorojo.com\/ca\/cataleg\/el-mes-petit-de-tots\/#breadcrumb\",\"itemListElement\":[{\"@type\":\"ListItem\",\"position\":1,\"name\":\"Portada\",\"item\":\"https:\/\/librosdelzorrorojo.com\/ca\/\"},{\"@type\":\"ListItem\",\"position\":2,\"name\":\"Cat\u00e0leg\",\"item\":\"https:\/\/librosdelzorrorojo.com\/ca\/cataleg\/\"},{\"@type\":\"ListItem\",\"position\":3,\"name\":\"El m\u00e9s petit de tots\"}]},{\"@type\":\"WebSite\",\"@id\":\"https:\/\/librosdelzorrorojo.com\/#website\",\"url\":\"https:\/\/librosdelzorrorojo.com\/\",\"name\":\"Libros del Zorro Rojo\",\"description\":\"Libros ilustrados\",\"potentialAction\":[{\"@type\":\"SearchAction\",\"target\":{\"@type\":\"EntryPoint\",\"urlTemplate\":\"https:\/\/librosdelzorrorojo.com\/?s={search_term_string}\"},\"query-input\":{\"@type\":\"PropertyValueSpecification\",\"valueRequired\":true,\"valueName\":\"search_term_string\"}}],\"inLanguage\":\"ca\"}]}<\/script>\n<!-- \/ Yoast SEO plugin. -->","yoast_head_json":{"title":"El m\u00e9s petit de tots - Libros del Zorro Rojo","robots":{"index":"index","follow":"follow","max-snippet":"max-snippet:-1","max-image-preview":"max-image-preview:large","max-video-preview":"max-video-preview:-1"},"canonical":"https:\/\/librosdelzorrorojo.com\/ca\/cataleg\/el-mes-petit-de-tots\/","og_locale":"ca_ES","og_type":"article","og_title":"El m\u00e9s petit de tots - Libros del Zorro Rojo","og_description":"Lola Anglada i Sarriera, precursora de la il\u00b7lustraci\u00f3 i autora cabdal de Catalunya, va escriure i il\u00b7lustrar, en plena Guerra Civil, El m\u00e9s petit de tots. Un llibre que pretenia inculcar els valors\u00a0 republicans als nens i les nenes, alhora que posava en relleu els penosos efectes de la guerra i els beneficis de la [&hellip;]","og_url":"https:\/\/librosdelzorrorojo.com\/ca\/cataleg\/el-mes-petit-de-tots\/","og_site_name":"Libros del Zorro Rojo","article_modified_time":"2024-03-01T08:19:36+00:00","og_image":[{"width":713,"height":746,"url":"https:\/\/librosdelzorrorojo.com\/wp-content\/uploads\/2022\/03\/PROV-mes-petit.png","type":"image\/png"}],"twitter_card":"summary_large_image","twitter_misc":{"Temps estimat de lectura":"2 minuts"},"schema":{"@context":"https:\/\/schema.org","@graph":[{"@type":"WebPage","@id":"https:\/\/librosdelzorrorojo.com\/ca\/cataleg\/el-mes-petit-de-tots\/","url":"https:\/\/librosdelzorrorojo.com\/ca\/cataleg\/el-mes-petit-de-tots\/","name":"El m\u00e9s petit de tots - Libros del Zorro Rojo","isPartOf":{"@id":"https:\/\/librosdelzorrorojo.com\/#website"},"primaryImageOfPage":{"@id":"https:\/\/librosdelzorrorojo.com\/ca\/cataleg\/el-mes-petit-de-tots\/#primaryimage"},"image":{"@id":"https:\/\/librosdelzorrorojo.com\/ca\/cataleg\/el-mes-petit-de-tots\/#primaryimage"},"thumbnailUrl":"https:\/\/librosdelzorrorojo.com\/wp-content\/uploads\/2022\/03\/PROV-mes-petit.png","datePublished":"2022-03-01T14:24:58+00:00","dateModified":"2024-03-01T08:19:36+00:00","breadcrumb":{"@id":"https:\/\/librosdelzorrorojo.com\/ca\/cataleg\/el-mes-petit-de-tots\/#breadcrumb"},"inLanguage":"ca","potentialAction":[{"@type":"ReadAction","target":["https:\/\/librosdelzorrorojo.com\/ca\/cataleg\/el-mes-petit-de-tots\/"]}]},{"@type":"ImageObject","inLanguage":"ca","@id":"https:\/\/librosdelzorrorojo.com\/ca\/cataleg\/el-mes-petit-de-tots\/#primaryimage","url":"https:\/\/librosdelzorrorojo.com\/wp-content\/uploads\/2022\/03\/PROV-mes-petit.png","contentUrl":"https:\/\/librosdelzorrorojo.com\/wp-content\/uploads\/2022\/03\/PROV-mes-petit.png","width":713,"height":746,"caption":"PROV mes petit"},{"@type":"BreadcrumbList","@id":"https:\/\/librosdelzorrorojo.com\/ca\/cataleg\/el-mes-petit-de-tots\/#breadcrumb","itemListElement":[{"@type":"ListItem","position":1,"name":"Portada","item":"https:\/\/librosdelzorrorojo.com\/ca\/"},{"@type":"ListItem","position":2,"name":"Cat\u00e0leg","item":"https:\/\/librosdelzorrorojo.com\/ca\/cataleg\/"},{"@type":"ListItem","position":3,"name":"El m\u00e9s petit de tots"}]},{"@type":"WebSite","@id":"https:\/\/librosdelzorrorojo.com\/#website","url":"https:\/\/librosdelzorrorojo.com\/","name":"Libros del Zorro Rojo","description":"Libros ilustrados","potentialAction":[{"@type":"SearchAction","target":{"@type":"EntryPoint","urlTemplate":"https:\/\/librosdelzorrorojo.com\/?s={search_term_string}"},"query-input":{"@type":"PropertyValueSpecification","valueRequired":true,"valueName":"search_term_string"}}],"inLanguage":"ca"}]}},"_links":{"self":[{"href":"https:\/\/librosdelzorrorojo.com\/ca\/wp-json\/wp\/v2\/product\/22062","targetHints":{"allow":["GET"]}}],"collection":[{"href":"https:\/\/librosdelzorrorojo.com\/ca\/wp-json\/wp\/v2\/product"}],"about":[{"href":"https:\/\/librosdelzorrorojo.com\/ca\/wp-json\/wp\/v2\/types\/product"}],"wp:featuredmedia":[{"embeddable":true,"href":"https:\/\/librosdelzorrorojo.com\/ca\/wp-json\/wp\/v2\/media\/22074"}],"wp:attachment":[{"href":"https:\/\/librosdelzorrorojo.com\/ca\/wp-json\/wp\/v2\/media?parent=22062"}],"wp:term":[{"taxonomy":"product_brand","embeddable":true,"href":"https:\/\/librosdelzorrorojo.com\/ca\/wp-json\/wp\/v2\/product_brand?post=22062"},{"taxonomy":"product_cat","embeddable":true,"href":"https:\/\/librosdelzorrorojo.com\/ca\/wp-json\/wp\/v2\/product_cat?post=22062"},{"taxonomy":"product_tag","embeddable":true,"href":"https:\/\/librosdelzorrorojo.com\/ca\/wp-json\/wp\/v2\/product_tag?post=22062"}],"curies":[{"name":"wp","href":"https:\/\/api.w.org\/{rel}","templated":true}]}}