{"id":21977,"date":"2022-02-16T10:01:37","date_gmt":"2022-02-16T09:01:37","guid":{"rendered":"https:\/\/librosdelzorrorojo.com\/?post_type=product&#038;p=21977"},"modified":"2025-04-19T16:33:18","modified_gmt":"2025-04-19T14:33:18","slug":"odas-a-la-comida-y-otros-placeres-elementales","status":"publish","type":"product","link":"https:\/\/librosdelzorrorojo.com\/ca\/cataleg\/odas-a-la-comida-y-otros-placeres-elementales\/","title":{"rendered":"Odas a la comida y otros placeres elementales"},"content":{"rendered":"<p>Esta edici\u00f3n re\u00fane una veintena de odas en las que el Premio Nobel Pablo Neruda homenajea a la comida y otros placeres elementales vinculados con el arte y el acto de comer. El poeta chileno hace poes\u00eda de la vida cotidiana y celebra la naturaleza y sus m\u00faltiples virtudes, a la vez que nos permite indagar en su identidad latinoamericana y repensar la relaci\u00f3n hist\u00f3rica entre Espa\u00f1a y Am\u00e9rica Latina. Las estampas de Javier Zabala, Premio Nacional de Ilustraci\u00f3n y artista de recurrente presencia en el cat\u00e1logo de Libros del Zorro Rojo, acompa\u00f1an este original poemario.<\/p>\n<p>En <em>Odas a la comida y otros placeres elementales<\/em> late un homenaje a Am\u00e9rica y una profunda reflexi\u00f3n acerca de su conquista y colonizaci\u00f3n. Como escribe Neruda en su \u00abOda a la papa\u00bb: \u00abpero cuando a las piedras de Castilla \/ regresaron \/ los pobres capitanes derrotados, \/ levantaron en las manos sangrientas \/ no una copa de oro, \/ sino la papa \/ de Chilo\u00e9 marino\u00bb.<\/p>\n<p>El presente volumen, ideal, tambi\u00e9n, para los amantes de la comida y la cocina, recoge algunas de las composiciones escritas en sus cuatro libros de odas entre entre 1954 y 1959, en las que Neruda enaltece los elementos sencillos que encontramos en nuestra mesa: desde frutas y hortalizas hasta ali\u00f1os, productos como el pan y el vino, e incluso utensilios como el plato y la cuchara.<\/p>\n<p>\u00abPablo Neruda fue un poeta deslumbrado por el mundo y sus materias, por sus colores, sus aromas, sus texturas, sus sensaciones y sabores. Su poes\u00eda es sensorial y directa. Nace de la absorci\u00f3n f\u00edsica del mundo, de paladear la comida\u00bb, escribe en el pr\u00f3logo Dar\u00edo Oses, editor de las memorias del autor y exdirector de la Biblioteca de la Fundaci\u00f3n Pablo Neruda.<\/p>\n<p>Con un lenguaje vanguardista y pict\u00f3rico \u00fanico, Javier Zabala, uno de los m\u00e1ximos exponentes de la ilustraci\u00f3n en Espa\u00f1a, consigue evocar el universo del poeta en unas estampas nada convencionales. Sus ilustraciones trabajan \u2014mediante la variedad del color y t\u00e9cnicas tan diversas como la acuarela, la tinta, la pintura acr\u00edlica, el <em>collage<\/em> y la estampaci\u00f3n\u2014 los matices de los elementos descriptos por Neruda.<\/p>\n<p><img decoding=\"async\" src=\"https:\/\/librosdelzorrorojo.com\/wp-content\/uploads\/2017\/09\/logo-generalitat2.jpg\" alt=\"\" width=\"200\" height=\"67\" class=\"alignnone size-full wp-image-11151\" \/><img decoding=\"async\" src=\"https:\/\/librosdelzorrorojo.com\/wp-content\/uploads\/2018\/04\/ICEC_BN-WEB-02.png\" alt=\"\" width=\"200\" height=\"48\" class=\"alignnone size-full wp-image-15980\" \/><\/p>\n","protected":false},"excerpt":{"rendered":"Esta edici\u00f3n re\u00fane una veintena de odas en las que el Premio Nobel Pablo Neruda homenajea a la comida y otros placeres elementales vinculados con el arte y el acto de comer.","protected":false},"featured_media":21963,"template":"","meta":{"_acf_changed":false},"product_brand":[],"product_cat":[844,3156,846],"product_tag":[],"class_list":{"0":"post-21977","1":"product","2":"type-product","3":"status-publish","4":"has-post-thumbnail","6":"product_cat-castella","7":"product_cat-juvenil-adult","8":"product_cat-novedades-ca","10":"first","11":"instock","12":"taxable","13":"shipping-taxable","14":"purchasable","15":"product-type-simple"},"acf":[],"yoast_head":"<!-- This site is optimized with the Yoast SEO plugin v25.1 - https:\/\/yoast.com\/wordpress\/plugins\/seo\/ -->\n<title>Odas a la comida y otros placeres elementales - Libros del Zorro Rojo<\/title>\n<meta name=\"robots\" content=\"index, follow, max-snippet:-1, max-image-preview:large, max-video-preview:-1\" \/>\n<link rel=\"canonical\" href=\"https:\/\/librosdelzorrorojo.com\/ca\/cataleg\/odas-a-la-comida-y-otros-placeres-elementales\/\" \/>\n<meta property=\"og:locale\" content=\"ca_ES\" \/>\n<meta property=\"og:type\" content=\"article\" \/>\n<meta property=\"og:title\" content=\"Odas a la comida y otros placeres elementales - Libros del Zorro Rojo\" \/>\n<meta property=\"og:description\" content=\"Esta edici\u00f3n re\u00fane una veintena de odas en las que el Premio Nobel Pablo Neruda homenajea a la comida y otros placeres elementales vinculados con el arte y el acto de comer.\" \/>\n<meta property=\"og:url\" content=\"https:\/\/librosdelzorrorojo.com\/ca\/cataleg\/odas-a-la-comida-y-otros-placeres-elementales\/\" \/>\n<meta property=\"og:site_name\" content=\"Libros del Zorro Rojo\" \/>\n<meta property=\"article:modified_time\" content=\"2025-04-19T14:33:18+00:00\" \/>\n<meta property=\"og:image\" content=\"https:\/\/librosdelzorrorojo.com\/wp-content\/uploads\/2022\/02\/Cover_Odas-a-la-comida-WEB.jpg\" \/>\n\t<meta property=\"og:image:width\" content=\"515\" \/>\n\t<meta property=\"og:image:height\" content=\"852\" \/>\n\t<meta property=\"og:image:type\" content=\"image\/jpeg\" \/>\n<meta name=\"twitter:card\" content=\"summary_large_image\" \/>\n<meta name=\"twitter:label1\" content=\"Temps estimat de lectura\" \/>\n\t<meta name=\"twitter:data1\" content=\"2 minuts\" \/>\n<script type=\"application\/ld+json\" class=\"yoast-schema-graph\">{\"@context\":\"https:\/\/schema.org\",\"@graph\":[{\"@type\":\"WebPage\",\"@id\":\"https:\/\/librosdelzorrorojo.com\/ca\/cataleg\/odas-a-la-comida-y-otros-placeres-elementales\/\",\"url\":\"https:\/\/librosdelzorrorojo.com\/ca\/cataleg\/odas-a-la-comida-y-otros-placeres-elementales\/\",\"name\":\"Odas a la comida y otros placeres elementales - Libros del Zorro Rojo\",\"isPartOf\":{\"@id\":\"https:\/\/librosdelzorrorojo.com\/#website\"},\"primaryImageOfPage\":{\"@id\":\"https:\/\/librosdelzorrorojo.com\/ca\/cataleg\/odas-a-la-comida-y-otros-placeres-elementales\/#primaryimage\"},\"image\":{\"@id\":\"https:\/\/librosdelzorrorojo.com\/ca\/cataleg\/odas-a-la-comida-y-otros-placeres-elementales\/#primaryimage\"},\"thumbnailUrl\":\"https:\/\/librosdelzorrorojo.com\/wp-content\/uploads\/2022\/02\/Cover_Odas-a-la-comida-WEB.jpg\",\"datePublished\":\"2022-02-16T09:01:37+00:00\",\"dateModified\":\"2025-04-19T14:33:18+00:00\",\"breadcrumb\":{\"@id\":\"https:\/\/librosdelzorrorojo.com\/ca\/cataleg\/odas-a-la-comida-y-otros-placeres-elementales\/#breadcrumb\"},\"inLanguage\":\"ca\",\"potentialAction\":[{\"@type\":\"ReadAction\",\"target\":[\"https:\/\/librosdelzorrorojo.com\/ca\/cataleg\/odas-a-la-comida-y-otros-placeres-elementales\/\"]}]},{\"@type\":\"ImageObject\",\"inLanguage\":\"ca\",\"@id\":\"https:\/\/librosdelzorrorojo.com\/ca\/cataleg\/odas-a-la-comida-y-otros-placeres-elementales\/#primaryimage\",\"url\":\"https:\/\/librosdelzorrorojo.com\/wp-content\/uploads\/2022\/02\/Cover_Odas-a-la-comida-WEB.jpg\",\"contentUrl\":\"https:\/\/librosdelzorrorojo.com\/wp-content\/uploads\/2022\/02\/Cover_Odas-a-la-comida-WEB.jpg\",\"width\":515,\"height\":852,\"caption\":\"Cover Odas a la comida WEB\"},{\"@type\":\"BreadcrumbList\",\"@id\":\"https:\/\/librosdelzorrorojo.com\/ca\/cataleg\/odas-a-la-comida-y-otros-placeres-elementales\/#breadcrumb\",\"itemListElement\":[{\"@type\":\"ListItem\",\"position\":1,\"name\":\"Portada\",\"item\":\"https:\/\/librosdelzorrorojo.com\/ca\/\"},{\"@type\":\"ListItem\",\"position\":2,\"name\":\"Cat\u00e0leg\",\"item\":\"https:\/\/librosdelzorrorojo.com\/ca\/cataleg\/\"},{\"@type\":\"ListItem\",\"position\":3,\"name\":\"Odas a la comida y otros placeres elementales\"}]},{\"@type\":\"WebSite\",\"@id\":\"https:\/\/librosdelzorrorojo.com\/#website\",\"url\":\"https:\/\/librosdelzorrorojo.com\/\",\"name\":\"Libros del Zorro Rojo\",\"description\":\"Libros ilustrados\",\"potentialAction\":[{\"@type\":\"SearchAction\",\"target\":{\"@type\":\"EntryPoint\",\"urlTemplate\":\"https:\/\/librosdelzorrorojo.com\/?s={search_term_string}\"},\"query-input\":{\"@type\":\"PropertyValueSpecification\",\"valueRequired\":true,\"valueName\":\"search_term_string\"}}],\"inLanguage\":\"ca\"}]}<\/script>\n<!-- \/ Yoast SEO plugin. -->","yoast_head_json":{"title":"Odas a la comida y otros placeres elementales - Libros del Zorro Rojo","robots":{"index":"index","follow":"follow","max-snippet":"max-snippet:-1","max-image-preview":"max-image-preview:large","max-video-preview":"max-video-preview:-1"},"canonical":"https:\/\/librosdelzorrorojo.com\/ca\/cataleg\/odas-a-la-comida-y-otros-placeres-elementales\/","og_locale":"ca_ES","og_type":"article","og_title":"Odas a la comida y otros placeres elementales - Libros del Zorro Rojo","og_description":"Esta edici\u00f3n re\u00fane una veintena de odas en las que el Premio Nobel Pablo Neruda homenajea a la comida y otros placeres elementales vinculados con el arte y el acto de comer.","og_url":"https:\/\/librosdelzorrorojo.com\/ca\/cataleg\/odas-a-la-comida-y-otros-placeres-elementales\/","og_site_name":"Libros del Zorro Rojo","article_modified_time":"2025-04-19T14:33:18+00:00","og_image":[{"width":515,"height":852,"url":"https:\/\/librosdelzorrorojo.com\/wp-content\/uploads\/2022\/02\/Cover_Odas-a-la-comida-WEB.jpg","type":"image\/jpeg"}],"twitter_card":"summary_large_image","twitter_misc":{"Temps estimat de lectura":"2 minuts"},"schema":{"@context":"https:\/\/schema.org","@graph":[{"@type":"WebPage","@id":"https:\/\/librosdelzorrorojo.com\/ca\/cataleg\/odas-a-la-comida-y-otros-placeres-elementales\/","url":"https:\/\/librosdelzorrorojo.com\/ca\/cataleg\/odas-a-la-comida-y-otros-placeres-elementales\/","name":"Odas a la comida y otros placeres elementales - Libros del Zorro Rojo","isPartOf":{"@id":"https:\/\/librosdelzorrorojo.com\/#website"},"primaryImageOfPage":{"@id":"https:\/\/librosdelzorrorojo.com\/ca\/cataleg\/odas-a-la-comida-y-otros-placeres-elementales\/#primaryimage"},"image":{"@id":"https:\/\/librosdelzorrorojo.com\/ca\/cataleg\/odas-a-la-comida-y-otros-placeres-elementales\/#primaryimage"},"thumbnailUrl":"https:\/\/librosdelzorrorojo.com\/wp-content\/uploads\/2022\/02\/Cover_Odas-a-la-comida-WEB.jpg","datePublished":"2022-02-16T09:01:37+00:00","dateModified":"2025-04-19T14:33:18+00:00","breadcrumb":{"@id":"https:\/\/librosdelzorrorojo.com\/ca\/cataleg\/odas-a-la-comida-y-otros-placeres-elementales\/#breadcrumb"},"inLanguage":"ca","potentialAction":[{"@type":"ReadAction","target":["https:\/\/librosdelzorrorojo.com\/ca\/cataleg\/odas-a-la-comida-y-otros-placeres-elementales\/"]}]},{"@type":"ImageObject","inLanguage":"ca","@id":"https:\/\/librosdelzorrorojo.com\/ca\/cataleg\/odas-a-la-comida-y-otros-placeres-elementales\/#primaryimage","url":"https:\/\/librosdelzorrorojo.com\/wp-content\/uploads\/2022\/02\/Cover_Odas-a-la-comida-WEB.jpg","contentUrl":"https:\/\/librosdelzorrorojo.com\/wp-content\/uploads\/2022\/02\/Cover_Odas-a-la-comida-WEB.jpg","width":515,"height":852,"caption":"Cover Odas a la comida WEB"},{"@type":"BreadcrumbList","@id":"https:\/\/librosdelzorrorojo.com\/ca\/cataleg\/odas-a-la-comida-y-otros-placeres-elementales\/#breadcrumb","itemListElement":[{"@type":"ListItem","position":1,"name":"Portada","item":"https:\/\/librosdelzorrorojo.com\/ca\/"},{"@type":"ListItem","position":2,"name":"Cat\u00e0leg","item":"https:\/\/librosdelzorrorojo.com\/ca\/cataleg\/"},{"@type":"ListItem","position":3,"name":"Odas a la comida y otros placeres elementales"}]},{"@type":"WebSite","@id":"https:\/\/librosdelzorrorojo.com\/#website","url":"https:\/\/librosdelzorrorojo.com\/","name":"Libros del Zorro Rojo","description":"Libros ilustrados","potentialAction":[{"@type":"SearchAction","target":{"@type":"EntryPoint","urlTemplate":"https:\/\/librosdelzorrorojo.com\/?s={search_term_string}"},"query-input":{"@type":"PropertyValueSpecification","valueRequired":true,"valueName":"search_term_string"}}],"inLanguage":"ca"}]}},"_links":{"self":[{"href":"https:\/\/librosdelzorrorojo.com\/ca\/wp-json\/wp\/v2\/product\/21977","targetHints":{"allow":["GET"]}}],"collection":[{"href":"https:\/\/librosdelzorrorojo.com\/ca\/wp-json\/wp\/v2\/product"}],"about":[{"href":"https:\/\/librosdelzorrorojo.com\/ca\/wp-json\/wp\/v2\/types\/product"}],"wp:featuredmedia":[{"embeddable":true,"href":"https:\/\/librosdelzorrorojo.com\/ca\/wp-json\/wp\/v2\/media\/21963"}],"wp:attachment":[{"href":"https:\/\/librosdelzorrorojo.com\/ca\/wp-json\/wp\/v2\/media?parent=21977"}],"wp:term":[{"taxonomy":"product_brand","embeddable":true,"href":"https:\/\/librosdelzorrorojo.com\/ca\/wp-json\/wp\/v2\/product_brand?post=21977"},{"taxonomy":"product_cat","embeddable":true,"href":"https:\/\/librosdelzorrorojo.com\/ca\/wp-json\/wp\/v2\/product_cat?post=21977"},{"taxonomy":"product_tag","embeddable":true,"href":"https:\/\/librosdelzorrorojo.com\/ca\/wp-json\/wp\/v2\/product_tag?post=21977"}],"curies":[{"name":"wp","href":"https:\/\/api.w.org\/{rel}","templated":true}]}}