{"id":21919,"date":"2022-02-02T09:44:21","date_gmt":"2022-02-02T08:44:21","guid":{"rendered":"https:\/\/librosdelzorrorojo.com\/?post_type=product&#038;p=21919"},"modified":"2024-12-13T11:16:47","modified_gmt":"2024-12-13T10:16:47","slug":"no-soc-un-monstre","status":"publish","type":"product","link":"https:\/\/librosdelzorrorojo.com\/ca\/cataleg\/no-soc-un-monstre\/","title":{"rendered":"No soc un monstre!"},"content":{"rendered":"<p class=\"p1\"><span class=\"s1\">Per qu\u00e8 a vegades ens sentim de mal humor, deprimits, irascibles, frustrats\u2026? Com podem superar un mal dia? Qu\u00e8 podem fer si persisteixen les emocions negatives? No per aix\u00f2 som monstres!<\/span><\/p>\n<p class=\"p1\"><span class=\"s1\">Despr\u00e9s de <i>Ser o no ser\u2026 una poma <\/i>i d\u2019<i>Aquest robot soc jo<\/i>, arriba aquest \u00e0lbum en qu\u00e8 una nova hero\u00efna de la literatura infantil i juvenil s\u2019enfronta a un mal dia fent gala d\u2019una bona dosi d\u2019humor, sinceritat i intel\u00b7lig\u00e8ncia. En aquesta ocasi\u00f3, el popular autor japon\u00e8s Shinsuke Yoshitake construeix un divertit manual de psicologia per a totes les edats, amb qu\u00e8 els nens i les nenes aprendran a identificar els diferents sentiments negatius i a parlar sobre ells. <\/span><\/p>\n<p class=\"p1\"><span class=\"s1\">No podem evitar creuar-nos amb gent odiosa o que ens passin coses de-sagradables, per\u00f2 s\u00ed que podem gestionar aquestes emocions i trobar recursos (alguns extraordinaris!) per xiular davant les adversitats i anar a dormir cada dia amb un somriure. Aix\u00f2 \u00e9s el que ens demostra la protagonista de <i>No soc un monstre! <\/i>A trav\u00e9s d\u2019unes il\u00b7lustracions plenes de detalls, ens endinsem en els seus pensaments i l\u2019acompanyem mentre tracta de deixar enrere la negativitat que, moltes vegades, nosaltres tamb\u00e9 carreguem en el nostre dia a dia.<\/span><\/p>\n<p class=\"p2\"><span class=\"s1\">Yoshitake aprofundeix en sentiments com la ira i l\u2019enuig en un \u00e0lbum estil \u00abc\u00f2mic\u00bb, replet de frescor i enginy. Amb un aire caricaturesc, una paleta de colors simples i un tra\u00e7 net, l\u2019il\u00b7lustrador aconsegueix tractar un tema complex mitjan\u00e7ant els seus particulars girs carregats d\u2019humor. \u00abEl sentiment de disgust t\u00e9 molt de poder, i vaig pensar que podria transformar-lo en quelcom positiu canviant el punt de vista, per\u00f2 sense negar la naturalitat de tenir pensaments m\u00e9s foscos\u00bb, explica.<\/span><\/p>\n<p><img decoding=\"async\" src=\"https:\/\/librosdelzorrorojo.com\/wp-content\/uploads\/2024\/10\/ICEC.jpg\" alt=\"\" width=\"380\" height=\"85\" class=\"alignnone size-full wp-image-29096\" \/><\/p>\n","protected":false},"excerpt":{"rendered":"Per qu\u00e8 a vegades ens sentim de mal humor, deprimits, irascibles, frustrats\u2026? Com podem superar un mal dia? Qu\u00e8 podem fer si persisteixen les emocions negatives? No per aix\u00f2 som monstres! Despr\u00e9s de Ser o no ser\u2026 una poma i d\u2019Aquest robot soc jo, arriba aquest \u00e0lbum en qu\u00e8 una nova hero\u00efna de la literatura [&hellip;]","protected":false},"featured_media":21887,"template":"","meta":{"_acf_changed":false},"product_brand":[],"product_cat":[840,843,839],"product_tag":[],"class_list":{"0":"post-21919","1":"product","2":"type-product","3":"status-publish","4":"has-post-thumbnail","6":"product_cat-catala","7":"product_cat-infantiles-ca","8":"product_cat-zona-kids-ca","9":"vinculo-no-soy-un-monstruo","11":"first","12":"instock","13":"taxable","14":"shipping-taxable","15":"purchasable","16":"product-type-simple"},"acf":[],"yoast_head":"<!-- This site is optimized with the Yoast SEO plugin v25.1 - https:\/\/yoast.com\/wordpress\/plugins\/seo\/ -->\n<title>No soc un monstre! - Libros del Zorro Rojo<\/title>\n<meta name=\"robots\" content=\"index, follow, max-snippet:-1, max-image-preview:large, max-video-preview:-1\" \/>\n<link rel=\"canonical\" href=\"https:\/\/librosdelzorrorojo.com\/ca\/cataleg\/no-soc-un-monstre\/\" \/>\n<meta property=\"og:locale\" content=\"ca_ES\" \/>\n<meta property=\"og:type\" content=\"article\" \/>\n<meta property=\"og:title\" content=\"No soc un monstre! - Libros del Zorro Rojo\" \/>\n<meta property=\"og:description\" content=\"Per qu\u00e8 a vegades ens sentim de mal humor, deprimits, irascibles, frustrats\u2026? Com podem superar un mal dia? Qu\u00e8 podem fer si persisteixen les emocions negatives? No per aix\u00f2 som monstres! Despr\u00e9s de Ser o no ser\u2026 una poma i d\u2019Aquest robot soc jo, arriba aquest \u00e0lbum en qu\u00e8 una nova hero\u00efna de la literatura [&hellip;]\" \/>\n<meta property=\"og:url\" content=\"https:\/\/librosdelzorrorojo.com\/ca\/cataleg\/no-soc-un-monstre\/\" \/>\n<meta property=\"og:site_name\" content=\"Libros del Zorro Rojo\" \/>\n<meta property=\"article:modified_time\" content=\"2024-12-13T10:16:47+00:00\" \/>\n<meta property=\"og:image\" content=\"https:\/\/librosdelzorrorojo.com\/wp-content\/uploads\/2022\/02\/COVER_No-soc-un-monstre_WEB-scaled.jpg\" \/>\n\t<meta property=\"og:image:width\" content=\"2029\" \/>\n\t<meta property=\"og:image:height\" content=\"2560\" \/>\n\t<meta property=\"og:image:type\" content=\"image\/jpeg\" \/>\n<meta name=\"twitter:card\" content=\"summary_large_image\" \/>\n<meta name=\"twitter:label1\" content=\"Temps estimat de lectura\" \/>\n\t<meta name=\"twitter:data1\" content=\"3 minuts\" \/>\n<script type=\"application\/ld+json\" class=\"yoast-schema-graph\">{\"@context\":\"https:\/\/schema.org\",\"@graph\":[{\"@type\":\"WebPage\",\"@id\":\"https:\/\/librosdelzorrorojo.com\/ca\/cataleg\/no-soc-un-monstre\/\",\"url\":\"https:\/\/librosdelzorrorojo.com\/ca\/cataleg\/no-soc-un-monstre\/\",\"name\":\"No soc un monstre! - Libros del Zorro Rojo\",\"isPartOf\":{\"@id\":\"https:\/\/librosdelzorrorojo.com\/#website\"},\"primaryImageOfPage\":{\"@id\":\"https:\/\/librosdelzorrorojo.com\/ca\/cataleg\/no-soc-un-monstre\/#primaryimage\"},\"image\":{\"@id\":\"https:\/\/librosdelzorrorojo.com\/ca\/cataleg\/no-soc-un-monstre\/#primaryimage\"},\"thumbnailUrl\":\"https:\/\/librosdelzorrorojo.com\/wp-content\/uploads\/2022\/02\/COVER_No-soc-un-monstre_WEB-scaled.jpg\",\"datePublished\":\"2022-02-02T08:44:21+00:00\",\"dateModified\":\"2024-12-13T10:16:47+00:00\",\"breadcrumb\":{\"@id\":\"https:\/\/librosdelzorrorojo.com\/ca\/cataleg\/no-soc-un-monstre\/#breadcrumb\"},\"inLanguage\":\"ca\",\"potentialAction\":[{\"@type\":\"ReadAction\",\"target\":[\"https:\/\/librosdelzorrorojo.com\/ca\/cataleg\/no-soc-un-monstre\/\"]}]},{\"@type\":\"ImageObject\",\"inLanguage\":\"ca\",\"@id\":\"https:\/\/librosdelzorrorojo.com\/ca\/cataleg\/no-soc-un-monstre\/#primaryimage\",\"url\":\"https:\/\/librosdelzorrorojo.com\/wp-content\/uploads\/2022\/02\/COVER_No-soc-un-monstre_WEB-scaled.jpg\",\"contentUrl\":\"https:\/\/librosdelzorrorojo.com\/wp-content\/uploads\/2022\/02\/COVER_No-soc-un-monstre_WEB-scaled.jpg\",\"width\":2029,\"height\":2560,\"caption\":\"COVER No soc un monstre WEB scaled\"},{\"@type\":\"BreadcrumbList\",\"@id\":\"https:\/\/librosdelzorrorojo.com\/ca\/cataleg\/no-soc-un-monstre\/#breadcrumb\",\"itemListElement\":[{\"@type\":\"ListItem\",\"position\":1,\"name\":\"Portada\",\"item\":\"https:\/\/librosdelzorrorojo.com\/ca\/\"},{\"@type\":\"ListItem\",\"position\":2,\"name\":\"Cat\u00e0leg\",\"item\":\"https:\/\/librosdelzorrorojo.com\/ca\/cataleg\/\"},{\"@type\":\"ListItem\",\"position\":3,\"name\":\"No soc un monstre!\"}]},{\"@type\":\"WebSite\",\"@id\":\"https:\/\/librosdelzorrorojo.com\/#website\",\"url\":\"https:\/\/librosdelzorrorojo.com\/\",\"name\":\"Libros del Zorro Rojo\",\"description\":\"Libros ilustrados\",\"potentialAction\":[{\"@type\":\"SearchAction\",\"target\":{\"@type\":\"EntryPoint\",\"urlTemplate\":\"https:\/\/librosdelzorrorojo.com\/?s={search_term_string}\"},\"query-input\":{\"@type\":\"PropertyValueSpecification\",\"valueRequired\":true,\"valueName\":\"search_term_string\"}}],\"inLanguage\":\"ca\"}]}<\/script>\n<!-- \/ Yoast SEO plugin. -->","yoast_head_json":{"title":"No soc un monstre! - Libros del Zorro Rojo","robots":{"index":"index","follow":"follow","max-snippet":"max-snippet:-1","max-image-preview":"max-image-preview:large","max-video-preview":"max-video-preview:-1"},"canonical":"https:\/\/librosdelzorrorojo.com\/ca\/cataleg\/no-soc-un-monstre\/","og_locale":"ca_ES","og_type":"article","og_title":"No soc un monstre! - Libros del Zorro Rojo","og_description":"Per qu\u00e8 a vegades ens sentim de mal humor, deprimits, irascibles, frustrats\u2026? Com podem superar un mal dia? Qu\u00e8 podem fer si persisteixen les emocions negatives? No per aix\u00f2 som monstres! Despr\u00e9s de Ser o no ser\u2026 una poma i d\u2019Aquest robot soc jo, arriba aquest \u00e0lbum en qu\u00e8 una nova hero\u00efna de la literatura [&hellip;]","og_url":"https:\/\/librosdelzorrorojo.com\/ca\/cataleg\/no-soc-un-monstre\/","og_site_name":"Libros del Zorro Rojo","article_modified_time":"2024-12-13T10:16:47+00:00","og_image":[{"width":2029,"height":2560,"url":"https:\/\/librosdelzorrorojo.com\/wp-content\/uploads\/2022\/02\/COVER_No-soc-un-monstre_WEB-scaled.jpg","type":"image\/jpeg"}],"twitter_card":"summary_large_image","twitter_misc":{"Temps estimat de lectura":"3 minuts"},"schema":{"@context":"https:\/\/schema.org","@graph":[{"@type":"WebPage","@id":"https:\/\/librosdelzorrorojo.com\/ca\/cataleg\/no-soc-un-monstre\/","url":"https:\/\/librosdelzorrorojo.com\/ca\/cataleg\/no-soc-un-monstre\/","name":"No soc un monstre! - Libros del Zorro Rojo","isPartOf":{"@id":"https:\/\/librosdelzorrorojo.com\/#website"},"primaryImageOfPage":{"@id":"https:\/\/librosdelzorrorojo.com\/ca\/cataleg\/no-soc-un-monstre\/#primaryimage"},"image":{"@id":"https:\/\/librosdelzorrorojo.com\/ca\/cataleg\/no-soc-un-monstre\/#primaryimage"},"thumbnailUrl":"https:\/\/librosdelzorrorojo.com\/wp-content\/uploads\/2022\/02\/COVER_No-soc-un-monstre_WEB-scaled.jpg","datePublished":"2022-02-02T08:44:21+00:00","dateModified":"2024-12-13T10:16:47+00:00","breadcrumb":{"@id":"https:\/\/librosdelzorrorojo.com\/ca\/cataleg\/no-soc-un-monstre\/#breadcrumb"},"inLanguage":"ca","potentialAction":[{"@type":"ReadAction","target":["https:\/\/librosdelzorrorojo.com\/ca\/cataleg\/no-soc-un-monstre\/"]}]},{"@type":"ImageObject","inLanguage":"ca","@id":"https:\/\/librosdelzorrorojo.com\/ca\/cataleg\/no-soc-un-monstre\/#primaryimage","url":"https:\/\/librosdelzorrorojo.com\/wp-content\/uploads\/2022\/02\/COVER_No-soc-un-monstre_WEB-scaled.jpg","contentUrl":"https:\/\/librosdelzorrorojo.com\/wp-content\/uploads\/2022\/02\/COVER_No-soc-un-monstre_WEB-scaled.jpg","width":2029,"height":2560,"caption":"COVER No soc un monstre WEB scaled"},{"@type":"BreadcrumbList","@id":"https:\/\/librosdelzorrorojo.com\/ca\/cataleg\/no-soc-un-monstre\/#breadcrumb","itemListElement":[{"@type":"ListItem","position":1,"name":"Portada","item":"https:\/\/librosdelzorrorojo.com\/ca\/"},{"@type":"ListItem","position":2,"name":"Cat\u00e0leg","item":"https:\/\/librosdelzorrorojo.com\/ca\/cataleg\/"},{"@type":"ListItem","position":3,"name":"No soc un monstre!"}]},{"@type":"WebSite","@id":"https:\/\/librosdelzorrorojo.com\/#website","url":"https:\/\/librosdelzorrorojo.com\/","name":"Libros del Zorro Rojo","description":"Libros ilustrados","potentialAction":[{"@type":"SearchAction","target":{"@type":"EntryPoint","urlTemplate":"https:\/\/librosdelzorrorojo.com\/?s={search_term_string}"},"query-input":{"@type":"PropertyValueSpecification","valueRequired":true,"valueName":"search_term_string"}}],"inLanguage":"ca"}]}},"_links":{"self":[{"href":"https:\/\/librosdelzorrorojo.com\/ca\/wp-json\/wp\/v2\/product\/21919","targetHints":{"allow":["GET"]}}],"collection":[{"href":"https:\/\/librosdelzorrorojo.com\/ca\/wp-json\/wp\/v2\/product"}],"about":[{"href":"https:\/\/librosdelzorrorojo.com\/ca\/wp-json\/wp\/v2\/types\/product"}],"wp:featuredmedia":[{"embeddable":true,"href":"https:\/\/librosdelzorrorojo.com\/ca\/wp-json\/wp\/v2\/media\/21887"}],"wp:attachment":[{"href":"https:\/\/librosdelzorrorojo.com\/ca\/wp-json\/wp\/v2\/media?parent=21919"}],"wp:term":[{"taxonomy":"product_brand","embeddable":true,"href":"https:\/\/librosdelzorrorojo.com\/ca\/wp-json\/wp\/v2\/product_brand?post=21919"},{"taxonomy":"product_cat","embeddable":true,"href":"https:\/\/librosdelzorrorojo.com\/ca\/wp-json\/wp\/v2\/product_cat?post=21919"},{"taxonomy":"product_tag","embeddable":true,"href":"https:\/\/librosdelzorrorojo.com\/ca\/wp-json\/wp\/v2\/product_tag?post=21919"}],"curies":[{"name":"wp","href":"https:\/\/api.w.org\/{rel}","templated":true}]}}