{"id":21917,"date":"2022-02-01T18:48:03","date_gmt":"2022-02-01T17:48:03","guid":{"rendered":"https:\/\/librosdelzorrorojo.com\/catalogo\/no-soy-un-monstruo\/"},"modified":"2026-05-08T15:49:20","modified_gmt":"2026-05-08T13:49:20","slug":"no-soy-un-monstruo","status":"publish","type":"product","link":"https:\/\/librosdelzorrorojo.com\/ca\/cataleg\/no-soy-un-monstruo\/","title":{"rendered":"\u00a1No soy un monstruo!"},"content":{"rendered":"<p>\u00bfPor qu\u00e9 a veces nos sentimos de mal humor, deprimidos, irascibles, frustrados&#8230;?\u00a0\u00bfC\u00f3mo podemos superar un mal d\u00eda? \u00bfQu\u00e9 hacer si persisten las emociones negativas? \u00a1No por eso somos monstruos!<\/p>\n<p>Tras\u00a0<em>Ser o no ser\u2026 una manzana\u00a0<\/em>y\u00a0<em>Ese robot soy yo<\/em>, llega este \u00e1lbum en el que\u00a0una nueva hero\u00edna de la literatura infantil y juvenil se enfrenta a un mal d\u00eda,\u00a0haciendo alarde de una buena dosis de humor, sinceridad e inteligencia.<\/p>\n<p>En esta ocasi\u00f3n, el popular autor japon\u00e9s Shinsuke Yoshitake construye un divertido manual de psicolog\u00eda para todas las edades, con el que\u00a0los ni\u00f1os y las ni\u00f1as aprender\u00e1n a identificar los distintos sentimientos negativos\u00a0y a hablar sobre ellos.<\/p>\n<p>No podemos evitar cruzarnos con gente odiosa o que nos pasen cosas desagradables, pero\u00a0s\u00ed podemos gestionar esas emociones y encontrar recursos (\u00a1algunos extraordinarios!)\u00a0para silbar ante las adversidades y acostarnos cada d\u00eda sonriendo. Esto es lo que nos demuestra la protagonista de\u00a0<em>\u00a1No soy un monstruo!<\/em><\/p>\n<p>A trav\u00e9s de desopilantes ilustraciones al estilo historieta,\u00a0nos adentramos en sus pensamientos y la acompa\u00f1amos mientras trata de dejar atr\u00e1s esa negatividad\u00a0que, muchas veces, nosotros tambi\u00e9n cargamos en nuestro d\u00eda a d\u00eda.<\/p>\n<p><img decoding=\"async\" src=\"https:\/\/librosdelzorrorojo.com\/wp-content\/uploads\/2024\/10\/ICEC.jpg\" alt=\"\" width=\"380\" height=\"85\" class=\"alignnone size-full wp-image-29095\" \/><\/p>\n","protected":false},"excerpt":{"rendered":"\u00bfPor qu\u00e9 a veces nos sentimos de mal humor, deprimidos, irascibles, frustrados&#8230;?\u00a0\u00bfC\u00f3mo podemos superar un mal d\u00eda? \u00bfQu\u00e9 hacer si persisten las emociones negativas? \u00a1No por eso somos monstruos! Tras\u00a0Ser o no ser\u2026 una manzana\u00a0y\u00a0Ese robot soy yo, llega este \u00e1lbum en el que\u00a0una nueva hero\u00edna de la literatura infantil y juvenil se enfrenta a [&hellip;]","protected":false},"featured_media":21875,"template":"","meta":{"_acf_changed":false},"product_brand":[],"product_cat":[844,843,839],"product_tag":[],"class_list":{"0":"post-21917","1":"product","2":"type-product","3":"status-publish","4":"has-post-thumbnail","6":"product_cat-castella","7":"product_cat-infantiles-ca","8":"product_cat-zona-kids-ca","9":"vinculo-no-soy-un-monstruo","11":"first","12":"outofstock","13":"taxable","14":"shipping-taxable","15":"purchasable","16":"product-type-simple"},"acf":[],"yoast_head":"<!-- This site is optimized with the Yoast SEO plugin v25.1 - https:\/\/yoast.com\/wordpress\/plugins\/seo\/ -->\n<title>\u00a1No soy un monstruo! - Libros del Zorro Rojo<\/title>\n<meta name=\"robots\" content=\"index, follow, max-snippet:-1, max-image-preview:large, max-video-preview:-1\" \/>\n<link rel=\"canonical\" href=\"https:\/\/librosdelzorrorojo.com\/ca\/cataleg\/no-soy-un-monstruo\/\" \/>\n<meta property=\"og:locale\" content=\"ca_ES\" \/>\n<meta property=\"og:type\" content=\"article\" \/>\n<meta property=\"og:title\" content=\"\u00a1No soy un monstruo! - Libros del Zorro Rojo\" \/>\n<meta property=\"og:description\" content=\"\u00bfPor qu\u00e9 a veces nos sentimos de mal humor, deprimidos, irascibles, frustrados&#8230;?\u00a0\u00bfC\u00f3mo podemos superar un mal d\u00eda? \u00bfQu\u00e9 hacer si persisten las emociones negativas? \u00a1No por eso somos monstruos! Tras\u00a0Ser o no ser\u2026 una manzana\u00a0y\u00a0Ese robot soy yo, llega este \u00e1lbum en el que\u00a0una nueva hero\u00edna de la literatura infantil y juvenil se enfrenta a [&hellip;]\" \/>\n<meta property=\"og:url\" content=\"https:\/\/librosdelzorrorojo.com\/ca\/cataleg\/no-soy-un-monstruo\/\" \/>\n<meta property=\"og:site_name\" content=\"Libros del Zorro Rojo\" \/>\n<meta property=\"article:modified_time\" content=\"2026-05-08T13:49:20+00:00\" \/>\n<meta property=\"og:image\" content=\"https:\/\/librosdelzorrorojo.com\/wp-content\/uploads\/2022\/02\/COVER_No-soy-un-monstruo_WEB-min.png\" \/>\n\t<meta property=\"og:image:width\" content=\"850\" \/>\n\t<meta property=\"og:image:height\" content=\"1073\" \/>\n\t<meta property=\"og:image:type\" content=\"image\/png\" \/>\n<meta name=\"twitter:card\" content=\"summary_large_image\" \/>\n<meta name=\"twitter:label1\" content=\"Temps estimat de lectura\" \/>\n\t<meta name=\"twitter:data1\" content=\"1 minut\" \/>\n<script type=\"application\/ld+json\" class=\"yoast-schema-graph\">{\"@context\":\"https:\/\/schema.org\",\"@graph\":[{\"@type\":\"WebPage\",\"@id\":\"https:\/\/librosdelzorrorojo.com\/ca\/cataleg\/no-soy-un-monstruo\/\",\"url\":\"https:\/\/librosdelzorrorojo.com\/ca\/cataleg\/no-soy-un-monstruo\/\",\"name\":\"\u00a1No soy un monstruo! - Libros del Zorro Rojo\",\"isPartOf\":{\"@id\":\"https:\/\/librosdelzorrorojo.com\/#website\"},\"primaryImageOfPage\":{\"@id\":\"https:\/\/librosdelzorrorojo.com\/ca\/cataleg\/no-soy-un-monstruo\/#primaryimage\"},\"image\":{\"@id\":\"https:\/\/librosdelzorrorojo.com\/ca\/cataleg\/no-soy-un-monstruo\/#primaryimage\"},\"thumbnailUrl\":\"https:\/\/librosdelzorrorojo.com\/wp-content\/uploads\/2022\/02\/COVER_No-soy-un-monstruo_WEB-min.png\",\"datePublished\":\"2022-02-01T17:48:03+00:00\",\"dateModified\":\"2026-05-08T13:49:20+00:00\",\"breadcrumb\":{\"@id\":\"https:\/\/librosdelzorrorojo.com\/ca\/cataleg\/no-soy-un-monstruo\/#breadcrumb\"},\"inLanguage\":\"ca\",\"potentialAction\":[{\"@type\":\"ReadAction\",\"target\":[\"https:\/\/librosdelzorrorojo.com\/ca\/cataleg\/no-soy-un-monstruo\/\"]}]},{\"@type\":\"ImageObject\",\"inLanguage\":\"ca\",\"@id\":\"https:\/\/librosdelzorrorojo.com\/ca\/cataleg\/no-soy-un-monstruo\/#primaryimage\",\"url\":\"https:\/\/librosdelzorrorojo.com\/wp-content\/uploads\/2022\/02\/COVER_No-soy-un-monstruo_WEB-min.png\",\"contentUrl\":\"https:\/\/librosdelzorrorojo.com\/wp-content\/uploads\/2022\/02\/COVER_No-soy-un-monstruo_WEB-min.png\",\"width\":850,\"height\":1073,\"caption\":\"COVER No soy un monstruo WEB min\"},{\"@type\":\"BreadcrumbList\",\"@id\":\"https:\/\/librosdelzorrorojo.com\/ca\/cataleg\/no-soy-un-monstruo\/#breadcrumb\",\"itemListElement\":[{\"@type\":\"ListItem\",\"position\":1,\"name\":\"Portada\",\"item\":\"https:\/\/librosdelzorrorojo.com\/ca\/\"},{\"@type\":\"ListItem\",\"position\":2,\"name\":\"Cat\u00e0leg\",\"item\":\"https:\/\/librosdelzorrorojo.com\/ca\/cataleg\/\"},{\"@type\":\"ListItem\",\"position\":3,\"name\":\"\u00a1No soy un monstruo!\"}]},{\"@type\":\"WebSite\",\"@id\":\"https:\/\/librosdelzorrorojo.com\/#website\",\"url\":\"https:\/\/librosdelzorrorojo.com\/\",\"name\":\"Libros del Zorro Rojo\",\"description\":\"Libros ilustrados\",\"potentialAction\":[{\"@type\":\"SearchAction\",\"target\":{\"@type\":\"EntryPoint\",\"urlTemplate\":\"https:\/\/librosdelzorrorojo.com\/?s={search_term_string}\"},\"query-input\":{\"@type\":\"PropertyValueSpecification\",\"valueRequired\":true,\"valueName\":\"search_term_string\"}}],\"inLanguage\":\"ca\"}]}<\/script>\n<!-- \/ Yoast SEO plugin. -->","yoast_head_json":{"title":"\u00a1No soy un monstruo! - Libros del Zorro Rojo","robots":{"index":"index","follow":"follow","max-snippet":"max-snippet:-1","max-image-preview":"max-image-preview:large","max-video-preview":"max-video-preview:-1"},"canonical":"https:\/\/librosdelzorrorojo.com\/ca\/cataleg\/no-soy-un-monstruo\/","og_locale":"ca_ES","og_type":"article","og_title":"\u00a1No soy un monstruo! - Libros del Zorro Rojo","og_description":"\u00bfPor qu\u00e9 a veces nos sentimos de mal humor, deprimidos, irascibles, frustrados&#8230;?\u00a0\u00bfC\u00f3mo podemos superar un mal d\u00eda? \u00bfQu\u00e9 hacer si persisten las emociones negativas? \u00a1No por eso somos monstruos! Tras\u00a0Ser o no ser\u2026 una manzana\u00a0y\u00a0Ese robot soy yo, llega este \u00e1lbum en el que\u00a0una nueva hero\u00edna de la literatura infantil y juvenil se enfrenta a [&hellip;]","og_url":"https:\/\/librosdelzorrorojo.com\/ca\/cataleg\/no-soy-un-monstruo\/","og_site_name":"Libros del Zorro Rojo","article_modified_time":"2026-05-08T13:49:20+00:00","og_image":[{"width":850,"height":1073,"url":"https:\/\/librosdelzorrorojo.com\/wp-content\/uploads\/2022\/02\/COVER_No-soy-un-monstruo_WEB-min.png","type":"image\/png"}],"twitter_card":"summary_large_image","twitter_misc":{"Temps estimat de lectura":"1 minut"},"schema":{"@context":"https:\/\/schema.org","@graph":[{"@type":"WebPage","@id":"https:\/\/librosdelzorrorojo.com\/ca\/cataleg\/no-soy-un-monstruo\/","url":"https:\/\/librosdelzorrorojo.com\/ca\/cataleg\/no-soy-un-monstruo\/","name":"\u00a1No soy un monstruo! - Libros del Zorro Rojo","isPartOf":{"@id":"https:\/\/librosdelzorrorojo.com\/#website"},"primaryImageOfPage":{"@id":"https:\/\/librosdelzorrorojo.com\/ca\/cataleg\/no-soy-un-monstruo\/#primaryimage"},"image":{"@id":"https:\/\/librosdelzorrorojo.com\/ca\/cataleg\/no-soy-un-monstruo\/#primaryimage"},"thumbnailUrl":"https:\/\/librosdelzorrorojo.com\/wp-content\/uploads\/2022\/02\/COVER_No-soy-un-monstruo_WEB-min.png","datePublished":"2022-02-01T17:48:03+00:00","dateModified":"2026-05-08T13:49:20+00:00","breadcrumb":{"@id":"https:\/\/librosdelzorrorojo.com\/ca\/cataleg\/no-soy-un-monstruo\/#breadcrumb"},"inLanguage":"ca","potentialAction":[{"@type":"ReadAction","target":["https:\/\/librosdelzorrorojo.com\/ca\/cataleg\/no-soy-un-monstruo\/"]}]},{"@type":"ImageObject","inLanguage":"ca","@id":"https:\/\/librosdelzorrorojo.com\/ca\/cataleg\/no-soy-un-monstruo\/#primaryimage","url":"https:\/\/librosdelzorrorojo.com\/wp-content\/uploads\/2022\/02\/COVER_No-soy-un-monstruo_WEB-min.png","contentUrl":"https:\/\/librosdelzorrorojo.com\/wp-content\/uploads\/2022\/02\/COVER_No-soy-un-monstruo_WEB-min.png","width":850,"height":1073,"caption":"COVER No soy un monstruo WEB min"},{"@type":"BreadcrumbList","@id":"https:\/\/librosdelzorrorojo.com\/ca\/cataleg\/no-soy-un-monstruo\/#breadcrumb","itemListElement":[{"@type":"ListItem","position":1,"name":"Portada","item":"https:\/\/librosdelzorrorojo.com\/ca\/"},{"@type":"ListItem","position":2,"name":"Cat\u00e0leg","item":"https:\/\/librosdelzorrorojo.com\/ca\/cataleg\/"},{"@type":"ListItem","position":3,"name":"\u00a1No soy un monstruo!"}]},{"@type":"WebSite","@id":"https:\/\/librosdelzorrorojo.com\/#website","url":"https:\/\/librosdelzorrorojo.com\/","name":"Libros del Zorro Rojo","description":"Libros ilustrados","potentialAction":[{"@type":"SearchAction","target":{"@type":"EntryPoint","urlTemplate":"https:\/\/librosdelzorrorojo.com\/?s={search_term_string}"},"query-input":{"@type":"PropertyValueSpecification","valueRequired":true,"valueName":"search_term_string"}}],"inLanguage":"ca"}]}},"_links":{"self":[{"href":"https:\/\/librosdelzorrorojo.com\/ca\/wp-json\/wp\/v2\/product\/21917","targetHints":{"allow":["GET"]}}],"collection":[{"href":"https:\/\/librosdelzorrorojo.com\/ca\/wp-json\/wp\/v2\/product"}],"about":[{"href":"https:\/\/librosdelzorrorojo.com\/ca\/wp-json\/wp\/v2\/types\/product"}],"wp:featuredmedia":[{"embeddable":true,"href":"https:\/\/librosdelzorrorojo.com\/ca\/wp-json\/wp\/v2\/media\/21875"}],"wp:attachment":[{"href":"https:\/\/librosdelzorrorojo.com\/ca\/wp-json\/wp\/v2\/media?parent=21917"}],"wp:term":[{"taxonomy":"product_brand","embeddable":true,"href":"https:\/\/librosdelzorrorojo.com\/ca\/wp-json\/wp\/v2\/product_brand?post=21917"},{"taxonomy":"product_cat","embeddable":true,"href":"https:\/\/librosdelzorrorojo.com\/ca\/wp-json\/wp\/v2\/product_cat?post=21917"},{"taxonomy":"product_tag","embeddable":true,"href":"https:\/\/librosdelzorrorojo.com\/ca\/wp-json\/wp\/v2\/product_tag?post=21917"}],"curies":[{"name":"wp","href":"https:\/\/api.w.org\/{rel}","templated":true}]}}