{"id":21871,"date":"2021-05-31T16:42:37","date_gmt":"2021-05-31T14:42:37","guid":{"rendered":"https:\/\/librosdelzorrorojo.com\/catalogo\/fabulas\/"},"modified":"2024-11-29T10:50:38","modified_gmt":"2024-11-29T09:50:38","slug":"fabulas","status":"publish","type":"product","link":"https:\/\/librosdelzorrorojo.com\/ca\/cataleg\/fabulas\/","title":{"rendered":"F\u00e1bulas"},"content":{"rendered":"<p class=\"p1\"><span class=\"s1\">Inspiradas en los modelos cl\u00e1sicos de Esopo y Horacio, las f\u00e1bulas de La Fontaine constituyen una de las cumbres de la literatura francesa. Estas exhortaciones morales, tentativas de comunicaci\u00f3n del ser humano con la naturaleza, beben de diversas vertientes literarias, orientales y occidentales, para entregarse a la poes\u00eda con may\u00fasculas. Sus protagonistas, animales antropom\u00f3rficos, encarnan a la sociedad humana y revelan su alma con delicadeza maliciosa y sentido del humor.<\/span><\/p>\n<p class=\"p1\"><span class=\"s1\">Presentadas por primera vez en Par\u00eds en 1930 \u2014por encargo del marchante y galerista franc\u00e9s Ambroise Vollard\u2014, las ilustraciones de Marc Chagall para estos poemas provocaron virulentas reacciones, tintadas de abierto antisemitismo, por parte de algunos cr\u00edticos de la \u00e9poca: \u00ab\u00bfC\u00f3mo un jud\u00edo eslavo osaba acercarse al alma latina?\u00bb; \u00ab\u00bfEncargar la ilustraci\u00f3n de La Fontaine, un poeta tan esencialmente franc\u00e9s, a un ruso, y nada menos que a Chagall? \u00a1Qu\u00e9 sacrilegio!\u00bb.<\/span><\/p>\n<p class=\"p1\"><span class=\"s1\">Entretanto, la otra cara del p\u00fablico descubr\u00eda un nuevo lenguaje, on\u00edrico y colorista, que recog\u00eda gran parte de los avances de las vanguardias y mostraba, a su vez, la necesidad de una revitalizaci\u00f3n de la cultura francesa del per\u00edodo. Una visi\u00f3n totalmente renovada, liberada de las contingencias de \u00e9poca, restablecida en un fondo de humanidad y leyenda.<\/span><\/p>\n<p class=\"p1\"><span class=\"s1\">La presente edici\u00f3n, en tapa dura con lomo de tela, recupera cuarenta y tres<i><span>\u00a0<\/span>gouaches<\/i><span>\u00a0<\/span>de Chagall, en su mayor\u00eda in\u00e9ditos, que constituyen un tramo vital del artista en el que se reafirma su genio a medida que crece su notoriedad. En este volumen se incluyen, adem\u00e1s, tres ensayos que desentra\u00f1an la relaci\u00f3n de la pintura del artista con los \u00edconos cl\u00e1sicos y la recepci\u00f3n de su obra por parte de la cr\u00edtica del momento.<\/span><\/p>\n","protected":false},"excerpt":{"rendered":"Inspiradas en los modelos cl\u00e1sicos de Esopo y Horacio, las f\u00e1bulas de La Fontaine constituyen una de las cumbres de la literatura francesa. Estas exhortaciones morales, tentativas de comunicaci\u00f3n del ser humano con la naturaleza, beben de diversas vertientes literarias, orientales y occidentales, para entregarse a la poes\u00eda con may\u00fasculas. Sus protagonistas, animales antropom\u00f3rficos, encarnan [&hellip;]","protected":false},"featured_media":20112,"template":"","meta":{"_acf_changed":false},"product_brand":[],"product_cat":[844,3156],"product_tag":[],"class_list":{"0":"post-21871","1":"product","2":"type-product","3":"status-publish","4":"has-post-thumbnail","6":"product_cat-castella","7":"product_cat-juvenil-adult","9":"first","10":"instock","11":"taxable","12":"shipping-taxable","13":"purchasable","14":"product-type-simple"},"acf":[],"yoast_head":"<!-- This site is optimized with the Yoast SEO plugin v25.1 - https:\/\/yoast.com\/wordpress\/plugins\/seo\/ -->\n<title>F\u00e1bulas - Libros del Zorro Rojo<\/title>\n<meta name=\"robots\" content=\"index, follow, max-snippet:-1, max-image-preview:large, max-video-preview:-1\" \/>\n<link rel=\"canonical\" href=\"https:\/\/librosdelzorrorojo.com\/ca\/cataleg\/fabulas\/\" \/>\n<meta property=\"og:locale\" content=\"ca_ES\" \/>\n<meta property=\"og:type\" content=\"article\" \/>\n<meta property=\"og:title\" content=\"F\u00e1bulas - Libros del Zorro Rojo\" \/>\n<meta property=\"og:description\" content=\"Inspiradas en los modelos cl\u00e1sicos de Esopo y Horacio, las f\u00e1bulas de La Fontaine constituyen una de las cumbres de la literatura francesa. Estas exhortaciones morales, tentativas de comunicaci\u00f3n del ser humano con la naturaleza, beben de diversas vertientes literarias, orientales y occidentales, para entregarse a la poes\u00eda con may\u00fasculas. Sus protagonistas, animales antropom\u00f3rficos, encarnan [&hellip;]\" \/>\n<meta property=\"og:url\" content=\"https:\/\/librosdelzorrorojo.com\/ca\/cataleg\/fabulas\/\" \/>\n<meta property=\"og:site_name\" content=\"Libros del Zorro Rojo\" \/>\n<meta property=\"article:modified_time\" content=\"2024-11-29T09:50:38+00:00\" \/>\n<meta property=\"og:image\" content=\"https:\/\/librosdelzorrorojo.com\/wp-content\/uploads\/2021\/04\/COVER_Fabulas_WEB.jpg\" \/>\n\t<meta property=\"og:image:width\" content=\"850\" \/>\n\t<meta property=\"og:image:height\" content=\"1237\" \/>\n\t<meta property=\"og:image:type\" content=\"image\/jpeg\" \/>\n<meta name=\"twitter:card\" content=\"summary_large_image\" \/>\n<meta name=\"twitter:label1\" content=\"Temps estimat de lectura\" \/>\n\t<meta name=\"twitter:data1\" content=\"2 minuts\" \/>\n<script type=\"application\/ld+json\" class=\"yoast-schema-graph\">{\"@context\":\"https:\/\/schema.org\",\"@graph\":[{\"@type\":\"WebPage\",\"@id\":\"https:\/\/librosdelzorrorojo.com\/ca\/cataleg\/fabulas\/\",\"url\":\"https:\/\/librosdelzorrorojo.com\/ca\/cataleg\/fabulas\/\",\"name\":\"F\u00e1bulas - Libros del Zorro Rojo\",\"isPartOf\":{\"@id\":\"https:\/\/librosdelzorrorojo.com\/#website\"},\"primaryImageOfPage\":{\"@id\":\"https:\/\/librosdelzorrorojo.com\/ca\/cataleg\/fabulas\/#primaryimage\"},\"image\":{\"@id\":\"https:\/\/librosdelzorrorojo.com\/ca\/cataleg\/fabulas\/#primaryimage\"},\"thumbnailUrl\":\"https:\/\/librosdelzorrorojo.com\/wp-content\/uploads\/2021\/04\/COVER_Fabulas_WEB.jpg\",\"datePublished\":\"2021-05-31T14:42:37+00:00\",\"dateModified\":\"2024-11-29T09:50:38+00:00\",\"breadcrumb\":{\"@id\":\"https:\/\/librosdelzorrorojo.com\/ca\/cataleg\/fabulas\/#breadcrumb\"},\"inLanguage\":\"ca\",\"potentialAction\":[{\"@type\":\"ReadAction\",\"target\":[\"https:\/\/librosdelzorrorojo.com\/ca\/cataleg\/fabulas\/\"]}]},{\"@type\":\"ImageObject\",\"inLanguage\":\"ca\",\"@id\":\"https:\/\/librosdelzorrorojo.com\/ca\/cataleg\/fabulas\/#primaryimage\",\"url\":\"https:\/\/librosdelzorrorojo.com\/wp-content\/uploads\/2021\/04\/COVER_Fabulas_WEB.jpg\",\"contentUrl\":\"https:\/\/librosdelzorrorojo.com\/wp-content\/uploads\/2021\/04\/COVER_Fabulas_WEB.jpg\",\"width\":850,\"height\":1237,\"caption\":\"COVER Fabulas WEB\"},{\"@type\":\"BreadcrumbList\",\"@id\":\"https:\/\/librosdelzorrorojo.com\/ca\/cataleg\/fabulas\/#breadcrumb\",\"itemListElement\":[{\"@type\":\"ListItem\",\"position\":1,\"name\":\"Portada\",\"item\":\"https:\/\/librosdelzorrorojo.com\/ca\/\"},{\"@type\":\"ListItem\",\"position\":2,\"name\":\"Cat\u00e0leg\",\"item\":\"https:\/\/librosdelzorrorojo.com\/ca\/cataleg\/\"},{\"@type\":\"ListItem\",\"position\":3,\"name\":\"F\u00e1bulas\"}]},{\"@type\":\"WebSite\",\"@id\":\"https:\/\/librosdelzorrorojo.com\/#website\",\"url\":\"https:\/\/librosdelzorrorojo.com\/\",\"name\":\"Libros del Zorro Rojo\",\"description\":\"Libros ilustrados\",\"potentialAction\":[{\"@type\":\"SearchAction\",\"target\":{\"@type\":\"EntryPoint\",\"urlTemplate\":\"https:\/\/librosdelzorrorojo.com\/?s={search_term_string}\"},\"query-input\":{\"@type\":\"PropertyValueSpecification\",\"valueRequired\":true,\"valueName\":\"search_term_string\"}}],\"inLanguage\":\"ca\"}]}<\/script>\n<!-- \/ Yoast SEO plugin. -->","yoast_head_json":{"title":"F\u00e1bulas - Libros del Zorro Rojo","robots":{"index":"index","follow":"follow","max-snippet":"max-snippet:-1","max-image-preview":"max-image-preview:large","max-video-preview":"max-video-preview:-1"},"canonical":"https:\/\/librosdelzorrorojo.com\/ca\/cataleg\/fabulas\/","og_locale":"ca_ES","og_type":"article","og_title":"F\u00e1bulas - Libros del Zorro Rojo","og_description":"Inspiradas en los modelos cl\u00e1sicos de Esopo y Horacio, las f\u00e1bulas de La Fontaine constituyen una de las cumbres de la literatura francesa. Estas exhortaciones morales, tentativas de comunicaci\u00f3n del ser humano con la naturaleza, beben de diversas vertientes literarias, orientales y occidentales, para entregarse a la poes\u00eda con may\u00fasculas. Sus protagonistas, animales antropom\u00f3rficos, encarnan [&hellip;]","og_url":"https:\/\/librosdelzorrorojo.com\/ca\/cataleg\/fabulas\/","og_site_name":"Libros del Zorro Rojo","article_modified_time":"2024-11-29T09:50:38+00:00","og_image":[{"width":850,"height":1237,"url":"https:\/\/librosdelzorrorojo.com\/wp-content\/uploads\/2021\/04\/COVER_Fabulas_WEB.jpg","type":"image\/jpeg"}],"twitter_card":"summary_large_image","twitter_misc":{"Temps estimat de lectura":"2 minuts"},"schema":{"@context":"https:\/\/schema.org","@graph":[{"@type":"WebPage","@id":"https:\/\/librosdelzorrorojo.com\/ca\/cataleg\/fabulas\/","url":"https:\/\/librosdelzorrorojo.com\/ca\/cataleg\/fabulas\/","name":"F\u00e1bulas - Libros del Zorro Rojo","isPartOf":{"@id":"https:\/\/librosdelzorrorojo.com\/#website"},"primaryImageOfPage":{"@id":"https:\/\/librosdelzorrorojo.com\/ca\/cataleg\/fabulas\/#primaryimage"},"image":{"@id":"https:\/\/librosdelzorrorojo.com\/ca\/cataleg\/fabulas\/#primaryimage"},"thumbnailUrl":"https:\/\/librosdelzorrorojo.com\/wp-content\/uploads\/2021\/04\/COVER_Fabulas_WEB.jpg","datePublished":"2021-05-31T14:42:37+00:00","dateModified":"2024-11-29T09:50:38+00:00","breadcrumb":{"@id":"https:\/\/librosdelzorrorojo.com\/ca\/cataleg\/fabulas\/#breadcrumb"},"inLanguage":"ca","potentialAction":[{"@type":"ReadAction","target":["https:\/\/librosdelzorrorojo.com\/ca\/cataleg\/fabulas\/"]}]},{"@type":"ImageObject","inLanguage":"ca","@id":"https:\/\/librosdelzorrorojo.com\/ca\/cataleg\/fabulas\/#primaryimage","url":"https:\/\/librosdelzorrorojo.com\/wp-content\/uploads\/2021\/04\/COVER_Fabulas_WEB.jpg","contentUrl":"https:\/\/librosdelzorrorojo.com\/wp-content\/uploads\/2021\/04\/COVER_Fabulas_WEB.jpg","width":850,"height":1237,"caption":"COVER Fabulas WEB"},{"@type":"BreadcrumbList","@id":"https:\/\/librosdelzorrorojo.com\/ca\/cataleg\/fabulas\/#breadcrumb","itemListElement":[{"@type":"ListItem","position":1,"name":"Portada","item":"https:\/\/librosdelzorrorojo.com\/ca\/"},{"@type":"ListItem","position":2,"name":"Cat\u00e0leg","item":"https:\/\/librosdelzorrorojo.com\/ca\/cataleg\/"},{"@type":"ListItem","position":3,"name":"F\u00e1bulas"}]},{"@type":"WebSite","@id":"https:\/\/librosdelzorrorojo.com\/#website","url":"https:\/\/librosdelzorrorojo.com\/","name":"Libros del Zorro Rojo","description":"Libros ilustrados","potentialAction":[{"@type":"SearchAction","target":{"@type":"EntryPoint","urlTemplate":"https:\/\/librosdelzorrorojo.com\/?s={search_term_string}"},"query-input":{"@type":"PropertyValueSpecification","valueRequired":true,"valueName":"search_term_string"}}],"inLanguage":"ca"}]}},"_links":{"self":[{"href":"https:\/\/librosdelzorrorojo.com\/ca\/wp-json\/wp\/v2\/product\/21871","targetHints":{"allow":["GET"]}}],"collection":[{"href":"https:\/\/librosdelzorrorojo.com\/ca\/wp-json\/wp\/v2\/product"}],"about":[{"href":"https:\/\/librosdelzorrorojo.com\/ca\/wp-json\/wp\/v2\/types\/product"}],"wp:featuredmedia":[{"embeddable":true,"href":"https:\/\/librosdelzorrorojo.com\/ca\/wp-json\/wp\/v2\/media\/20112"}],"wp:attachment":[{"href":"https:\/\/librosdelzorrorojo.com\/ca\/wp-json\/wp\/v2\/media?parent=21871"}],"wp:term":[{"taxonomy":"product_brand","embeddable":true,"href":"https:\/\/librosdelzorrorojo.com\/ca\/wp-json\/wp\/v2\/product_brand?post=21871"},{"taxonomy":"product_cat","embeddable":true,"href":"https:\/\/librosdelzorrorojo.com\/ca\/wp-json\/wp\/v2\/product_cat?post=21871"},{"taxonomy":"product_tag","embeddable":true,"href":"https:\/\/librosdelzorrorojo.com\/ca\/wp-json\/wp\/v2\/product_tag?post=21871"}],"curies":[{"name":"wp","href":"https:\/\/api.w.org\/{rel}","templated":true}]}}