{"id":21351,"date":"2021-10-27T09:45:51","date_gmt":"2021-10-27T07:45:51","guid":{"rendered":"https:\/\/librosdelzorrorojo.com\/catalogo\/celebramos-la-navidad\/"},"modified":"2024-03-01T09:17:17","modified_gmt":"2024-03-01T08:17:17","slug":"celebramos-la-navidad","status":"publish","type":"product","link":"https:\/\/librosdelzorrorojo.com\/ca\/cataleg\/celebramos-la-navidad\/","title":{"rendered":"Celebramos la Navidad"},"content":{"rendered":"<p>\u00bfEs Pap\u00e1 Noel un buen jefe? \u00bfC\u00f3mo vuela su trineo? \u00bfCu\u00e1les son las actuales condiciones laborales de los elfos? Si te has hecho alguna de estas preguntas necesitas con inmediatez este volumen, dedicado \u00edntegramente a revelarnos los ins\u00f3litos entresijos de la celebraci\u00f3n de Navidad. De la mano de mam\u00e1 descubriremos los elementos esenciales de la \u00e9poca navide\u00f1a: la compasi\u00f3n, la solidaridad, el fundamentalismo religioso, la plutocracia o los oscuros algoritmos que toman decisiones sobre nuestras vidas.<\/p>\n<p>Tras su \u00e9xito en Reino Unido, llega a nuestro pa\u00eds el cuarto y \u00faltimo volumen de la serie de Libros de Escarabajo Pelotero: <em>Celebramos la Navidad,<\/em> que da continuaci\u00f3n a la parodia mordaz de las cl\u00e1sicas gu\u00edas Ladybird de los a\u00f1os sesenta. La artista brit\u00e1nica Miriam Elia prosigue con su programa de reeducaci\u00f3n para ense\u00f1ar a peque\u00f1os y mayores la soberbia del capitalismo, la deshumanizaci\u00f3n de la sociedad y otros males de la modernidad, mientras les arruina con gran alegr\u00eda la Navidad.<\/p>\n<p>Como el resto de los Libros de Escarabajo Pelotero, este t\u00edtulo propone un m\u00e9todo de educaci\u00f3n alternativa para arrastrar a las familias hasta los recovecos m\u00e1s oscuros del inconsciente colectivo. En cada una de las escenas, destacan tres \u00abpalabras nuevas\u00bb que dan pistas sobre las aviesas intenciones de la autora, que aspira a ampliar nuestro conocimiento de t\u00e9rminos complejos y as\u00ed complicarnos la vida.<\/p>\n<p>Las ilustraciones de Miriam Elia representan la rigidez de los felices a\u00f1os sesenta y contrastan con unos textos que muestran el nihilismo actual. Es en este choque entre la conformidad y el caos donde surge la parodia. \u00abHay una larga historia de s\u00e1tira que est\u00e1 siendo reprimida: se nos dice lo que podemos decir y lo que no, aunque el objetivo de la s\u00e1tira sea ofender a todos por igual. Estos libros son una forma de desahogarme sin referirme a personas espec\u00edficas, sino a su forma de pensar\u00bb, explica la autora.<\/p>\n<p>&nbsp;<\/p>\n<p><img decoding=\"async\" src=\"https:\/\/librosdelzorrorojo.com\/wp-content\/uploads\/2021\/09\/DC-ICEC-horitzontal-cos12-bn-1-600x80.png\" alt=\"\" width=\"300\" height=\"40\" class=\"alignnone wp-image-23703\" srcset=\"https:\/\/librosdelzorrorojo.com\/wp-content\/uploads\/2021\/09\/DC-ICEC-horitzontal-cos12-bn-1-600x80.png 600w, https:\/\/librosdelzorrorojo.com\/wp-content\/uploads\/2021\/09\/DC-ICEC-horitzontal-cos12-bn-1-1024x137.png 1024w, https:\/\/librosdelzorrorojo.com\/wp-content\/uploads\/2021\/09\/DC-ICEC-horitzontal-cos12-bn-1-768x103.png 768w, https:\/\/librosdelzorrorojo.com\/wp-content\/uploads\/2021\/09\/DC-ICEC-horitzontal-cos12-bn-1-800x107.png 800w, https:\/\/librosdelzorrorojo.com\/wp-content\/uploads\/2021\/09\/DC-ICEC-horitzontal-cos12-bn-1.png 1482w\" sizes=\"(max-width: 300px) 100vw, 300px\" \/><\/p>\n<p>&nbsp;<\/p>\n","protected":false},"excerpt":{"rendered":"\u00bfEs Pap\u00e1 Noel un buen jefe? \u00bfC\u00f3mo vuela su trineo? \u00bfCu\u00e1les son las actuales condiciones laborales de los elfos? Si te has hecho alguna de estas preguntas necesitas con inmediatez este volumen, dedicado \u00edntegramente a revelarnos los ins\u00f3litos entresijos de la celebraci\u00f3n de Navidad. De la mano de mam\u00e1 descubriremos los elementos esenciales de la [&hellip;]","protected":false},"featured_media":21335,"template":"","meta":{"_acf_changed":false},"product_brand":[],"product_cat":[844,3156,846],"product_tag":[],"class_list":{"0":"post-21351","1":"product","2":"type-product","3":"status-publish","4":"has-post-thumbnail","6":"product_cat-castella","7":"product_cat-juvenil-adult","8":"product_cat-novedades-ca","10":"first","11":"instock","12":"taxable","13":"shipping-taxable","14":"purchasable","15":"product-type-simple"},"acf":[],"yoast_head":"<!-- This site is optimized with the Yoast SEO plugin v25.1 - https:\/\/yoast.com\/wordpress\/plugins\/seo\/ -->\n<title>Celebramos la Navidad - Libros del Zorro Rojo<\/title>\n<meta name=\"description\" content=\"Llega a nuestro pa\u00eds el cuarto y \u00faltimo volumen de la serie de Libros de Escarabajo Pelotero: &quot;Celebramos la Navidad&quot;, que da continuaci\u00f3n a la parodia mordaz de las cl\u00e1sicas gu\u00edas Ladybird de los a\u00f1os sesenta. La artista brit\u00e1nica Miriam Elia prosigue con su programa de reeducaci\u00f3n para ense\u00f1ar a peque\u00f1os y mayores la soberbia del capitalismo, la deshumanizaci\u00f3n de la sociedad y otros males de la modernidad, mientras les arruina con gran alegr\u00eda la Navidad.\" \/>\n<meta name=\"robots\" content=\"index, follow, max-snippet:-1, max-image-preview:large, max-video-preview:-1\" \/>\n<link rel=\"canonical\" href=\"https:\/\/librosdelzorrorojo.com\/ca\/cataleg\/celebramos-la-navidad\/\" \/>\n<meta property=\"og:locale\" content=\"ca_ES\" \/>\n<meta property=\"og:type\" content=\"article\" \/>\n<meta property=\"og:title\" content=\"Celebramos la Navidad - Libros del Zorro Rojo\" \/>\n<meta property=\"og:description\" content=\"Llega a nuestro pa\u00eds el cuarto y \u00faltimo volumen de la serie de Libros de Escarabajo Pelotero: &quot;Celebramos la Navidad&quot;, que da continuaci\u00f3n a la parodia mordaz de las cl\u00e1sicas gu\u00edas Ladybird de los a\u00f1os sesenta. La artista brit\u00e1nica Miriam Elia prosigue con su programa de reeducaci\u00f3n para ense\u00f1ar a peque\u00f1os y mayores la soberbia del capitalismo, la deshumanizaci\u00f3n de la sociedad y otros males de la modernidad, mientras les arruina con gran alegr\u00eda la Navidad.\" \/>\n<meta property=\"og:url\" content=\"https:\/\/librosdelzorrorojo.com\/ca\/cataleg\/celebramos-la-navidad\/\" \/>\n<meta property=\"og:site_name\" content=\"Libros del Zorro Rojo\" \/>\n<meta property=\"article:modified_time\" content=\"2024-03-01T08:17:17+00:00\" \/>\n<meta property=\"og:image\" content=\"https:\/\/librosdelzorrorojo.com\/wp-content\/uploads\/2021\/11\/COVER_Celebramos-la-Navidad_WEB.jpg\" \/>\n\t<meta property=\"og:image:width\" content=\"850\" \/>\n\t<meta property=\"og:image:height\" content=\"1325\" \/>\n\t<meta property=\"og:image:type\" content=\"image\/jpeg\" \/>\n<meta name=\"twitter:card\" content=\"summary_large_image\" \/>\n<meta name=\"twitter:label1\" content=\"Temps estimat de lectura\" \/>\n\t<meta name=\"twitter:data1\" content=\"2 minuts\" \/>\n<script type=\"application\/ld+json\" class=\"yoast-schema-graph\">{\"@context\":\"https:\/\/schema.org\",\"@graph\":[{\"@type\":\"WebPage\",\"@id\":\"https:\/\/librosdelzorrorojo.com\/ca\/cataleg\/celebramos-la-navidad\/\",\"url\":\"https:\/\/librosdelzorrorojo.com\/ca\/cataleg\/celebramos-la-navidad\/\",\"name\":\"Celebramos la Navidad - Libros del Zorro Rojo\",\"isPartOf\":{\"@id\":\"https:\/\/librosdelzorrorojo.com\/#website\"},\"primaryImageOfPage\":{\"@id\":\"https:\/\/librosdelzorrorojo.com\/ca\/cataleg\/celebramos-la-navidad\/#primaryimage\"},\"image\":{\"@id\":\"https:\/\/librosdelzorrorojo.com\/ca\/cataleg\/celebramos-la-navidad\/#primaryimage\"},\"thumbnailUrl\":\"https:\/\/librosdelzorrorojo.com\/wp-content\/uploads\/2021\/11\/COVER_Celebramos-la-Navidad_WEB.jpg\",\"datePublished\":\"2021-10-27T07:45:51+00:00\",\"dateModified\":\"2024-03-01T08:17:17+00:00\",\"description\":\"Llega a nuestro pa\u00eds el cuarto y \u00faltimo volumen de la serie de Libros de Escarabajo Pelotero: \\\"Celebramos la Navidad\\\", que da continuaci\u00f3n a la parodia mordaz de las cl\u00e1sicas gu\u00edas Ladybird de los a\u00f1os sesenta. La artista brit\u00e1nica Miriam Elia prosigue con su programa de reeducaci\u00f3n para ense\u00f1ar a peque\u00f1os y mayores la soberbia del capitalismo, la deshumanizaci\u00f3n de la sociedad y otros males de la modernidad, mientras les arruina con gran alegr\u00eda la Navidad.\",\"breadcrumb\":{\"@id\":\"https:\/\/librosdelzorrorojo.com\/ca\/cataleg\/celebramos-la-navidad\/#breadcrumb\"},\"inLanguage\":\"ca\",\"potentialAction\":[{\"@type\":\"ReadAction\",\"target\":[\"https:\/\/librosdelzorrorojo.com\/ca\/cataleg\/celebramos-la-navidad\/\"]}]},{\"@type\":\"ImageObject\",\"inLanguage\":\"ca\",\"@id\":\"https:\/\/librosdelzorrorojo.com\/ca\/cataleg\/celebramos-la-navidad\/#primaryimage\",\"url\":\"https:\/\/librosdelzorrorojo.com\/wp-content\/uploads\/2021\/11\/COVER_Celebramos-la-Navidad_WEB.jpg\",\"contentUrl\":\"https:\/\/librosdelzorrorojo.com\/wp-content\/uploads\/2021\/11\/COVER_Celebramos-la-Navidad_WEB.jpg\",\"width\":850,\"height\":1325,\"caption\":\"COVER Celebramos la Navidad WEB\"},{\"@type\":\"BreadcrumbList\",\"@id\":\"https:\/\/librosdelzorrorojo.com\/ca\/cataleg\/celebramos-la-navidad\/#breadcrumb\",\"itemListElement\":[{\"@type\":\"ListItem\",\"position\":1,\"name\":\"Portada\",\"item\":\"https:\/\/librosdelzorrorojo.com\/ca\/\"},{\"@type\":\"ListItem\",\"position\":2,\"name\":\"Cat\u00e0leg\",\"item\":\"https:\/\/librosdelzorrorojo.com\/ca\/cataleg\/\"},{\"@type\":\"ListItem\",\"position\":3,\"name\":\"Celebramos la Navidad\"}]},{\"@type\":\"WebSite\",\"@id\":\"https:\/\/librosdelzorrorojo.com\/#website\",\"url\":\"https:\/\/librosdelzorrorojo.com\/\",\"name\":\"Libros del Zorro Rojo\",\"description\":\"Libros ilustrados\",\"potentialAction\":[{\"@type\":\"SearchAction\",\"target\":{\"@type\":\"EntryPoint\",\"urlTemplate\":\"https:\/\/librosdelzorrorojo.com\/?s={search_term_string}\"},\"query-input\":{\"@type\":\"PropertyValueSpecification\",\"valueRequired\":true,\"valueName\":\"search_term_string\"}}],\"inLanguage\":\"ca\"}]}<\/script>\n<!-- \/ Yoast SEO plugin. -->","yoast_head_json":{"title":"Celebramos la Navidad - Libros del Zorro Rojo","description":"Llega a nuestro pa\u00eds el cuarto y \u00faltimo volumen de la serie de Libros de Escarabajo Pelotero: \"Celebramos la Navidad\", que da continuaci\u00f3n a la parodia mordaz de las cl\u00e1sicas gu\u00edas Ladybird de los a\u00f1os sesenta. La artista brit\u00e1nica Miriam Elia prosigue con su programa de reeducaci\u00f3n para ense\u00f1ar a peque\u00f1os y mayores la soberbia del capitalismo, la deshumanizaci\u00f3n de la sociedad y otros males de la modernidad, mientras les arruina con gran alegr\u00eda la Navidad.","robots":{"index":"index","follow":"follow","max-snippet":"max-snippet:-1","max-image-preview":"max-image-preview:large","max-video-preview":"max-video-preview:-1"},"canonical":"https:\/\/librosdelzorrorojo.com\/ca\/cataleg\/celebramos-la-navidad\/","og_locale":"ca_ES","og_type":"article","og_title":"Celebramos la Navidad - Libros del Zorro Rojo","og_description":"Llega a nuestro pa\u00eds el cuarto y \u00faltimo volumen de la serie de Libros de Escarabajo Pelotero: \"Celebramos la Navidad\", que da continuaci\u00f3n a la parodia mordaz de las cl\u00e1sicas gu\u00edas Ladybird de los a\u00f1os sesenta. La artista brit\u00e1nica Miriam Elia prosigue con su programa de reeducaci\u00f3n para ense\u00f1ar a peque\u00f1os y mayores la soberbia del capitalismo, la deshumanizaci\u00f3n de la sociedad y otros males de la modernidad, mientras les arruina con gran alegr\u00eda la Navidad.","og_url":"https:\/\/librosdelzorrorojo.com\/ca\/cataleg\/celebramos-la-navidad\/","og_site_name":"Libros del Zorro Rojo","article_modified_time":"2024-03-01T08:17:17+00:00","og_image":[{"width":850,"height":1325,"url":"https:\/\/librosdelzorrorojo.com\/wp-content\/uploads\/2021\/11\/COVER_Celebramos-la-Navidad_WEB.jpg","type":"image\/jpeg"}],"twitter_card":"summary_large_image","twitter_misc":{"Temps estimat de lectura":"2 minuts"},"schema":{"@context":"https:\/\/schema.org","@graph":[{"@type":"WebPage","@id":"https:\/\/librosdelzorrorojo.com\/ca\/cataleg\/celebramos-la-navidad\/","url":"https:\/\/librosdelzorrorojo.com\/ca\/cataleg\/celebramos-la-navidad\/","name":"Celebramos la Navidad - Libros del Zorro Rojo","isPartOf":{"@id":"https:\/\/librosdelzorrorojo.com\/#website"},"primaryImageOfPage":{"@id":"https:\/\/librosdelzorrorojo.com\/ca\/cataleg\/celebramos-la-navidad\/#primaryimage"},"image":{"@id":"https:\/\/librosdelzorrorojo.com\/ca\/cataleg\/celebramos-la-navidad\/#primaryimage"},"thumbnailUrl":"https:\/\/librosdelzorrorojo.com\/wp-content\/uploads\/2021\/11\/COVER_Celebramos-la-Navidad_WEB.jpg","datePublished":"2021-10-27T07:45:51+00:00","dateModified":"2024-03-01T08:17:17+00:00","description":"Llega a nuestro pa\u00eds el cuarto y \u00faltimo volumen de la serie de Libros de Escarabajo Pelotero: \"Celebramos la Navidad\", que da continuaci\u00f3n a la parodia mordaz de las cl\u00e1sicas gu\u00edas Ladybird de los a\u00f1os sesenta. La artista brit\u00e1nica Miriam Elia prosigue con su programa de reeducaci\u00f3n para ense\u00f1ar a peque\u00f1os y mayores la soberbia del capitalismo, la deshumanizaci\u00f3n de la sociedad y otros males de la modernidad, mientras les arruina con gran alegr\u00eda la Navidad.","breadcrumb":{"@id":"https:\/\/librosdelzorrorojo.com\/ca\/cataleg\/celebramos-la-navidad\/#breadcrumb"},"inLanguage":"ca","potentialAction":[{"@type":"ReadAction","target":["https:\/\/librosdelzorrorojo.com\/ca\/cataleg\/celebramos-la-navidad\/"]}]},{"@type":"ImageObject","inLanguage":"ca","@id":"https:\/\/librosdelzorrorojo.com\/ca\/cataleg\/celebramos-la-navidad\/#primaryimage","url":"https:\/\/librosdelzorrorojo.com\/wp-content\/uploads\/2021\/11\/COVER_Celebramos-la-Navidad_WEB.jpg","contentUrl":"https:\/\/librosdelzorrorojo.com\/wp-content\/uploads\/2021\/11\/COVER_Celebramos-la-Navidad_WEB.jpg","width":850,"height":1325,"caption":"COVER Celebramos la Navidad WEB"},{"@type":"BreadcrumbList","@id":"https:\/\/librosdelzorrorojo.com\/ca\/cataleg\/celebramos-la-navidad\/#breadcrumb","itemListElement":[{"@type":"ListItem","position":1,"name":"Portada","item":"https:\/\/librosdelzorrorojo.com\/ca\/"},{"@type":"ListItem","position":2,"name":"Cat\u00e0leg","item":"https:\/\/librosdelzorrorojo.com\/ca\/cataleg\/"},{"@type":"ListItem","position":3,"name":"Celebramos la Navidad"}]},{"@type":"WebSite","@id":"https:\/\/librosdelzorrorojo.com\/#website","url":"https:\/\/librosdelzorrorojo.com\/","name":"Libros del Zorro Rojo","description":"Libros ilustrados","potentialAction":[{"@type":"SearchAction","target":{"@type":"EntryPoint","urlTemplate":"https:\/\/librosdelzorrorojo.com\/?s={search_term_string}"},"query-input":{"@type":"PropertyValueSpecification","valueRequired":true,"valueName":"search_term_string"}}],"inLanguage":"ca"}]}},"_links":{"self":[{"href":"https:\/\/librosdelzorrorojo.com\/ca\/wp-json\/wp\/v2\/product\/21351","targetHints":{"allow":["GET"]}}],"collection":[{"href":"https:\/\/librosdelzorrorojo.com\/ca\/wp-json\/wp\/v2\/product"}],"about":[{"href":"https:\/\/librosdelzorrorojo.com\/ca\/wp-json\/wp\/v2\/types\/product"}],"wp:featuredmedia":[{"embeddable":true,"href":"https:\/\/librosdelzorrorojo.com\/ca\/wp-json\/wp\/v2\/media\/21335"}],"wp:attachment":[{"href":"https:\/\/librosdelzorrorojo.com\/ca\/wp-json\/wp\/v2\/media?parent=21351"}],"wp:term":[{"taxonomy":"product_brand","embeddable":true,"href":"https:\/\/librosdelzorrorojo.com\/ca\/wp-json\/wp\/v2\/product_brand?post=21351"},{"taxonomy":"product_cat","embeddable":true,"href":"https:\/\/librosdelzorrorojo.com\/ca\/wp-json\/wp\/v2\/product_cat?post=21351"},{"taxonomy":"product_tag","embeddable":true,"href":"https:\/\/librosdelzorrorojo.com\/ca\/wp-json\/wp\/v2\/product_tag?post=21351"}],"curies":[{"name":"wp","href":"https:\/\/api.w.org\/{rel}","templated":true}]}}