{"id":21325,"date":"2021-10-28T08:06:33","date_gmt":"2021-10-28T06:06:33","guid":{"rendered":"https:\/\/librosdelzorrorojo.com\/catalogo\/invocaciones\/"},"modified":"2024-12-17T22:22:03","modified_gmt":"2024-12-17T21:22:03","slug":"invocaciones","status":"publish","type":"product","link":"https:\/\/librosdelzorrorojo.com\/ca\/cataleg\/invocaciones\/","title":{"rendered":"Invocaciones"},"content":{"rendered":"<p>Neil Gaiman, uno de los autores de fantas\u00eda oscura m\u00e1s f\u00e9rtiles de nuestros d\u00edas, regresa con <em>Invocaciones.<\/em> Una rica cornucopia de relatos de terror, ciencia ficci\u00f3n y reversiones de los cuentos de hadas, en la que Santiago Caruso, ilustrador insignia del cat\u00e1logo de Libros del Zorro Rojo, despliega todo su arte.<\/p>\n<p>A trav\u00e9s de diecisiete ficciones y poemas escalofriantes, esta antolog\u00eda propone un recorrido \u00fanico por la obra literaria del multipremiado autor de <em>Coraline<\/em> y <em>Sandman.<\/em> Todo el potencial del universo gaimaniano toma forma en laberintos, realidades paralelas, mundos ominosos&#8230;, donde el escenario se torna impredecible y el espacio y el tiempo devienen sustancias maleables. Los seres m\u00e1s infernales habitan estas historias, que deleitar\u00e1n a los amantes de la fantas\u00eda y del realismo m\u00e1gico.<\/p>\n<p>En <em>Invocaciones,<\/em> Caruso recompone estos textos perturbadores en un viaje que es, a su vez, el espejo de nuestros miedos m\u00e1s profundos. Sus esgrafiados juegan con la doblez de cuerpos y conforman una fauna variopinta que nutre el concepto de lo monstruoso. La obra del artista argentino transita por los s\u00edmbolos de la otredad, a la par que dialoga con la belleza de un romanticismo oscuro.<\/p>\n","protected":false},"excerpt":{"rendered":"Neil Gaiman, uno de los autores de fantas\u00eda oscura m\u00e1s f\u00e9rtiles de nuestros d\u00edas, regresa con Invocaciones. Una rica cornucopia de relatos de terror, ciencia ficci\u00f3n y reversiones de los cuentos de hadas, en la que Santiago Caruso, ilustrador insignia del cat\u00e1logo de Libros del Zorro Rojo, despliega todo su arte. A trav\u00e9s de diecisiete [&hellip;]","protected":false},"featured_media":21319,"template":"","meta":{"_acf_changed":false},"product_brand":[],"product_cat":[844,3156,846],"product_tag":[],"class_list":{"0":"post-21325","1":"product","2":"type-product","3":"status-publish","4":"has-post-thumbnail","6":"product_cat-castella","7":"product_cat-juvenil-adult","8":"product_cat-novedades-ca","10":"first","11":"instock","12":"taxable","13":"shipping-taxable","14":"purchasable","15":"product-type-simple"},"acf":[],"yoast_head":"<!-- This site is optimized with the Yoast SEO plugin v25.1 - https:\/\/yoast.com\/wordpress\/plugins\/seo\/ -->\n<title>Invocaciones - Libros del Zorro Rojo<\/title>\n<meta name=\"description\" content=\"Neil Gaiman, uno de los autores de fantas\u00eda oscura m\u00e1s f\u00e9rtiles de nuestros d\u00edas, regresa con &quot;Invocaciones&quot;. Una rica cornucopia de relatos de terror, ciencia ficci\u00f3n y reversiones de los cuentos de hadas, en la que Santiago Caruso, ilustrador insignia del cat\u00e1logo de Libros del Zorro Rojo, despliega todo su arte.\" \/>\n<meta name=\"robots\" content=\"index, follow, max-snippet:-1, max-image-preview:large, max-video-preview:-1\" \/>\n<link rel=\"canonical\" href=\"https:\/\/librosdelzorrorojo.com\/ca\/cataleg\/invocaciones\/\" \/>\n<meta property=\"og:locale\" content=\"ca_ES\" \/>\n<meta property=\"og:type\" content=\"article\" \/>\n<meta property=\"og:title\" content=\"Invocaciones - Libros del Zorro Rojo\" \/>\n<meta property=\"og:description\" content=\"Neil Gaiman, uno de los autores de fantas\u00eda oscura m\u00e1s f\u00e9rtiles de nuestros d\u00edas, regresa con &quot;Invocaciones&quot;. Una rica cornucopia de relatos de terror, ciencia ficci\u00f3n y reversiones de los cuentos de hadas, en la que Santiago Caruso, ilustrador insignia del cat\u00e1logo de Libros del Zorro Rojo, despliega todo su arte.\" \/>\n<meta property=\"og:url\" content=\"https:\/\/librosdelzorrorojo.com\/ca\/cataleg\/invocaciones\/\" \/>\n<meta property=\"og:site_name\" content=\"Libros del Zorro Rojo\" \/>\n<meta property=\"article:modified_time\" content=\"2024-12-17T21:22:03+00:00\" \/>\n<meta property=\"og:image\" content=\"https:\/\/librosdelzorrorojo.com\/wp-content\/uploads\/2021\/10\/COVER_Invocaciones-WEB.jpg\" \/>\n\t<meta property=\"og:image:width\" content=\"849\" \/>\n\t<meta property=\"og:image:height\" content=\"1237\" \/>\n\t<meta property=\"og:image:type\" content=\"image\/jpeg\" \/>\n<meta name=\"twitter:card\" content=\"summary_large_image\" \/>\n<meta name=\"twitter:label1\" content=\"Temps estimat de lectura\" \/>\n\t<meta name=\"twitter:data1\" content=\"1 minut\" \/>\n<script type=\"application\/ld+json\" class=\"yoast-schema-graph\">{\"@context\":\"https:\/\/schema.org\",\"@graph\":[{\"@type\":\"WebPage\",\"@id\":\"https:\/\/librosdelzorrorojo.com\/ca\/cataleg\/invocaciones\/\",\"url\":\"https:\/\/librosdelzorrorojo.com\/ca\/cataleg\/invocaciones\/\",\"name\":\"Invocaciones - Libros del Zorro Rojo\",\"isPartOf\":{\"@id\":\"https:\/\/librosdelzorrorojo.com\/#website\"},\"primaryImageOfPage\":{\"@id\":\"https:\/\/librosdelzorrorojo.com\/ca\/cataleg\/invocaciones\/#primaryimage\"},\"image\":{\"@id\":\"https:\/\/librosdelzorrorojo.com\/ca\/cataleg\/invocaciones\/#primaryimage\"},\"thumbnailUrl\":\"https:\/\/librosdelzorrorojo.com\/wp-content\/uploads\/2021\/10\/COVER_Invocaciones-WEB.jpg\",\"datePublished\":\"2021-10-28T06:06:33+00:00\",\"dateModified\":\"2024-12-17T21:22:03+00:00\",\"description\":\"Neil Gaiman, uno de los autores de fantas\u00eda oscura m\u00e1s f\u00e9rtiles de nuestros d\u00edas, regresa con \\\"Invocaciones\\\". Una rica cornucopia de relatos de terror, ciencia ficci\u00f3n y reversiones de los cuentos de hadas, en la que Santiago Caruso, ilustrador insignia del cat\u00e1logo de Libros del Zorro Rojo, despliega todo su arte.\",\"breadcrumb\":{\"@id\":\"https:\/\/librosdelzorrorojo.com\/ca\/cataleg\/invocaciones\/#breadcrumb\"},\"inLanguage\":\"ca\",\"potentialAction\":[{\"@type\":\"ReadAction\",\"target\":[\"https:\/\/librosdelzorrorojo.com\/ca\/cataleg\/invocaciones\/\"]}]},{\"@type\":\"ImageObject\",\"inLanguage\":\"ca\",\"@id\":\"https:\/\/librosdelzorrorojo.com\/ca\/cataleg\/invocaciones\/#primaryimage\",\"url\":\"https:\/\/librosdelzorrorojo.com\/wp-content\/uploads\/2021\/10\/COVER_Invocaciones-WEB.jpg\",\"contentUrl\":\"https:\/\/librosdelzorrorojo.com\/wp-content\/uploads\/2021\/10\/COVER_Invocaciones-WEB.jpg\",\"width\":849,\"height\":1237,\"caption\":\"COVER Invocaciones WEB\"},{\"@type\":\"BreadcrumbList\",\"@id\":\"https:\/\/librosdelzorrorojo.com\/ca\/cataleg\/invocaciones\/#breadcrumb\",\"itemListElement\":[{\"@type\":\"ListItem\",\"position\":1,\"name\":\"Portada\",\"item\":\"https:\/\/librosdelzorrorojo.com\/ca\/\"},{\"@type\":\"ListItem\",\"position\":2,\"name\":\"Cat\u00e0leg\",\"item\":\"https:\/\/librosdelzorrorojo.com\/ca\/cataleg\/\"},{\"@type\":\"ListItem\",\"position\":3,\"name\":\"Invocaciones\"}]},{\"@type\":\"WebSite\",\"@id\":\"https:\/\/librosdelzorrorojo.com\/#website\",\"url\":\"https:\/\/librosdelzorrorojo.com\/\",\"name\":\"Libros del Zorro Rojo\",\"description\":\"Libros ilustrados\",\"potentialAction\":[{\"@type\":\"SearchAction\",\"target\":{\"@type\":\"EntryPoint\",\"urlTemplate\":\"https:\/\/librosdelzorrorojo.com\/?s={search_term_string}\"},\"query-input\":{\"@type\":\"PropertyValueSpecification\",\"valueRequired\":true,\"valueName\":\"search_term_string\"}}],\"inLanguage\":\"ca\"}]}<\/script>\n<!-- \/ Yoast SEO plugin. -->","yoast_head_json":{"title":"Invocaciones - Libros del Zorro Rojo","description":"Neil Gaiman, uno de los autores de fantas\u00eda oscura m\u00e1s f\u00e9rtiles de nuestros d\u00edas, regresa con \"Invocaciones\". Una rica cornucopia de relatos de terror, ciencia ficci\u00f3n y reversiones de los cuentos de hadas, en la que Santiago Caruso, ilustrador insignia del cat\u00e1logo de Libros del Zorro Rojo, despliega todo su arte.","robots":{"index":"index","follow":"follow","max-snippet":"max-snippet:-1","max-image-preview":"max-image-preview:large","max-video-preview":"max-video-preview:-1"},"canonical":"https:\/\/librosdelzorrorojo.com\/ca\/cataleg\/invocaciones\/","og_locale":"ca_ES","og_type":"article","og_title":"Invocaciones - Libros del Zorro Rojo","og_description":"Neil Gaiman, uno de los autores de fantas\u00eda oscura m\u00e1s f\u00e9rtiles de nuestros d\u00edas, regresa con \"Invocaciones\". Una rica cornucopia de relatos de terror, ciencia ficci\u00f3n y reversiones de los cuentos de hadas, en la que Santiago Caruso, ilustrador insignia del cat\u00e1logo de Libros del Zorro Rojo, despliega todo su arte.","og_url":"https:\/\/librosdelzorrorojo.com\/ca\/cataleg\/invocaciones\/","og_site_name":"Libros del Zorro Rojo","article_modified_time":"2024-12-17T21:22:03+00:00","og_image":[{"width":849,"height":1237,"url":"https:\/\/librosdelzorrorojo.com\/wp-content\/uploads\/2021\/10\/COVER_Invocaciones-WEB.jpg","type":"image\/jpeg"}],"twitter_card":"summary_large_image","twitter_misc":{"Temps estimat de lectura":"1 minut"},"schema":{"@context":"https:\/\/schema.org","@graph":[{"@type":"WebPage","@id":"https:\/\/librosdelzorrorojo.com\/ca\/cataleg\/invocaciones\/","url":"https:\/\/librosdelzorrorojo.com\/ca\/cataleg\/invocaciones\/","name":"Invocaciones - Libros del Zorro Rojo","isPartOf":{"@id":"https:\/\/librosdelzorrorojo.com\/#website"},"primaryImageOfPage":{"@id":"https:\/\/librosdelzorrorojo.com\/ca\/cataleg\/invocaciones\/#primaryimage"},"image":{"@id":"https:\/\/librosdelzorrorojo.com\/ca\/cataleg\/invocaciones\/#primaryimage"},"thumbnailUrl":"https:\/\/librosdelzorrorojo.com\/wp-content\/uploads\/2021\/10\/COVER_Invocaciones-WEB.jpg","datePublished":"2021-10-28T06:06:33+00:00","dateModified":"2024-12-17T21:22:03+00:00","description":"Neil Gaiman, uno de los autores de fantas\u00eda oscura m\u00e1s f\u00e9rtiles de nuestros d\u00edas, regresa con \"Invocaciones\". Una rica cornucopia de relatos de terror, ciencia ficci\u00f3n y reversiones de los cuentos de hadas, en la que Santiago Caruso, ilustrador insignia del cat\u00e1logo de Libros del Zorro Rojo, despliega todo su arte.","breadcrumb":{"@id":"https:\/\/librosdelzorrorojo.com\/ca\/cataleg\/invocaciones\/#breadcrumb"},"inLanguage":"ca","potentialAction":[{"@type":"ReadAction","target":["https:\/\/librosdelzorrorojo.com\/ca\/cataleg\/invocaciones\/"]}]},{"@type":"ImageObject","inLanguage":"ca","@id":"https:\/\/librosdelzorrorojo.com\/ca\/cataleg\/invocaciones\/#primaryimage","url":"https:\/\/librosdelzorrorojo.com\/wp-content\/uploads\/2021\/10\/COVER_Invocaciones-WEB.jpg","contentUrl":"https:\/\/librosdelzorrorojo.com\/wp-content\/uploads\/2021\/10\/COVER_Invocaciones-WEB.jpg","width":849,"height":1237,"caption":"COVER Invocaciones WEB"},{"@type":"BreadcrumbList","@id":"https:\/\/librosdelzorrorojo.com\/ca\/cataleg\/invocaciones\/#breadcrumb","itemListElement":[{"@type":"ListItem","position":1,"name":"Portada","item":"https:\/\/librosdelzorrorojo.com\/ca\/"},{"@type":"ListItem","position":2,"name":"Cat\u00e0leg","item":"https:\/\/librosdelzorrorojo.com\/ca\/cataleg\/"},{"@type":"ListItem","position":3,"name":"Invocaciones"}]},{"@type":"WebSite","@id":"https:\/\/librosdelzorrorojo.com\/#website","url":"https:\/\/librosdelzorrorojo.com\/","name":"Libros del Zorro Rojo","description":"Libros ilustrados","potentialAction":[{"@type":"SearchAction","target":{"@type":"EntryPoint","urlTemplate":"https:\/\/librosdelzorrorojo.com\/?s={search_term_string}"},"query-input":{"@type":"PropertyValueSpecification","valueRequired":true,"valueName":"search_term_string"}}],"inLanguage":"ca"}]}},"_links":{"self":[{"href":"https:\/\/librosdelzorrorojo.com\/ca\/wp-json\/wp\/v2\/product\/21325","targetHints":{"allow":["GET"]}}],"collection":[{"href":"https:\/\/librosdelzorrorojo.com\/ca\/wp-json\/wp\/v2\/product"}],"about":[{"href":"https:\/\/librosdelzorrorojo.com\/ca\/wp-json\/wp\/v2\/types\/product"}],"wp:featuredmedia":[{"embeddable":true,"href":"https:\/\/librosdelzorrorojo.com\/ca\/wp-json\/wp\/v2\/media\/21319"}],"wp:attachment":[{"href":"https:\/\/librosdelzorrorojo.com\/ca\/wp-json\/wp\/v2\/media?parent=21325"}],"wp:term":[{"taxonomy":"product_brand","embeddable":true,"href":"https:\/\/librosdelzorrorojo.com\/ca\/wp-json\/wp\/v2\/product_brand?post=21325"},{"taxonomy":"product_cat","embeddable":true,"href":"https:\/\/librosdelzorrorojo.com\/ca\/wp-json\/wp\/v2\/product_cat?post=21325"},{"taxonomy":"product_tag","embeddable":true,"href":"https:\/\/librosdelzorrorojo.com\/ca\/wp-json\/wp\/v2\/product_tag?post=21325"}],"curies":[{"name":"wp","href":"https:\/\/api.w.org\/{rel}","templated":true}]}}