{"id":21184,"date":"2021-09-28T15:04:49","date_gmt":"2021-09-28T13:04:49","guid":{"rendered":"https:\/\/librosdelzorrorojo.com\/catalogo\/peter-pan\/"},"modified":"2026-04-14T11:46:27","modified_gmt":"2026-04-14T09:46:27","slug":"peter-pan","status":"publish","type":"product","link":"https:\/\/librosdelzorrorojo.com\/ca\/cataleg\/peter-pan\/","title":{"rendered":"Peter Pan"},"content":{"rendered":"<p class=\"p1\"><span class=\"s1\">Esta nueva edici\u00f3n de <i>Peter Pan <\/i>ofrece una renovada interpretaci\u00f3n de un cl\u00e1sico universal, que se aleja radicalmente de los estereotipos a la hora de representar al eterno protagonista. El ilustrador Svetlin Vassilev consigue retratar los matices m\u00e1s controvertidos de un ni\u00f1o m\u00e1gico, testarudo, desconcertante, c\u00f3mico, provocador&#8230;, as\u00ed como la deslumbrante escenograf\u00eda y los variopintos personajes del Pa\u00eds de Nunca Jam\u00e1s.<\/span><\/p>\n<p class=\"p1\"><span class=\"s1\">M\u00e1s de sesenta ilustraciones en acr\u00edlico acompa\u00f1an la versi\u00f3n \u00edntegra de 1911 de la obra de J. M. Barrie, uno de los autores indiscutibles de la literatura infantil y juvenil de todos los tiempos. Un mundo legendario se configura a trav\u00e9s del dinamismo y del trazo virtuoso del artista b\u00falgaro, que reconstruye una gran puesta en escena de un relato que Barrie escribi\u00f3 en un primer momento para ser representado. Su trabajo de ilustraci\u00f3n va m\u00e1s all\u00e1 del dominio de la t\u00e9cnica y la expresi\u00f3n, con un estilo muy personal, cargado de matices y detalles, en el que sublima la tradici\u00f3n pict\u00f3rica tanto cl\u00e1sica como contempor\u00e1nea.<\/span><\/p>\n<p class=\"p1\"><span class=\"s1\"><i>Peter Pan<\/i> no es solo una novela, es un mito para todas las generaciones, un personaje perdido entre dos mundos, el de los humanos y el de los cuentos de hadas. Vassilev plasma maravillosamente esa dualidad y consigue convertir la historia del ni\u00f1o que no quer\u00eda crecer en una pieza de arte en s\u00ed misma. Tanto los amantes de esta obra como quienes la lean por primera vez se deleitar\u00e1n con esta edici\u00f3n de lujo de un texto atemporal sobre el crecer, la familia, las despedidas y el valor de la espera.<\/span><\/p>\n<p><img decoding=\"async\" src=\"https:\/\/librosdelzorrorojo.com\/wp-content\/uploads\/2017\/09\/logo-generalitat2.jpg\" alt=\"\" width=\"200\" height=\"67\" class=\"alignnone size-full wp-image-11151\" \/><\/p>\n","protected":false},"excerpt":{"rendered":"Esta nueva edici\u00f3n de Peter Pan ofrece una renovada interpretaci\u00f3n de un cl\u00e1sico universal, que se aleja radicalmente de los estereotipos a la hora de representar al eterno protagonista. El ilustrador Svetlin Vassilev consigue retratar los matices m\u00e1s controvertidos de un ni\u00f1o m\u00e1gico, testarudo, desconcertante, c\u00f3mico, provocador&#8230;, as\u00ed como la deslumbrante escenograf\u00eda y los variopintos [&hellip;]","protected":false},"featured_media":21172,"template":"","meta":{"_acf_changed":false},"product_brand":[],"product_cat":[844,843,839],"product_tag":[],"class_list":{"0":"post-21184","1":"product","2":"type-product","3":"status-publish","4":"has-post-thumbnail","6":"product_cat-castella","7":"product_cat-infantiles-ca","8":"product_cat-zona-kids-ca","10":"first","11":"instock","12":"taxable","13":"shipping-taxable","14":"purchasable","15":"product-type-simple"},"acf":[],"yoast_head":"<!-- This site is optimized with the Yoast SEO plugin v25.1 - https:\/\/yoast.com\/wordpress\/plugins\/seo\/ -->\n<title>Peter Pan - Libros del Zorro Rojo<\/title>\n<meta name=\"robots\" content=\"index, follow, max-snippet:-1, max-image-preview:large, max-video-preview:-1\" \/>\n<link rel=\"canonical\" href=\"https:\/\/librosdelzorrorojo.com\/ca\/cataleg\/peter-pan\/\" \/>\n<meta property=\"og:locale\" content=\"ca_ES\" \/>\n<meta property=\"og:type\" content=\"article\" \/>\n<meta property=\"og:title\" content=\"Peter Pan - Libros del Zorro Rojo\" \/>\n<meta property=\"og:description\" content=\"Esta nueva edici\u00f3n de Peter Pan ofrece una renovada interpretaci\u00f3n de un cl\u00e1sico universal, que se aleja radicalmente de los estereotipos a la hora de representar al eterno protagonista. El ilustrador Svetlin Vassilev consigue retratar los matices m\u00e1s controvertidos de un ni\u00f1o m\u00e1gico, testarudo, desconcertante, c\u00f3mico, provocador&#8230;, as\u00ed como la deslumbrante escenograf\u00eda y los variopintos [&hellip;]\" \/>\n<meta property=\"og:url\" content=\"https:\/\/librosdelzorrorojo.com\/ca\/cataleg\/peter-pan\/\" \/>\n<meta property=\"og:site_name\" content=\"Libros del Zorro Rojo\" \/>\n<meta property=\"article:modified_time\" content=\"2026-04-14T09:46:27+00:00\" \/>\n<meta property=\"og:image\" content=\"https:\/\/librosdelzorrorojo.com\/wp-content\/uploads\/2021\/09\/COVER_Peter-Pan_WEB.png\" \/>\n\t<meta property=\"og:image:width\" content=\"849\" \/>\n\t<meta property=\"og:image:height\" content=\"1224\" \/>\n\t<meta property=\"og:image:type\" content=\"image\/png\" \/>\n<meta name=\"twitter:card\" content=\"summary_large_image\" \/>\n<meta name=\"twitter:label1\" content=\"Temps estimat de lectura\" \/>\n\t<meta name=\"twitter:data1\" content=\"1 minut\" \/>\n<script type=\"application\/ld+json\" class=\"yoast-schema-graph\">{\"@context\":\"https:\/\/schema.org\",\"@graph\":[{\"@type\":\"WebPage\",\"@id\":\"https:\/\/librosdelzorrorojo.com\/ca\/cataleg\/peter-pan\/\",\"url\":\"https:\/\/librosdelzorrorojo.com\/ca\/cataleg\/peter-pan\/\",\"name\":\"Peter Pan - Libros del Zorro Rojo\",\"isPartOf\":{\"@id\":\"https:\/\/librosdelzorrorojo.com\/#website\"},\"primaryImageOfPage\":{\"@id\":\"https:\/\/librosdelzorrorojo.com\/ca\/cataleg\/peter-pan\/#primaryimage\"},\"image\":{\"@id\":\"https:\/\/librosdelzorrorojo.com\/ca\/cataleg\/peter-pan\/#primaryimage\"},\"thumbnailUrl\":\"https:\/\/librosdelzorrorojo.com\/wp-content\/uploads\/2021\/09\/COVER_Peter-Pan_WEB.png\",\"datePublished\":\"2021-09-28T13:04:49+00:00\",\"dateModified\":\"2026-04-14T09:46:27+00:00\",\"breadcrumb\":{\"@id\":\"https:\/\/librosdelzorrorojo.com\/ca\/cataleg\/peter-pan\/#breadcrumb\"},\"inLanguage\":\"ca\",\"potentialAction\":[{\"@type\":\"ReadAction\",\"target\":[\"https:\/\/librosdelzorrorojo.com\/ca\/cataleg\/peter-pan\/\"]}]},{\"@type\":\"ImageObject\",\"inLanguage\":\"ca\",\"@id\":\"https:\/\/librosdelzorrorojo.com\/ca\/cataleg\/peter-pan\/#primaryimage\",\"url\":\"https:\/\/librosdelzorrorojo.com\/wp-content\/uploads\/2021\/09\/COVER_Peter-Pan_WEB.png\",\"contentUrl\":\"https:\/\/librosdelzorrorojo.com\/wp-content\/uploads\/2021\/09\/COVER_Peter-Pan_WEB.png\",\"width\":849,\"height\":1224,\"caption\":\"COVER Peter Pan WEB\"},{\"@type\":\"BreadcrumbList\",\"@id\":\"https:\/\/librosdelzorrorojo.com\/ca\/cataleg\/peter-pan\/#breadcrumb\",\"itemListElement\":[{\"@type\":\"ListItem\",\"position\":1,\"name\":\"Portada\",\"item\":\"https:\/\/librosdelzorrorojo.com\/ca\/\"},{\"@type\":\"ListItem\",\"position\":2,\"name\":\"Cat\u00e0leg\",\"item\":\"https:\/\/librosdelzorrorojo.com\/ca\/cataleg\/\"},{\"@type\":\"ListItem\",\"position\":3,\"name\":\"Peter Pan\"}]},{\"@type\":\"WebSite\",\"@id\":\"https:\/\/librosdelzorrorojo.com\/#website\",\"url\":\"https:\/\/librosdelzorrorojo.com\/\",\"name\":\"Libros del Zorro Rojo\",\"description\":\"Libros ilustrados\",\"potentialAction\":[{\"@type\":\"SearchAction\",\"target\":{\"@type\":\"EntryPoint\",\"urlTemplate\":\"https:\/\/librosdelzorrorojo.com\/?s={search_term_string}\"},\"query-input\":{\"@type\":\"PropertyValueSpecification\",\"valueRequired\":true,\"valueName\":\"search_term_string\"}}],\"inLanguage\":\"ca\"}]}<\/script>\n<!-- \/ Yoast SEO plugin. -->","yoast_head_json":{"title":"Peter Pan - Libros del Zorro Rojo","robots":{"index":"index","follow":"follow","max-snippet":"max-snippet:-1","max-image-preview":"max-image-preview:large","max-video-preview":"max-video-preview:-1"},"canonical":"https:\/\/librosdelzorrorojo.com\/ca\/cataleg\/peter-pan\/","og_locale":"ca_ES","og_type":"article","og_title":"Peter Pan - Libros del Zorro Rojo","og_description":"Esta nueva edici\u00f3n de Peter Pan ofrece una renovada interpretaci\u00f3n de un cl\u00e1sico universal, que se aleja radicalmente de los estereotipos a la hora de representar al eterno protagonista. El ilustrador Svetlin Vassilev consigue retratar los matices m\u00e1s controvertidos de un ni\u00f1o m\u00e1gico, testarudo, desconcertante, c\u00f3mico, provocador&#8230;, as\u00ed como la deslumbrante escenograf\u00eda y los variopintos [&hellip;]","og_url":"https:\/\/librosdelzorrorojo.com\/ca\/cataleg\/peter-pan\/","og_site_name":"Libros del Zorro Rojo","article_modified_time":"2026-04-14T09:46:27+00:00","og_image":[{"width":849,"height":1224,"url":"https:\/\/librosdelzorrorojo.com\/wp-content\/uploads\/2021\/09\/COVER_Peter-Pan_WEB.png","type":"image\/png"}],"twitter_card":"summary_large_image","twitter_misc":{"Temps estimat de lectura":"1 minut"},"schema":{"@context":"https:\/\/schema.org","@graph":[{"@type":"WebPage","@id":"https:\/\/librosdelzorrorojo.com\/ca\/cataleg\/peter-pan\/","url":"https:\/\/librosdelzorrorojo.com\/ca\/cataleg\/peter-pan\/","name":"Peter Pan - Libros del Zorro Rojo","isPartOf":{"@id":"https:\/\/librosdelzorrorojo.com\/#website"},"primaryImageOfPage":{"@id":"https:\/\/librosdelzorrorojo.com\/ca\/cataleg\/peter-pan\/#primaryimage"},"image":{"@id":"https:\/\/librosdelzorrorojo.com\/ca\/cataleg\/peter-pan\/#primaryimage"},"thumbnailUrl":"https:\/\/librosdelzorrorojo.com\/wp-content\/uploads\/2021\/09\/COVER_Peter-Pan_WEB.png","datePublished":"2021-09-28T13:04:49+00:00","dateModified":"2026-04-14T09:46:27+00:00","breadcrumb":{"@id":"https:\/\/librosdelzorrorojo.com\/ca\/cataleg\/peter-pan\/#breadcrumb"},"inLanguage":"ca","potentialAction":[{"@type":"ReadAction","target":["https:\/\/librosdelzorrorojo.com\/ca\/cataleg\/peter-pan\/"]}]},{"@type":"ImageObject","inLanguage":"ca","@id":"https:\/\/librosdelzorrorojo.com\/ca\/cataleg\/peter-pan\/#primaryimage","url":"https:\/\/librosdelzorrorojo.com\/wp-content\/uploads\/2021\/09\/COVER_Peter-Pan_WEB.png","contentUrl":"https:\/\/librosdelzorrorojo.com\/wp-content\/uploads\/2021\/09\/COVER_Peter-Pan_WEB.png","width":849,"height":1224,"caption":"COVER Peter Pan WEB"},{"@type":"BreadcrumbList","@id":"https:\/\/librosdelzorrorojo.com\/ca\/cataleg\/peter-pan\/#breadcrumb","itemListElement":[{"@type":"ListItem","position":1,"name":"Portada","item":"https:\/\/librosdelzorrorojo.com\/ca\/"},{"@type":"ListItem","position":2,"name":"Cat\u00e0leg","item":"https:\/\/librosdelzorrorojo.com\/ca\/cataleg\/"},{"@type":"ListItem","position":3,"name":"Peter Pan"}]},{"@type":"WebSite","@id":"https:\/\/librosdelzorrorojo.com\/#website","url":"https:\/\/librosdelzorrorojo.com\/","name":"Libros del Zorro Rojo","description":"Libros ilustrados","potentialAction":[{"@type":"SearchAction","target":{"@type":"EntryPoint","urlTemplate":"https:\/\/librosdelzorrorojo.com\/?s={search_term_string}"},"query-input":{"@type":"PropertyValueSpecification","valueRequired":true,"valueName":"search_term_string"}}],"inLanguage":"ca"}]}},"_links":{"self":[{"href":"https:\/\/librosdelzorrorojo.com\/ca\/wp-json\/wp\/v2\/product\/21184","targetHints":{"allow":["GET"]}}],"collection":[{"href":"https:\/\/librosdelzorrorojo.com\/ca\/wp-json\/wp\/v2\/product"}],"about":[{"href":"https:\/\/librosdelzorrorojo.com\/ca\/wp-json\/wp\/v2\/types\/product"}],"wp:featuredmedia":[{"embeddable":true,"href":"https:\/\/librosdelzorrorojo.com\/ca\/wp-json\/wp\/v2\/media\/21172"}],"wp:attachment":[{"href":"https:\/\/librosdelzorrorojo.com\/ca\/wp-json\/wp\/v2\/media?parent=21184"}],"wp:term":[{"taxonomy":"product_brand","embeddable":true,"href":"https:\/\/librosdelzorrorojo.com\/ca\/wp-json\/wp\/v2\/product_brand?post=21184"},{"taxonomy":"product_cat","embeddable":true,"href":"https:\/\/librosdelzorrorojo.com\/ca\/wp-json\/wp\/v2\/product_cat?post=21184"},{"taxonomy":"product_tag","embeddable":true,"href":"https:\/\/librosdelzorrorojo.com\/ca\/wp-json\/wp\/v2\/product_tag?post=21184"}],"curies":[{"name":"wp","href":"https:\/\/api.w.org\/{rel}","templated":true}]}}