{"id":21091,"date":"2021-09-13T17:40:39","date_gmt":"2021-09-13T15:40:39","guid":{"rendered":"https:\/\/librosdelzorrorojo.com\/catalogo\/historia-ilustrada-de-los-ovnis\/"},"modified":"2026-04-21T17:22:39","modified_gmt":"2026-04-21T15:22:39","slug":"historia-ilustrada-de-los-ovnis","status":"publish","type":"product","link":"https:\/\/librosdelzorrorojo.com\/ca\/cataleg\/historia-ilustrada-de-los-ovnis\/","title":{"rendered":"Historia ilustrada de los ovnis"},"content":{"rendered":"<p class=\"p1\"><span class=\"s1\">\u00bfPor qu\u00e9 \u00faltimamente todo el mundo est\u00e1 hablando de ovnis? \u00bfSer\u00e1 que estamos a las puertas de revelaciones extraordinarias?<\/span><\/p>\n<p class=\"p1\"><span class=\"s1\">En el \u00faltimo a\u00f1o los ovnis han dejado de ser un tab\u00fa, y vuelven a ser noticia asidua en los medios de comunicaci\u00f3n de todo el mundo. Los servicios de inteligencia de Estados Unidos han desclasificado un esperado informe en el que reconocen que no hay conclusiones para m\u00e1s de un centenar de objetos avistados por sus pilotos militares. Incluso Barack Obama no ha podido eludir el asunto: \u00abHay grabaciones de objetos en el cielo que no podemos explicar\u00bb.<\/span><\/p>\n<p class=\"p1\"><span class=\"s1\">A lo largo de la historia, los uf\u00f3logos se han dedicado a documentar estos hechos inexplicables: objetos voladores no identificados, espect\u00e1culos de luces misteriosas en el cielo, posibles secuestros alien\u00edgenas\u2026 Ya se trate de simples leyendas, de fen\u00f3menos meteorol\u00f3gicos o de aut\u00e9nticos aterrizajes de criaturas no terr\u00edcolas, lo cierto es que los ovnis han dejado tras de s\u00ed un legado de investigaciones, incluso gubernamentales, que los ponen en el punto de mira.<\/span><\/p>\n<p class=\"p1\"><span class=\"s1\"><i>Historia ilustrada de los ovnis<\/i><i> <\/i>es la primera gu\u00eda ilustrada en nuestro pa\u00eds que re\u00fane los datos m\u00e1s sobresalientes de este extra\u00f1o mundo de conspiraci\u00f3n. Con un trabajo gr\u00e1fico inspirado en el c\u00f3mic, el cine y la est\u00e9tica ochentera, analiza cronol\u00f3gicamente \u2014desde la d\u00e9cada de los cuarenta hasta la actualidad\u2014 avistamientos acaecidos en todo el mundo: desde el caso Manises, aqu\u00ed en Espa\u00f1a, hasta abducciones tan medi\u00e1ticas como la de Betty Andreasson o la \u00abmedusa luminosa\u00bb en Petrozavodsk, Rusia.<\/span><\/p>\n<p class=\"p1\"><span class=\"s1\">A trav\u00e9s de un tono pseudocient\u00edfico a la par que entretenido, y centrado en los hechos, Adam Allsuch Boardman despliega una gran variedad de documentaci\u00f3n y bibliograf\u00eda sobre la influencia que han ejercido la cultura popular, la mitolog\u00eda y la ciencia ficci\u00f3n en la apariencia cambiante de los platillos volantes y los propios extraterrestres.<\/span><\/p>\n<p class=\"p1\"><span class=\"s1\">Un libro imprescindible para amantes del fen\u00f3meno ovni \u2014tanto inici\u00e1ticos como en ciernes\u2014, para los seguidores de series como <i>Stranger Things, Star Trek, Star Wars,<\/i> e incluso para lectores de cl\u00e1sicos de ciencia ficci\u00f3n como Julio Verne o H. G. Wells.<\/span><\/p>\n<p><img decoding=\"async\" src=\"https:\/\/librosdelzorrorojo.com\/wp-content\/uploads\/2024\/10\/ICEC.jpg\" alt=\"\" width=\"380\" height=\"85\" class=\"alignnone size-full wp-image-29095\" \/><\/p>\n","protected":false},"excerpt":{"rendered":"\u00bfPor qu\u00e9 \u00faltimamente todo el mundo est\u00e1 hablando de ovnis? \u00bfSer\u00e1 que estamos a las puertas de revelaciones extraordinarias? En el \u00faltimo a\u00f1o los ovnis han dejado de ser un tab\u00fa, y vuelven a ser noticia asidua en los medios de comunicaci\u00f3n de todo el mundo. Los servicios de inteligencia de Estados Unidos han desclasificado [&hellip;]","protected":false},"featured_media":21077,"template":"","meta":{"_acf_changed":false},"product_brand":[],"product_cat":[844,3156,846],"product_tag":[],"class_list":{"0":"post-21091","1":"product","2":"type-product","3":"status-publish","4":"has-post-thumbnail","6":"product_cat-castella","7":"product_cat-juvenil-adult","8":"product_cat-novedades-ca","10":"first","11":"instock","12":"taxable","13":"shipping-taxable","14":"purchasable","15":"product-type-simple"},"acf":[],"yoast_head":"<!-- This site is optimized with the Yoast SEO plugin v25.1 - https:\/\/yoast.com\/wordpress\/plugins\/seo\/ -->\n<title>Historia ilustrada de los ovnis - Libros del Zorro Rojo<\/title>\n<meta name=\"robots\" content=\"index, follow, max-snippet:-1, max-image-preview:large, max-video-preview:-1\" \/>\n<link rel=\"canonical\" href=\"https:\/\/librosdelzorrorojo.com\/ca\/cataleg\/historia-ilustrada-de-los-ovnis\/\" \/>\n<meta property=\"og:locale\" content=\"ca_ES\" \/>\n<meta property=\"og:type\" content=\"article\" \/>\n<meta property=\"og:title\" content=\"Historia ilustrada de los ovnis - Libros del Zorro Rojo\" \/>\n<meta property=\"og:description\" content=\"\u00bfPor qu\u00e9 \u00faltimamente todo el mundo est\u00e1 hablando de ovnis? \u00bfSer\u00e1 que estamos a las puertas de revelaciones extraordinarias? En el \u00faltimo a\u00f1o los ovnis han dejado de ser un tab\u00fa, y vuelven a ser noticia asidua en los medios de comunicaci\u00f3n de todo el mundo. Los servicios de inteligencia de Estados Unidos han desclasificado [&hellip;]\" \/>\n<meta property=\"og:url\" content=\"https:\/\/librosdelzorrorojo.com\/ca\/cataleg\/historia-ilustrada-de-los-ovnis\/\" \/>\n<meta property=\"og:site_name\" content=\"Libros del Zorro Rojo\" \/>\n<meta property=\"article:modified_time\" content=\"2026-04-21T15:22:39+00:00\" \/>\n<meta property=\"og:image\" content=\"https:\/\/librosdelzorrorojo.com\/wp-content\/uploads\/2021\/09\/COVER_OVNIS_WEB.jpg\" \/>\n\t<meta property=\"og:image:width\" content=\"850\" \/>\n\t<meta property=\"og:image:height\" content=\"1114\" \/>\n\t<meta property=\"og:image:type\" content=\"image\/jpeg\" \/>\n<meta name=\"twitter:card\" content=\"summary_large_image\" \/>\n<meta name=\"twitter:label1\" content=\"Temps estimat de lectura\" \/>\n\t<meta name=\"twitter:data1\" content=\"2 minuts\" \/>\n<script type=\"application\/ld+json\" class=\"yoast-schema-graph\">{\"@context\":\"https:\/\/schema.org\",\"@graph\":[{\"@type\":\"WebPage\",\"@id\":\"https:\/\/librosdelzorrorojo.com\/ca\/cataleg\/historia-ilustrada-de-los-ovnis\/\",\"url\":\"https:\/\/librosdelzorrorojo.com\/ca\/cataleg\/historia-ilustrada-de-los-ovnis\/\",\"name\":\"Historia ilustrada de los ovnis - Libros del Zorro Rojo\",\"isPartOf\":{\"@id\":\"https:\/\/librosdelzorrorojo.com\/#website\"},\"primaryImageOfPage\":{\"@id\":\"https:\/\/librosdelzorrorojo.com\/ca\/cataleg\/historia-ilustrada-de-los-ovnis\/#primaryimage\"},\"image\":{\"@id\":\"https:\/\/librosdelzorrorojo.com\/ca\/cataleg\/historia-ilustrada-de-los-ovnis\/#primaryimage\"},\"thumbnailUrl\":\"https:\/\/librosdelzorrorojo.com\/wp-content\/uploads\/2021\/09\/COVER_OVNIS_WEB.jpg\",\"datePublished\":\"2021-09-13T15:40:39+00:00\",\"dateModified\":\"2026-04-21T15:22:39+00:00\",\"breadcrumb\":{\"@id\":\"https:\/\/librosdelzorrorojo.com\/ca\/cataleg\/historia-ilustrada-de-los-ovnis\/#breadcrumb\"},\"inLanguage\":\"ca\",\"potentialAction\":[{\"@type\":\"ReadAction\",\"target\":[\"https:\/\/librosdelzorrorojo.com\/ca\/cataleg\/historia-ilustrada-de-los-ovnis\/\"]}]},{\"@type\":\"ImageObject\",\"inLanguage\":\"ca\",\"@id\":\"https:\/\/librosdelzorrorojo.com\/ca\/cataleg\/historia-ilustrada-de-los-ovnis\/#primaryimage\",\"url\":\"https:\/\/librosdelzorrorojo.com\/wp-content\/uploads\/2021\/09\/COVER_OVNIS_WEB.jpg\",\"contentUrl\":\"https:\/\/librosdelzorrorojo.com\/wp-content\/uploads\/2021\/09\/COVER_OVNIS_WEB.jpg\",\"width\":850,\"height\":1114,\"caption\":\"COVER OVNIS WEB\"},{\"@type\":\"BreadcrumbList\",\"@id\":\"https:\/\/librosdelzorrorojo.com\/ca\/cataleg\/historia-ilustrada-de-los-ovnis\/#breadcrumb\",\"itemListElement\":[{\"@type\":\"ListItem\",\"position\":1,\"name\":\"Portada\",\"item\":\"https:\/\/librosdelzorrorojo.com\/ca\/\"},{\"@type\":\"ListItem\",\"position\":2,\"name\":\"Cat\u00e0leg\",\"item\":\"https:\/\/librosdelzorrorojo.com\/ca\/cataleg\/\"},{\"@type\":\"ListItem\",\"position\":3,\"name\":\"Historia ilustrada de los ovnis\"}]},{\"@type\":\"WebSite\",\"@id\":\"https:\/\/librosdelzorrorojo.com\/#website\",\"url\":\"https:\/\/librosdelzorrorojo.com\/\",\"name\":\"Libros del Zorro Rojo\",\"description\":\"Libros ilustrados\",\"potentialAction\":[{\"@type\":\"SearchAction\",\"target\":{\"@type\":\"EntryPoint\",\"urlTemplate\":\"https:\/\/librosdelzorrorojo.com\/?s={search_term_string}\"},\"query-input\":{\"@type\":\"PropertyValueSpecification\",\"valueRequired\":true,\"valueName\":\"search_term_string\"}}],\"inLanguage\":\"ca\"}]}<\/script>\n<!-- \/ Yoast SEO plugin. -->","yoast_head_json":{"title":"Historia ilustrada de los ovnis - Libros del Zorro Rojo","robots":{"index":"index","follow":"follow","max-snippet":"max-snippet:-1","max-image-preview":"max-image-preview:large","max-video-preview":"max-video-preview:-1"},"canonical":"https:\/\/librosdelzorrorojo.com\/ca\/cataleg\/historia-ilustrada-de-los-ovnis\/","og_locale":"ca_ES","og_type":"article","og_title":"Historia ilustrada de los ovnis - Libros del Zorro Rojo","og_description":"\u00bfPor qu\u00e9 \u00faltimamente todo el mundo est\u00e1 hablando de ovnis? \u00bfSer\u00e1 que estamos a las puertas de revelaciones extraordinarias? En el \u00faltimo a\u00f1o los ovnis han dejado de ser un tab\u00fa, y vuelven a ser noticia asidua en los medios de comunicaci\u00f3n de todo el mundo. Los servicios de inteligencia de Estados Unidos han desclasificado [&hellip;]","og_url":"https:\/\/librosdelzorrorojo.com\/ca\/cataleg\/historia-ilustrada-de-los-ovnis\/","og_site_name":"Libros del Zorro Rojo","article_modified_time":"2026-04-21T15:22:39+00:00","og_image":[{"width":850,"height":1114,"url":"https:\/\/librosdelzorrorojo.com\/wp-content\/uploads\/2021\/09\/COVER_OVNIS_WEB.jpg","type":"image\/jpeg"}],"twitter_card":"summary_large_image","twitter_misc":{"Temps estimat de lectura":"2 minuts"},"schema":{"@context":"https:\/\/schema.org","@graph":[{"@type":"WebPage","@id":"https:\/\/librosdelzorrorojo.com\/ca\/cataleg\/historia-ilustrada-de-los-ovnis\/","url":"https:\/\/librosdelzorrorojo.com\/ca\/cataleg\/historia-ilustrada-de-los-ovnis\/","name":"Historia ilustrada de los ovnis - Libros del Zorro Rojo","isPartOf":{"@id":"https:\/\/librosdelzorrorojo.com\/#website"},"primaryImageOfPage":{"@id":"https:\/\/librosdelzorrorojo.com\/ca\/cataleg\/historia-ilustrada-de-los-ovnis\/#primaryimage"},"image":{"@id":"https:\/\/librosdelzorrorojo.com\/ca\/cataleg\/historia-ilustrada-de-los-ovnis\/#primaryimage"},"thumbnailUrl":"https:\/\/librosdelzorrorojo.com\/wp-content\/uploads\/2021\/09\/COVER_OVNIS_WEB.jpg","datePublished":"2021-09-13T15:40:39+00:00","dateModified":"2026-04-21T15:22:39+00:00","breadcrumb":{"@id":"https:\/\/librosdelzorrorojo.com\/ca\/cataleg\/historia-ilustrada-de-los-ovnis\/#breadcrumb"},"inLanguage":"ca","potentialAction":[{"@type":"ReadAction","target":["https:\/\/librosdelzorrorojo.com\/ca\/cataleg\/historia-ilustrada-de-los-ovnis\/"]}]},{"@type":"ImageObject","inLanguage":"ca","@id":"https:\/\/librosdelzorrorojo.com\/ca\/cataleg\/historia-ilustrada-de-los-ovnis\/#primaryimage","url":"https:\/\/librosdelzorrorojo.com\/wp-content\/uploads\/2021\/09\/COVER_OVNIS_WEB.jpg","contentUrl":"https:\/\/librosdelzorrorojo.com\/wp-content\/uploads\/2021\/09\/COVER_OVNIS_WEB.jpg","width":850,"height":1114,"caption":"COVER OVNIS WEB"},{"@type":"BreadcrumbList","@id":"https:\/\/librosdelzorrorojo.com\/ca\/cataleg\/historia-ilustrada-de-los-ovnis\/#breadcrumb","itemListElement":[{"@type":"ListItem","position":1,"name":"Portada","item":"https:\/\/librosdelzorrorojo.com\/ca\/"},{"@type":"ListItem","position":2,"name":"Cat\u00e0leg","item":"https:\/\/librosdelzorrorojo.com\/ca\/cataleg\/"},{"@type":"ListItem","position":3,"name":"Historia ilustrada de los ovnis"}]},{"@type":"WebSite","@id":"https:\/\/librosdelzorrorojo.com\/#website","url":"https:\/\/librosdelzorrorojo.com\/","name":"Libros del Zorro Rojo","description":"Libros ilustrados","potentialAction":[{"@type":"SearchAction","target":{"@type":"EntryPoint","urlTemplate":"https:\/\/librosdelzorrorojo.com\/?s={search_term_string}"},"query-input":{"@type":"PropertyValueSpecification","valueRequired":true,"valueName":"search_term_string"}}],"inLanguage":"ca"}]}},"_links":{"self":[{"href":"https:\/\/librosdelzorrorojo.com\/ca\/wp-json\/wp\/v2\/product\/21091","targetHints":{"allow":["GET"]}}],"collection":[{"href":"https:\/\/librosdelzorrorojo.com\/ca\/wp-json\/wp\/v2\/product"}],"about":[{"href":"https:\/\/librosdelzorrorojo.com\/ca\/wp-json\/wp\/v2\/types\/product"}],"wp:featuredmedia":[{"embeddable":true,"href":"https:\/\/librosdelzorrorojo.com\/ca\/wp-json\/wp\/v2\/media\/21077"}],"wp:attachment":[{"href":"https:\/\/librosdelzorrorojo.com\/ca\/wp-json\/wp\/v2\/media?parent=21091"}],"wp:term":[{"taxonomy":"product_brand","embeddable":true,"href":"https:\/\/librosdelzorrorojo.com\/ca\/wp-json\/wp\/v2\/product_brand?post=21091"},{"taxonomy":"product_cat","embeddable":true,"href":"https:\/\/librosdelzorrorojo.com\/ca\/wp-json\/wp\/v2\/product_cat?post=21091"},{"taxonomy":"product_tag","embeddable":true,"href":"https:\/\/librosdelzorrorojo.com\/ca\/wp-json\/wp\/v2\/product_tag?post=21091"}],"curies":[{"name":"wp","href":"https:\/\/api.w.org\/{rel}","templated":true}]}}