{"id":21025,"date":"2021-09-13T13:40:52","date_gmt":"2021-09-13T11:40:52","guid":{"rendered":"https:\/\/librosdelzorrorojo.com\/?post_type=product&#038;p=21025"},"modified":"2025-07-16T09:12:40","modified_gmt":"2025-07-16T07:12:40","slug":"al-cel","status":"publish","type":"product","link":"https:\/\/librosdelzorrorojo.com\/ca\/cataleg\/al-cel\/","title":{"rendered":"Al cel"},"content":{"rendered":"<p class=\"p1\"><span class=\"s1\">Al cel, el m\u00f3n es transforma: surt el sol, brunzeix la vespa, brilla l\u2019arc de Sant Mart\u00ed, ca\u00e7a el ratpenat&#8230; I al mar? Esdevenen altres fen\u00f2mens meravellosos: flota una medusa, es desperta un volc\u00e0, brilla un corall, juga una balena\u2026<\/span><\/p>\n<p class=\"p1\"><span class=\"s1\">Despr\u00e9s de <i>Quan desperta el sol<\/i> i <i>Al prat<\/i>, arriba un tercer llibre de la mateixa col\u00b7lecci\u00f3 per a prelectors. Un conte senzill, un reguitzell de descobriments, personatges i accions que els nens i nenes podran recitar en veu alta, i fins i tot ampliar amb altres troballes properes a la seva realitat.<\/span><\/p>\n<p class=\"p1\"><span class=\"s1\">En aquest \u00e0lbum sobre la germanor que uneix les criatures del mar i de l\u2019aire, Giovanna Zoboli crea una correspond\u00e8ncia po\u00e8tica entre els dos mons i ens descobreix les lleis que regeixen la natura. Les frases sint\u00e8tiques, per\u00f2 evocadores, dialoguen amb les il\u00b7lustracions belles i subtils del premiat artista itali\u00e0 Philip Giordano, que, a trav\u00e9s de geometries, textures i una paleta de colors terrosos res com\u00fa, ens presenta una proposta gr\u00e0fica que es desenvolupa entre el que \u00e9s concret i el que \u00e9s abstracte.<\/span><\/p>\n<p class=\"p2\"><span class=\"s1\">Amb un vocabulari senzill, que estimula la improvisaci\u00f3 de m\u00faltiples respostes, aquest \u00e0lbum de cartr\u00f3 t\u00e9 un format ideal per interactuar amb els m\u00e9s petits, que assimilaran contingut interdisciplinari sobre el\u00a0<\/span><span class=\"s1\">temps, els animals i els verbs de moviment, a la vegada que es familiaritzaran amb el llibre com a objecte f\u00edsic.<\/span><\/p>\n","protected":false},"excerpt":{"rendered":"Al cel, el m\u00f3n es transforma: surt el sol, brunzeix la vespa, brilla l\u2019arc de Sant Mart\u00ed, ca\u00e7a el ratpenat&#8230; I al mar? Esdevenen altres fen\u00f2mens meravellosos: flota una medusa, es desperta un volc\u00e0, brilla un corall, juga una balena\u2026 Despr\u00e9s de Quan desperta el sol i Al prat, arriba un tercer llibre de la [&hellip;]","protected":false},"featured_media":21026,"template":"","meta":{"_acf_changed":false},"product_brand":[],"product_cat":[840,843,839],"product_tag":[],"class_list":{"0":"post-21025","1":"product","2":"type-product","3":"status-publish","4":"has-post-thumbnail","6":"product_cat-catala","7":"product_cat-infantiles-ca","8":"product_cat-zona-kids-ca","9":"vinculo-en-el-cielo","11":"first","12":"instock","13":"taxable","14":"shipping-taxable","15":"purchasable","16":"product-type-simple"},"acf":[],"yoast_head":"<!-- This site is optimized with the Yoast SEO plugin v25.1 - https:\/\/yoast.com\/wordpress\/plugins\/seo\/ -->\n<title>Al cel - Libros del Zorro Rojo<\/title>\n<meta name=\"description\" content=\"Al cel, el m\u00f3n es transforma: surt el sol, brunzeix la vespa, brilla l\u2019arc de Sant Mart\u00ed, ca\u00e7a el ratpenat... I al mar? Esdevenen altres fen\u00f2mens meravellosos: flota una medusa, es desperta un volc\u00e0, brilla un corall, juga una balena\u2026Despr\u00e9s de &quot;Quan desperta el sol&quot; i &quot;Al prat&quot;, arriba un tercer llibre de la mateixa col\u00b7lecci\u00f3 per a prelectors.\" \/>\n<meta name=\"robots\" content=\"index, follow, max-snippet:-1, max-image-preview:large, max-video-preview:-1\" \/>\n<link rel=\"canonical\" href=\"https:\/\/librosdelzorrorojo.com\/ca\/cataleg\/al-cel\/\" \/>\n<meta property=\"og:locale\" content=\"ca_ES\" \/>\n<meta property=\"og:type\" content=\"article\" \/>\n<meta property=\"og:title\" content=\"Al cel - Libros del Zorro Rojo\" \/>\n<meta property=\"og:description\" content=\"Al cel, el m\u00f3n es transforma: surt el sol, brunzeix la vespa, brilla l\u2019arc de Sant Mart\u00ed, ca\u00e7a el ratpenat... I al mar? Esdevenen altres fen\u00f2mens meravellosos: flota una medusa, es desperta un volc\u00e0, brilla un corall, juga una balena\u2026Despr\u00e9s de &quot;Quan desperta el sol&quot; i &quot;Al prat&quot;, arriba un tercer llibre de la mateixa col\u00b7lecci\u00f3 per a prelectors.\" \/>\n<meta property=\"og:url\" content=\"https:\/\/librosdelzorrorojo.com\/ca\/cataleg\/al-cel\/\" \/>\n<meta property=\"og:site_name\" content=\"Libros del Zorro Rojo\" \/>\n<meta property=\"article:modified_time\" content=\"2025-07-16T07:12:40+00:00\" \/>\n<meta property=\"og:image\" content=\"https:\/\/librosdelzorrorojo.com\/wp-content\/uploads\/2021\/09\/COVER_Al-cel_WEB.jpg\" \/>\n\t<meta property=\"og:image:width\" content=\"850\" \/>\n\t<meta property=\"og:image:height\" content=\"676\" \/>\n\t<meta property=\"og:image:type\" content=\"image\/jpeg\" \/>\n<meta name=\"twitter:card\" content=\"summary_large_image\" \/>\n<meta name=\"twitter:label1\" content=\"Temps estimat de lectura\" \/>\n\t<meta name=\"twitter:data1\" content=\"1 minut\" \/>\n<script type=\"application\/ld+json\" class=\"yoast-schema-graph\">{\"@context\":\"https:\/\/schema.org\",\"@graph\":[{\"@type\":\"WebPage\",\"@id\":\"https:\/\/librosdelzorrorojo.com\/ca\/cataleg\/al-cel\/\",\"url\":\"https:\/\/librosdelzorrorojo.com\/ca\/cataleg\/al-cel\/\",\"name\":\"Al cel - Libros del Zorro Rojo\",\"isPartOf\":{\"@id\":\"https:\/\/librosdelzorrorojo.com\/#website\"},\"primaryImageOfPage\":{\"@id\":\"https:\/\/librosdelzorrorojo.com\/ca\/cataleg\/al-cel\/#primaryimage\"},\"image\":{\"@id\":\"https:\/\/librosdelzorrorojo.com\/ca\/cataleg\/al-cel\/#primaryimage\"},\"thumbnailUrl\":\"https:\/\/librosdelzorrorojo.com\/wp-content\/uploads\/2021\/09\/COVER_Al-cel_WEB.jpg\",\"datePublished\":\"2021-09-13T11:40:52+00:00\",\"dateModified\":\"2025-07-16T07:12:40+00:00\",\"description\":\"Al cel, el m\u00f3n es transforma: surt el sol, brunzeix la vespa, brilla l\u2019arc de Sant Mart\u00ed, ca\u00e7a el ratpenat... I al mar? Esdevenen altres fen\u00f2mens meravellosos: flota una medusa, es desperta un volc\u00e0, brilla un corall, juga una balena\u2026Despr\u00e9s de \\\"Quan desperta el sol\\\" i \\\"Al prat\\\", arriba un tercer llibre de la mateixa col\u00b7lecci\u00f3 per a prelectors.\",\"breadcrumb\":{\"@id\":\"https:\/\/librosdelzorrorojo.com\/ca\/cataleg\/al-cel\/#breadcrumb\"},\"inLanguage\":\"ca\",\"potentialAction\":[{\"@type\":\"ReadAction\",\"target\":[\"https:\/\/librosdelzorrorojo.com\/ca\/cataleg\/al-cel\/\"]}]},{\"@type\":\"ImageObject\",\"inLanguage\":\"ca\",\"@id\":\"https:\/\/librosdelzorrorojo.com\/ca\/cataleg\/al-cel\/#primaryimage\",\"url\":\"https:\/\/librosdelzorrorojo.com\/wp-content\/uploads\/2021\/09\/COVER_Al-cel_WEB.jpg\",\"contentUrl\":\"https:\/\/librosdelzorrorojo.com\/wp-content\/uploads\/2021\/09\/COVER_Al-cel_WEB.jpg\",\"width\":850,\"height\":676,\"caption\":\"COVER Al cel WEB\"},{\"@type\":\"BreadcrumbList\",\"@id\":\"https:\/\/librosdelzorrorojo.com\/ca\/cataleg\/al-cel\/#breadcrumb\",\"itemListElement\":[{\"@type\":\"ListItem\",\"position\":1,\"name\":\"Portada\",\"item\":\"https:\/\/librosdelzorrorojo.com\/ca\/\"},{\"@type\":\"ListItem\",\"position\":2,\"name\":\"Cat\u00e0leg\",\"item\":\"https:\/\/librosdelzorrorojo.com\/ca\/cataleg\/\"},{\"@type\":\"ListItem\",\"position\":3,\"name\":\"Al cel\"}]},{\"@type\":\"WebSite\",\"@id\":\"https:\/\/librosdelzorrorojo.com\/#website\",\"url\":\"https:\/\/librosdelzorrorojo.com\/\",\"name\":\"Libros del Zorro Rojo\",\"description\":\"Libros ilustrados\",\"potentialAction\":[{\"@type\":\"SearchAction\",\"target\":{\"@type\":\"EntryPoint\",\"urlTemplate\":\"https:\/\/librosdelzorrorojo.com\/?s={search_term_string}\"},\"query-input\":{\"@type\":\"PropertyValueSpecification\",\"valueRequired\":true,\"valueName\":\"search_term_string\"}}],\"inLanguage\":\"ca\"}]}<\/script>\n<!-- \/ Yoast SEO plugin. -->","yoast_head_json":{"title":"Al cel - Libros del Zorro Rojo","description":"Al cel, el m\u00f3n es transforma: surt el sol, brunzeix la vespa, brilla l\u2019arc de Sant Mart\u00ed, ca\u00e7a el ratpenat... I al mar? Esdevenen altres fen\u00f2mens meravellosos: flota una medusa, es desperta un volc\u00e0, brilla un corall, juga una balena\u2026Despr\u00e9s de \"Quan desperta el sol\" i \"Al prat\", arriba un tercer llibre de la mateixa col\u00b7lecci\u00f3 per a prelectors.","robots":{"index":"index","follow":"follow","max-snippet":"max-snippet:-1","max-image-preview":"max-image-preview:large","max-video-preview":"max-video-preview:-1"},"canonical":"https:\/\/librosdelzorrorojo.com\/ca\/cataleg\/al-cel\/","og_locale":"ca_ES","og_type":"article","og_title":"Al cel - Libros del Zorro Rojo","og_description":"Al cel, el m\u00f3n es transforma: surt el sol, brunzeix la vespa, brilla l\u2019arc de Sant Mart\u00ed, ca\u00e7a el ratpenat... I al mar? Esdevenen altres fen\u00f2mens meravellosos: flota una medusa, es desperta un volc\u00e0, brilla un corall, juga una balena\u2026Despr\u00e9s de \"Quan desperta el sol\" i \"Al prat\", arriba un tercer llibre de la mateixa col\u00b7lecci\u00f3 per a prelectors.","og_url":"https:\/\/librosdelzorrorojo.com\/ca\/cataleg\/al-cel\/","og_site_name":"Libros del Zorro Rojo","article_modified_time":"2025-07-16T07:12:40+00:00","og_image":[{"width":850,"height":676,"url":"https:\/\/librosdelzorrorojo.com\/wp-content\/uploads\/2021\/09\/COVER_Al-cel_WEB.jpg","type":"image\/jpeg"}],"twitter_card":"summary_large_image","twitter_misc":{"Temps estimat de lectura":"1 minut"},"schema":{"@context":"https:\/\/schema.org","@graph":[{"@type":"WebPage","@id":"https:\/\/librosdelzorrorojo.com\/ca\/cataleg\/al-cel\/","url":"https:\/\/librosdelzorrorojo.com\/ca\/cataleg\/al-cel\/","name":"Al cel - Libros del Zorro Rojo","isPartOf":{"@id":"https:\/\/librosdelzorrorojo.com\/#website"},"primaryImageOfPage":{"@id":"https:\/\/librosdelzorrorojo.com\/ca\/cataleg\/al-cel\/#primaryimage"},"image":{"@id":"https:\/\/librosdelzorrorojo.com\/ca\/cataleg\/al-cel\/#primaryimage"},"thumbnailUrl":"https:\/\/librosdelzorrorojo.com\/wp-content\/uploads\/2021\/09\/COVER_Al-cel_WEB.jpg","datePublished":"2021-09-13T11:40:52+00:00","dateModified":"2025-07-16T07:12:40+00:00","description":"Al cel, el m\u00f3n es transforma: surt el sol, brunzeix la vespa, brilla l\u2019arc de Sant Mart\u00ed, ca\u00e7a el ratpenat... I al mar? Esdevenen altres fen\u00f2mens meravellosos: flota una medusa, es desperta un volc\u00e0, brilla un corall, juga una balena\u2026Despr\u00e9s de \"Quan desperta el sol\" i \"Al prat\", arriba un tercer llibre de la mateixa col\u00b7lecci\u00f3 per a prelectors.","breadcrumb":{"@id":"https:\/\/librosdelzorrorojo.com\/ca\/cataleg\/al-cel\/#breadcrumb"},"inLanguage":"ca","potentialAction":[{"@type":"ReadAction","target":["https:\/\/librosdelzorrorojo.com\/ca\/cataleg\/al-cel\/"]}]},{"@type":"ImageObject","inLanguage":"ca","@id":"https:\/\/librosdelzorrorojo.com\/ca\/cataleg\/al-cel\/#primaryimage","url":"https:\/\/librosdelzorrorojo.com\/wp-content\/uploads\/2021\/09\/COVER_Al-cel_WEB.jpg","contentUrl":"https:\/\/librosdelzorrorojo.com\/wp-content\/uploads\/2021\/09\/COVER_Al-cel_WEB.jpg","width":850,"height":676,"caption":"COVER Al cel WEB"},{"@type":"BreadcrumbList","@id":"https:\/\/librosdelzorrorojo.com\/ca\/cataleg\/al-cel\/#breadcrumb","itemListElement":[{"@type":"ListItem","position":1,"name":"Portada","item":"https:\/\/librosdelzorrorojo.com\/ca\/"},{"@type":"ListItem","position":2,"name":"Cat\u00e0leg","item":"https:\/\/librosdelzorrorojo.com\/ca\/cataleg\/"},{"@type":"ListItem","position":3,"name":"Al cel"}]},{"@type":"WebSite","@id":"https:\/\/librosdelzorrorojo.com\/#website","url":"https:\/\/librosdelzorrorojo.com\/","name":"Libros del Zorro Rojo","description":"Libros ilustrados","potentialAction":[{"@type":"SearchAction","target":{"@type":"EntryPoint","urlTemplate":"https:\/\/librosdelzorrorojo.com\/?s={search_term_string}"},"query-input":{"@type":"PropertyValueSpecification","valueRequired":true,"valueName":"search_term_string"}}],"inLanguage":"ca"}]}},"_links":{"self":[{"href":"https:\/\/librosdelzorrorojo.com\/ca\/wp-json\/wp\/v2\/product\/21025","targetHints":{"allow":["GET"]}}],"collection":[{"href":"https:\/\/librosdelzorrorojo.com\/ca\/wp-json\/wp\/v2\/product"}],"about":[{"href":"https:\/\/librosdelzorrorojo.com\/ca\/wp-json\/wp\/v2\/types\/product"}],"wp:featuredmedia":[{"embeddable":true,"href":"https:\/\/librosdelzorrorojo.com\/ca\/wp-json\/wp\/v2\/media\/21026"}],"wp:attachment":[{"href":"https:\/\/librosdelzorrorojo.com\/ca\/wp-json\/wp\/v2\/media?parent=21025"}],"wp:term":[{"taxonomy":"product_brand","embeddable":true,"href":"https:\/\/librosdelzorrorojo.com\/ca\/wp-json\/wp\/v2\/product_brand?post=21025"},{"taxonomy":"product_cat","embeddable":true,"href":"https:\/\/librosdelzorrorojo.com\/ca\/wp-json\/wp\/v2\/product_cat?post=21025"},{"taxonomy":"product_tag","embeddable":true,"href":"https:\/\/librosdelzorrorojo.com\/ca\/wp-json\/wp\/v2\/product_tag?post=21025"}],"curies":[{"name":"wp","href":"https:\/\/api.w.org\/{rel}","templated":true}]}}