{"id":20984,"date":"2021-09-08T11:35:06","date_gmt":"2021-09-08T09:35:06","guid":{"rendered":"https:\/\/librosdelzorrorojo.com\/?post_type=product&#038;p=20984"},"modified":"2024-03-01T09:19:48","modified_gmt":"2024-03-01T08:19:48","slug":"en-milo-imagina-el-mon","status":"publish","type":"product","link":"https:\/\/librosdelzorrorojo.com\/ca\/cataleg\/en-milo-imagina-el-mon\/","title":{"rendered":"En Milo imagina el m\u00f3n"},"content":{"rendered":"<p class=\"p1\"><span class=\"s1\">Un cop al mes, en Milo ha de fer un llarg trajecte en metro amb la seva germana per veure la seva mare. Per no pensar en aquelles papallones que sent a la panxa, barreja d\u2019emoci\u00f3 i de nervis, observa les cares de la gent i dibuixa les seves vides a un quadern.<\/span><\/p>\n<p class=\"p1\"><span class=\"s1\">Al vag\u00f3 hi viatja un home sense afaitar, un altre que sembla absent i solitari, i una dona que vesteix un vestit de n\u00favia. Potser ella i el seu marit viatjaran en globus despr\u00e9s de les noces, pensa en Milo. Potser el nen que acaba d\u2019entrar, el de corbata i sabatilles lluents, viu a un castell\u2026 <\/span><\/p>\n<p class=\"p1\"><span class=\"s1\">En Milo tamb\u00e9 es pregunta com el veuen els altres. Per\u00f2 quan descobreix que el nen de la corbata va al mateix lloc que ell, replanteja totes les hist\u00f2ries que ha inventat. \u00abPotser no n\u2019hi ha prou amb estudiar les cares per con\u00e8ixer realment la gent\u00bb, apunta el petit Milo.<\/span><\/p>\n<p class=\"p1\"><span class=\"s1\">La dualitat entre el m\u00f3n f\u00edsic \u2014en el qual existeix en Milo\u2014 i el m\u00f3n dins del seu cap \u2014on deixa anar la imaginaci\u00f3 i troba la inspiraci\u00f3 i la bellesa\u2014<span class=\"Apple-converted-space\">\u00a0 <\/span>pren vida en aquest \u00e0lbum colpidor que convida a la reflexi\u00f3 i ens mostra com la creativitat pot ser una via per descobrir el m\u00f3n que ens envolta i superar situacions d\u2019angoixa.<\/span><\/p>\n<p class=\"p1\"><span class=\"s1\">Amb un text senzill i estimulant, Matt de la Penya aconsegueix parlar dels convencionalismes sense caure en ells. Les il\u00b7lustracions de Christian Robinson \u2014d\u2019estil ingenu, barreja de pintura acr\u00edlica i <i>collage<\/i>\u2014 irradien l\u2019alegria de la inf\u00e0ncia i capturen, a trav\u00e9s de colors intensos, tant la vivacitat de metro de Nova York com els esbossos a llapis del nostre protagonista.<\/span><\/p>\n<p class=\"p1\"><span class=\"s1\"><i>Milo imagina el m\u00f3n<\/i> ens convida a desconfiar dels judicis superficials i de les primeres impressions. \u00abCrec que el llibre t\u00e9 el potencial de ser sanador, de crear converses, de generar empatia i compassi\u00f3\u00bb, opina de la Penya. \u00abAquest \u00e9s un llibre sobre un nen petit, sobre qui \u00e9s aquest nen i com est\u00e0 tractant de processar el m\u00f3n. Que la seva mare sigui a la pres\u00f3 \u00e9s una petita part de la trama, per\u00f2 es converteix en el paraigua de tota la hist\u00f2ria\u00bb.<\/span><\/p>\n","protected":false},"excerpt":{"rendered":"Un cop al mes, en Milo ha de fer un llarg trajecte en metro amb la seva germana per veure la seva mare. Per no pensar en aquelles papallones que sent a la panxa, barreja d\u2019emoci\u00f3 i de nervis, observa les cares de la gent i dibuixa les seves vides a un quadern. Al vag\u00f3 [&hellip;]","protected":false},"featured_media":23674,"template":"","meta":{"_acf_changed":false},"product_brand":[],"product_cat":[840,843,839,845],"product_tag":[],"class_list":{"0":"post-20984","1":"product","2":"type-product","3":"status-publish","4":"has-post-thumbnail","6":"product_cat-catala","7":"product_cat-infantiles-ca","8":"product_cat-zona-kids-ca","9":"product_cat-imperdible-ca","10":"vinculo-milo","12":"first","13":"instock","14":"taxable","15":"shipping-taxable","16":"purchasable","17":"product-type-simple"},"acf":[],"yoast_head":"<!-- This site is optimized with the Yoast SEO plugin v25.1 - https:\/\/yoast.com\/wordpress\/plugins\/seo\/ -->\n<title>En Milo imagina el m\u00f3n - Libros del Zorro Rojo<\/title>\n<meta name=\"description\" content=\"Un cop al mes, en Milo ha de fer un llarg trajecte en metro amb la seva germana per veure la seva mare. Per no pensar en aquelles papallones que sent a la panxa, barreja d\u2019emoci\u00f3 i de nervis, observa les cares de la gent i dibuixa les seves vides a un quadern. Amb un text senzill i estimulant, Matt de la Penya aconsegueix parlar dels convencionalismes sense caure en ells. Les il\u00b7lustracions de Christian Robinson irradien l\u2019alegria de la inf\u00e0ncia i capturen tant la vivacitat de metro de Nova York com els esbossos a llapis del nostre protagonista. &quot;Milo imagina el m\u00f3n&quot; ens convida a desconfiar dels judicis superficials i de les primeres impressions.\" \/>\n<meta name=\"robots\" content=\"index, follow, max-snippet:-1, max-image-preview:large, max-video-preview:-1\" \/>\n<link rel=\"canonical\" href=\"https:\/\/librosdelzorrorojo.com\/ca\/cataleg\/en-milo-imagina-el-mon\/\" \/>\n<meta property=\"og:locale\" content=\"ca_ES\" \/>\n<meta property=\"og:type\" content=\"article\" \/>\n<meta property=\"og:title\" content=\"En Milo imagina el m\u00f3n - Libros del Zorro Rojo\" \/>\n<meta property=\"og:description\" content=\"Un cop al mes, en Milo ha de fer un llarg trajecte en metro amb la seva germana per veure la seva mare. Per no pensar en aquelles papallones que sent a la panxa, barreja d\u2019emoci\u00f3 i de nervis, observa les cares de la gent i dibuixa les seves vides a un quadern. Amb un text senzill i estimulant, Matt de la Penya aconsegueix parlar dels convencionalismes sense caure en ells. Les il\u00b7lustracions de Christian Robinson irradien l\u2019alegria de la inf\u00e0ncia i capturen tant la vivacitat de metro de Nova York com els esbossos a llapis del nostre protagonista. &quot;Milo imagina el m\u00f3n&quot; ens convida a desconfiar dels judicis superficials i de les primeres impressions.\" \/>\n<meta property=\"og:url\" content=\"https:\/\/librosdelzorrorojo.com\/ca\/cataleg\/en-milo-imagina-el-mon\/\" \/>\n<meta property=\"og:site_name\" content=\"Libros del Zorro Rojo\" \/>\n<meta property=\"article:modified_time\" content=\"2024-03-01T08:19:48+00:00\" \/>\n<meta property=\"og:image\" content=\"https:\/\/librosdelzorrorojo.com\/wp-content\/uploads\/2021\/09\/COVER_Milo-CAT_WEB.jpg\" \/>\n\t<meta property=\"og:image:width\" content=\"850\" \/>\n\t<meta property=\"og:image:height\" content=\"649\" \/>\n\t<meta property=\"og:image:type\" content=\"image\/jpeg\" \/>\n<meta name=\"twitter:card\" content=\"summary_large_image\" \/>\n<meta name=\"twitter:label1\" content=\"Temps estimat de lectura\" \/>\n\t<meta name=\"twitter:data1\" content=\"2 minuts\" \/>\n<script type=\"application\/ld+json\" class=\"yoast-schema-graph\">{\"@context\":\"https:\/\/schema.org\",\"@graph\":[{\"@type\":\"WebPage\",\"@id\":\"https:\/\/librosdelzorrorojo.com\/ca\/cataleg\/en-milo-imagina-el-mon\/\",\"url\":\"https:\/\/librosdelzorrorojo.com\/ca\/cataleg\/en-milo-imagina-el-mon\/\",\"name\":\"En Milo imagina el m\u00f3n - Libros del Zorro Rojo\",\"isPartOf\":{\"@id\":\"https:\/\/librosdelzorrorojo.com\/#website\"},\"primaryImageOfPage\":{\"@id\":\"https:\/\/librosdelzorrorojo.com\/ca\/cataleg\/en-milo-imagina-el-mon\/#primaryimage\"},\"image\":{\"@id\":\"https:\/\/librosdelzorrorojo.com\/ca\/cataleg\/en-milo-imagina-el-mon\/#primaryimage\"},\"thumbnailUrl\":\"https:\/\/librosdelzorrorojo.com\/wp-content\/uploads\/2021\/09\/COVER_Milo-CAT_WEB.jpg\",\"datePublished\":\"2021-09-08T09:35:06+00:00\",\"dateModified\":\"2024-03-01T08:19:48+00:00\",\"description\":\"Un cop al mes, en Milo ha de fer un llarg trajecte en metro amb la seva germana per veure la seva mare. Per no pensar en aquelles papallones que sent a la panxa, barreja d\u2019emoci\u00f3 i de nervis, observa les cares de la gent i dibuixa les seves vides a un quadern. Amb un text senzill i estimulant, Matt de la Penya aconsegueix parlar dels convencionalismes sense caure en ells. Les il\u00b7lustracions de Christian Robinson irradien l\u2019alegria de la inf\u00e0ncia i capturen tant la vivacitat de metro de Nova York com els esbossos a llapis del nostre protagonista. \\\"Milo imagina el m\u00f3n\\\" ens convida a desconfiar dels judicis superficials i de les primeres impressions.\",\"breadcrumb\":{\"@id\":\"https:\/\/librosdelzorrorojo.com\/ca\/cataleg\/en-milo-imagina-el-mon\/#breadcrumb\"},\"inLanguage\":\"ca\",\"potentialAction\":[{\"@type\":\"ReadAction\",\"target\":[\"https:\/\/librosdelzorrorojo.com\/ca\/cataleg\/en-milo-imagina-el-mon\/\"]}]},{\"@type\":\"ImageObject\",\"inLanguage\":\"ca\",\"@id\":\"https:\/\/librosdelzorrorojo.com\/ca\/cataleg\/en-milo-imagina-el-mon\/#primaryimage\",\"url\":\"https:\/\/librosdelzorrorojo.com\/wp-content\/uploads\/2021\/09\/COVER_Milo-CAT_WEB.jpg\",\"contentUrl\":\"https:\/\/librosdelzorrorojo.com\/wp-content\/uploads\/2021\/09\/COVER_Milo-CAT_WEB.jpg\",\"width\":850,\"height\":649,\"caption\":\"COVER Milo CAT WEB\"},{\"@type\":\"BreadcrumbList\",\"@id\":\"https:\/\/librosdelzorrorojo.com\/ca\/cataleg\/en-milo-imagina-el-mon\/#breadcrumb\",\"itemListElement\":[{\"@type\":\"ListItem\",\"position\":1,\"name\":\"Portada\",\"item\":\"https:\/\/librosdelzorrorojo.com\/ca\/\"},{\"@type\":\"ListItem\",\"position\":2,\"name\":\"Cat\u00e0leg\",\"item\":\"https:\/\/librosdelzorrorojo.com\/ca\/cataleg\/\"},{\"@type\":\"ListItem\",\"position\":3,\"name\":\"En Milo imagina el m\u00f3n\"}]},{\"@type\":\"WebSite\",\"@id\":\"https:\/\/librosdelzorrorojo.com\/#website\",\"url\":\"https:\/\/librosdelzorrorojo.com\/\",\"name\":\"Libros del Zorro Rojo\",\"description\":\"Libros ilustrados\",\"potentialAction\":[{\"@type\":\"SearchAction\",\"target\":{\"@type\":\"EntryPoint\",\"urlTemplate\":\"https:\/\/librosdelzorrorojo.com\/?s={search_term_string}\"},\"query-input\":{\"@type\":\"PropertyValueSpecification\",\"valueRequired\":true,\"valueName\":\"search_term_string\"}}],\"inLanguage\":\"ca\"}]}<\/script>\n<!-- \/ Yoast SEO plugin. -->","yoast_head_json":{"title":"En Milo imagina el m\u00f3n - Libros del Zorro Rojo","description":"Un cop al mes, en Milo ha de fer un llarg trajecte en metro amb la seva germana per veure la seva mare. Per no pensar en aquelles papallones que sent a la panxa, barreja d\u2019emoci\u00f3 i de nervis, observa les cares de la gent i dibuixa les seves vides a un quadern. Amb un text senzill i estimulant, Matt de la Penya aconsegueix parlar dels convencionalismes sense caure en ells. Les il\u00b7lustracions de Christian Robinson irradien l\u2019alegria de la inf\u00e0ncia i capturen tant la vivacitat de metro de Nova York com els esbossos a llapis del nostre protagonista. \"Milo imagina el m\u00f3n\" ens convida a desconfiar dels judicis superficials i de les primeres impressions.","robots":{"index":"index","follow":"follow","max-snippet":"max-snippet:-1","max-image-preview":"max-image-preview:large","max-video-preview":"max-video-preview:-1"},"canonical":"https:\/\/librosdelzorrorojo.com\/ca\/cataleg\/en-milo-imagina-el-mon\/","og_locale":"ca_ES","og_type":"article","og_title":"En Milo imagina el m\u00f3n - Libros del Zorro Rojo","og_description":"Un cop al mes, en Milo ha de fer un llarg trajecte en metro amb la seva germana per veure la seva mare. Per no pensar en aquelles papallones que sent a la panxa, barreja d\u2019emoci\u00f3 i de nervis, observa les cares de la gent i dibuixa les seves vides a un quadern. Amb un text senzill i estimulant, Matt de la Penya aconsegueix parlar dels convencionalismes sense caure en ells. Les il\u00b7lustracions de Christian Robinson irradien l\u2019alegria de la inf\u00e0ncia i capturen tant la vivacitat de metro de Nova York com els esbossos a llapis del nostre protagonista. \"Milo imagina el m\u00f3n\" ens convida a desconfiar dels judicis superficials i de les primeres impressions.","og_url":"https:\/\/librosdelzorrorojo.com\/ca\/cataleg\/en-milo-imagina-el-mon\/","og_site_name":"Libros del Zorro Rojo","article_modified_time":"2024-03-01T08:19:48+00:00","og_image":[{"width":850,"height":649,"url":"https:\/\/librosdelzorrorojo.com\/wp-content\/uploads\/2021\/09\/COVER_Milo-CAT_WEB.jpg","type":"image\/jpeg"}],"twitter_card":"summary_large_image","twitter_misc":{"Temps estimat de lectura":"2 minuts"},"schema":{"@context":"https:\/\/schema.org","@graph":[{"@type":"WebPage","@id":"https:\/\/librosdelzorrorojo.com\/ca\/cataleg\/en-milo-imagina-el-mon\/","url":"https:\/\/librosdelzorrorojo.com\/ca\/cataleg\/en-milo-imagina-el-mon\/","name":"En Milo imagina el m\u00f3n - Libros del Zorro Rojo","isPartOf":{"@id":"https:\/\/librosdelzorrorojo.com\/#website"},"primaryImageOfPage":{"@id":"https:\/\/librosdelzorrorojo.com\/ca\/cataleg\/en-milo-imagina-el-mon\/#primaryimage"},"image":{"@id":"https:\/\/librosdelzorrorojo.com\/ca\/cataleg\/en-milo-imagina-el-mon\/#primaryimage"},"thumbnailUrl":"https:\/\/librosdelzorrorojo.com\/wp-content\/uploads\/2021\/09\/COVER_Milo-CAT_WEB.jpg","datePublished":"2021-09-08T09:35:06+00:00","dateModified":"2024-03-01T08:19:48+00:00","description":"Un cop al mes, en Milo ha de fer un llarg trajecte en metro amb la seva germana per veure la seva mare. Per no pensar en aquelles papallones que sent a la panxa, barreja d\u2019emoci\u00f3 i de nervis, observa les cares de la gent i dibuixa les seves vides a un quadern. Amb un text senzill i estimulant, Matt de la Penya aconsegueix parlar dels convencionalismes sense caure en ells. Les il\u00b7lustracions de Christian Robinson irradien l\u2019alegria de la inf\u00e0ncia i capturen tant la vivacitat de metro de Nova York com els esbossos a llapis del nostre protagonista. \"Milo imagina el m\u00f3n\" ens convida a desconfiar dels judicis superficials i de les primeres impressions.","breadcrumb":{"@id":"https:\/\/librosdelzorrorojo.com\/ca\/cataleg\/en-milo-imagina-el-mon\/#breadcrumb"},"inLanguage":"ca","potentialAction":[{"@type":"ReadAction","target":["https:\/\/librosdelzorrorojo.com\/ca\/cataleg\/en-milo-imagina-el-mon\/"]}]},{"@type":"ImageObject","inLanguage":"ca","@id":"https:\/\/librosdelzorrorojo.com\/ca\/cataleg\/en-milo-imagina-el-mon\/#primaryimage","url":"https:\/\/librosdelzorrorojo.com\/wp-content\/uploads\/2021\/09\/COVER_Milo-CAT_WEB.jpg","contentUrl":"https:\/\/librosdelzorrorojo.com\/wp-content\/uploads\/2021\/09\/COVER_Milo-CAT_WEB.jpg","width":850,"height":649,"caption":"COVER Milo CAT WEB"},{"@type":"BreadcrumbList","@id":"https:\/\/librosdelzorrorojo.com\/ca\/cataleg\/en-milo-imagina-el-mon\/#breadcrumb","itemListElement":[{"@type":"ListItem","position":1,"name":"Portada","item":"https:\/\/librosdelzorrorojo.com\/ca\/"},{"@type":"ListItem","position":2,"name":"Cat\u00e0leg","item":"https:\/\/librosdelzorrorojo.com\/ca\/cataleg\/"},{"@type":"ListItem","position":3,"name":"En Milo imagina el m\u00f3n"}]},{"@type":"WebSite","@id":"https:\/\/librosdelzorrorojo.com\/#website","url":"https:\/\/librosdelzorrorojo.com\/","name":"Libros del Zorro Rojo","description":"Libros ilustrados","potentialAction":[{"@type":"SearchAction","target":{"@type":"EntryPoint","urlTemplate":"https:\/\/librosdelzorrorojo.com\/?s={search_term_string}"},"query-input":{"@type":"PropertyValueSpecification","valueRequired":true,"valueName":"search_term_string"}}],"inLanguage":"ca"}]}},"_links":{"self":[{"href":"https:\/\/librosdelzorrorojo.com\/ca\/wp-json\/wp\/v2\/product\/20984","targetHints":{"allow":["GET"]}}],"collection":[{"href":"https:\/\/librosdelzorrorojo.com\/ca\/wp-json\/wp\/v2\/product"}],"about":[{"href":"https:\/\/librosdelzorrorojo.com\/ca\/wp-json\/wp\/v2\/types\/product"}],"wp:featuredmedia":[{"embeddable":true,"href":"https:\/\/librosdelzorrorojo.com\/ca\/wp-json\/wp\/v2\/media\/23674"}],"wp:attachment":[{"href":"https:\/\/librosdelzorrorojo.com\/ca\/wp-json\/wp\/v2\/media?parent=20984"}],"wp:term":[{"taxonomy":"product_brand","embeddable":true,"href":"https:\/\/librosdelzorrorojo.com\/ca\/wp-json\/wp\/v2\/product_brand?post=20984"},{"taxonomy":"product_cat","embeddable":true,"href":"https:\/\/librosdelzorrorojo.com\/ca\/wp-json\/wp\/v2\/product_cat?post=20984"},{"taxonomy":"product_tag","embeddable":true,"href":"https:\/\/librosdelzorrorojo.com\/ca\/wp-json\/wp\/v2\/product_tag?post=20984"}],"curies":[{"name":"wp","href":"https:\/\/api.w.org\/{rel}","templated":true}]}}