{"id":20973,"date":"2021-09-07T14:17:09","date_gmt":"2021-09-07T12:17:09","guid":{"rendered":"https:\/\/librosdelzorrorojo.com\/catalogo\/en-el-cielo\/"},"modified":"2024-03-01T09:18:17","modified_gmt":"2024-03-01T08:18:17","slug":"en-el-cielo","status":"publish","type":"product","link":"https:\/\/librosdelzorrorojo.com\/ca\/cataleg\/en-el-cielo\/","title":{"rendered":"En el cielo"},"content":{"rendered":"<p class=\"p1\"><span class=\"s1\">En el cielo, el mundo se transforma: sale el sol, zumba un avisp\u00f3n, brilla el arco\u00edris, caza el murci\u00e9lago&#8230; \u00bfY en el mar? Ocurren otros fen\u00f3menos maravillosos: flota una medusa, se despierta un volc\u00e1n, brilla un coral, juega una ballena\u2026<\/span><\/p>\n<p class=\"p1\"><span class=\"s1\">Tras <i>Cuando el sol despierta <\/i>y <i>En el prado,<\/i> llega un tercer t\u00edtulo de la misma colecci\u00f3n para prelectores. Un cuento sencillo, una retah\u00edla de descubrimientos, personajes y acciones que los ni\u00f1os y ni\u00f1as podr\u00e1n recitar en voz alta, e incluso ampliar con otros hallazgos cercanos a su realidad.<\/span><\/p>\n<p class=\"p1\"><span class=\"s1\">En este \u00e1lbum sobre la hermandad que une a las criaturas del mar y del aire, Giovanna Zoboli crea una correspondencia po\u00e9tica entre los dos mundos y nos descubre las leyes que rigen la naturaleza. Las frases sint\u00e9ticas pero evocadoras dialogan con las ilustraciones bellas y sutiles del premiado artista italiano Philip Giordano, que, a trav\u00e9s de geometr\u00edas, texturas y una paleta de colores terrosos nada com\u00fan, nos presenta una propuesta gr\u00e1fica que se desarrolla entro lo concreto y lo abstracto.<\/span><\/p>\n<p class=\"p1\"><span class=\"s1\">Con un vocabulario sencillo, que estimula la improvisaci\u00f3n de m\u00faltiples respuestas, este \u00e1lbum de cart\u00f3n tiene un formato ideal para interactuar con los m\u00e1s peque\u00f1os, que asimilar\u00e1n contenido interdisciplinar sobre el tiempo, los animales y los verbos de movimiento, al mismo tiempo que se familiarizar\u00e1n con el libro como objeto f\u00edsico.<\/span><\/p>\n","protected":false},"excerpt":{"rendered":"En el cielo, el mundo se transforma: sale el sol, zumba un avisp\u00f3n, brilla el arco\u00edris, caza el murci\u00e9lago&#8230; \u00bfY en el mar? Ocurren otros fen\u00f3menos maravillosos: flota una medusa, se despierta un volc\u00e1n, brilla un coral, juega una ballena\u2026 Tras Cuando el sol despierta y En el prado, llega un tercer t\u00edtulo de la [&hellip;]","protected":false},"featured_media":20958,"template":"","meta":{"_acf_changed":false},"product_brand":[],"product_cat":[844,843,839],"product_tag":[],"class_list":{"0":"post-20973","1":"product","2":"type-product","3":"status-publish","4":"has-post-thumbnail","6":"product_cat-castella","7":"product_cat-infantiles-ca","8":"product_cat-zona-kids-ca","9":"vinculo-en-el-cielo","11":"first","12":"instock","13":"taxable","14":"shipping-taxable","15":"purchasable","16":"product-type-simple"},"acf":[],"yoast_head":"<!-- This site is optimized with the Yoast SEO plugin v25.1 - https:\/\/yoast.com\/wordpress\/plugins\/seo\/ -->\n<title>En el cielo - Libros del Zorro Rojo<\/title>\n<meta name=\"robots\" content=\"index, follow, max-snippet:-1, max-image-preview:large, max-video-preview:-1\" \/>\n<link rel=\"canonical\" href=\"https:\/\/librosdelzorrorojo.com\/ca\/cataleg\/en-el-cielo\/\" \/>\n<meta property=\"og:locale\" content=\"ca_ES\" \/>\n<meta property=\"og:type\" content=\"article\" \/>\n<meta property=\"og:title\" content=\"En el cielo - Libros del Zorro Rojo\" \/>\n<meta property=\"og:description\" content=\"En el cielo, el mundo se transforma: sale el sol, zumba un avisp\u00f3n, brilla el arco\u00edris, caza el murci\u00e9lago&#8230; \u00bfY en el mar? Ocurren otros fen\u00f3menos maravillosos: flota una medusa, se despierta un volc\u00e1n, brilla un coral, juega una ballena\u2026 Tras Cuando el sol despierta y En el prado, llega un tercer t\u00edtulo de la [&hellip;]\" \/>\n<meta property=\"og:url\" content=\"https:\/\/librosdelzorrorojo.com\/ca\/cataleg\/en-el-cielo\/\" \/>\n<meta property=\"og:site_name\" content=\"Libros del Zorro Rojo\" \/>\n<meta property=\"article:modified_time\" content=\"2024-03-01T08:18:17+00:00\" \/>\n<meta property=\"og:image\" content=\"https:\/\/librosdelzorrorojo.com\/wp-content\/uploads\/2021\/09\/COVER_En-el-cielo_WEB.jpg\" \/>\n\t<meta property=\"og:image:width\" content=\"850\" \/>\n\t<meta property=\"og:image:height\" content=\"676\" \/>\n\t<meta property=\"og:image:type\" content=\"image\/jpeg\" \/>\n<meta name=\"twitter:card\" content=\"summary_large_image\" \/>\n<meta name=\"twitter:label1\" content=\"Temps estimat de lectura\" \/>\n\t<meta name=\"twitter:data1\" content=\"1 minut\" \/>\n<script type=\"application\/ld+json\" class=\"yoast-schema-graph\">{\"@context\":\"https:\/\/schema.org\",\"@graph\":[{\"@type\":\"WebPage\",\"@id\":\"https:\/\/librosdelzorrorojo.com\/ca\/cataleg\/en-el-cielo\/\",\"url\":\"https:\/\/librosdelzorrorojo.com\/ca\/cataleg\/en-el-cielo\/\",\"name\":\"En el cielo - Libros del Zorro Rojo\",\"isPartOf\":{\"@id\":\"https:\/\/librosdelzorrorojo.com\/#website\"},\"primaryImageOfPage\":{\"@id\":\"https:\/\/librosdelzorrorojo.com\/ca\/cataleg\/en-el-cielo\/#primaryimage\"},\"image\":{\"@id\":\"https:\/\/librosdelzorrorojo.com\/ca\/cataleg\/en-el-cielo\/#primaryimage\"},\"thumbnailUrl\":\"https:\/\/librosdelzorrorojo.com\/wp-content\/uploads\/2021\/09\/COVER_En-el-cielo_WEB.jpg\",\"datePublished\":\"2021-09-07T12:17:09+00:00\",\"dateModified\":\"2024-03-01T08:18:17+00:00\",\"breadcrumb\":{\"@id\":\"https:\/\/librosdelzorrorojo.com\/ca\/cataleg\/en-el-cielo\/#breadcrumb\"},\"inLanguage\":\"ca\",\"potentialAction\":[{\"@type\":\"ReadAction\",\"target\":[\"https:\/\/librosdelzorrorojo.com\/ca\/cataleg\/en-el-cielo\/\"]}]},{\"@type\":\"ImageObject\",\"inLanguage\":\"ca\",\"@id\":\"https:\/\/librosdelzorrorojo.com\/ca\/cataleg\/en-el-cielo\/#primaryimage\",\"url\":\"https:\/\/librosdelzorrorojo.com\/wp-content\/uploads\/2021\/09\/COVER_En-el-cielo_WEB.jpg\",\"contentUrl\":\"https:\/\/librosdelzorrorojo.com\/wp-content\/uploads\/2021\/09\/COVER_En-el-cielo_WEB.jpg\",\"width\":850,\"height\":676,\"caption\":\"COVER En el cielo WEB\"},{\"@type\":\"BreadcrumbList\",\"@id\":\"https:\/\/librosdelzorrorojo.com\/ca\/cataleg\/en-el-cielo\/#breadcrumb\",\"itemListElement\":[{\"@type\":\"ListItem\",\"position\":1,\"name\":\"Portada\",\"item\":\"https:\/\/librosdelzorrorojo.com\/ca\/\"},{\"@type\":\"ListItem\",\"position\":2,\"name\":\"Cat\u00e0leg\",\"item\":\"https:\/\/librosdelzorrorojo.com\/ca\/cataleg\/\"},{\"@type\":\"ListItem\",\"position\":3,\"name\":\"En el cielo\"}]},{\"@type\":\"WebSite\",\"@id\":\"https:\/\/librosdelzorrorojo.com\/#website\",\"url\":\"https:\/\/librosdelzorrorojo.com\/\",\"name\":\"Libros del Zorro Rojo\",\"description\":\"Libros ilustrados\",\"potentialAction\":[{\"@type\":\"SearchAction\",\"target\":{\"@type\":\"EntryPoint\",\"urlTemplate\":\"https:\/\/librosdelzorrorojo.com\/?s={search_term_string}\"},\"query-input\":{\"@type\":\"PropertyValueSpecification\",\"valueRequired\":true,\"valueName\":\"search_term_string\"}}],\"inLanguage\":\"ca\"}]}<\/script>\n<!-- \/ Yoast SEO plugin. -->","yoast_head_json":{"title":"En el cielo - Libros del Zorro Rojo","robots":{"index":"index","follow":"follow","max-snippet":"max-snippet:-1","max-image-preview":"max-image-preview:large","max-video-preview":"max-video-preview:-1"},"canonical":"https:\/\/librosdelzorrorojo.com\/ca\/cataleg\/en-el-cielo\/","og_locale":"ca_ES","og_type":"article","og_title":"En el cielo - Libros del Zorro Rojo","og_description":"En el cielo, el mundo se transforma: sale el sol, zumba un avisp\u00f3n, brilla el arco\u00edris, caza el murci\u00e9lago&#8230; \u00bfY en el mar? Ocurren otros fen\u00f3menos maravillosos: flota una medusa, se despierta un volc\u00e1n, brilla un coral, juega una ballena\u2026 Tras Cuando el sol despierta y En el prado, llega un tercer t\u00edtulo de la [&hellip;]","og_url":"https:\/\/librosdelzorrorojo.com\/ca\/cataleg\/en-el-cielo\/","og_site_name":"Libros del Zorro Rojo","article_modified_time":"2024-03-01T08:18:17+00:00","og_image":[{"width":850,"height":676,"url":"https:\/\/librosdelzorrorojo.com\/wp-content\/uploads\/2021\/09\/COVER_En-el-cielo_WEB.jpg","type":"image\/jpeg"}],"twitter_card":"summary_large_image","twitter_misc":{"Temps estimat de lectura":"1 minut"},"schema":{"@context":"https:\/\/schema.org","@graph":[{"@type":"WebPage","@id":"https:\/\/librosdelzorrorojo.com\/ca\/cataleg\/en-el-cielo\/","url":"https:\/\/librosdelzorrorojo.com\/ca\/cataleg\/en-el-cielo\/","name":"En el cielo - Libros del Zorro Rojo","isPartOf":{"@id":"https:\/\/librosdelzorrorojo.com\/#website"},"primaryImageOfPage":{"@id":"https:\/\/librosdelzorrorojo.com\/ca\/cataleg\/en-el-cielo\/#primaryimage"},"image":{"@id":"https:\/\/librosdelzorrorojo.com\/ca\/cataleg\/en-el-cielo\/#primaryimage"},"thumbnailUrl":"https:\/\/librosdelzorrorojo.com\/wp-content\/uploads\/2021\/09\/COVER_En-el-cielo_WEB.jpg","datePublished":"2021-09-07T12:17:09+00:00","dateModified":"2024-03-01T08:18:17+00:00","breadcrumb":{"@id":"https:\/\/librosdelzorrorojo.com\/ca\/cataleg\/en-el-cielo\/#breadcrumb"},"inLanguage":"ca","potentialAction":[{"@type":"ReadAction","target":["https:\/\/librosdelzorrorojo.com\/ca\/cataleg\/en-el-cielo\/"]}]},{"@type":"ImageObject","inLanguage":"ca","@id":"https:\/\/librosdelzorrorojo.com\/ca\/cataleg\/en-el-cielo\/#primaryimage","url":"https:\/\/librosdelzorrorojo.com\/wp-content\/uploads\/2021\/09\/COVER_En-el-cielo_WEB.jpg","contentUrl":"https:\/\/librosdelzorrorojo.com\/wp-content\/uploads\/2021\/09\/COVER_En-el-cielo_WEB.jpg","width":850,"height":676,"caption":"COVER En el cielo WEB"},{"@type":"BreadcrumbList","@id":"https:\/\/librosdelzorrorojo.com\/ca\/cataleg\/en-el-cielo\/#breadcrumb","itemListElement":[{"@type":"ListItem","position":1,"name":"Portada","item":"https:\/\/librosdelzorrorojo.com\/ca\/"},{"@type":"ListItem","position":2,"name":"Cat\u00e0leg","item":"https:\/\/librosdelzorrorojo.com\/ca\/cataleg\/"},{"@type":"ListItem","position":3,"name":"En el cielo"}]},{"@type":"WebSite","@id":"https:\/\/librosdelzorrorojo.com\/#website","url":"https:\/\/librosdelzorrorojo.com\/","name":"Libros del Zorro Rojo","description":"Libros ilustrados","potentialAction":[{"@type":"SearchAction","target":{"@type":"EntryPoint","urlTemplate":"https:\/\/librosdelzorrorojo.com\/?s={search_term_string}"},"query-input":{"@type":"PropertyValueSpecification","valueRequired":true,"valueName":"search_term_string"}}],"inLanguage":"ca"}]}},"_links":{"self":[{"href":"https:\/\/librosdelzorrorojo.com\/ca\/wp-json\/wp\/v2\/product\/20973","targetHints":{"allow":["GET"]}}],"collection":[{"href":"https:\/\/librosdelzorrorojo.com\/ca\/wp-json\/wp\/v2\/product"}],"about":[{"href":"https:\/\/librosdelzorrorojo.com\/ca\/wp-json\/wp\/v2\/types\/product"}],"wp:featuredmedia":[{"embeddable":true,"href":"https:\/\/librosdelzorrorojo.com\/ca\/wp-json\/wp\/v2\/media\/20958"}],"wp:attachment":[{"href":"https:\/\/librosdelzorrorojo.com\/ca\/wp-json\/wp\/v2\/media?parent=20973"}],"wp:term":[{"taxonomy":"product_brand","embeddable":true,"href":"https:\/\/librosdelzorrorojo.com\/ca\/wp-json\/wp\/v2\/product_brand?post=20973"},{"taxonomy":"product_cat","embeddable":true,"href":"https:\/\/librosdelzorrorojo.com\/ca\/wp-json\/wp\/v2\/product_cat?post=20973"},{"taxonomy":"product_tag","embeddable":true,"href":"https:\/\/librosdelzorrorojo.com\/ca\/wp-json\/wp\/v2\/product_tag?post=20973"}],"curies":[{"name":"wp","href":"https:\/\/api.w.org\/{rel}","templated":true}]}}