{"id":20951,"date":"2021-09-07T13:49:47","date_gmt":"2021-09-07T11:49:47","guid":{"rendered":"https:\/\/librosdelzorrorojo.com\/catalogo\/milo-imagina-el-mundo\/"},"modified":"2024-03-01T09:19:49","modified_gmt":"2024-03-01T08:19:49","slug":"milo-imagina-el-mundo","status":"publish","type":"product","link":"https:\/\/librosdelzorrorojo.com\/ca\/cataleg\/milo-imagina-el-mundo\/","title":{"rendered":"Milo imagina el mundo"},"content":{"rendered":"<p class=\"p1\"><span class=\"s1\">Una vez al mes, Milo hace un largo trayecto en metro con su hermana para ver a su madre. Para no pensar en esas burbujas que siente en el est\u00f3mago, mezcla de emoci\u00f3n y de nervios, observa las caras de la gente y dibuja sus vidas en un cuaderno.<\/span><\/p>\n<p class=\"p1\"><span class=\"s1\">En el vag\u00f3n viajan un hombre sin afeitar, otro que parece ausente y solitario, y una mujer que viste un traje de novia. Quiz\u00e1 ella y su marido viajen en globo tras la boda, piensa Milo. Quiz\u00e1 el ni\u00f1o que acaba de entrar, el de corbata y zapatillas relucientes, vive en un castillo\u2026<\/span><\/p>\n<p class=\"p1\"><span class=\"s1\">Milo tambi\u00e9n se pregunta c\u00f3mo lo ven los dem\u00e1s. Pero cuando descubre que el ni\u00f1o de la corbata se dirige al mismo lugar que \u00e9l, replantea todas las historias que ha inventado. \u00abQuiz\u00e1 no se puede saber c\u00f3mo es alguien tan solo vi\u00e9ndole la cara\u00bb, termina por apuntar el peque\u00f1o Milo.<\/span><\/p>\n<p class=\"p1\"><span class=\"s1\">La dualidad entre el mundo f\u00edsico \u2014en el que existe Milo\u2014 y el mundo dentro de su cabeza \u2014donde da rienda suelta a la imaginaci\u00f3n y encuentra la inspiraci\u00f3n y la belleza\u2014 cobra vida en este \u00e1lbum conmovedor que invita a la reflexi\u00f3n y nos muestra c\u00f3mo la creatividad puede ser una v\u00eda<span class=\"Apple-converted-space\">\u00a0 <\/span>para descubrir el mundo que nos rodea y superar situaciones de angustia.<\/span><\/p>\n<p class=\"p1\"><span class=\"s1\">Con un texto sencillo y sugerente, Matt de la Pe\u00f1a consigue hablar de los convencionalismos sin caer en ellos. Las ilustraciones de Christian Robinson \u2014de estilo ingenuo, mezcla de pintura acr\u00edlica y <i>collage<\/i>\u2014 irradian la alegr\u00eda de la infancia y capturan, a trav\u00e9s de colores intensos, tanto la vivacidad del metro de Nueva York como los bocetos a l\u00e1piz de nuestro protagonista.<\/span><\/p>\n<p class=\"p1\"><span class=\"s1\"><i>Milo imagina el mundo<\/i> nos invita a desconfiar de los juicios superficiales y de las primeras impresiones. \u00abCreo que el libro tiene el potencial de ser sanad<\/span><span class=\"s2\">or, de crear conversaciones, de generar empat\u00eda y compasi\u00f3n\u00bb, opina de la Pe\u00f1a.<\/span><\/p>\n","protected":false},"excerpt":{"rendered":"Una vez al mes, Milo hace un largo trayecto en metro con su hermana para ver a su madre. Para no pensar en esas burbujas que siente en el est\u00f3mago, mezcla de emoci\u00f3n y de nervios, observa las caras de la gente y dibuja sus vidas en un cuaderno. En el vag\u00f3n viajan un hombre [&hellip;]","protected":false},"featured_media":20949,"template":"","meta":{"_acf_changed":false},"product_brand":[],"product_cat":[844,843,839,845],"product_tag":[],"class_list":{"0":"post-20951","1":"product","2":"type-product","3":"status-publish","4":"has-post-thumbnail","6":"product_cat-castella","7":"product_cat-infantiles-ca","8":"product_cat-zona-kids-ca","9":"product_cat-imperdible-ca","10":"vinculo-milo","12":"first","13":"instock","14":"taxable","15":"shipping-taxable","16":"purchasable","17":"product-type-simple"},"acf":[],"yoast_head":"<!-- This site is optimized with the Yoast SEO plugin v25.1 - https:\/\/yoast.com\/wordpress\/plugins\/seo\/ -->\n<title>Milo imagina el mundo - Libros del Zorro Rojo<\/title>\n<meta name=\"description\" content=\"Una vez al mes, Milo hace un largo trayecto en metro con su hermana para ver a su madre. Para no pensar en esas burbujas que siente en el est\u00f3mago, mezcla de emoci\u00f3n y de nervios, observa las caras de la gente y dibuja sus vidas en un cuaderno. Con un texto sencillo y sugerente, Matt de la Pe\u00f1a consigue hablar de los convencionalismos sin caer en ellos. Las ilustraciones de Christian Robinson irradian la alegr\u00eda de la infancia y capturan tanto la vivacidad del metro de Nueva York como los bocetos a l\u00e1piz de nuestro protagonista. &quot;Milo imagina el mundo&quot; nos invita a desconfiar de los juicios superficiales y de las primeras impresiones.\" \/>\n<meta name=\"robots\" content=\"index, follow, max-snippet:-1, max-image-preview:large, max-video-preview:-1\" \/>\n<link rel=\"canonical\" href=\"https:\/\/librosdelzorrorojo.com\/ca\/cataleg\/milo-imagina-el-mundo\/\" \/>\n<meta property=\"og:locale\" content=\"ca_ES\" \/>\n<meta property=\"og:type\" content=\"article\" \/>\n<meta property=\"og:title\" content=\"Milo imagina el mundo - Libros del Zorro Rojo\" \/>\n<meta property=\"og:description\" content=\"Una vez al mes, Milo hace un largo trayecto en metro con su hermana para ver a su madre. Para no pensar en esas burbujas que siente en el est\u00f3mago, mezcla de emoci\u00f3n y de nervios, observa las caras de la gente y dibuja sus vidas en un cuaderno. Con un texto sencillo y sugerente, Matt de la Pe\u00f1a consigue hablar de los convencionalismos sin caer en ellos. Las ilustraciones de Christian Robinson irradian la alegr\u00eda de la infancia y capturan tanto la vivacidad del metro de Nueva York como los bocetos a l\u00e1piz de nuestro protagonista. &quot;Milo imagina el mundo&quot; nos invita a desconfiar de los juicios superficiales y de las primeras impresiones.\" \/>\n<meta property=\"og:url\" content=\"https:\/\/librosdelzorrorojo.com\/ca\/cataleg\/milo-imagina-el-mundo\/\" \/>\n<meta property=\"og:site_name\" content=\"Libros del Zorro Rojo\" \/>\n<meta property=\"article:modified_time\" content=\"2024-03-01T08:19:49+00:00\" \/>\n<meta property=\"og:image\" content=\"https:\/\/librosdelzorrorojo.com\/wp-content\/uploads\/2021\/09\/COVER_Milo_WEB.jpg\" \/>\n\t<meta property=\"og:image:width\" content=\"850\" \/>\n\t<meta property=\"og:image:height\" content=\"649\" \/>\n\t<meta property=\"og:image:type\" content=\"image\/jpeg\" \/>\n<meta name=\"twitter:card\" content=\"summary_large_image\" \/>\n<meta name=\"twitter:label1\" content=\"Temps estimat de lectura\" \/>\n\t<meta name=\"twitter:data1\" content=\"2 minuts\" \/>\n<script type=\"application\/ld+json\" class=\"yoast-schema-graph\">{\"@context\":\"https:\/\/schema.org\",\"@graph\":[{\"@type\":\"WebPage\",\"@id\":\"https:\/\/librosdelzorrorojo.com\/ca\/cataleg\/milo-imagina-el-mundo\/\",\"url\":\"https:\/\/librosdelzorrorojo.com\/ca\/cataleg\/milo-imagina-el-mundo\/\",\"name\":\"Milo imagina el mundo - Libros del Zorro Rojo\",\"isPartOf\":{\"@id\":\"https:\/\/librosdelzorrorojo.com\/#website\"},\"primaryImageOfPage\":{\"@id\":\"https:\/\/librosdelzorrorojo.com\/ca\/cataleg\/milo-imagina-el-mundo\/#primaryimage\"},\"image\":{\"@id\":\"https:\/\/librosdelzorrorojo.com\/ca\/cataleg\/milo-imagina-el-mundo\/#primaryimage\"},\"thumbnailUrl\":\"https:\/\/librosdelzorrorojo.com\/wp-content\/uploads\/2021\/09\/COVER_Milo_WEB.jpg\",\"datePublished\":\"2021-09-07T11:49:47+00:00\",\"dateModified\":\"2024-03-01T08:19:49+00:00\",\"description\":\"Una vez al mes, Milo hace un largo trayecto en metro con su hermana para ver a su madre. Para no pensar en esas burbujas que siente en el est\u00f3mago, mezcla de emoci\u00f3n y de nervios, observa las caras de la gente y dibuja sus vidas en un cuaderno. Con un texto sencillo y sugerente, Matt de la Pe\u00f1a consigue hablar de los convencionalismos sin caer en ellos. Las ilustraciones de Christian Robinson irradian la alegr\u00eda de la infancia y capturan tanto la vivacidad del metro de Nueva York como los bocetos a l\u00e1piz de nuestro protagonista. \\\"Milo imagina el mundo\\\" nos invita a desconfiar de los juicios superficiales y de las primeras impresiones.\",\"breadcrumb\":{\"@id\":\"https:\/\/librosdelzorrorojo.com\/ca\/cataleg\/milo-imagina-el-mundo\/#breadcrumb\"},\"inLanguage\":\"ca\",\"potentialAction\":[{\"@type\":\"ReadAction\",\"target\":[\"https:\/\/librosdelzorrorojo.com\/ca\/cataleg\/milo-imagina-el-mundo\/\"]}]},{\"@type\":\"ImageObject\",\"inLanguage\":\"ca\",\"@id\":\"https:\/\/librosdelzorrorojo.com\/ca\/cataleg\/milo-imagina-el-mundo\/#primaryimage\",\"url\":\"https:\/\/librosdelzorrorojo.com\/wp-content\/uploads\/2021\/09\/COVER_Milo_WEB.jpg\",\"contentUrl\":\"https:\/\/librosdelzorrorojo.com\/wp-content\/uploads\/2021\/09\/COVER_Milo_WEB.jpg\",\"width\":850,\"height\":649,\"caption\":\"COVER Milo WEB\"},{\"@type\":\"BreadcrumbList\",\"@id\":\"https:\/\/librosdelzorrorojo.com\/ca\/cataleg\/milo-imagina-el-mundo\/#breadcrumb\",\"itemListElement\":[{\"@type\":\"ListItem\",\"position\":1,\"name\":\"Portada\",\"item\":\"https:\/\/librosdelzorrorojo.com\/ca\/\"},{\"@type\":\"ListItem\",\"position\":2,\"name\":\"Cat\u00e0leg\",\"item\":\"https:\/\/librosdelzorrorojo.com\/ca\/cataleg\/\"},{\"@type\":\"ListItem\",\"position\":3,\"name\":\"Milo imagina el mundo\"}]},{\"@type\":\"WebSite\",\"@id\":\"https:\/\/librosdelzorrorojo.com\/#website\",\"url\":\"https:\/\/librosdelzorrorojo.com\/\",\"name\":\"Libros del Zorro Rojo\",\"description\":\"Libros ilustrados\",\"potentialAction\":[{\"@type\":\"SearchAction\",\"target\":{\"@type\":\"EntryPoint\",\"urlTemplate\":\"https:\/\/librosdelzorrorojo.com\/?s={search_term_string}\"},\"query-input\":{\"@type\":\"PropertyValueSpecification\",\"valueRequired\":true,\"valueName\":\"search_term_string\"}}],\"inLanguage\":\"ca\"}]}<\/script>\n<!-- \/ Yoast SEO plugin. -->","yoast_head_json":{"title":"Milo imagina el mundo - Libros del Zorro Rojo","description":"Una vez al mes, Milo hace un largo trayecto en metro con su hermana para ver a su madre. Para no pensar en esas burbujas que siente en el est\u00f3mago, mezcla de emoci\u00f3n y de nervios, observa las caras de la gente y dibuja sus vidas en un cuaderno. Con un texto sencillo y sugerente, Matt de la Pe\u00f1a consigue hablar de los convencionalismos sin caer en ellos. Las ilustraciones de Christian Robinson irradian la alegr\u00eda de la infancia y capturan tanto la vivacidad del metro de Nueva York como los bocetos a l\u00e1piz de nuestro protagonista. \"Milo imagina el mundo\" nos invita a desconfiar de los juicios superficiales y de las primeras impresiones.","robots":{"index":"index","follow":"follow","max-snippet":"max-snippet:-1","max-image-preview":"max-image-preview:large","max-video-preview":"max-video-preview:-1"},"canonical":"https:\/\/librosdelzorrorojo.com\/ca\/cataleg\/milo-imagina-el-mundo\/","og_locale":"ca_ES","og_type":"article","og_title":"Milo imagina el mundo - Libros del Zorro Rojo","og_description":"Una vez al mes, Milo hace un largo trayecto en metro con su hermana para ver a su madre. Para no pensar en esas burbujas que siente en el est\u00f3mago, mezcla de emoci\u00f3n y de nervios, observa las caras de la gente y dibuja sus vidas en un cuaderno. Con un texto sencillo y sugerente, Matt de la Pe\u00f1a consigue hablar de los convencionalismos sin caer en ellos. Las ilustraciones de Christian Robinson irradian la alegr\u00eda de la infancia y capturan tanto la vivacidad del metro de Nueva York como los bocetos a l\u00e1piz de nuestro protagonista. \"Milo imagina el mundo\" nos invita a desconfiar de los juicios superficiales y de las primeras impresiones.","og_url":"https:\/\/librosdelzorrorojo.com\/ca\/cataleg\/milo-imagina-el-mundo\/","og_site_name":"Libros del Zorro Rojo","article_modified_time":"2024-03-01T08:19:49+00:00","og_image":[{"width":850,"height":649,"url":"https:\/\/librosdelzorrorojo.com\/wp-content\/uploads\/2021\/09\/COVER_Milo_WEB.jpg","type":"image\/jpeg"}],"twitter_card":"summary_large_image","twitter_misc":{"Temps estimat de lectura":"2 minuts"},"schema":{"@context":"https:\/\/schema.org","@graph":[{"@type":"WebPage","@id":"https:\/\/librosdelzorrorojo.com\/ca\/cataleg\/milo-imagina-el-mundo\/","url":"https:\/\/librosdelzorrorojo.com\/ca\/cataleg\/milo-imagina-el-mundo\/","name":"Milo imagina el mundo - Libros del Zorro Rojo","isPartOf":{"@id":"https:\/\/librosdelzorrorojo.com\/#website"},"primaryImageOfPage":{"@id":"https:\/\/librosdelzorrorojo.com\/ca\/cataleg\/milo-imagina-el-mundo\/#primaryimage"},"image":{"@id":"https:\/\/librosdelzorrorojo.com\/ca\/cataleg\/milo-imagina-el-mundo\/#primaryimage"},"thumbnailUrl":"https:\/\/librosdelzorrorojo.com\/wp-content\/uploads\/2021\/09\/COVER_Milo_WEB.jpg","datePublished":"2021-09-07T11:49:47+00:00","dateModified":"2024-03-01T08:19:49+00:00","description":"Una vez al mes, Milo hace un largo trayecto en metro con su hermana para ver a su madre. Para no pensar en esas burbujas que siente en el est\u00f3mago, mezcla de emoci\u00f3n y de nervios, observa las caras de la gente y dibuja sus vidas en un cuaderno. Con un texto sencillo y sugerente, Matt de la Pe\u00f1a consigue hablar de los convencionalismos sin caer en ellos. Las ilustraciones de Christian Robinson irradian la alegr\u00eda de la infancia y capturan tanto la vivacidad del metro de Nueva York como los bocetos a l\u00e1piz de nuestro protagonista. \"Milo imagina el mundo\" nos invita a desconfiar de los juicios superficiales y de las primeras impresiones.","breadcrumb":{"@id":"https:\/\/librosdelzorrorojo.com\/ca\/cataleg\/milo-imagina-el-mundo\/#breadcrumb"},"inLanguage":"ca","potentialAction":[{"@type":"ReadAction","target":["https:\/\/librosdelzorrorojo.com\/ca\/cataleg\/milo-imagina-el-mundo\/"]}]},{"@type":"ImageObject","inLanguage":"ca","@id":"https:\/\/librosdelzorrorojo.com\/ca\/cataleg\/milo-imagina-el-mundo\/#primaryimage","url":"https:\/\/librosdelzorrorojo.com\/wp-content\/uploads\/2021\/09\/COVER_Milo_WEB.jpg","contentUrl":"https:\/\/librosdelzorrorojo.com\/wp-content\/uploads\/2021\/09\/COVER_Milo_WEB.jpg","width":850,"height":649,"caption":"COVER Milo WEB"},{"@type":"BreadcrumbList","@id":"https:\/\/librosdelzorrorojo.com\/ca\/cataleg\/milo-imagina-el-mundo\/#breadcrumb","itemListElement":[{"@type":"ListItem","position":1,"name":"Portada","item":"https:\/\/librosdelzorrorojo.com\/ca\/"},{"@type":"ListItem","position":2,"name":"Cat\u00e0leg","item":"https:\/\/librosdelzorrorojo.com\/ca\/cataleg\/"},{"@type":"ListItem","position":3,"name":"Milo imagina el mundo"}]},{"@type":"WebSite","@id":"https:\/\/librosdelzorrorojo.com\/#website","url":"https:\/\/librosdelzorrorojo.com\/","name":"Libros del Zorro Rojo","description":"Libros ilustrados","potentialAction":[{"@type":"SearchAction","target":{"@type":"EntryPoint","urlTemplate":"https:\/\/librosdelzorrorojo.com\/?s={search_term_string}"},"query-input":{"@type":"PropertyValueSpecification","valueRequired":true,"valueName":"search_term_string"}}],"inLanguage":"ca"}]}},"_links":{"self":[{"href":"https:\/\/librosdelzorrorojo.com\/ca\/wp-json\/wp\/v2\/product\/20951","targetHints":{"allow":["GET"]}}],"collection":[{"href":"https:\/\/librosdelzorrorojo.com\/ca\/wp-json\/wp\/v2\/product"}],"about":[{"href":"https:\/\/librosdelzorrorojo.com\/ca\/wp-json\/wp\/v2\/types\/product"}],"wp:featuredmedia":[{"embeddable":true,"href":"https:\/\/librosdelzorrorojo.com\/ca\/wp-json\/wp\/v2\/media\/20949"}],"wp:attachment":[{"href":"https:\/\/librosdelzorrorojo.com\/ca\/wp-json\/wp\/v2\/media?parent=20951"}],"wp:term":[{"taxonomy":"product_brand","embeddable":true,"href":"https:\/\/librosdelzorrorojo.com\/ca\/wp-json\/wp\/v2\/product_brand?post=20951"},{"taxonomy":"product_cat","embeddable":true,"href":"https:\/\/librosdelzorrorojo.com\/ca\/wp-json\/wp\/v2\/product_cat?post=20951"},{"taxonomy":"product_tag","embeddable":true,"href":"https:\/\/librosdelzorrorojo.com\/ca\/wp-json\/wp\/v2\/product_tag?post=20951"}],"curies":[{"name":"wp","href":"https:\/\/api.w.org\/{rel}","templated":true}]}}