{"id":20864,"date":"2021-09-03T12:54:24","date_gmt":"2021-09-03T10:54:24","guid":{"rendered":"https:\/\/librosdelzorrorojo.com\/?post_type=product&#038;p=20864"},"modified":"2025-12-10T15:07:23","modified_gmt":"2025-12-10T14:07:23","slug":"caleidoscopio-animal","status":"publish","type":"product","link":"https:\/\/librosdelzorrorojo.com\/ca\/cataleg\/caleidoscopio-animal\/","title":{"rendered":"Caleidoscopio animal"},"content":{"rendered":"<p class=\"p1\"><span class=\"s1\">Este libro re\u00fane a las criaturas m\u00e1s coloridas y fascinantes de los cinco continentes. Una clasificaci\u00f3n, tan l\u00fadica como interesante, que pone el \u00e9nfasis en las incre\u00edbles envolturas y apariencias del mundo animal.<\/span><\/p>\n<p class=\"p1\"><span class=\"s1\">\u00bfPor qu\u00e9 algunos animales optan por una capa de un \u00fanico color, mientras que otros prefieren un crisol de tonalidades? \u00bfQu\u00e9 funci\u00f3n tienen las manchas y las rayas? \u00bfPor qu\u00e9 algunas cr\u00edas son tan diferentes a sus padres?<\/span><\/p>\n<p class=\"p1\"><span class=\"s1\">En este viaje a trav\u00e9s del arco\u00edris de nuestra fauna descubriremos desde p\u00e1jaros con plumas iridiscentes y gatos de pelaje sofisticado hasta peces con escamas relucientes y ranas de piel venenosa. Todos estos curiosos revestimientos tienen una raz\u00f3n de ser: ayudan a los animales a sobrevivir y a proliferar. Los patrones de su piel, sus atrevidos dibujos y llamativos colores nos ayudan a distinguir entre machos y hembras, entre j\u00f3venes y adultos; tambi\u00e9n a diferenciar qui\u00e9nes son d\u00e9biles o fuertes. Sea cual sea su prop\u00f3sito, los colores y dise\u00f1os de las criaturas hacen de nuestro mundo un lugar m\u00e1s bello e interesante.<\/span><\/p>\n<p class=\"p1\"><span class=\"s1\">La original organizaci\u00f3n de Carth Ard \u2014por gama de colores, patr\u00f3n, caracter\u00edsticas f\u00edsicas o t\u00e9cnica de camuflaje\u2014 consigue unir m\u00e1s de trescientas criaturas de tama\u00f1o, comportamiento y h\u00e1bitat dispares. Greer Stothers utiliza la impresi\u00f3n en risograf\u00eda y una paleta de colores brillantes para crear unas atractivas ilustraciones a doble p\u00e1gina, a la vez que juega con la simetr\u00eda y la disposici\u00f3n de los diferentes animales provocando un efecto caleidosc\u00f3pico de gran potencia gr\u00e1fica.<\/span><\/p>\n<p class=\"p1\"><span class=\"s1\">Este \u00e1lbum informativo sobre historia natural, f\u00e1cil de leer y recordar, despertar\u00e1 la curiosidad de los primeros lectores y les permitir\u00e1 aprender infinidad de datos sorprendentes sobre las diversas especies que habitan nuestro mundo. <\/span><\/p>\n<p class=\"p1\"><span class=\"s1\"><i>Caleidoscopio animal <\/i>incluye, tambi\u00e9n, gr\u00e1ficos ilustrados sobre la clasificaci\u00f3n cient\u00edfica de los animales y sus caracter\u00edsticas, adem\u00e1s de un glosario y algunos sencillos consejos para cuidar y proteger la fauna que nos rodea.<\/span><\/p>\n","protected":false},"excerpt":{"rendered":"Este libro re\u00fane a las criaturas m\u00e1s coloridas y fascinantes de los cinco continentes. Una clasificaci\u00f3n, tan l\u00fadica como interesante, que pone el \u00e9nfasis en las incre\u00edbles envolturas y apariencias del mundo animal. \u00bfPor qu\u00e9 algunos animales optan por una capa de un \u00fanico color, mientras que otros prefieren un crisol de tonalidades? \u00bfQu\u00e9 funci\u00f3n [&hellip;]","protected":false},"featured_media":20862,"template":"","meta":{"_acf_changed":false},"product_brand":[],"product_cat":[844,843,839],"product_tag":[],"class_list":{"0":"post-20864","1":"product","2":"type-product","3":"status-publish","4":"has-post-thumbnail","6":"product_cat-castella","7":"product_cat-infantiles-ca","8":"product_cat-zona-kids-ca","9":"vinculo-caleidoscopio","11":"first","12":"outofstock","13":"taxable","14":"shipping-taxable","15":"purchasable","16":"product-type-simple"},"acf":[],"yoast_head":"<!-- This site is optimized with the Yoast SEO plugin v25.1 - https:\/\/yoast.com\/wordpress\/plugins\/seo\/ -->\n<title>Caleidoscopio animal - Libros del Zorro Rojo<\/title>\n<meta name=\"description\" content=\"&quot;Caleidoscopio animal&quot; re\u00fane a las criaturas m\u00e1s coloridas y fascinantes de los cinco continentes. Una clasificaci\u00f3n, tan l\u00fadica como interesante, que pone el \u00e9nfasis en las incre\u00edbles envolturas y apariencias del mundo animal.\" \/>\n<meta name=\"robots\" content=\"index, follow, max-snippet:-1, max-image-preview:large, max-video-preview:-1\" \/>\n<link rel=\"canonical\" href=\"https:\/\/librosdelzorrorojo.com\/ca\/cataleg\/caleidoscopio-animal\/\" \/>\n<meta property=\"og:locale\" content=\"ca_ES\" \/>\n<meta property=\"og:type\" content=\"article\" \/>\n<meta property=\"og:title\" content=\"Caleidoscopio animal - Libros del Zorro Rojo\" \/>\n<meta property=\"og:description\" content=\"&quot;Caleidoscopio animal&quot; re\u00fane a las criaturas m\u00e1s coloridas y fascinantes de los cinco continentes. Una clasificaci\u00f3n, tan l\u00fadica como interesante, que pone el \u00e9nfasis en las incre\u00edbles envolturas y apariencias del mundo animal.\" \/>\n<meta property=\"og:url\" content=\"https:\/\/librosdelzorrorojo.com\/ca\/cataleg\/caleidoscopio-animal\/\" \/>\n<meta property=\"og:site_name\" content=\"Libros del Zorro Rojo\" \/>\n<meta property=\"article:modified_time\" content=\"2025-12-10T14:07:23+00:00\" \/>\n<meta property=\"og:image\" content=\"https:\/\/librosdelzorrorojo.com\/wp-content\/uploads\/2021\/09\/COVER_Caleidoscopio_WEB-802x1024.png\" \/>\n\t<meta property=\"og:image:width\" content=\"802\" \/>\n\t<meta property=\"og:image:height\" content=\"1024\" \/>\n\t<meta property=\"og:image:type\" content=\"image\/png\" \/>\n<meta name=\"twitter:card\" content=\"summary_large_image\" \/>\n<meta name=\"twitter:label1\" content=\"Temps estimat de lectura\" \/>\n\t<meta name=\"twitter:data1\" content=\"2 minuts\" \/>\n<script type=\"application\/ld+json\" class=\"yoast-schema-graph\">{\"@context\":\"https:\/\/schema.org\",\"@graph\":[{\"@type\":\"WebPage\",\"@id\":\"https:\/\/librosdelzorrorojo.com\/ca\/cataleg\/caleidoscopio-animal\/\",\"url\":\"https:\/\/librosdelzorrorojo.com\/ca\/cataleg\/caleidoscopio-animal\/\",\"name\":\"Caleidoscopio animal - Libros del Zorro Rojo\",\"isPartOf\":{\"@id\":\"https:\/\/librosdelzorrorojo.com\/#website\"},\"primaryImageOfPage\":{\"@id\":\"https:\/\/librosdelzorrorojo.com\/ca\/cataleg\/caleidoscopio-animal\/#primaryimage\"},\"image\":{\"@id\":\"https:\/\/librosdelzorrorojo.com\/ca\/cataleg\/caleidoscopio-animal\/#primaryimage\"},\"thumbnailUrl\":\"https:\/\/librosdelzorrorojo.com\/wp-content\/uploads\/2021\/09\/COVER_Caleidoscopio_WEB.png\",\"datePublished\":\"2021-09-03T10:54:24+00:00\",\"dateModified\":\"2025-12-10T14:07:23+00:00\",\"description\":\"\\\"Caleidoscopio animal\\\" re\u00fane a las criaturas m\u00e1s coloridas y fascinantes de los cinco continentes. Una clasificaci\u00f3n, tan l\u00fadica como interesante, que pone el \u00e9nfasis en las incre\u00edbles envolturas y apariencias del mundo animal.\",\"breadcrumb\":{\"@id\":\"https:\/\/librosdelzorrorojo.com\/ca\/cataleg\/caleidoscopio-animal\/#breadcrumb\"},\"inLanguage\":\"ca\",\"potentialAction\":[{\"@type\":\"ReadAction\",\"target\":[\"https:\/\/librosdelzorrorojo.com\/ca\/cataleg\/caleidoscopio-animal\/\"]}]},{\"@type\":\"ImageObject\",\"inLanguage\":\"ca\",\"@id\":\"https:\/\/librosdelzorrorojo.com\/ca\/cataleg\/caleidoscopio-animal\/#primaryimage\",\"url\":\"https:\/\/librosdelzorrorojo.com\/wp-content\/uploads\/2021\/09\/COVER_Caleidoscopio_WEB.png\",\"contentUrl\":\"https:\/\/librosdelzorrorojo.com\/wp-content\/uploads\/2021\/09\/COVER_Caleidoscopio_WEB.png\",\"width\":850,\"height\":1085,\"caption\":\"COVER Caleidoscopio WEB\"},{\"@type\":\"BreadcrumbList\",\"@id\":\"https:\/\/librosdelzorrorojo.com\/ca\/cataleg\/caleidoscopio-animal\/#breadcrumb\",\"itemListElement\":[{\"@type\":\"ListItem\",\"position\":1,\"name\":\"Portada\",\"item\":\"https:\/\/librosdelzorrorojo.com\/ca\/\"},{\"@type\":\"ListItem\",\"position\":2,\"name\":\"Cat\u00e0leg\",\"item\":\"https:\/\/librosdelzorrorojo.com\/ca\/cataleg\/\"},{\"@type\":\"ListItem\",\"position\":3,\"name\":\"Caleidoscopio animal\"}]},{\"@type\":\"WebSite\",\"@id\":\"https:\/\/librosdelzorrorojo.com\/#website\",\"url\":\"https:\/\/librosdelzorrorojo.com\/\",\"name\":\"Libros del Zorro Rojo\",\"description\":\"Libros ilustrados\",\"potentialAction\":[{\"@type\":\"SearchAction\",\"target\":{\"@type\":\"EntryPoint\",\"urlTemplate\":\"https:\/\/librosdelzorrorojo.com\/?s={search_term_string}\"},\"query-input\":{\"@type\":\"PropertyValueSpecification\",\"valueRequired\":true,\"valueName\":\"search_term_string\"}}],\"inLanguage\":\"ca\"}]}<\/script>\n<!-- \/ Yoast SEO plugin. -->","yoast_head_json":{"title":"Caleidoscopio animal - Libros del Zorro Rojo","description":"\"Caleidoscopio animal\" re\u00fane a las criaturas m\u00e1s coloridas y fascinantes de los cinco continentes. Una clasificaci\u00f3n, tan l\u00fadica como interesante, que pone el \u00e9nfasis en las incre\u00edbles envolturas y apariencias del mundo animal.","robots":{"index":"index","follow":"follow","max-snippet":"max-snippet:-1","max-image-preview":"max-image-preview:large","max-video-preview":"max-video-preview:-1"},"canonical":"https:\/\/librosdelzorrorojo.com\/ca\/cataleg\/caleidoscopio-animal\/","og_locale":"ca_ES","og_type":"article","og_title":"Caleidoscopio animal - Libros del Zorro Rojo","og_description":"\"Caleidoscopio animal\" re\u00fane a las criaturas m\u00e1s coloridas y fascinantes de los cinco continentes. Una clasificaci\u00f3n, tan l\u00fadica como interesante, que pone el \u00e9nfasis en las incre\u00edbles envolturas y apariencias del mundo animal.","og_url":"https:\/\/librosdelzorrorojo.com\/ca\/cataleg\/caleidoscopio-animal\/","og_site_name":"Libros del Zorro Rojo","article_modified_time":"2025-12-10T14:07:23+00:00","og_image":[{"width":802,"height":1024,"url":"https:\/\/librosdelzorrorojo.com\/wp-content\/uploads\/2021\/09\/COVER_Caleidoscopio_WEB-802x1024.png","type":"image\/png"}],"twitter_card":"summary_large_image","twitter_misc":{"Temps estimat de lectura":"2 minuts"},"schema":{"@context":"https:\/\/schema.org","@graph":[{"@type":"WebPage","@id":"https:\/\/librosdelzorrorojo.com\/ca\/cataleg\/caleidoscopio-animal\/","url":"https:\/\/librosdelzorrorojo.com\/ca\/cataleg\/caleidoscopio-animal\/","name":"Caleidoscopio animal - Libros del Zorro Rojo","isPartOf":{"@id":"https:\/\/librosdelzorrorojo.com\/#website"},"primaryImageOfPage":{"@id":"https:\/\/librosdelzorrorojo.com\/ca\/cataleg\/caleidoscopio-animal\/#primaryimage"},"image":{"@id":"https:\/\/librosdelzorrorojo.com\/ca\/cataleg\/caleidoscopio-animal\/#primaryimage"},"thumbnailUrl":"https:\/\/librosdelzorrorojo.com\/wp-content\/uploads\/2021\/09\/COVER_Caleidoscopio_WEB.png","datePublished":"2021-09-03T10:54:24+00:00","dateModified":"2025-12-10T14:07:23+00:00","description":"\"Caleidoscopio animal\" re\u00fane a las criaturas m\u00e1s coloridas y fascinantes de los cinco continentes. Una clasificaci\u00f3n, tan l\u00fadica como interesante, que pone el \u00e9nfasis en las incre\u00edbles envolturas y apariencias del mundo animal.","breadcrumb":{"@id":"https:\/\/librosdelzorrorojo.com\/ca\/cataleg\/caleidoscopio-animal\/#breadcrumb"},"inLanguage":"ca","potentialAction":[{"@type":"ReadAction","target":["https:\/\/librosdelzorrorojo.com\/ca\/cataleg\/caleidoscopio-animal\/"]}]},{"@type":"ImageObject","inLanguage":"ca","@id":"https:\/\/librosdelzorrorojo.com\/ca\/cataleg\/caleidoscopio-animal\/#primaryimage","url":"https:\/\/librosdelzorrorojo.com\/wp-content\/uploads\/2021\/09\/COVER_Caleidoscopio_WEB.png","contentUrl":"https:\/\/librosdelzorrorojo.com\/wp-content\/uploads\/2021\/09\/COVER_Caleidoscopio_WEB.png","width":850,"height":1085,"caption":"COVER Caleidoscopio WEB"},{"@type":"BreadcrumbList","@id":"https:\/\/librosdelzorrorojo.com\/ca\/cataleg\/caleidoscopio-animal\/#breadcrumb","itemListElement":[{"@type":"ListItem","position":1,"name":"Portada","item":"https:\/\/librosdelzorrorojo.com\/ca\/"},{"@type":"ListItem","position":2,"name":"Cat\u00e0leg","item":"https:\/\/librosdelzorrorojo.com\/ca\/cataleg\/"},{"@type":"ListItem","position":3,"name":"Caleidoscopio animal"}]},{"@type":"WebSite","@id":"https:\/\/librosdelzorrorojo.com\/#website","url":"https:\/\/librosdelzorrorojo.com\/","name":"Libros del Zorro Rojo","description":"Libros ilustrados","potentialAction":[{"@type":"SearchAction","target":{"@type":"EntryPoint","urlTemplate":"https:\/\/librosdelzorrorojo.com\/?s={search_term_string}"},"query-input":{"@type":"PropertyValueSpecification","valueRequired":true,"valueName":"search_term_string"}}],"inLanguage":"ca"}]}},"_links":{"self":[{"href":"https:\/\/librosdelzorrorojo.com\/ca\/wp-json\/wp\/v2\/product\/20864","targetHints":{"allow":["GET"]}}],"collection":[{"href":"https:\/\/librosdelzorrorojo.com\/ca\/wp-json\/wp\/v2\/product"}],"about":[{"href":"https:\/\/librosdelzorrorojo.com\/ca\/wp-json\/wp\/v2\/types\/product"}],"wp:featuredmedia":[{"embeddable":true,"href":"https:\/\/librosdelzorrorojo.com\/ca\/wp-json\/wp\/v2\/media\/20862"}],"wp:attachment":[{"href":"https:\/\/librosdelzorrorojo.com\/ca\/wp-json\/wp\/v2\/media?parent=20864"}],"wp:term":[{"taxonomy":"product_brand","embeddable":true,"href":"https:\/\/librosdelzorrorojo.com\/ca\/wp-json\/wp\/v2\/product_brand?post=20864"},{"taxonomy":"product_cat","embeddable":true,"href":"https:\/\/librosdelzorrorojo.com\/ca\/wp-json\/wp\/v2\/product_cat?post=20864"},{"taxonomy":"product_tag","embeddable":true,"href":"https:\/\/librosdelzorrorojo.com\/ca\/wp-json\/wp\/v2\/product_tag?post=20864"}],"curies":[{"name":"wp","href":"https:\/\/api.w.org\/{rel}","templated":true}]}}