{"id":20833,"date":"2021-08-25T13:05:06","date_gmt":"2021-08-25T11:05:06","guid":{"rendered":"https:\/\/librosdelzorrorojo.com\/?post_type=product&#038;p=20833"},"modified":"2024-03-01T09:17:06","modified_gmt":"2024-03-01T08:17:06","slug":"calidoscopi-danimals","status":"publish","type":"product","link":"https:\/\/librosdelzorrorojo.com\/ca\/cataleg\/calidoscopi-danimals\/","title":{"rendered":"Calidoscopi d&#8217;animals"},"content":{"rendered":"<p class=\"p1\"><span class=\"s1\">Aquest llibre reuneix les criatures m\u00e9s acolorides i fascinants dels cinc continents. Una classificaci\u00f3, tan l\u00fadica com interessant, que posa l\u2019\u00e8mfasi en els incre\u00efbles embolcalls i aparences del m\u00f3n animal.<\/span><\/p>\n<p class=\"p1\"><span class=\"s1\">Per qu\u00e8 alguns animals opten per una capa d\u2019un \u00fanic color, mentre que d\u2019altres prefereixen un gresol de tonalitats? Quina funci\u00f3 tenen les taques i les ratlles? Per qu\u00e8 algunes cries s\u00f3n tan diferents dels seus pares?<\/span><\/p>\n<p class=\"p1\"><span class=\"s1\">En aquest viatge a trav\u00e9s de l\u2019arc de Sant Mart\u00ed de la nostra fauna descobrirem des d\u2019ocells amb plomes iridescents i gats de pelatge sofisticat fins a peixos amb escames lluents i granotes de pell verinosa. Tots aquests<span class=\"Apple-converted-space\">\u00a0 <\/span>curiosos revestiments tenen una ra\u00f3 de ser: ajuden els animals a sobreviure i a proliferar. Els patrons de la seva pell, els seus dibuixos atrevits i els seus colors brillants ens ajuden a distingir entre mascles i femelles, entre joves i adults; tamb\u00e9 a diferenciar quins s\u00f3n febles o forts. Sigui quin sigui el seu prop\u00f2sit, els colors i dissenys d\u2019aquestes criatures fan del nostre m\u00f3n un lloc m\u00e9s bell i interessant.<\/span><\/p>\n<p class=\"p1\"><span class=\"s1\">L\u2019original organitzaci\u00f3 de Carth Ard \u2014per gamma de colors, patr\u00f3, caracter\u00edstiques f\u00edsiques o t\u00e8cnica de camuflatge\u2014 aconsegueix unir m\u00e9s de tres-centes criatures de mida, comportament i h\u00e0bitat dispars. Greer Stothers utilitza la impressi\u00f3 en risografia i una paleta de colors brillants per crear unes atractives il\u00b7lustracions a doble p\u00e0gina, alhora que juga amb la simetria i la disposici\u00f3 dels diferents animals provocant un efecte calidosc\u00f2pic de gran pot\u00e8ncia gr\u00e0fica.<\/span><\/p>\n<p class=\"p1\"><span class=\"s1\">Aquest \u00e0lbum informatiu sobre hist\u00f2ria natural, f\u00e0cil de llegir i recordar, despertar\u00e0 la curiositat dels primers lectors i els permetr\u00e0 aprendre infinitat de dades sorprenents sobre les diverses esp\u00e8cies que habiten el nostre m\u00f3n. <\/span><\/p>\n<p class=\"p1\"><span class=\"s1\"><i>Calidoscopi d\u2019animals <\/i>inclou, tamb\u00e9, gr\u00e0fics il\u00b7lustrats sobre la classificaci\u00f3 cient\u00edfica dels animals i les seves caracter\u00edstiques, a m\u00e9s d\u2019un glossari i alguns senzills consells per cuidar i protegir la fauna que ens envolta.<\/span><\/p>\n","protected":false},"excerpt":{"rendered":"Aquest llibre reuneix les criatures m\u00e9s acolorides i fascinants dels cinc continents. Una classificaci\u00f3, tan l\u00fadica com interessant, que posa l\u2019\u00e8mfasi en els incre\u00efbles embolcalls i aparences del m\u00f3n animal. Per qu\u00e8 alguns animals opten per una capa d\u2019un \u00fanic color, mentre que d\u2019altres prefereixen un gresol de tonalitats? Quina funci\u00f3 tenen les taques i [&hellip;]","protected":false},"featured_media":20834,"template":"","meta":{"_acf_changed":false},"product_brand":[],"product_cat":[840,843,839],"product_tag":[],"class_list":{"0":"post-20833","1":"product","2":"type-product","3":"status-publish","4":"has-post-thumbnail","6":"product_cat-catala","7":"product_cat-infantiles-ca","8":"product_cat-zona-kids-ca","9":"vinculo-caleidoscopio","11":"first","12":"outofstock","13":"taxable","14":"shipping-taxable","15":"purchasable","16":"product-type-simple"},"acf":[],"yoast_head":"<!-- This site is optimized with the Yoast SEO plugin v25.1 - https:\/\/yoast.com\/wordpress\/plugins\/seo\/ -->\n<title>Calidoscopi d&#039;animals - Libros del Zorro Rojo<\/title>\n<meta name=\"robots\" content=\"index, follow, max-snippet:-1, max-image-preview:large, max-video-preview:-1\" \/>\n<link rel=\"canonical\" href=\"https:\/\/librosdelzorrorojo.com\/ca\/cataleg\/calidoscopi-danimals\/\" \/>\n<meta property=\"og:locale\" content=\"ca_ES\" \/>\n<meta property=\"og:type\" content=\"article\" \/>\n<meta property=\"og:title\" content=\"Calidoscopi d&#039;animals - Libros del Zorro Rojo\" \/>\n<meta property=\"og:description\" content=\"Aquest llibre reuneix les criatures m\u00e9s acolorides i fascinants dels cinc continents. Una classificaci\u00f3, tan l\u00fadica com interessant, que posa l\u2019\u00e8mfasi en els incre\u00efbles embolcalls i aparences del m\u00f3n animal. Per qu\u00e8 alguns animals opten per una capa d\u2019un \u00fanic color, mentre que d\u2019altres prefereixen un gresol de tonalitats? Quina funci\u00f3 tenen les taques i [&hellip;]\" \/>\n<meta property=\"og:url\" content=\"https:\/\/librosdelzorrorojo.com\/ca\/cataleg\/calidoscopi-danimals\/\" \/>\n<meta property=\"og:site_name\" content=\"Libros del Zorro Rojo\" \/>\n<meta property=\"article:modified_time\" content=\"2024-03-01T08:17:06+00:00\" \/>\n<meta property=\"og:image\" content=\"https:\/\/librosdelzorrorojo.com\/wp-content\/uploads\/2021\/09\/COVER_Caleidoscopio-CAT_WEB-802x1024.png\" \/>\n\t<meta property=\"og:image:width\" content=\"802\" \/>\n\t<meta property=\"og:image:height\" content=\"1024\" \/>\n\t<meta property=\"og:image:type\" content=\"image\/png\" \/>\n<meta name=\"twitter:card\" content=\"summary_large_image\" \/>\n<meta name=\"twitter:label1\" content=\"Temps estimat de lectura\" \/>\n\t<meta name=\"twitter:data1\" content=\"2 minuts\" \/>\n<script type=\"application\/ld+json\" class=\"yoast-schema-graph\">{\"@context\":\"https:\/\/schema.org\",\"@graph\":[{\"@type\":\"WebPage\",\"@id\":\"https:\/\/librosdelzorrorojo.com\/ca\/cataleg\/calidoscopi-danimals\/\",\"url\":\"https:\/\/librosdelzorrorojo.com\/ca\/cataleg\/calidoscopi-danimals\/\",\"name\":\"Calidoscopi d'animals - Libros del Zorro Rojo\",\"isPartOf\":{\"@id\":\"https:\/\/librosdelzorrorojo.com\/#website\"},\"primaryImageOfPage\":{\"@id\":\"https:\/\/librosdelzorrorojo.com\/ca\/cataleg\/calidoscopi-danimals\/#primaryimage\"},\"image\":{\"@id\":\"https:\/\/librosdelzorrorojo.com\/ca\/cataleg\/calidoscopi-danimals\/#primaryimage\"},\"thumbnailUrl\":\"https:\/\/librosdelzorrorojo.com\/wp-content\/uploads\/2021\/09\/COVER_Caleidoscopio-CAT_WEB.png\",\"datePublished\":\"2021-08-25T11:05:06+00:00\",\"dateModified\":\"2024-03-01T08:17:06+00:00\",\"breadcrumb\":{\"@id\":\"https:\/\/librosdelzorrorojo.com\/ca\/cataleg\/calidoscopi-danimals\/#breadcrumb\"},\"inLanguage\":\"ca\",\"potentialAction\":[{\"@type\":\"ReadAction\",\"target\":[\"https:\/\/librosdelzorrorojo.com\/ca\/cataleg\/calidoscopi-danimals\/\"]}]},{\"@type\":\"ImageObject\",\"inLanguage\":\"ca\",\"@id\":\"https:\/\/librosdelzorrorojo.com\/ca\/cataleg\/calidoscopi-danimals\/#primaryimage\",\"url\":\"https:\/\/librosdelzorrorojo.com\/wp-content\/uploads\/2021\/09\/COVER_Caleidoscopio-CAT_WEB.png\",\"contentUrl\":\"https:\/\/librosdelzorrorojo.com\/wp-content\/uploads\/2021\/09\/COVER_Caleidoscopio-CAT_WEB.png\",\"width\":850,\"height\":1085,\"caption\":\"COVER Caleidoscopio CAT WEB\"},{\"@type\":\"BreadcrumbList\",\"@id\":\"https:\/\/librosdelzorrorojo.com\/ca\/cataleg\/calidoscopi-danimals\/#breadcrumb\",\"itemListElement\":[{\"@type\":\"ListItem\",\"position\":1,\"name\":\"Portada\",\"item\":\"https:\/\/librosdelzorrorojo.com\/ca\/\"},{\"@type\":\"ListItem\",\"position\":2,\"name\":\"Cat\u00e0leg\",\"item\":\"https:\/\/librosdelzorrorojo.com\/ca\/cataleg\/\"},{\"@type\":\"ListItem\",\"position\":3,\"name\":\"Calidoscopi d&#8217;animals\"}]},{\"@type\":\"WebSite\",\"@id\":\"https:\/\/librosdelzorrorojo.com\/#website\",\"url\":\"https:\/\/librosdelzorrorojo.com\/\",\"name\":\"Libros del Zorro Rojo\",\"description\":\"Libros ilustrados\",\"potentialAction\":[{\"@type\":\"SearchAction\",\"target\":{\"@type\":\"EntryPoint\",\"urlTemplate\":\"https:\/\/librosdelzorrorojo.com\/?s={search_term_string}\"},\"query-input\":{\"@type\":\"PropertyValueSpecification\",\"valueRequired\":true,\"valueName\":\"search_term_string\"}}],\"inLanguage\":\"ca\"}]}<\/script>\n<!-- \/ Yoast SEO plugin. -->","yoast_head_json":{"title":"Calidoscopi d'animals - Libros del Zorro Rojo","robots":{"index":"index","follow":"follow","max-snippet":"max-snippet:-1","max-image-preview":"max-image-preview:large","max-video-preview":"max-video-preview:-1"},"canonical":"https:\/\/librosdelzorrorojo.com\/ca\/cataleg\/calidoscopi-danimals\/","og_locale":"ca_ES","og_type":"article","og_title":"Calidoscopi d'animals - Libros del Zorro Rojo","og_description":"Aquest llibre reuneix les criatures m\u00e9s acolorides i fascinants dels cinc continents. Una classificaci\u00f3, tan l\u00fadica com interessant, que posa l\u2019\u00e8mfasi en els incre\u00efbles embolcalls i aparences del m\u00f3n animal. Per qu\u00e8 alguns animals opten per una capa d\u2019un \u00fanic color, mentre que d\u2019altres prefereixen un gresol de tonalitats? Quina funci\u00f3 tenen les taques i [&hellip;]","og_url":"https:\/\/librosdelzorrorojo.com\/ca\/cataleg\/calidoscopi-danimals\/","og_site_name":"Libros del Zorro Rojo","article_modified_time":"2024-03-01T08:17:06+00:00","og_image":[{"width":802,"height":1024,"url":"https:\/\/librosdelzorrorojo.com\/wp-content\/uploads\/2021\/09\/COVER_Caleidoscopio-CAT_WEB-802x1024.png","type":"image\/png"}],"twitter_card":"summary_large_image","twitter_misc":{"Temps estimat de lectura":"2 minuts"},"schema":{"@context":"https:\/\/schema.org","@graph":[{"@type":"WebPage","@id":"https:\/\/librosdelzorrorojo.com\/ca\/cataleg\/calidoscopi-danimals\/","url":"https:\/\/librosdelzorrorojo.com\/ca\/cataleg\/calidoscopi-danimals\/","name":"Calidoscopi d'animals - Libros del Zorro Rojo","isPartOf":{"@id":"https:\/\/librosdelzorrorojo.com\/#website"},"primaryImageOfPage":{"@id":"https:\/\/librosdelzorrorojo.com\/ca\/cataleg\/calidoscopi-danimals\/#primaryimage"},"image":{"@id":"https:\/\/librosdelzorrorojo.com\/ca\/cataleg\/calidoscopi-danimals\/#primaryimage"},"thumbnailUrl":"https:\/\/librosdelzorrorojo.com\/wp-content\/uploads\/2021\/09\/COVER_Caleidoscopio-CAT_WEB.png","datePublished":"2021-08-25T11:05:06+00:00","dateModified":"2024-03-01T08:17:06+00:00","breadcrumb":{"@id":"https:\/\/librosdelzorrorojo.com\/ca\/cataleg\/calidoscopi-danimals\/#breadcrumb"},"inLanguage":"ca","potentialAction":[{"@type":"ReadAction","target":["https:\/\/librosdelzorrorojo.com\/ca\/cataleg\/calidoscopi-danimals\/"]}]},{"@type":"ImageObject","inLanguage":"ca","@id":"https:\/\/librosdelzorrorojo.com\/ca\/cataleg\/calidoscopi-danimals\/#primaryimage","url":"https:\/\/librosdelzorrorojo.com\/wp-content\/uploads\/2021\/09\/COVER_Caleidoscopio-CAT_WEB.png","contentUrl":"https:\/\/librosdelzorrorojo.com\/wp-content\/uploads\/2021\/09\/COVER_Caleidoscopio-CAT_WEB.png","width":850,"height":1085,"caption":"COVER Caleidoscopio CAT WEB"},{"@type":"BreadcrumbList","@id":"https:\/\/librosdelzorrorojo.com\/ca\/cataleg\/calidoscopi-danimals\/#breadcrumb","itemListElement":[{"@type":"ListItem","position":1,"name":"Portada","item":"https:\/\/librosdelzorrorojo.com\/ca\/"},{"@type":"ListItem","position":2,"name":"Cat\u00e0leg","item":"https:\/\/librosdelzorrorojo.com\/ca\/cataleg\/"},{"@type":"ListItem","position":3,"name":"Calidoscopi d&#8217;animals"}]},{"@type":"WebSite","@id":"https:\/\/librosdelzorrorojo.com\/#website","url":"https:\/\/librosdelzorrorojo.com\/","name":"Libros del Zorro Rojo","description":"Libros ilustrados","potentialAction":[{"@type":"SearchAction","target":{"@type":"EntryPoint","urlTemplate":"https:\/\/librosdelzorrorojo.com\/?s={search_term_string}"},"query-input":{"@type":"PropertyValueSpecification","valueRequired":true,"valueName":"search_term_string"}}],"inLanguage":"ca"}]}},"_links":{"self":[{"href":"https:\/\/librosdelzorrorojo.com\/ca\/wp-json\/wp\/v2\/product\/20833","targetHints":{"allow":["GET"]}}],"collection":[{"href":"https:\/\/librosdelzorrorojo.com\/ca\/wp-json\/wp\/v2\/product"}],"about":[{"href":"https:\/\/librosdelzorrorojo.com\/ca\/wp-json\/wp\/v2\/types\/product"}],"wp:featuredmedia":[{"embeddable":true,"href":"https:\/\/librosdelzorrorojo.com\/ca\/wp-json\/wp\/v2\/media\/20834"}],"wp:attachment":[{"href":"https:\/\/librosdelzorrorojo.com\/ca\/wp-json\/wp\/v2\/media?parent=20833"}],"wp:term":[{"taxonomy":"product_brand","embeddable":true,"href":"https:\/\/librosdelzorrorojo.com\/ca\/wp-json\/wp\/v2\/product_brand?post=20833"},{"taxonomy":"product_cat","embeddable":true,"href":"https:\/\/librosdelzorrorojo.com\/ca\/wp-json\/wp\/v2\/product_cat?post=20833"},{"taxonomy":"product_tag","embeddable":true,"href":"https:\/\/librosdelzorrorojo.com\/ca\/wp-json\/wp\/v2\/product_tag?post=20833"}],"curies":[{"name":"wp","href":"https:\/\/api.w.org\/{rel}","templated":true}]}}