{"id":19763,"date":"2020-12-15T00:01:43","date_gmt":"2020-12-14T23:01:43","guid":{"rendered":"https:\/\/librosdelzorrorojo.com\/?post_type=product&#038;p=19763"},"modified":"2024-03-01T09:17:02","modified_gmt":"2024-03-01T08:17:02","slug":"buu-un-misteri-mari","status":"publish","type":"product","link":"https:\/\/librosdelzorrorojo.com\/ca\/cataleg\/buu-un-misteri-mari\/","title":{"rendered":"BUU! Un misteri mar\u00ed"},"content":{"rendered":"<p>A la profunditat del mar blau, un peixet rosa llan\u00e7a una pregunta: \u00abAlg\u00fa vol jugar?\u00bb. Amagat al forat d\u2019una roca crida: \u00abBUU!\u00bb. Els peixos, desprevinguts, afirmen haver sentit un crit horripilant, que ha fet que s\u2019escampi la por sota les ones. Tothom est\u00e0 espantat: el pop vermell, la tortuga verda, l\u2019anguila groga i fins i tot els taurons grisos fugen a patolls en mig d\u2019un remol\u00ed de bombolles de colors.<\/p>\n<p>Kate Read, autora d\u2019<em>Una Guineu<\/em>, presenta un trepidant relat de misteri, ple d\u2019humor i sorpreses. A m\u00e9s d\u2019una hist\u00f2ria original i entretinguda, el llibre ofereix una doble p\u00e0gina amb informaci\u00f3 sobre els amics del peixet rosa: per qu\u00e8 les sardines neden en grup?, com es camufla el pop?, qu\u00e8 fan els crancs quan s\u2019espanten?<\/p>\n<p>Les vibrants i coloristes estampes destaquen per la seva extraordin\u00e0ria plasticitat i la riquesa de matisos de l\u2019univers de criatures aqu\u00e0tiques. La il\u00b7lustradora combina la pintura i el <em>collage<\/em>, utilitzant dibuixos retallats, que donen textura i moviment a les composicions.<\/p>\n<p>Una hist\u00f2ria ideal per a l\u2019educaci\u00f3 preescolar i per a la lectura en veu alta, amb un final sorprenent, que converteix en heroi al petit protagonista.<\/p>\n<p><img decoding=\"async\" src=\"https:\/\/librosdelzorrorojo.com\/wp-content\/uploads\/2021\/09\/DC-ICEC-horitzontal-cos12-bn-1-600x80.png\" alt=\"\" width=\"300\" height=\"40\" class=\"alignnone wp-image-23704\" srcset=\"https:\/\/librosdelzorrorojo.com\/wp-content\/uploads\/2021\/09\/DC-ICEC-horitzontal-cos12-bn-1-600x80.png 600w, https:\/\/librosdelzorrorojo.com\/wp-content\/uploads\/2021\/09\/DC-ICEC-horitzontal-cos12-bn-1-1024x137.png 1024w, https:\/\/librosdelzorrorojo.com\/wp-content\/uploads\/2021\/09\/DC-ICEC-horitzontal-cos12-bn-1-768x103.png 768w, https:\/\/librosdelzorrorojo.com\/wp-content\/uploads\/2021\/09\/DC-ICEC-horitzontal-cos12-bn-1-800x107.png 800w, https:\/\/librosdelzorrorojo.com\/wp-content\/uploads\/2021\/09\/DC-ICEC-horitzontal-cos12-bn-1.png 1482w\" sizes=\"(max-width: 300px) 100vw, 300px\" \/><\/p>\n<p>&nbsp;<\/p>\n","protected":false},"excerpt":{"rendered":"A la profunditat del mar blau, un peixet rosa llan\u00e7a una pregunta: \u00abAlg\u00fa vol jugar?\u00bb. Amagat al forat d\u2019una roca crida: \u00abBUU!\u00bb. Els peixos, desprevinguts, afirmen haver sentit un crit horripilant, que ha fet que s\u2019escampi la por sota les ones. Tothom est\u00e0 espantat: el pop vermell, la tortuga verda, l\u2019anguila groga i fins i [&hellip;]","protected":false},"featured_media":19772,"template":"","meta":{"_acf_changed":false},"product_brand":[],"product_cat":[840,843,839],"product_tag":[],"class_list":{"0":"post-19763","1":"product","2":"type-product","3":"status-publish","4":"has-post-thumbnail","6":"product_cat-catala","7":"product_cat-infantiles-ca","8":"product_cat-zona-kids-ca","9":"vinculo-buu","11":"first","12":"instock","13":"taxable","14":"shipping-taxable","15":"purchasable","16":"product-type-simple"},"acf":[],"yoast_head":"<!-- This site is optimized with the Yoast SEO plugin v25.1 - https:\/\/yoast.com\/wordpress\/plugins\/seo\/ -->\n<title>BUU! Un misteri mar\u00ed - Libros del Zorro Rojo<\/title>\n<meta name=\"robots\" content=\"index, follow, max-snippet:-1, max-image-preview:large, max-video-preview:-1\" \/>\n<link rel=\"canonical\" href=\"https:\/\/librosdelzorrorojo.com\/ca\/cataleg\/buu-un-misteri-mari\/\" \/>\n<meta property=\"og:locale\" content=\"ca_ES\" \/>\n<meta property=\"og:type\" content=\"article\" \/>\n<meta property=\"og:title\" content=\"BUU! Un misteri mar\u00ed - Libros del Zorro Rojo\" \/>\n<meta property=\"og:description\" content=\"A la profunditat del mar blau, un peixet rosa llan\u00e7a una pregunta: \u00abAlg\u00fa vol jugar?\u00bb. Amagat al forat d\u2019una roca crida: \u00abBUU!\u00bb. Els peixos, desprevinguts, afirmen haver sentit un crit horripilant, que ha fet que s\u2019escampi la por sota les ones. Tothom est\u00e0 espantat: el pop vermell, la tortuga verda, l\u2019anguila groga i fins i [&hellip;]\" \/>\n<meta property=\"og:url\" content=\"https:\/\/librosdelzorrorojo.com\/ca\/cataleg\/buu-un-misteri-mari\/\" \/>\n<meta property=\"og:site_name\" content=\"Libros del Zorro Rojo\" \/>\n<meta property=\"article:modified_time\" content=\"2024-03-01T08:17:02+00:00\" \/>\n<meta property=\"og:image\" content=\"https:\/\/librosdelzorrorojo.com\/wp-content\/uploads\/2021\/03\/COVER_BUU-CAT_WEB.png\" \/>\n\t<meta property=\"og:image:width\" content=\"850\" \/>\n\t<meta property=\"og:image:height\" content=\"850\" \/>\n\t<meta property=\"og:image:type\" content=\"image\/png\" \/>\n<meta name=\"twitter:card\" content=\"summary_large_image\" \/>\n<meta name=\"twitter:label1\" content=\"Temps estimat de lectura\" \/>\n\t<meta name=\"twitter:data1\" content=\"2 minuts\" \/>\n<script type=\"application\/ld+json\" class=\"yoast-schema-graph\">{\"@context\":\"https:\/\/schema.org\",\"@graph\":[{\"@type\":\"WebPage\",\"@id\":\"https:\/\/librosdelzorrorojo.com\/ca\/cataleg\/buu-un-misteri-mari\/\",\"url\":\"https:\/\/librosdelzorrorojo.com\/ca\/cataleg\/buu-un-misteri-mari\/\",\"name\":\"BUU! Un misteri mar\u00ed - Libros del Zorro Rojo\",\"isPartOf\":{\"@id\":\"https:\/\/librosdelzorrorojo.com\/#website\"},\"primaryImageOfPage\":{\"@id\":\"https:\/\/librosdelzorrorojo.com\/ca\/cataleg\/buu-un-misteri-mari\/#primaryimage\"},\"image\":{\"@id\":\"https:\/\/librosdelzorrorojo.com\/ca\/cataleg\/buu-un-misteri-mari\/#primaryimage\"},\"thumbnailUrl\":\"https:\/\/librosdelzorrorojo.com\/wp-content\/uploads\/2021\/03\/COVER_BUU-CAT_WEB.png\",\"datePublished\":\"2020-12-14T23:01:43+00:00\",\"dateModified\":\"2024-03-01T08:17:02+00:00\",\"breadcrumb\":{\"@id\":\"https:\/\/librosdelzorrorojo.com\/ca\/cataleg\/buu-un-misteri-mari\/#breadcrumb\"},\"inLanguage\":\"ca\",\"potentialAction\":[{\"@type\":\"ReadAction\",\"target\":[\"https:\/\/librosdelzorrorojo.com\/ca\/cataleg\/buu-un-misteri-mari\/\"]}]},{\"@type\":\"ImageObject\",\"inLanguage\":\"ca\",\"@id\":\"https:\/\/librosdelzorrorojo.com\/ca\/cataleg\/buu-un-misteri-mari\/#primaryimage\",\"url\":\"https:\/\/librosdelzorrorojo.com\/wp-content\/uploads\/2021\/03\/COVER_BUU-CAT_WEB.png\",\"contentUrl\":\"https:\/\/librosdelzorrorojo.com\/wp-content\/uploads\/2021\/03\/COVER_BUU-CAT_WEB.png\",\"width\":850,\"height\":850,\"caption\":\"COVER BUU CAT WEB\"},{\"@type\":\"BreadcrumbList\",\"@id\":\"https:\/\/librosdelzorrorojo.com\/ca\/cataleg\/buu-un-misteri-mari\/#breadcrumb\",\"itemListElement\":[{\"@type\":\"ListItem\",\"position\":1,\"name\":\"Portada\",\"item\":\"https:\/\/librosdelzorrorojo.com\/ca\/\"},{\"@type\":\"ListItem\",\"position\":2,\"name\":\"Cat\u00e0leg\",\"item\":\"https:\/\/librosdelzorrorojo.com\/ca\/cataleg\/\"},{\"@type\":\"ListItem\",\"position\":3,\"name\":\"BUU! Un misteri mar\u00ed\"}]},{\"@type\":\"WebSite\",\"@id\":\"https:\/\/librosdelzorrorojo.com\/#website\",\"url\":\"https:\/\/librosdelzorrorojo.com\/\",\"name\":\"Libros del Zorro Rojo\",\"description\":\"Libros ilustrados\",\"potentialAction\":[{\"@type\":\"SearchAction\",\"target\":{\"@type\":\"EntryPoint\",\"urlTemplate\":\"https:\/\/librosdelzorrorojo.com\/?s={search_term_string}\"},\"query-input\":{\"@type\":\"PropertyValueSpecification\",\"valueRequired\":true,\"valueName\":\"search_term_string\"}}],\"inLanguage\":\"ca\"}]}<\/script>\n<!-- \/ Yoast SEO plugin. -->","yoast_head_json":{"title":"BUU! Un misteri mar\u00ed - Libros del Zorro Rojo","robots":{"index":"index","follow":"follow","max-snippet":"max-snippet:-1","max-image-preview":"max-image-preview:large","max-video-preview":"max-video-preview:-1"},"canonical":"https:\/\/librosdelzorrorojo.com\/ca\/cataleg\/buu-un-misteri-mari\/","og_locale":"ca_ES","og_type":"article","og_title":"BUU! Un misteri mar\u00ed - Libros del Zorro Rojo","og_description":"A la profunditat del mar blau, un peixet rosa llan\u00e7a una pregunta: \u00abAlg\u00fa vol jugar?\u00bb. Amagat al forat d\u2019una roca crida: \u00abBUU!\u00bb. Els peixos, desprevinguts, afirmen haver sentit un crit horripilant, que ha fet que s\u2019escampi la por sota les ones. Tothom est\u00e0 espantat: el pop vermell, la tortuga verda, l\u2019anguila groga i fins i [&hellip;]","og_url":"https:\/\/librosdelzorrorojo.com\/ca\/cataleg\/buu-un-misteri-mari\/","og_site_name":"Libros del Zorro Rojo","article_modified_time":"2024-03-01T08:17:02+00:00","og_image":[{"width":850,"height":850,"url":"https:\/\/librosdelzorrorojo.com\/wp-content\/uploads\/2021\/03\/COVER_BUU-CAT_WEB.png","type":"image\/png"}],"twitter_card":"summary_large_image","twitter_misc":{"Temps estimat de lectura":"2 minuts"},"schema":{"@context":"https:\/\/schema.org","@graph":[{"@type":"WebPage","@id":"https:\/\/librosdelzorrorojo.com\/ca\/cataleg\/buu-un-misteri-mari\/","url":"https:\/\/librosdelzorrorojo.com\/ca\/cataleg\/buu-un-misteri-mari\/","name":"BUU! Un misteri mar\u00ed - Libros del Zorro Rojo","isPartOf":{"@id":"https:\/\/librosdelzorrorojo.com\/#website"},"primaryImageOfPage":{"@id":"https:\/\/librosdelzorrorojo.com\/ca\/cataleg\/buu-un-misteri-mari\/#primaryimage"},"image":{"@id":"https:\/\/librosdelzorrorojo.com\/ca\/cataleg\/buu-un-misteri-mari\/#primaryimage"},"thumbnailUrl":"https:\/\/librosdelzorrorojo.com\/wp-content\/uploads\/2021\/03\/COVER_BUU-CAT_WEB.png","datePublished":"2020-12-14T23:01:43+00:00","dateModified":"2024-03-01T08:17:02+00:00","breadcrumb":{"@id":"https:\/\/librosdelzorrorojo.com\/ca\/cataleg\/buu-un-misteri-mari\/#breadcrumb"},"inLanguage":"ca","potentialAction":[{"@type":"ReadAction","target":["https:\/\/librosdelzorrorojo.com\/ca\/cataleg\/buu-un-misteri-mari\/"]}]},{"@type":"ImageObject","inLanguage":"ca","@id":"https:\/\/librosdelzorrorojo.com\/ca\/cataleg\/buu-un-misteri-mari\/#primaryimage","url":"https:\/\/librosdelzorrorojo.com\/wp-content\/uploads\/2021\/03\/COVER_BUU-CAT_WEB.png","contentUrl":"https:\/\/librosdelzorrorojo.com\/wp-content\/uploads\/2021\/03\/COVER_BUU-CAT_WEB.png","width":850,"height":850,"caption":"COVER BUU CAT WEB"},{"@type":"BreadcrumbList","@id":"https:\/\/librosdelzorrorojo.com\/ca\/cataleg\/buu-un-misteri-mari\/#breadcrumb","itemListElement":[{"@type":"ListItem","position":1,"name":"Portada","item":"https:\/\/librosdelzorrorojo.com\/ca\/"},{"@type":"ListItem","position":2,"name":"Cat\u00e0leg","item":"https:\/\/librosdelzorrorojo.com\/ca\/cataleg\/"},{"@type":"ListItem","position":3,"name":"BUU! Un misteri mar\u00ed"}]},{"@type":"WebSite","@id":"https:\/\/librosdelzorrorojo.com\/#website","url":"https:\/\/librosdelzorrorojo.com\/","name":"Libros del Zorro Rojo","description":"Libros ilustrados","potentialAction":[{"@type":"SearchAction","target":{"@type":"EntryPoint","urlTemplate":"https:\/\/librosdelzorrorojo.com\/?s={search_term_string}"},"query-input":{"@type":"PropertyValueSpecification","valueRequired":true,"valueName":"search_term_string"}}],"inLanguage":"ca"}]}},"_links":{"self":[{"href":"https:\/\/librosdelzorrorojo.com\/ca\/wp-json\/wp\/v2\/product\/19763","targetHints":{"allow":["GET"]}}],"collection":[{"href":"https:\/\/librosdelzorrorojo.com\/ca\/wp-json\/wp\/v2\/product"}],"about":[{"href":"https:\/\/librosdelzorrorojo.com\/ca\/wp-json\/wp\/v2\/types\/product"}],"wp:featuredmedia":[{"embeddable":true,"href":"https:\/\/librosdelzorrorojo.com\/ca\/wp-json\/wp\/v2\/media\/19772"}],"wp:attachment":[{"href":"https:\/\/librosdelzorrorojo.com\/ca\/wp-json\/wp\/v2\/media?parent=19763"}],"wp:term":[{"taxonomy":"product_brand","embeddable":true,"href":"https:\/\/librosdelzorrorojo.com\/ca\/wp-json\/wp\/v2\/product_brand?post=19763"},{"taxonomy":"product_cat","embeddable":true,"href":"https:\/\/librosdelzorrorojo.com\/ca\/wp-json\/wp\/v2\/product_cat?post=19763"},{"taxonomy":"product_tag","embeddable":true,"href":"https:\/\/librosdelzorrorojo.com\/ca\/wp-json\/wp\/v2\/product_tag?post=19763"}],"curies":[{"name":"wp","href":"https:\/\/api.w.org\/{rel}","templated":true}]}}