{"id":19759,"date":"2021-03-31T00:01:31","date_gmt":"2021-03-30T22:01:31","guid":{"rendered":"https:\/\/librosdelzorrorojo.com\/catalogo\/metropolis\/"},"modified":"2024-02-29T11:42:15","modified_gmt":"2024-02-29T10:42:15","slug":"metropolis","status":"publish","type":"product","link":"https:\/\/librosdelzorrorojo.com\/ca\/cataleg\/metropolis\/","title":{"rendered":"Metr\u00f3polis"},"content":{"rendered":"<p class=\"p1\"><span class=\"s1\">Christian Montenegro presenta en <i>Metr\u00f3polis<\/i> uno de sus trabajos de mayor fuerza visual hasta la fecha: un aut\u00e9ntico homenaje al m\u00edtico film de Fritz Lang, uno de los m\u00e1s importantes de la historia del cine y el primer largometraje considerado Memoria del Mundo por la UNESCO. <\/span><\/p>\n<p class=\"p1\"><span class=\"s1\">En esta distop\u00eda, que llega a las librer\u00edas en forma de novela gr\u00e1fica, el artista argentino reedita el choque de los dos mundos de la ciudad de Metr\u00f3polis: por un lado, el de la \u00e9lite de ricos que dirige desde luminosos rascacielos y, por el otro, el de los trabajadores que exten\u00faan sus fuerzas durante jornadas interminables al servicio de las m\u00e1quinas.\u00a0<\/span><\/p>\n<p class=\"p1\"><span class=\"s1\">Las l\u00edneas duras y la t\u00e9cnica digital, junto con los contrastes crom\u00e1ticos, recrean la esencia maquinal y los trazos de ese laberinto urbano y su explosiva transformaci\u00f3n en un campo de batalla de luces y sombras, formas y movimientos. Montenegro reproduce los patrones gr\u00e1ficos de cada escena y consigue capturar en sus dibujos esa danza continua y geom\u00e9trica, caracter\u00edstica de la pel\u00edcula.<\/span><\/p>\n<p class=\"p1\"><span class=\"s1\">La presente edici\u00f3n, que a\u00f1ade un nuevo t\u00edtulo a nuestra serie de cine cl\u00e1sico inaugurada por <i>Potemkin<\/i>, tambi\u00e9n incluye un ep\u00edlogo de Fernando Mart\u00edn Pe\u00f1a, director de la secci\u00f3n de cine del Museo de Arte Latinoamericano de Buenos Aires, donde recuper\u00f3 en 2008 una copia de la pel\u00edcula en versi\u00f3n extendida.<span class=\"Apple-converted-space\">\u00a0 <\/span>El historiador y archivista da cuenta de esta notable exhumaci\u00f3n al tiempo que recorre los detalles hist\u00f3ricos de esta f\u00e1bula infinita.<\/span><\/p>\n","protected":false},"excerpt":{"rendered":"Christian Montenegro presenta en Metr\u00f3polis uno de sus trabajos de mayor fuerza visual hasta la fecha: un aut\u00e9ntico homenaje al m\u00edtico film de Fritz Lang, uno de los m\u00e1s importantes de la historia del cine y el primer largometraje considerado Memoria del Mundo por la UNESCO. En esta distop\u00eda, que llega a las librer\u00edas en [&hellip;]","protected":false},"featured_media":19744,"template":"","meta":{"_acf_changed":false},"product_brand":[],"product_cat":[844,3156,846],"product_tag":[],"class_list":{"0":"post-19759","1":"product","2":"type-product","3":"status-publish","4":"has-post-thumbnail","6":"product_cat-castella","7":"product_cat-juvenil-adult","8":"product_cat-novedades-ca","10":"first","11":"instock","12":"taxable","13":"shipping-taxable","14":"purchasable","15":"product-type-simple"},"acf":[],"yoast_head":"<!-- This site is optimized with the Yoast SEO plugin v25.1 - https:\/\/yoast.com\/wordpress\/plugins\/seo\/ -->\n<title>Metr\u00f3polis - Libros del Zorro Rojo<\/title>\n<meta name=\"robots\" content=\"index, follow, max-snippet:-1, max-image-preview:large, max-video-preview:-1\" \/>\n<link rel=\"canonical\" href=\"https:\/\/librosdelzorrorojo.com\/ca\/cataleg\/metropolis\/\" \/>\n<meta property=\"og:locale\" content=\"ca_ES\" \/>\n<meta property=\"og:type\" content=\"article\" \/>\n<meta property=\"og:title\" content=\"Metr\u00f3polis - Libros del Zorro Rojo\" \/>\n<meta property=\"og:description\" content=\"Christian Montenegro presenta en Metr\u00f3polis uno de sus trabajos de mayor fuerza visual hasta la fecha: un aut\u00e9ntico homenaje al m\u00edtico film de Fritz Lang, uno de los m\u00e1s importantes de la historia del cine y el primer largometraje considerado Memoria del Mundo por la UNESCO. En esta distop\u00eda, que llega a las librer\u00edas en [&hellip;]\" \/>\n<meta property=\"og:url\" content=\"https:\/\/librosdelzorrorojo.com\/ca\/cataleg\/metropolis\/\" \/>\n<meta property=\"og:site_name\" content=\"Libros del Zorro Rojo\" \/>\n<meta property=\"article:modified_time\" content=\"2024-02-29T10:42:15+00:00\" \/>\n<meta property=\"og:image\" content=\"https:\/\/librosdelzorrorojo.com\/wp-content\/uploads\/2021\/03\/COVER_Metropolis_WEB.jpg\" \/>\n\t<meta property=\"og:image:width\" content=\"850\" \/>\n\t<meta property=\"og:image:height\" content=\"1198\" \/>\n\t<meta property=\"og:image:type\" content=\"image\/jpeg\" \/>\n<meta name=\"twitter:card\" content=\"summary_large_image\" \/>\n<meta name=\"twitter:label1\" content=\"Temps estimat de lectura\" \/>\n\t<meta name=\"twitter:data1\" content=\"1 minut\" \/>\n<script type=\"application\/ld+json\" class=\"yoast-schema-graph\">{\"@context\":\"https:\/\/schema.org\",\"@graph\":[{\"@type\":\"WebPage\",\"@id\":\"https:\/\/librosdelzorrorojo.com\/ca\/cataleg\/metropolis\/\",\"url\":\"https:\/\/librosdelzorrorojo.com\/ca\/cataleg\/metropolis\/\",\"name\":\"Metr\u00f3polis - Libros del Zorro Rojo\",\"isPartOf\":{\"@id\":\"https:\/\/librosdelzorrorojo.com\/#website\"},\"primaryImageOfPage\":{\"@id\":\"https:\/\/librosdelzorrorojo.com\/ca\/cataleg\/metropolis\/#primaryimage\"},\"image\":{\"@id\":\"https:\/\/librosdelzorrorojo.com\/ca\/cataleg\/metropolis\/#primaryimage\"},\"thumbnailUrl\":\"https:\/\/librosdelzorrorojo.com\/wp-content\/uploads\/2021\/03\/COVER_Metropolis_WEB.jpg\",\"datePublished\":\"2021-03-30T22:01:31+00:00\",\"dateModified\":\"2024-02-29T10:42:15+00:00\",\"breadcrumb\":{\"@id\":\"https:\/\/librosdelzorrorojo.com\/ca\/cataleg\/metropolis\/#breadcrumb\"},\"inLanguage\":\"ca\",\"potentialAction\":[{\"@type\":\"ReadAction\",\"target\":[\"https:\/\/librosdelzorrorojo.com\/ca\/cataleg\/metropolis\/\"]}]},{\"@type\":\"ImageObject\",\"inLanguage\":\"ca\",\"@id\":\"https:\/\/librosdelzorrorojo.com\/ca\/cataleg\/metropolis\/#primaryimage\",\"url\":\"https:\/\/librosdelzorrorojo.com\/wp-content\/uploads\/2021\/03\/COVER_Metropolis_WEB.jpg\",\"contentUrl\":\"https:\/\/librosdelzorrorojo.com\/wp-content\/uploads\/2021\/03\/COVER_Metropolis_WEB.jpg\",\"width\":850,\"height\":1198,\"caption\":\"COVER Metropolis WEB\"},{\"@type\":\"BreadcrumbList\",\"@id\":\"https:\/\/librosdelzorrorojo.com\/ca\/cataleg\/metropolis\/#breadcrumb\",\"itemListElement\":[{\"@type\":\"ListItem\",\"position\":1,\"name\":\"Portada\",\"item\":\"https:\/\/librosdelzorrorojo.com\/ca\/\"},{\"@type\":\"ListItem\",\"position\":2,\"name\":\"Cat\u00e0leg\",\"item\":\"https:\/\/librosdelzorrorojo.com\/ca\/cataleg\/\"},{\"@type\":\"ListItem\",\"position\":3,\"name\":\"Metr\u00f3polis\"}]},{\"@type\":\"WebSite\",\"@id\":\"https:\/\/librosdelzorrorojo.com\/#website\",\"url\":\"https:\/\/librosdelzorrorojo.com\/\",\"name\":\"Libros del Zorro Rojo\",\"description\":\"Libros ilustrados\",\"potentialAction\":[{\"@type\":\"SearchAction\",\"target\":{\"@type\":\"EntryPoint\",\"urlTemplate\":\"https:\/\/librosdelzorrorojo.com\/?s={search_term_string}\"},\"query-input\":{\"@type\":\"PropertyValueSpecification\",\"valueRequired\":true,\"valueName\":\"search_term_string\"}}],\"inLanguage\":\"ca\"}]}<\/script>\n<!-- \/ Yoast SEO plugin. -->","yoast_head_json":{"title":"Metr\u00f3polis - Libros del Zorro Rojo","robots":{"index":"index","follow":"follow","max-snippet":"max-snippet:-1","max-image-preview":"max-image-preview:large","max-video-preview":"max-video-preview:-1"},"canonical":"https:\/\/librosdelzorrorojo.com\/ca\/cataleg\/metropolis\/","og_locale":"ca_ES","og_type":"article","og_title":"Metr\u00f3polis - Libros del Zorro Rojo","og_description":"Christian Montenegro presenta en Metr\u00f3polis uno de sus trabajos de mayor fuerza visual hasta la fecha: un aut\u00e9ntico homenaje al m\u00edtico film de Fritz Lang, uno de los m\u00e1s importantes de la historia del cine y el primer largometraje considerado Memoria del Mundo por la UNESCO. En esta distop\u00eda, que llega a las librer\u00edas en [&hellip;]","og_url":"https:\/\/librosdelzorrorojo.com\/ca\/cataleg\/metropolis\/","og_site_name":"Libros del Zorro Rojo","article_modified_time":"2024-02-29T10:42:15+00:00","og_image":[{"width":850,"height":1198,"url":"https:\/\/librosdelzorrorojo.com\/wp-content\/uploads\/2021\/03\/COVER_Metropolis_WEB.jpg","type":"image\/jpeg"}],"twitter_card":"summary_large_image","twitter_misc":{"Temps estimat de lectura":"1 minut"},"schema":{"@context":"https:\/\/schema.org","@graph":[{"@type":"WebPage","@id":"https:\/\/librosdelzorrorojo.com\/ca\/cataleg\/metropolis\/","url":"https:\/\/librosdelzorrorojo.com\/ca\/cataleg\/metropolis\/","name":"Metr\u00f3polis - Libros del Zorro Rojo","isPartOf":{"@id":"https:\/\/librosdelzorrorojo.com\/#website"},"primaryImageOfPage":{"@id":"https:\/\/librosdelzorrorojo.com\/ca\/cataleg\/metropolis\/#primaryimage"},"image":{"@id":"https:\/\/librosdelzorrorojo.com\/ca\/cataleg\/metropolis\/#primaryimage"},"thumbnailUrl":"https:\/\/librosdelzorrorojo.com\/wp-content\/uploads\/2021\/03\/COVER_Metropolis_WEB.jpg","datePublished":"2021-03-30T22:01:31+00:00","dateModified":"2024-02-29T10:42:15+00:00","breadcrumb":{"@id":"https:\/\/librosdelzorrorojo.com\/ca\/cataleg\/metropolis\/#breadcrumb"},"inLanguage":"ca","potentialAction":[{"@type":"ReadAction","target":["https:\/\/librosdelzorrorojo.com\/ca\/cataleg\/metropolis\/"]}]},{"@type":"ImageObject","inLanguage":"ca","@id":"https:\/\/librosdelzorrorojo.com\/ca\/cataleg\/metropolis\/#primaryimage","url":"https:\/\/librosdelzorrorojo.com\/wp-content\/uploads\/2021\/03\/COVER_Metropolis_WEB.jpg","contentUrl":"https:\/\/librosdelzorrorojo.com\/wp-content\/uploads\/2021\/03\/COVER_Metropolis_WEB.jpg","width":850,"height":1198,"caption":"COVER Metropolis WEB"},{"@type":"BreadcrumbList","@id":"https:\/\/librosdelzorrorojo.com\/ca\/cataleg\/metropolis\/#breadcrumb","itemListElement":[{"@type":"ListItem","position":1,"name":"Portada","item":"https:\/\/librosdelzorrorojo.com\/ca\/"},{"@type":"ListItem","position":2,"name":"Cat\u00e0leg","item":"https:\/\/librosdelzorrorojo.com\/ca\/cataleg\/"},{"@type":"ListItem","position":3,"name":"Metr\u00f3polis"}]},{"@type":"WebSite","@id":"https:\/\/librosdelzorrorojo.com\/#website","url":"https:\/\/librosdelzorrorojo.com\/","name":"Libros del Zorro Rojo","description":"Libros ilustrados","potentialAction":[{"@type":"SearchAction","target":{"@type":"EntryPoint","urlTemplate":"https:\/\/librosdelzorrorojo.com\/?s={search_term_string}"},"query-input":{"@type":"PropertyValueSpecification","valueRequired":true,"valueName":"search_term_string"}}],"inLanguage":"ca"}]}},"_links":{"self":[{"href":"https:\/\/librosdelzorrorojo.com\/ca\/wp-json\/wp\/v2\/product\/19759","targetHints":{"allow":["GET"]}}],"collection":[{"href":"https:\/\/librosdelzorrorojo.com\/ca\/wp-json\/wp\/v2\/product"}],"about":[{"href":"https:\/\/librosdelzorrorojo.com\/ca\/wp-json\/wp\/v2\/types\/product"}],"wp:featuredmedia":[{"embeddable":true,"href":"https:\/\/librosdelzorrorojo.com\/ca\/wp-json\/wp\/v2\/media\/19744"}],"wp:attachment":[{"href":"https:\/\/librosdelzorrorojo.com\/ca\/wp-json\/wp\/v2\/media?parent=19759"}],"wp:term":[{"taxonomy":"product_brand","embeddable":true,"href":"https:\/\/librosdelzorrorojo.com\/ca\/wp-json\/wp\/v2\/product_brand?post=19759"},{"taxonomy":"product_cat","embeddable":true,"href":"https:\/\/librosdelzorrorojo.com\/ca\/wp-json\/wp\/v2\/product_cat?post=19759"},{"taxonomy":"product_tag","embeddable":true,"href":"https:\/\/librosdelzorrorojo.com\/ca\/wp-json\/wp\/v2\/product_tag?post=19759"}],"curies":[{"name":"wp","href":"https:\/\/api.w.org\/{rel}","templated":true}]}}