{"id":19620,"date":"2021-03-17T01:42:59","date_gmt":"2021-03-17T00:42:59","guid":{"rendered":"https:\/\/librosdelzorrorojo.com\/?post_type=product&#038;p=19620"},"modified":"2024-03-01T09:18:42","modified_gmt":"2024-03-01T08:18:42","slug":"el-gato-negro-y-otros-relatos-de-terror","status":"publish","type":"product","link":"https:\/\/librosdelzorrorojo.com\/ca\/cataleg\/el-gato-negro-y-otros-relatos-de-terror\/","title":{"rendered":"El gato negro y otros relatos de terror"},"content":{"rendered":"<p>As\u00ed comienza la historia de \u00abEl gato negro\u00bb. En ella \u2014como en \u00abEl pozo y el p\u00e9ndulo\u00bb y en \u00abEl entierro prematuro\u00bb, cuentos que conforman esta selecci\u00f3n\u2014, lo cotidiano es invadido por una naturaleza oscura y desconcertante. La comprensi\u00f3n racional se revela exigua frente a la potencia de lo inveros\u00edmil y a la irrupci\u00f3n del elemento sobrenatural. Los relatos aqu\u00ed reunidos est\u00e1n trabajados por una pluma que realza los rasgos m\u00e1s atroces y l\u00fagubres.<\/p>\n<p>Las ilustraciones del c\u00e9lebre artista argentino Luis Scafati exploran los juegos de claroscuros en composiciones donde las manchas de tinta se confunden con las de sangre, y recrean las atm\u00f3sferas y personajes macabros de las tinieblas del universo de Poe.<\/p>\n<p><img decoding=\"async\" src=\"https:\/\/librosdelzorrorojo.com\/wp-content\/uploads\/2017\/09\/logo-generalitat2.jpg\" alt=\"\" width=\"200\" height=\"67\" class=\"alignnone size-full wp-image-11151\" \/><\/p>\n","protected":false},"excerpt":{"rendered":"Las ilustraciones del c\u00e9lebre artista argentino Luis Scafati exploran los juegos de claroscuros en composiciones donde las manchas de tinta se confunden con las de sangre, y recrean las atm\u00f3sferas y personajes macabros de las tinieblas del universo de Poe.","protected":false},"featured_media":19611,"template":"","meta":{"_acf_changed":false},"product_brand":[],"product_cat":[844,3156,846],"product_tag":[],"class_list":{"0":"post-19620","1":"product","2":"type-product","3":"status-publish","4":"has-post-thumbnail","6":"product_cat-castella","7":"product_cat-juvenil-adult","8":"product_cat-novedades-ca","10":"first","11":"instock","12":"taxable","13":"shipping-taxable","14":"purchasable","15":"product-type-simple"},"acf":[],"yoast_head":"<!-- This site is optimized with the Yoast SEO plugin v25.1 - https:\/\/yoast.com\/wordpress\/plugins\/seo\/ -->\n<title>El gato negro y otros relatos de terror - Libros del Zorro Rojo<\/title>\n<meta name=\"description\" content=\"Las ilustraciones del c\u00e9lebre artista argentino Luis Scafati exploran los juegos en composiciones donde las manchas de tinta se confunden con las de sangre\" \/>\n<meta name=\"robots\" content=\"index, follow, max-snippet:-1, max-image-preview:large, max-video-preview:-1\" \/>\n<link rel=\"canonical\" href=\"https:\/\/librosdelzorrorojo.com\/ca\/cataleg\/el-gato-negro-y-otros-relatos-de-terror\/\" \/>\n<meta property=\"og:locale\" content=\"ca_ES\" \/>\n<meta property=\"og:type\" content=\"article\" \/>\n<meta property=\"og:title\" content=\"El gato negro y otros relatos de terror - Libros del Zorro Rojo\" \/>\n<meta property=\"og:description\" content=\"Las ilustraciones del c\u00e9lebre artista argentino Luis Scafati exploran los juegos en composiciones donde las manchas de tinta se confunden con las de sangre\" \/>\n<meta property=\"og:url\" content=\"https:\/\/librosdelzorrorojo.com\/ca\/cataleg\/el-gato-negro-y-otros-relatos-de-terror\/\" \/>\n<meta property=\"og:site_name\" content=\"Libros del Zorro Rojo\" \/>\n<meta property=\"article:modified_time\" content=\"2024-03-01T08:18:42+00:00\" \/>\n<meta property=\"og:image\" content=\"https:\/\/librosdelzorrorojo.com\/wp-content\/uploads\/2021\/03\/COVER_El-gato-negro_WEB.jpg\" \/>\n\t<meta property=\"og:image:width\" content=\"972\" \/>\n\t<meta property=\"og:image:height\" content=\"850\" \/>\n\t<meta property=\"og:image:type\" content=\"image\/jpeg\" \/>\n<meta name=\"twitter:card\" content=\"summary_large_image\" \/>\n<meta name=\"twitter:label1\" content=\"Temps estimat de lectura\" \/>\n\t<meta name=\"twitter:data1\" content=\"1 minut\" \/>\n<script type=\"application\/ld+json\" class=\"yoast-schema-graph\">{\"@context\":\"https:\/\/schema.org\",\"@graph\":[{\"@type\":\"WebPage\",\"@id\":\"https:\/\/librosdelzorrorojo.com\/ca\/cataleg\/el-gato-negro-y-otros-relatos-de-terror\/\",\"url\":\"https:\/\/librosdelzorrorojo.com\/ca\/cataleg\/el-gato-negro-y-otros-relatos-de-terror\/\",\"name\":\"El gato negro y otros relatos de terror - Libros del Zorro Rojo\",\"isPartOf\":{\"@id\":\"https:\/\/librosdelzorrorojo.com\/#website\"},\"primaryImageOfPage\":{\"@id\":\"https:\/\/librosdelzorrorojo.com\/ca\/cataleg\/el-gato-negro-y-otros-relatos-de-terror\/#primaryimage\"},\"image\":{\"@id\":\"https:\/\/librosdelzorrorojo.com\/ca\/cataleg\/el-gato-negro-y-otros-relatos-de-terror\/#primaryimage\"},\"thumbnailUrl\":\"https:\/\/librosdelzorrorojo.com\/wp-content\/uploads\/2021\/03\/COVER_El-gato-negro_WEB.jpg\",\"datePublished\":\"2021-03-17T00:42:59+00:00\",\"dateModified\":\"2024-03-01T08:18:42+00:00\",\"description\":\"Las ilustraciones del c\u00e9lebre artista argentino Luis Scafati exploran los juegos en composiciones donde las manchas de tinta se confunden con las de sangre\",\"breadcrumb\":{\"@id\":\"https:\/\/librosdelzorrorojo.com\/ca\/cataleg\/el-gato-negro-y-otros-relatos-de-terror\/#breadcrumb\"},\"inLanguage\":\"ca\",\"potentialAction\":[{\"@type\":\"ReadAction\",\"target\":[\"https:\/\/librosdelzorrorojo.com\/ca\/cataleg\/el-gato-negro-y-otros-relatos-de-terror\/\"]}]},{\"@type\":\"ImageObject\",\"inLanguage\":\"ca\",\"@id\":\"https:\/\/librosdelzorrorojo.com\/ca\/cataleg\/el-gato-negro-y-otros-relatos-de-terror\/#primaryimage\",\"url\":\"https:\/\/librosdelzorrorojo.com\/wp-content\/uploads\/2021\/03\/COVER_El-gato-negro_WEB.jpg\",\"contentUrl\":\"https:\/\/librosdelzorrorojo.com\/wp-content\/uploads\/2021\/03\/COVER_El-gato-negro_WEB.jpg\",\"width\":972,\"height\":850,\"caption\":\"COVER El gato negro WEB\"},{\"@type\":\"BreadcrumbList\",\"@id\":\"https:\/\/librosdelzorrorojo.com\/ca\/cataleg\/el-gato-negro-y-otros-relatos-de-terror\/#breadcrumb\",\"itemListElement\":[{\"@type\":\"ListItem\",\"position\":1,\"name\":\"Portada\",\"item\":\"https:\/\/librosdelzorrorojo.com\/ca\/\"},{\"@type\":\"ListItem\",\"position\":2,\"name\":\"Cat\u00e0leg\",\"item\":\"https:\/\/librosdelzorrorojo.com\/ca\/cataleg\/\"},{\"@type\":\"ListItem\",\"position\":3,\"name\":\"El gato negro y otros relatos de terror\"}]},{\"@type\":\"WebSite\",\"@id\":\"https:\/\/librosdelzorrorojo.com\/#website\",\"url\":\"https:\/\/librosdelzorrorojo.com\/\",\"name\":\"Libros del Zorro Rojo\",\"description\":\"Libros ilustrados\",\"potentialAction\":[{\"@type\":\"SearchAction\",\"target\":{\"@type\":\"EntryPoint\",\"urlTemplate\":\"https:\/\/librosdelzorrorojo.com\/?s={search_term_string}\"},\"query-input\":{\"@type\":\"PropertyValueSpecification\",\"valueRequired\":true,\"valueName\":\"search_term_string\"}}],\"inLanguage\":\"ca\"}]}<\/script>\n<!-- \/ Yoast SEO plugin. -->","yoast_head_json":{"title":"El gato negro y otros relatos de terror - Libros del Zorro Rojo","description":"Las ilustraciones del c\u00e9lebre artista argentino Luis Scafati exploran los juegos en composiciones donde las manchas de tinta se confunden con las de sangre","robots":{"index":"index","follow":"follow","max-snippet":"max-snippet:-1","max-image-preview":"max-image-preview:large","max-video-preview":"max-video-preview:-1"},"canonical":"https:\/\/librosdelzorrorojo.com\/ca\/cataleg\/el-gato-negro-y-otros-relatos-de-terror\/","og_locale":"ca_ES","og_type":"article","og_title":"El gato negro y otros relatos de terror - Libros del Zorro Rojo","og_description":"Las ilustraciones del c\u00e9lebre artista argentino Luis Scafati exploran los juegos en composiciones donde las manchas de tinta se confunden con las de sangre","og_url":"https:\/\/librosdelzorrorojo.com\/ca\/cataleg\/el-gato-negro-y-otros-relatos-de-terror\/","og_site_name":"Libros del Zorro Rojo","article_modified_time":"2024-03-01T08:18:42+00:00","og_image":[{"width":972,"height":850,"url":"https:\/\/librosdelzorrorojo.com\/wp-content\/uploads\/2021\/03\/COVER_El-gato-negro_WEB.jpg","type":"image\/jpeg"}],"twitter_card":"summary_large_image","twitter_misc":{"Temps estimat de lectura":"1 minut"},"schema":{"@context":"https:\/\/schema.org","@graph":[{"@type":"WebPage","@id":"https:\/\/librosdelzorrorojo.com\/ca\/cataleg\/el-gato-negro-y-otros-relatos-de-terror\/","url":"https:\/\/librosdelzorrorojo.com\/ca\/cataleg\/el-gato-negro-y-otros-relatos-de-terror\/","name":"El gato negro y otros relatos de terror - Libros del Zorro Rojo","isPartOf":{"@id":"https:\/\/librosdelzorrorojo.com\/#website"},"primaryImageOfPage":{"@id":"https:\/\/librosdelzorrorojo.com\/ca\/cataleg\/el-gato-negro-y-otros-relatos-de-terror\/#primaryimage"},"image":{"@id":"https:\/\/librosdelzorrorojo.com\/ca\/cataleg\/el-gato-negro-y-otros-relatos-de-terror\/#primaryimage"},"thumbnailUrl":"https:\/\/librosdelzorrorojo.com\/wp-content\/uploads\/2021\/03\/COVER_El-gato-negro_WEB.jpg","datePublished":"2021-03-17T00:42:59+00:00","dateModified":"2024-03-01T08:18:42+00:00","description":"Las ilustraciones del c\u00e9lebre artista argentino Luis Scafati exploran los juegos en composiciones donde las manchas de tinta se confunden con las de sangre","breadcrumb":{"@id":"https:\/\/librosdelzorrorojo.com\/ca\/cataleg\/el-gato-negro-y-otros-relatos-de-terror\/#breadcrumb"},"inLanguage":"ca","potentialAction":[{"@type":"ReadAction","target":["https:\/\/librosdelzorrorojo.com\/ca\/cataleg\/el-gato-negro-y-otros-relatos-de-terror\/"]}]},{"@type":"ImageObject","inLanguage":"ca","@id":"https:\/\/librosdelzorrorojo.com\/ca\/cataleg\/el-gato-negro-y-otros-relatos-de-terror\/#primaryimage","url":"https:\/\/librosdelzorrorojo.com\/wp-content\/uploads\/2021\/03\/COVER_El-gato-negro_WEB.jpg","contentUrl":"https:\/\/librosdelzorrorojo.com\/wp-content\/uploads\/2021\/03\/COVER_El-gato-negro_WEB.jpg","width":972,"height":850,"caption":"COVER El gato negro WEB"},{"@type":"BreadcrumbList","@id":"https:\/\/librosdelzorrorojo.com\/ca\/cataleg\/el-gato-negro-y-otros-relatos-de-terror\/#breadcrumb","itemListElement":[{"@type":"ListItem","position":1,"name":"Portada","item":"https:\/\/librosdelzorrorojo.com\/ca\/"},{"@type":"ListItem","position":2,"name":"Cat\u00e0leg","item":"https:\/\/librosdelzorrorojo.com\/ca\/cataleg\/"},{"@type":"ListItem","position":3,"name":"El gato negro y otros relatos de terror"}]},{"@type":"WebSite","@id":"https:\/\/librosdelzorrorojo.com\/#website","url":"https:\/\/librosdelzorrorojo.com\/","name":"Libros del Zorro Rojo","description":"Libros ilustrados","potentialAction":[{"@type":"SearchAction","target":{"@type":"EntryPoint","urlTemplate":"https:\/\/librosdelzorrorojo.com\/?s={search_term_string}"},"query-input":{"@type":"PropertyValueSpecification","valueRequired":true,"valueName":"search_term_string"}}],"inLanguage":"ca"}]}},"_links":{"self":[{"href":"https:\/\/librosdelzorrorojo.com\/ca\/wp-json\/wp\/v2\/product\/19620","targetHints":{"allow":["GET"]}}],"collection":[{"href":"https:\/\/librosdelzorrorojo.com\/ca\/wp-json\/wp\/v2\/product"}],"about":[{"href":"https:\/\/librosdelzorrorojo.com\/ca\/wp-json\/wp\/v2\/types\/product"}],"wp:featuredmedia":[{"embeddable":true,"href":"https:\/\/librosdelzorrorojo.com\/ca\/wp-json\/wp\/v2\/media\/19611"}],"wp:attachment":[{"href":"https:\/\/librosdelzorrorojo.com\/ca\/wp-json\/wp\/v2\/media?parent=19620"}],"wp:term":[{"taxonomy":"product_brand","embeddable":true,"href":"https:\/\/librosdelzorrorojo.com\/ca\/wp-json\/wp\/v2\/product_brand?post=19620"},{"taxonomy":"product_cat","embeddable":true,"href":"https:\/\/librosdelzorrorojo.com\/ca\/wp-json\/wp\/v2\/product_cat?post=19620"},{"taxonomy":"product_tag","embeddable":true,"href":"https:\/\/librosdelzorrorojo.com\/ca\/wp-json\/wp\/v2\/product_tag?post=19620"}],"curies":[{"name":"wp","href":"https:\/\/api.w.org\/{rel}","templated":true}]}}