{"id":19593,"date":"2020-10-08T01:09:58","date_gmt":"2020-10-07T23:09:58","guid":{"rendered":"https:\/\/librosdelzorrorojo.com\/?post_type=product&#038;p=19593"},"modified":"2024-03-01T09:21:26","modified_gmt":"2024-03-01T08:21:26","slug":"serafina-laniversari","status":"publish","type":"product","link":"https:\/\/librosdelzorrorojo.com\/ca\/cataleg\/serafina-laniversari\/","title":{"rendered":"Serafina. L\u2019aniversari"},"content":{"rendered":"<p><span lang=\"CA\">Per fi ha arribat el dia preferit de la Serafina: el seu aniversari!<b> <\/b>Desperta a la seva habitaci\u00f3, envoltada dels seus entranyables amics, i tots junts fan mans i m\u00e0nigues per organitzar una festa inoblidable. En aquest dia tan especial res pot faltar: jocs, regals, menjar delici\u00f3s, decoraci\u00f3 per a cada rac\u00f3 de la casa i, per descomptat, un suculent past\u00eds.<\/span><\/p>\n<p><span lang=\"CA\">En aquest \u00e0lbum de cartr\u00f3 de gran format el lector tindr\u00e0 el plaer de buscar i redescobrir milers de detalls, personatges encantadors i situacions sorprenents. Tamb\u00e9 podr\u00e0 seguir els diferents moments de la jornada de la Serafina i la seva colla: des que es lleven, esmorzen i gaudeixen de la vetllada fins que s\u2019acomiaden dels convidats al vespre.<\/span><\/p>\n<p><span lang=\"CA\">Albertine, guanyadora del Premi Hans Christian Andersen 2020, aposta per primera vegada per la pintura digital i enriqueix la seva paleta amb nous matisos, desplegant un univers ple de colors vius i una imaginaci\u00f3 explosiva. Un llibre que estimula l\u2019observaci\u00f3 i el di\u00e0leg amb els m\u00e9s petits mentre participen en la millor festa que hagin imaginat mai. <\/span><\/p>\n","protected":false},"excerpt":{"rendered":"<span lang=\"CA\">Per fi ha arribat el dia preferit de la Serafina: el seu aniversari!<b> <\/b>Desperta a la seva habitaci\u00f3, envoltada dels seus entranyables amics, i tots junts fan mans i m\u00e0nigues per organitzar una festa inoblidable. En aquest dia tan especial res pot faltar: jocs, regals, menjar delici\u00f3s, decoraci\u00f3 per a cada rac\u00f3 de la casa i, per descomptat, un suculent past\u00eds.<\/span>","protected":false},"featured_media":19594,"template":"","meta":{"_acf_changed":false},"product_brand":[],"product_cat":[840,843,839],"product_tag":[],"class_list":{"0":"post-19593","1":"product","2":"type-product","3":"status-publish","4":"has-post-thumbnail","6":"product_cat-catala","7":"product_cat-infantiles-ca","8":"product_cat-zona-kids-ca","9":"vinculo-serafina","11":"first","12":"outofstock","13":"taxable","14":"shipping-taxable","15":"purchasable","16":"product-type-simple"},"acf":[],"yoast_head":"<!-- This site is optimized with the Yoast SEO plugin v25.1 - https:\/\/yoast.com\/wordpress\/plugins\/seo\/ -->\n<title>Serafina. L\u2019aniversari - Libros del Zorro Rojo<\/title>\n<meta name=\"description\" content=\"Per fi ha arribat el dia preferit de la Serafina: el seu aniversari! Desperta a la seva habitaci\u00f3, envoltada dels seus entranyables amics, i tots junts fan mans i m\u00e0nigues per organitzar una festa inoblidable. En aquest dia tan especial res pot faltar: jocs, regals, menjar delici\u00f3s, decoraci\u00f3 per a cada rac\u00f3 de la casa i, per descomptat, un suculent past\u00eds.\" \/>\n<meta name=\"robots\" content=\"index, follow, max-snippet:-1, max-image-preview:large, max-video-preview:-1\" \/>\n<link rel=\"canonical\" href=\"https:\/\/librosdelzorrorojo.com\/ca\/cataleg\/serafina-laniversari\/\" \/>\n<meta property=\"og:locale\" content=\"ca_ES\" \/>\n<meta property=\"og:type\" content=\"article\" \/>\n<meta property=\"og:title\" content=\"Serafina. L\u2019aniversari - Libros del Zorro Rojo\" \/>\n<meta property=\"og:description\" content=\"Per fi ha arribat el dia preferit de la Serafina: el seu aniversari! Desperta a la seva habitaci\u00f3, envoltada dels seus entranyables amics, i tots junts fan mans i m\u00e0nigues per organitzar una festa inoblidable. En aquest dia tan especial res pot faltar: jocs, regals, menjar delici\u00f3s, decoraci\u00f3 per a cada rac\u00f3 de la casa i, per descomptat, un suculent past\u00eds.\" \/>\n<meta property=\"og:url\" content=\"https:\/\/librosdelzorrorojo.com\/ca\/cataleg\/serafina-laniversari\/\" \/>\n<meta property=\"og:site_name\" content=\"Libros del Zorro Rojo\" \/>\n<meta property=\"article:modified_time\" content=\"2024-03-01T08:21:26+00:00\" \/>\n<meta property=\"og:image\" content=\"https:\/\/librosdelzorrorojo.com\/wp-content\/uploads\/2017\/04\/SLIDE_Serafina_03.jpg\" \/>\n\t<meta property=\"og:image:width\" content=\"994\" \/>\n\t<meta property=\"og:image:height\" content=\"400\" \/>\n\t<meta property=\"og:image:type\" content=\"image\/jpeg\" \/>\n<meta name=\"twitter:card\" content=\"summary_large_image\" \/>\n<meta name=\"twitter:label1\" content=\"Temps estimat de lectura\" \/>\n\t<meta name=\"twitter:data1\" content=\"1 minut\" \/>\n<script type=\"application\/ld+json\" class=\"yoast-schema-graph\">{\"@context\":\"https:\/\/schema.org\",\"@graph\":[{\"@type\":\"WebPage\",\"@id\":\"https:\/\/librosdelzorrorojo.com\/ca\/cataleg\/serafina-laniversari\/\",\"url\":\"https:\/\/librosdelzorrorojo.com\/ca\/cataleg\/serafina-laniversari\/\",\"name\":\"Serafina. L\u2019aniversari - Libros del Zorro Rojo\",\"isPartOf\":{\"@id\":\"https:\/\/librosdelzorrorojo.com\/#website\"},\"primaryImageOfPage\":{\"@id\":\"https:\/\/librosdelzorrorojo.com\/ca\/cataleg\/serafina-laniversari\/#primaryimage\"},\"image\":{\"@id\":\"https:\/\/librosdelzorrorojo.com\/ca\/cataleg\/serafina-laniversari\/#primaryimage\"},\"thumbnailUrl\":\"https:\/\/librosdelzorrorojo.com\/wp-content\/uploads\/2021\/03\/COVER_Serafina-CAT_WEB.jpg\",\"datePublished\":\"2020-10-07T23:09:58+00:00\",\"dateModified\":\"2024-03-01T08:21:26+00:00\",\"description\":\"Per fi ha arribat el dia preferit de la Serafina: el seu aniversari! Desperta a la seva habitaci\u00f3, envoltada dels seus entranyables amics, i tots junts fan mans i m\u00e0nigues per organitzar una festa inoblidable. En aquest dia tan especial res pot faltar: jocs, regals, menjar delici\u00f3s, decoraci\u00f3 per a cada rac\u00f3 de la casa i, per descomptat, un suculent past\u00eds.\",\"breadcrumb\":{\"@id\":\"https:\/\/librosdelzorrorojo.com\/ca\/cataleg\/serafina-laniversari\/#breadcrumb\"},\"inLanguage\":\"ca\",\"potentialAction\":[{\"@type\":\"ReadAction\",\"target\":[\"https:\/\/librosdelzorrorojo.com\/ca\/cataleg\/serafina-laniversari\/\"]}]},{\"@type\":\"ImageObject\",\"inLanguage\":\"ca\",\"@id\":\"https:\/\/librosdelzorrorojo.com\/ca\/cataleg\/serafina-laniversari\/#primaryimage\",\"url\":\"https:\/\/librosdelzorrorojo.com\/wp-content\/uploads\/2021\/03\/COVER_Serafina-CAT_WEB.jpg\",\"contentUrl\":\"https:\/\/librosdelzorrorojo.com\/wp-content\/uploads\/2021\/03\/COVER_Serafina-CAT_WEB.jpg\",\"width\":650,\"height\":850,\"caption\":\"COVER Serafina CAT WEB\"},{\"@type\":\"BreadcrumbList\",\"@id\":\"https:\/\/librosdelzorrorojo.com\/ca\/cataleg\/serafina-laniversari\/#breadcrumb\",\"itemListElement\":[{\"@type\":\"ListItem\",\"position\":1,\"name\":\"Portada\",\"item\":\"https:\/\/librosdelzorrorojo.com\/ca\/\"},{\"@type\":\"ListItem\",\"position\":2,\"name\":\"Cat\u00e0leg\",\"item\":\"https:\/\/librosdelzorrorojo.com\/ca\/cataleg\/\"},{\"@type\":\"ListItem\",\"position\":3,\"name\":\"Serafina. L\u2019aniversari\"}]},{\"@type\":\"WebSite\",\"@id\":\"https:\/\/librosdelzorrorojo.com\/#website\",\"url\":\"https:\/\/librosdelzorrorojo.com\/\",\"name\":\"Libros del Zorro Rojo\",\"description\":\"Libros ilustrados\",\"potentialAction\":[{\"@type\":\"SearchAction\",\"target\":{\"@type\":\"EntryPoint\",\"urlTemplate\":\"https:\/\/librosdelzorrorojo.com\/?s={search_term_string}\"},\"query-input\":{\"@type\":\"PropertyValueSpecification\",\"valueRequired\":true,\"valueName\":\"search_term_string\"}}],\"inLanguage\":\"ca\"}]}<\/script>\n<!-- \/ Yoast SEO plugin. -->","yoast_head_json":{"title":"Serafina. L\u2019aniversari - Libros del Zorro Rojo","description":"Per fi ha arribat el dia preferit de la Serafina: el seu aniversari! Desperta a la seva habitaci\u00f3, envoltada dels seus entranyables amics, i tots junts fan mans i m\u00e0nigues per organitzar una festa inoblidable. En aquest dia tan especial res pot faltar: jocs, regals, menjar delici\u00f3s, decoraci\u00f3 per a cada rac\u00f3 de la casa i, per descomptat, un suculent past\u00eds.","robots":{"index":"index","follow":"follow","max-snippet":"max-snippet:-1","max-image-preview":"max-image-preview:large","max-video-preview":"max-video-preview:-1"},"canonical":"https:\/\/librosdelzorrorojo.com\/ca\/cataleg\/serafina-laniversari\/","og_locale":"ca_ES","og_type":"article","og_title":"Serafina. L\u2019aniversari - Libros del Zorro Rojo","og_description":"Per fi ha arribat el dia preferit de la Serafina: el seu aniversari! Desperta a la seva habitaci\u00f3, envoltada dels seus entranyables amics, i tots junts fan mans i m\u00e0nigues per organitzar una festa inoblidable. En aquest dia tan especial res pot faltar: jocs, regals, menjar delici\u00f3s, decoraci\u00f3 per a cada rac\u00f3 de la casa i, per descomptat, un suculent past\u00eds.","og_url":"https:\/\/librosdelzorrorojo.com\/ca\/cataleg\/serafina-laniversari\/","og_site_name":"Libros del Zorro Rojo","article_modified_time":"2024-03-01T08:21:26+00:00","og_image":[{"width":994,"height":400,"url":"https:\/\/librosdelzorrorojo.com\/wp-content\/uploads\/2017\/04\/SLIDE_Serafina_03.jpg","type":"image\/jpeg"}],"twitter_card":"summary_large_image","twitter_misc":{"Temps estimat de lectura":"1 minut"},"schema":{"@context":"https:\/\/schema.org","@graph":[{"@type":"WebPage","@id":"https:\/\/librosdelzorrorojo.com\/ca\/cataleg\/serafina-laniversari\/","url":"https:\/\/librosdelzorrorojo.com\/ca\/cataleg\/serafina-laniversari\/","name":"Serafina. L\u2019aniversari - Libros del Zorro Rojo","isPartOf":{"@id":"https:\/\/librosdelzorrorojo.com\/#website"},"primaryImageOfPage":{"@id":"https:\/\/librosdelzorrorojo.com\/ca\/cataleg\/serafina-laniversari\/#primaryimage"},"image":{"@id":"https:\/\/librosdelzorrorojo.com\/ca\/cataleg\/serafina-laniversari\/#primaryimage"},"thumbnailUrl":"https:\/\/librosdelzorrorojo.com\/wp-content\/uploads\/2021\/03\/COVER_Serafina-CAT_WEB.jpg","datePublished":"2020-10-07T23:09:58+00:00","dateModified":"2024-03-01T08:21:26+00:00","description":"Per fi ha arribat el dia preferit de la Serafina: el seu aniversari! Desperta a la seva habitaci\u00f3, envoltada dels seus entranyables amics, i tots junts fan mans i m\u00e0nigues per organitzar una festa inoblidable. En aquest dia tan especial res pot faltar: jocs, regals, menjar delici\u00f3s, decoraci\u00f3 per a cada rac\u00f3 de la casa i, per descomptat, un suculent past\u00eds.","breadcrumb":{"@id":"https:\/\/librosdelzorrorojo.com\/ca\/cataleg\/serafina-laniversari\/#breadcrumb"},"inLanguage":"ca","potentialAction":[{"@type":"ReadAction","target":["https:\/\/librosdelzorrorojo.com\/ca\/cataleg\/serafina-laniversari\/"]}]},{"@type":"ImageObject","inLanguage":"ca","@id":"https:\/\/librosdelzorrorojo.com\/ca\/cataleg\/serafina-laniversari\/#primaryimage","url":"https:\/\/librosdelzorrorojo.com\/wp-content\/uploads\/2021\/03\/COVER_Serafina-CAT_WEB.jpg","contentUrl":"https:\/\/librosdelzorrorojo.com\/wp-content\/uploads\/2021\/03\/COVER_Serafina-CAT_WEB.jpg","width":650,"height":850,"caption":"COVER Serafina CAT WEB"},{"@type":"BreadcrumbList","@id":"https:\/\/librosdelzorrorojo.com\/ca\/cataleg\/serafina-laniversari\/#breadcrumb","itemListElement":[{"@type":"ListItem","position":1,"name":"Portada","item":"https:\/\/librosdelzorrorojo.com\/ca\/"},{"@type":"ListItem","position":2,"name":"Cat\u00e0leg","item":"https:\/\/librosdelzorrorojo.com\/ca\/cataleg\/"},{"@type":"ListItem","position":3,"name":"Serafina. L\u2019aniversari"}]},{"@type":"WebSite","@id":"https:\/\/librosdelzorrorojo.com\/#website","url":"https:\/\/librosdelzorrorojo.com\/","name":"Libros del Zorro Rojo","description":"Libros ilustrados","potentialAction":[{"@type":"SearchAction","target":{"@type":"EntryPoint","urlTemplate":"https:\/\/librosdelzorrorojo.com\/?s={search_term_string}"},"query-input":{"@type":"PropertyValueSpecification","valueRequired":true,"valueName":"search_term_string"}}],"inLanguage":"ca"}]}},"_links":{"self":[{"href":"https:\/\/librosdelzorrorojo.com\/ca\/wp-json\/wp\/v2\/product\/19593","targetHints":{"allow":["GET"]}}],"collection":[{"href":"https:\/\/librosdelzorrorojo.com\/ca\/wp-json\/wp\/v2\/product"}],"about":[{"href":"https:\/\/librosdelzorrorojo.com\/ca\/wp-json\/wp\/v2\/types\/product"}],"wp:featuredmedia":[{"embeddable":true,"href":"https:\/\/librosdelzorrorojo.com\/ca\/wp-json\/wp\/v2\/media\/19594"}],"wp:attachment":[{"href":"https:\/\/librosdelzorrorojo.com\/ca\/wp-json\/wp\/v2\/media?parent=19593"}],"wp:term":[{"taxonomy":"product_brand","embeddable":true,"href":"https:\/\/librosdelzorrorojo.com\/ca\/wp-json\/wp\/v2\/product_brand?post=19593"},{"taxonomy":"product_cat","embeddable":true,"href":"https:\/\/librosdelzorrorojo.com\/ca\/wp-json\/wp\/v2\/product_cat?post=19593"},{"taxonomy":"product_tag","embeddable":true,"href":"https:\/\/librosdelzorrorojo.com\/ca\/wp-json\/wp\/v2\/product_tag?post=19593"}],"curies":[{"name":"wp","href":"https:\/\/api.w.org\/{rel}","templated":true}]}}