{"id":19556,"date":"2021-03-24T03:01:19","date_gmt":"2021-03-24T02:01:19","guid":{"rendered":"https:\/\/librosdelzorrorojo.com\/catalogo\/cartilla-escolar-antifascista\/"},"modified":"2026-04-21T17:21:43","modified_gmt":"2026-04-21T15:21:43","slug":"cartilla-escolar-antifascista","status":"publish","type":"product","link":"https:\/\/librosdelzorrorojo.com\/ca\/cataleg\/cartilla-escolar-antifascista\/","title":{"rendered":"Cartilla escolar antifascista"},"content":{"rendered":"<p>Con el estallido de la guerra civil espa\u00f1ola, los avances conseguidos hasta entonces por la Rep\u00fablica en materia de educaci\u00f3n popular se detuvieron. Pese a todo, en octubre de 1937, el Ministerio de Instrucci\u00f3n P\u00fablica y Bellas Artes puso en marcha la primera campa\u00f1a estatal de alfabetizaci\u00f3n, que hizo posible que un mill\u00f3n de soldados del bando republicano aprendiesen a leer, escribir y contar durante los a\u00f1os que dur\u00f3 la contienda.<\/p>\n<p>Dependientes de este \u00f3rgano arrancaron su labor las Milicias de la Cultura, responsables de la distribuci\u00f3n en el frente de todo tipo de material de lectura: libros, mapas y una peculiar publicaci\u00f3n, la <em>Cartilla escolar antifascista<\/em>, cuya misi\u00f3n no era solo la de alfabetizar a los j\u00f3venes milicianos, sino tambi\u00e9n la de inculcar el ideario y las consignas pol\u00edticas del gobierno en su lucha contra el fascismo.<\/p>\n<p>Noventa a\u00f1os despu\u00e9s de la proclamaci\u00f3n de la II Rep\u00fablica, recuperamos este singular manual de lectoescritura y de aritm\u00e9tica, que a\u00fana educaci\u00f3n matem\u00e1tica y de lengua, propaganda pol\u00edtica y arte de vanguardia. La presente edici\u00f3n incluye ambas cartillas \u2014el silabario y el libro de aritm\u00e9tica\u2014, una peque\u00f1a muestra del cuaderno de ejercicios, el cartel <em>Las Milicias de la cultura luchan contra el fascismo<\/em>, dise\u00f1ado por Mauricio Amster, y <em>Nuestros b\u00e1rbaros<\/em>, un l\u00facido ensayo in\u00e9dito del artista e historiador del arte Pedro G. Romero.<\/p>\n<p>La <em>Cartilla<\/em> sirvi\u00f3 como panfleto reivindicativo tanto en la lucha por la democratizaci\u00f3n de la cultura como en la lucha contra la represi\u00f3n. Hoy d\u00eda, contin\u00faa siendo una representativa muestra del arte de resistencia, pero tambi\u00e9n de las m\u00faltiples aportaciones, anhelos y logros de la Rep\u00fablica.<\/p>\n<p><img decoding=\"async\" src=\"https:\/\/librosdelzorrorojo.com\/wp-content\/uploads\/2018\/04\/ICEC_BN-WEB-02.png\" alt=\"\" width=\"167\" height=\"40\" class=\"alignnone wp-image-15980\" \/><\/p>\n","protected":false},"excerpt":{"rendered":"Con el estallido de la guerra civil espa\u00f1ola, los avances conseguidos hasta entonces por la Rep\u00fablica en materia de educaci\u00f3n popular se detuvieron. Pese a todo, en octubre de 1937, el Ministerio de Instrucci\u00f3n P\u00fablica y Bellas Artes puso en marcha la primera campa\u00f1a estatal de alfabetizaci\u00f3n, que hizo posible que un mill\u00f3n de soldados [&hellip;]","protected":false},"featured_media":19678,"template":"","meta":{"_acf_changed":false},"product_brand":[],"product_cat":[844,3156,846],"product_tag":[],"class_list":{"0":"post-19556","1":"product","2":"type-product","3":"status-publish","4":"has-post-thumbnail","6":"product_cat-castella","7":"product_cat-juvenil-adult","8":"product_cat-novedades-ca","10":"first","11":"instock","12":"taxable","13":"shipping-taxable","14":"purchasable","15":"product-type-simple"},"acf":[],"yoast_head":"<!-- This site is optimized with the Yoast SEO plugin v25.1 - https:\/\/yoast.com\/wordpress\/plugins\/seo\/ -->\n<title>Cartilla escolar antifascista - Libros del Zorro Rojo<\/title>\n<meta name=\"description\" content=\"La educaci\u00f3n popular fue uno de los pilares fundamentales de la transformaci\u00f3n social en tiempos de la II Rep\u00fablica, y la Cartilla escolar antifascista fue sin duda la herramienta m\u00e1s eficaz para definir e implantar sus valores entre las milicias republicanas por parte del Ministerio de Instrucci\u00f3n P\u00fablica en su lucha contra el analfabetismo. La primera edici\u00f3n fue impresa en Valencia en 1937, con un tiraje de 150.000 ejemplares.\" \/>\n<meta name=\"robots\" content=\"index, follow, max-snippet:-1, max-image-preview:large, max-video-preview:-1\" \/>\n<link rel=\"canonical\" href=\"https:\/\/librosdelzorrorojo.com\/ca\/cataleg\/cartilla-escolar-antifascista\/\" \/>\n<meta property=\"og:locale\" content=\"ca_ES\" \/>\n<meta property=\"og:type\" content=\"article\" \/>\n<meta property=\"og:title\" content=\"Cartilla escolar antifascista - Libros del Zorro Rojo\" \/>\n<meta property=\"og:description\" content=\"La educaci\u00f3n popular fue uno de los pilares fundamentales de la transformaci\u00f3n social en tiempos de la II Rep\u00fablica, y la Cartilla escolar antifascista fue sin duda la herramienta m\u00e1s eficaz para definir e implantar sus valores entre las milicias republicanas por parte del Ministerio de Instrucci\u00f3n P\u00fablica en su lucha contra el analfabetismo. La primera edici\u00f3n fue impresa en Valencia en 1937, con un tiraje de 150.000 ejemplares.\" \/>\n<meta property=\"og:url\" content=\"https:\/\/librosdelzorrorojo.com\/ca\/cataleg\/cartilla-escolar-antifascista\/\" \/>\n<meta property=\"og:site_name\" content=\"Libros del Zorro Rojo\" \/>\n<meta property=\"article:modified_time\" content=\"2026-04-21T15:21:43+00:00\" \/>\n<meta property=\"og:image\" content=\"https:\/\/librosdelzorrorojo.com\/wp-content\/uploads\/2021\/03\/SLIDE_Cartilla_02.jpg\" \/>\n\t<meta property=\"og:image:width\" content=\"994\" \/>\n\t<meta property=\"og:image:height\" content=\"400\" \/>\n\t<meta property=\"og:image:type\" content=\"image\/jpeg\" \/>\n<meta name=\"twitter:card\" content=\"summary_large_image\" \/>\n<meta name=\"twitter:image\" content=\"https:\/\/librosdelzorrorojo.com\/wp-content\/uploads\/2021\/03\/SLIDE_Cartilla_02.jpg\" \/>\n<meta name=\"twitter:label1\" content=\"Temps estimat de lectura\" \/>\n\t<meta name=\"twitter:data1\" content=\"2 minuts\" \/>\n<script type=\"application\/ld+json\" class=\"yoast-schema-graph\">{\"@context\":\"https:\/\/schema.org\",\"@graph\":[{\"@type\":\"WebPage\",\"@id\":\"https:\/\/librosdelzorrorojo.com\/ca\/cataleg\/cartilla-escolar-antifascista\/\",\"url\":\"https:\/\/librosdelzorrorojo.com\/ca\/cataleg\/cartilla-escolar-antifascista\/\",\"name\":\"Cartilla escolar antifascista - Libros del Zorro Rojo\",\"isPartOf\":{\"@id\":\"https:\/\/librosdelzorrorojo.com\/#website\"},\"primaryImageOfPage\":{\"@id\":\"https:\/\/librosdelzorrorojo.com\/ca\/cataleg\/cartilla-escolar-antifascista\/#primaryimage\"},\"image\":{\"@id\":\"https:\/\/librosdelzorrorojo.com\/ca\/cataleg\/cartilla-escolar-antifascista\/#primaryimage\"},\"thumbnailUrl\":\"https:\/\/librosdelzorrorojo.com\/wp-content\/uploads\/2021\/03\/COVER-OBLEA_Cartilla-escolar_WEB.jpg\",\"datePublished\":\"2021-03-24T02:01:19+00:00\",\"dateModified\":\"2026-04-21T15:21:43+00:00\",\"description\":\"La educaci\u00f3n popular fue uno de los pilares fundamentales de la transformaci\u00f3n social en tiempos de la II Rep\u00fablica, y la Cartilla escolar antifascista fue sin duda la herramienta m\u00e1s eficaz para definir e implantar sus valores entre las milicias republicanas por parte del Ministerio de Instrucci\u00f3n P\u00fablica en su lucha contra el analfabetismo. La primera edici\u00f3n fue impresa en Valencia en 1937, con un tiraje de 150.000 ejemplares.\",\"breadcrumb\":{\"@id\":\"https:\/\/librosdelzorrorojo.com\/ca\/cataleg\/cartilla-escolar-antifascista\/#breadcrumb\"},\"inLanguage\":\"ca\",\"potentialAction\":[{\"@type\":\"ReadAction\",\"target\":[\"https:\/\/librosdelzorrorojo.com\/ca\/cataleg\/cartilla-escolar-antifascista\/\"]}]},{\"@type\":\"ImageObject\",\"inLanguage\":\"ca\",\"@id\":\"https:\/\/librosdelzorrorojo.com\/ca\/cataleg\/cartilla-escolar-antifascista\/#primaryimage\",\"url\":\"https:\/\/librosdelzorrorojo.com\/wp-content\/uploads\/2021\/03\/COVER-OBLEA_Cartilla-escolar_WEB.jpg\",\"contentUrl\":\"https:\/\/librosdelzorrorojo.com\/wp-content\/uploads\/2021\/03\/COVER-OBLEA_Cartilla-escolar_WEB.jpg\",\"width\":593,\"height\":850,\"caption\":\"COVER OBLEA Cartilla escolar WEB\"},{\"@type\":\"BreadcrumbList\",\"@id\":\"https:\/\/librosdelzorrorojo.com\/ca\/cataleg\/cartilla-escolar-antifascista\/#breadcrumb\",\"itemListElement\":[{\"@type\":\"ListItem\",\"position\":1,\"name\":\"Portada\",\"item\":\"https:\/\/librosdelzorrorojo.com\/ca\/\"},{\"@type\":\"ListItem\",\"position\":2,\"name\":\"Cat\u00e0leg\",\"item\":\"https:\/\/librosdelzorrorojo.com\/ca\/cataleg\/\"},{\"@type\":\"ListItem\",\"position\":3,\"name\":\"Cartilla escolar antifascista\"}]},{\"@type\":\"WebSite\",\"@id\":\"https:\/\/librosdelzorrorojo.com\/#website\",\"url\":\"https:\/\/librosdelzorrorojo.com\/\",\"name\":\"Libros del Zorro Rojo\",\"description\":\"Libros ilustrados\",\"potentialAction\":[{\"@type\":\"SearchAction\",\"target\":{\"@type\":\"EntryPoint\",\"urlTemplate\":\"https:\/\/librosdelzorrorojo.com\/?s={search_term_string}\"},\"query-input\":{\"@type\":\"PropertyValueSpecification\",\"valueRequired\":true,\"valueName\":\"search_term_string\"}}],\"inLanguage\":\"ca\"}]}<\/script>\n<!-- \/ Yoast SEO plugin. -->","yoast_head_json":{"title":"Cartilla escolar antifascista - Libros del Zorro Rojo","description":"La educaci\u00f3n popular fue uno de los pilares fundamentales de la transformaci\u00f3n social en tiempos de la II Rep\u00fablica, y la Cartilla escolar antifascista fue sin duda la herramienta m\u00e1s eficaz para definir e implantar sus valores entre las milicias republicanas por parte del Ministerio de Instrucci\u00f3n P\u00fablica en su lucha contra el analfabetismo. La primera edici\u00f3n fue impresa en Valencia en 1937, con un tiraje de 150.000 ejemplares.","robots":{"index":"index","follow":"follow","max-snippet":"max-snippet:-1","max-image-preview":"max-image-preview:large","max-video-preview":"max-video-preview:-1"},"canonical":"https:\/\/librosdelzorrorojo.com\/ca\/cataleg\/cartilla-escolar-antifascista\/","og_locale":"ca_ES","og_type":"article","og_title":"Cartilla escolar antifascista - Libros del Zorro Rojo","og_description":"La educaci\u00f3n popular fue uno de los pilares fundamentales de la transformaci\u00f3n social en tiempos de la II Rep\u00fablica, y la Cartilla escolar antifascista fue sin duda la herramienta m\u00e1s eficaz para definir e implantar sus valores entre las milicias republicanas por parte del Ministerio de Instrucci\u00f3n P\u00fablica en su lucha contra el analfabetismo. La primera edici\u00f3n fue impresa en Valencia en 1937, con un tiraje de 150.000 ejemplares.","og_url":"https:\/\/librosdelzorrorojo.com\/ca\/cataleg\/cartilla-escolar-antifascista\/","og_site_name":"Libros del Zorro Rojo","article_modified_time":"2026-04-21T15:21:43+00:00","og_image":[{"width":994,"height":400,"url":"https:\/\/librosdelzorrorojo.com\/wp-content\/uploads\/2021\/03\/SLIDE_Cartilla_02.jpg","type":"image\/jpeg"}],"twitter_card":"summary_large_image","twitter_image":"https:\/\/librosdelzorrorojo.com\/wp-content\/uploads\/2021\/03\/SLIDE_Cartilla_02.jpg","twitter_misc":{"Temps estimat de lectura":"2 minuts"},"schema":{"@context":"https:\/\/schema.org","@graph":[{"@type":"WebPage","@id":"https:\/\/librosdelzorrorojo.com\/ca\/cataleg\/cartilla-escolar-antifascista\/","url":"https:\/\/librosdelzorrorojo.com\/ca\/cataleg\/cartilla-escolar-antifascista\/","name":"Cartilla escolar antifascista - Libros del Zorro Rojo","isPartOf":{"@id":"https:\/\/librosdelzorrorojo.com\/#website"},"primaryImageOfPage":{"@id":"https:\/\/librosdelzorrorojo.com\/ca\/cataleg\/cartilla-escolar-antifascista\/#primaryimage"},"image":{"@id":"https:\/\/librosdelzorrorojo.com\/ca\/cataleg\/cartilla-escolar-antifascista\/#primaryimage"},"thumbnailUrl":"https:\/\/librosdelzorrorojo.com\/wp-content\/uploads\/2021\/03\/COVER-OBLEA_Cartilla-escolar_WEB.jpg","datePublished":"2021-03-24T02:01:19+00:00","dateModified":"2026-04-21T15:21:43+00:00","description":"La educaci\u00f3n popular fue uno de los pilares fundamentales de la transformaci\u00f3n social en tiempos de la II Rep\u00fablica, y la Cartilla escolar antifascista fue sin duda la herramienta m\u00e1s eficaz para definir e implantar sus valores entre las milicias republicanas por parte del Ministerio de Instrucci\u00f3n P\u00fablica en su lucha contra el analfabetismo. La primera edici\u00f3n fue impresa en Valencia en 1937, con un tiraje de 150.000 ejemplares.","breadcrumb":{"@id":"https:\/\/librosdelzorrorojo.com\/ca\/cataleg\/cartilla-escolar-antifascista\/#breadcrumb"},"inLanguage":"ca","potentialAction":[{"@type":"ReadAction","target":["https:\/\/librosdelzorrorojo.com\/ca\/cataleg\/cartilla-escolar-antifascista\/"]}]},{"@type":"ImageObject","inLanguage":"ca","@id":"https:\/\/librosdelzorrorojo.com\/ca\/cataleg\/cartilla-escolar-antifascista\/#primaryimage","url":"https:\/\/librosdelzorrorojo.com\/wp-content\/uploads\/2021\/03\/COVER-OBLEA_Cartilla-escolar_WEB.jpg","contentUrl":"https:\/\/librosdelzorrorojo.com\/wp-content\/uploads\/2021\/03\/COVER-OBLEA_Cartilla-escolar_WEB.jpg","width":593,"height":850,"caption":"COVER OBLEA Cartilla escolar WEB"},{"@type":"BreadcrumbList","@id":"https:\/\/librosdelzorrorojo.com\/ca\/cataleg\/cartilla-escolar-antifascista\/#breadcrumb","itemListElement":[{"@type":"ListItem","position":1,"name":"Portada","item":"https:\/\/librosdelzorrorojo.com\/ca\/"},{"@type":"ListItem","position":2,"name":"Cat\u00e0leg","item":"https:\/\/librosdelzorrorojo.com\/ca\/cataleg\/"},{"@type":"ListItem","position":3,"name":"Cartilla escolar antifascista"}]},{"@type":"WebSite","@id":"https:\/\/librosdelzorrorojo.com\/#website","url":"https:\/\/librosdelzorrorojo.com\/","name":"Libros del Zorro Rojo","description":"Libros ilustrados","potentialAction":[{"@type":"SearchAction","target":{"@type":"EntryPoint","urlTemplate":"https:\/\/librosdelzorrorojo.com\/?s={search_term_string}"},"query-input":{"@type":"PropertyValueSpecification","valueRequired":true,"valueName":"search_term_string"}}],"inLanguage":"ca"}]}},"_links":{"self":[{"href":"https:\/\/librosdelzorrorojo.com\/ca\/wp-json\/wp\/v2\/product\/19556","targetHints":{"allow":["GET"]}}],"collection":[{"href":"https:\/\/librosdelzorrorojo.com\/ca\/wp-json\/wp\/v2\/product"}],"about":[{"href":"https:\/\/librosdelzorrorojo.com\/ca\/wp-json\/wp\/v2\/types\/product"}],"wp:featuredmedia":[{"embeddable":true,"href":"https:\/\/librosdelzorrorojo.com\/ca\/wp-json\/wp\/v2\/media\/19678"}],"wp:attachment":[{"href":"https:\/\/librosdelzorrorojo.com\/ca\/wp-json\/wp\/v2\/media?parent=19556"}],"wp:term":[{"taxonomy":"product_brand","embeddable":true,"href":"https:\/\/librosdelzorrorojo.com\/ca\/wp-json\/wp\/v2\/product_brand?post=19556"},{"taxonomy":"product_cat","embeddable":true,"href":"https:\/\/librosdelzorrorojo.com\/ca\/wp-json\/wp\/v2\/product_cat?post=19556"},{"taxonomy":"product_tag","embeddable":true,"href":"https:\/\/librosdelzorrorojo.com\/ca\/wp-json\/wp\/v2\/product_tag?post=19556"}],"curies":[{"name":"wp","href":"https:\/\/api.w.org\/{rel}","templated":true}]}}