{"id":19469,"date":"2020-11-10T00:10:15","date_gmt":"2020-11-09T23:10:15","guid":{"rendered":"https:\/\/librosdelzorrorojo.com\/?post_type=product&#038;p=19469"},"modified":"2024-11-28T13:40:13","modified_gmt":"2024-11-28T12:40:13","slug":"parlo-com-el-riu","status":"publish","type":"product","link":"https:\/\/librosdelzorrorojo.com\/ca\/cataleg\/parlo-com-el-riu\/","title":{"rendered":"Parlo com el riu"},"content":{"rendered":"<p>Qu\u00e8 passa quan les paraules es queden entortolligades i fan arrels dins de la teva boca cada vegada que intentes pronunciar-les? \u00abEm desperto cada mat\u00ed envoltat pels sons de les paraules. Paraules que no soc capa\u00e7 de dir.\u00bb, ens explica el protagonista d\u2019aquesta hist\u00f2ria. Un dia, el seu pare el ve a buscar a l\u2019escola, i junts caminen per la vora d\u2019un riu, des d\u2019on observen com l\u2019aigua oneja, forma remolins i s\u2019estavella contra les roques. All\u00e0, el petit descobreix que el riu tamb\u00e9 quequeja! No \u00e9s una cura m\u00e0gica, per\u00f2 quan les paraules se li presenten dif\u00edcils, nom\u00e9s ha de pensar en la for\u00e7a del riu per sentir-se millor.<\/p>\n<p>Jordan Scott ha escrit, des de la seva pr\u00f2pia experi\u00e8ncia, aquesta obra poderosa, amb un llenguatge po\u00e8tic que destil\u00b7la autenticitat per descriure el que senten els nens i nenes que quequegen. A m\u00e9s de delectar, aquest llibre per a primers lectors permet identificar sentiments com la solitud l\u2019autoacceptaci\u00f3. Les magn\u00edfiques aquarel\u00b7les del multipremiat Sydney Smith embolcallen el lector en una barreja d\u2019emocions: des de l\u2019ansietat claustrof\u00f2bica d\u2019una aula fins a la bellesa sobrecollidora del centelleig sobre l\u2019aigua mentre un pare ajuda el seu fill a reconnectar amb el m\u00f3n que l\u2019envolta. Un \u00e0lbum commovedor per a qualsevol persona que alguna vegada s\u2019hagi sentit sola o simplement diferent.<\/p>\n","protected":false},"excerpt":{"rendered":"Qu\u00e8 passa quan les paraules es queden entortolligades i fan arrels dins de la teva boca cada vegada que intentes pronunciar-les? \u00abEm desperto cada mat\u00ed envoltat pels sons de les paraules. Paraules que no soc capa\u00e7 de dir.\u00bb, ens explica el protagonista d\u2019aquesta hist\u00f2ria. Un dia, el seu pare el ve a buscar a l\u2019escola, [&hellip;]","protected":false},"featured_media":19470,"template":"","meta":{"_acf_changed":false},"product_brand":[],"product_cat":[840,843,839],"product_tag":[],"class_list":{"0":"post-19469","1":"product","2":"type-product","3":"status-publish","4":"has-post-thumbnail","6":"product_cat-catala","7":"product_cat-infantiles-ca","8":"product_cat-zona-kids-ca","9":"vinculo-hablo-como-el-rio","11":"first","12":"instock","13":"taxable","14":"shipping-taxable","15":"purchasable","16":"product-type-simple"},"acf":[],"yoast_head":"<!-- This site is optimized with the Yoast SEO plugin v25.1 - https:\/\/yoast.com\/wordpress\/plugins\/seo\/ -->\n<title>Parlo com el riu - Libros del Zorro Rojo<\/title>\n<meta name=\"description\" content=\"Qu\u00e8 passa quan les paraules es queden entortolligades i fan arrels dins de la teva boca cada vegada que intentes pronunciar-les? \u00abEm desperto cada mat\u00ed envoltat pels sons de les paraules. Paraules que no soc capa\u00e7 de dir.\u00bb, ens explica el protagonista d\u2019aquesta hist\u00f2ria. Un dia, el seu pare el ve a buscar a l\u2019escola, i junts caminen per la vora d\u2019un riu, des d\u2019on observen com l\u2019aigua oneja, forma remolins i s\u2019estavella contra les roques. All\u00e0, el petit descobreix que el riu tamb\u00e9 quequeja! No \u00e9s una cura m\u00e0gica, per\u00f2 quan les paraules se li presenten dif\u00edcils, nom\u00e9s ha de pensar en la for\u00e7a del riu per sentir-se millor.\" \/>\n<meta name=\"robots\" content=\"index, follow, max-snippet:-1, max-image-preview:large, max-video-preview:-1\" \/>\n<link rel=\"canonical\" href=\"https:\/\/librosdelzorrorojo.com\/ca\/cataleg\/parlo-com-el-riu\/\" \/>\n<meta property=\"og:locale\" content=\"ca_ES\" \/>\n<meta property=\"og:type\" content=\"article\" \/>\n<meta property=\"og:title\" content=\"Parlo com el riu - Libros del Zorro Rojo\" \/>\n<meta property=\"og:description\" content=\"Qu\u00e8 passa quan les paraules es queden entortolligades i fan arrels dins de la teva boca cada vegada que intentes pronunciar-les? \u00abEm desperto cada mat\u00ed envoltat pels sons de les paraules. Paraules que no soc capa\u00e7 de dir.\u00bb, ens explica el protagonista d\u2019aquesta hist\u00f2ria. Un dia, el seu pare el ve a buscar a l\u2019escola, i junts caminen per la vora d\u2019un riu, des d\u2019on observen com l\u2019aigua oneja, forma remolins i s\u2019estavella contra les roques. All\u00e0, el petit descobreix que el riu tamb\u00e9 quequeja! No \u00e9s una cura m\u00e0gica, per\u00f2 quan les paraules se li presenten dif\u00edcils, nom\u00e9s ha de pensar en la for\u00e7a del riu per sentir-se millor.\" \/>\n<meta property=\"og:url\" content=\"https:\/\/librosdelzorrorojo.com\/ca\/cataleg\/parlo-com-el-riu\/\" \/>\n<meta property=\"og:site_name\" content=\"Libros del Zorro Rojo\" \/>\n<meta property=\"article:modified_time\" content=\"2024-11-28T12:40:13+00:00\" \/>\n<meta property=\"og:image\" content=\"https:\/\/librosdelzorrorojo.com\/wp-content\/uploads\/2021\/03\/SLIDE_Hablo-como-el-rio_03.jpg\" \/>\n\t<meta property=\"og:image:width\" content=\"994\" \/>\n\t<meta property=\"og:image:height\" content=\"400\" \/>\n\t<meta property=\"og:image:type\" content=\"image\/jpeg\" \/>\n<meta name=\"twitter:card\" content=\"summary_large_image\" \/>\n<meta name=\"twitter:label1\" content=\"Temps estimat de lectura\" \/>\n\t<meta name=\"twitter:data1\" content=\"1 minut\" \/>\n<script type=\"application\/ld+json\" class=\"yoast-schema-graph\">{\"@context\":\"https:\/\/schema.org\",\"@graph\":[{\"@type\":\"WebPage\",\"@id\":\"https:\/\/librosdelzorrorojo.com\/ca\/cataleg\/parlo-com-el-riu\/\",\"url\":\"https:\/\/librosdelzorrorojo.com\/ca\/cataleg\/parlo-com-el-riu\/\",\"name\":\"Parlo com el riu - Libros del Zorro Rojo\",\"isPartOf\":{\"@id\":\"https:\/\/librosdelzorrorojo.com\/#website\"},\"primaryImageOfPage\":{\"@id\":\"https:\/\/librosdelzorrorojo.com\/ca\/cataleg\/parlo-com-el-riu\/#primaryimage\"},\"image\":{\"@id\":\"https:\/\/librosdelzorrorojo.com\/ca\/cataleg\/parlo-com-el-riu\/#primaryimage\"},\"thumbnailUrl\":\"https:\/\/librosdelzorrorojo.com\/wp-content\/uploads\/2021\/03\/COVER_Parlo-com-el-riu_WEB.jpg\",\"datePublished\":\"2020-11-09T23:10:15+00:00\",\"dateModified\":\"2024-11-28T12:40:13+00:00\",\"description\":\"Qu\u00e8 passa quan les paraules es queden entortolligades i fan arrels dins de la teva boca cada vegada que intentes pronunciar-les? \u00abEm desperto cada mat\u00ed envoltat pels sons de les paraules. Paraules que no soc capa\u00e7 de dir.\u00bb, ens explica el protagonista d\u2019aquesta hist\u00f2ria. Un dia, el seu pare el ve a buscar a l\u2019escola, i junts caminen per la vora d\u2019un riu, des d\u2019on observen com l\u2019aigua oneja, forma remolins i s\u2019estavella contra les roques. All\u00e0, el petit descobreix que el riu tamb\u00e9 quequeja! No \u00e9s una cura m\u00e0gica, per\u00f2 quan les paraules se li presenten dif\u00edcils, nom\u00e9s ha de pensar en la for\u00e7a del riu per sentir-se millor.\",\"breadcrumb\":{\"@id\":\"https:\/\/librosdelzorrorojo.com\/ca\/cataleg\/parlo-com-el-riu\/#breadcrumb\"},\"inLanguage\":\"ca\",\"potentialAction\":[{\"@type\":\"ReadAction\",\"target\":[\"https:\/\/librosdelzorrorojo.com\/ca\/cataleg\/parlo-com-el-riu\/\"]}]},{\"@type\":\"ImageObject\",\"inLanguage\":\"ca\",\"@id\":\"https:\/\/librosdelzorrorojo.com\/ca\/cataleg\/parlo-com-el-riu\/#primaryimage\",\"url\":\"https:\/\/librosdelzorrorojo.com\/wp-content\/uploads\/2021\/03\/COVER_Parlo-com-el-riu_WEB.jpg\",\"contentUrl\":\"https:\/\/librosdelzorrorojo.com\/wp-content\/uploads\/2021\/03\/COVER_Parlo-com-el-riu_WEB.jpg\",\"width\":741,\"height\":850,\"caption\":\"COVER Parlo com el riu WEB\"},{\"@type\":\"BreadcrumbList\",\"@id\":\"https:\/\/librosdelzorrorojo.com\/ca\/cataleg\/parlo-com-el-riu\/#breadcrumb\",\"itemListElement\":[{\"@type\":\"ListItem\",\"position\":1,\"name\":\"Portada\",\"item\":\"https:\/\/librosdelzorrorojo.com\/ca\/\"},{\"@type\":\"ListItem\",\"position\":2,\"name\":\"Cat\u00e0leg\",\"item\":\"https:\/\/librosdelzorrorojo.com\/ca\/cataleg\/\"},{\"@type\":\"ListItem\",\"position\":3,\"name\":\"Parlo com el riu\"}]},{\"@type\":\"WebSite\",\"@id\":\"https:\/\/librosdelzorrorojo.com\/#website\",\"url\":\"https:\/\/librosdelzorrorojo.com\/\",\"name\":\"Libros del Zorro Rojo\",\"description\":\"Libros ilustrados\",\"potentialAction\":[{\"@type\":\"SearchAction\",\"target\":{\"@type\":\"EntryPoint\",\"urlTemplate\":\"https:\/\/librosdelzorrorojo.com\/?s={search_term_string}\"},\"query-input\":{\"@type\":\"PropertyValueSpecification\",\"valueRequired\":true,\"valueName\":\"search_term_string\"}}],\"inLanguage\":\"ca\"}]}<\/script>\n<!-- \/ Yoast SEO plugin. -->","yoast_head_json":{"title":"Parlo com el riu - Libros del Zorro Rojo","description":"Qu\u00e8 passa quan les paraules es queden entortolligades i fan arrels dins de la teva boca cada vegada que intentes pronunciar-les? \u00abEm desperto cada mat\u00ed envoltat pels sons de les paraules. Paraules que no soc capa\u00e7 de dir.\u00bb, ens explica el protagonista d\u2019aquesta hist\u00f2ria. Un dia, el seu pare el ve a buscar a l\u2019escola, i junts caminen per la vora d\u2019un riu, des d\u2019on observen com l\u2019aigua oneja, forma remolins i s\u2019estavella contra les roques. All\u00e0, el petit descobreix que el riu tamb\u00e9 quequeja! No \u00e9s una cura m\u00e0gica, per\u00f2 quan les paraules se li presenten dif\u00edcils, nom\u00e9s ha de pensar en la for\u00e7a del riu per sentir-se millor.","robots":{"index":"index","follow":"follow","max-snippet":"max-snippet:-1","max-image-preview":"max-image-preview:large","max-video-preview":"max-video-preview:-1"},"canonical":"https:\/\/librosdelzorrorojo.com\/ca\/cataleg\/parlo-com-el-riu\/","og_locale":"ca_ES","og_type":"article","og_title":"Parlo com el riu - Libros del Zorro Rojo","og_description":"Qu\u00e8 passa quan les paraules es queden entortolligades i fan arrels dins de la teva boca cada vegada que intentes pronunciar-les? \u00abEm desperto cada mat\u00ed envoltat pels sons de les paraules. Paraules que no soc capa\u00e7 de dir.\u00bb, ens explica el protagonista d\u2019aquesta hist\u00f2ria. Un dia, el seu pare el ve a buscar a l\u2019escola, i junts caminen per la vora d\u2019un riu, des d\u2019on observen com l\u2019aigua oneja, forma remolins i s\u2019estavella contra les roques. All\u00e0, el petit descobreix que el riu tamb\u00e9 quequeja! No \u00e9s una cura m\u00e0gica, per\u00f2 quan les paraules se li presenten dif\u00edcils, nom\u00e9s ha de pensar en la for\u00e7a del riu per sentir-se millor.","og_url":"https:\/\/librosdelzorrorojo.com\/ca\/cataleg\/parlo-com-el-riu\/","og_site_name":"Libros del Zorro Rojo","article_modified_time":"2024-11-28T12:40:13+00:00","og_image":[{"width":994,"height":400,"url":"https:\/\/librosdelzorrorojo.com\/wp-content\/uploads\/2021\/03\/SLIDE_Hablo-como-el-rio_03.jpg","type":"image\/jpeg"}],"twitter_card":"summary_large_image","twitter_misc":{"Temps estimat de lectura":"1 minut"},"schema":{"@context":"https:\/\/schema.org","@graph":[{"@type":"WebPage","@id":"https:\/\/librosdelzorrorojo.com\/ca\/cataleg\/parlo-com-el-riu\/","url":"https:\/\/librosdelzorrorojo.com\/ca\/cataleg\/parlo-com-el-riu\/","name":"Parlo com el riu - Libros del Zorro Rojo","isPartOf":{"@id":"https:\/\/librosdelzorrorojo.com\/#website"},"primaryImageOfPage":{"@id":"https:\/\/librosdelzorrorojo.com\/ca\/cataleg\/parlo-com-el-riu\/#primaryimage"},"image":{"@id":"https:\/\/librosdelzorrorojo.com\/ca\/cataleg\/parlo-com-el-riu\/#primaryimage"},"thumbnailUrl":"https:\/\/librosdelzorrorojo.com\/wp-content\/uploads\/2021\/03\/COVER_Parlo-com-el-riu_WEB.jpg","datePublished":"2020-11-09T23:10:15+00:00","dateModified":"2024-11-28T12:40:13+00:00","description":"Qu\u00e8 passa quan les paraules es queden entortolligades i fan arrels dins de la teva boca cada vegada que intentes pronunciar-les? \u00abEm desperto cada mat\u00ed envoltat pels sons de les paraules. Paraules que no soc capa\u00e7 de dir.\u00bb, ens explica el protagonista d\u2019aquesta hist\u00f2ria. Un dia, el seu pare el ve a buscar a l\u2019escola, i junts caminen per la vora d\u2019un riu, des d\u2019on observen com l\u2019aigua oneja, forma remolins i s\u2019estavella contra les roques. All\u00e0, el petit descobreix que el riu tamb\u00e9 quequeja! No \u00e9s una cura m\u00e0gica, per\u00f2 quan les paraules se li presenten dif\u00edcils, nom\u00e9s ha de pensar en la for\u00e7a del riu per sentir-se millor.","breadcrumb":{"@id":"https:\/\/librosdelzorrorojo.com\/ca\/cataleg\/parlo-com-el-riu\/#breadcrumb"},"inLanguage":"ca","potentialAction":[{"@type":"ReadAction","target":["https:\/\/librosdelzorrorojo.com\/ca\/cataleg\/parlo-com-el-riu\/"]}]},{"@type":"ImageObject","inLanguage":"ca","@id":"https:\/\/librosdelzorrorojo.com\/ca\/cataleg\/parlo-com-el-riu\/#primaryimage","url":"https:\/\/librosdelzorrorojo.com\/wp-content\/uploads\/2021\/03\/COVER_Parlo-com-el-riu_WEB.jpg","contentUrl":"https:\/\/librosdelzorrorojo.com\/wp-content\/uploads\/2021\/03\/COVER_Parlo-com-el-riu_WEB.jpg","width":741,"height":850,"caption":"COVER Parlo com el riu WEB"},{"@type":"BreadcrumbList","@id":"https:\/\/librosdelzorrorojo.com\/ca\/cataleg\/parlo-com-el-riu\/#breadcrumb","itemListElement":[{"@type":"ListItem","position":1,"name":"Portada","item":"https:\/\/librosdelzorrorojo.com\/ca\/"},{"@type":"ListItem","position":2,"name":"Cat\u00e0leg","item":"https:\/\/librosdelzorrorojo.com\/ca\/cataleg\/"},{"@type":"ListItem","position":3,"name":"Parlo com el riu"}]},{"@type":"WebSite","@id":"https:\/\/librosdelzorrorojo.com\/#website","url":"https:\/\/librosdelzorrorojo.com\/","name":"Libros del Zorro Rojo","description":"Libros ilustrados","potentialAction":[{"@type":"SearchAction","target":{"@type":"EntryPoint","urlTemplate":"https:\/\/librosdelzorrorojo.com\/?s={search_term_string}"},"query-input":{"@type":"PropertyValueSpecification","valueRequired":true,"valueName":"search_term_string"}}],"inLanguage":"ca"}]}},"_links":{"self":[{"href":"https:\/\/librosdelzorrorojo.com\/ca\/wp-json\/wp\/v2\/product\/19469","targetHints":{"allow":["GET"]}}],"collection":[{"href":"https:\/\/librosdelzorrorojo.com\/ca\/wp-json\/wp\/v2\/product"}],"about":[{"href":"https:\/\/librosdelzorrorojo.com\/ca\/wp-json\/wp\/v2\/types\/product"}],"wp:featuredmedia":[{"embeddable":true,"href":"https:\/\/librosdelzorrorojo.com\/ca\/wp-json\/wp\/v2\/media\/19470"}],"wp:attachment":[{"href":"https:\/\/librosdelzorrorojo.com\/ca\/wp-json\/wp\/v2\/media?parent=19469"}],"wp:term":[{"taxonomy":"product_brand","embeddable":true,"href":"https:\/\/librosdelzorrorojo.com\/ca\/wp-json\/wp\/v2\/product_brand?post=19469"},{"taxonomy":"product_cat","embeddable":true,"href":"https:\/\/librosdelzorrorojo.com\/ca\/wp-json\/wp\/v2\/product_cat?post=19469"},{"taxonomy":"product_tag","embeddable":true,"href":"https:\/\/librosdelzorrorojo.com\/ca\/wp-json\/wp\/v2\/product_tag?post=19469"}],"curies":[{"name":"wp","href":"https:\/\/api.w.org\/{rel}","templated":true}]}}