{"id":19468,"date":"2021-03-10T00:10:09","date_gmt":"2021-03-09T23:10:09","guid":{"rendered":"https:\/\/librosdelzorrorojo.com\/catalogo\/hablo-como-el-rio\/"},"modified":"2025-08-28T15:31:42","modified_gmt":"2025-08-28T13:31:42","slug":"hablo-como-el-rio","status":"publish","type":"product","link":"https:\/\/librosdelzorrorojo.com\/ca\/cataleg\/hablo-como-el-rio\/","title":{"rendered":"Hablo como el r\u00edo"},"content":{"rendered":"<p>\u00bfQu\u00e9 ocurre cuando las palabras se quedan atascadas y echan ra\u00edces dentro de tu boca cada vez que intentas hablar?\u00a0\u00abMe despierto cada ma\u00f1ana con los sonidos de las palabras a mi alrededor. Y no puedo pronunciarlas todas\u00bb, nos cuenta el protagonista de esta historia. Un d\u00eda, su padre lo recoge de la escuela, y juntos caminan por la orilla de un r\u00edo, desde donde observan c\u00f3mo el agua ondula, forma remolinos y choca contra las rocas. All\u00ed, el peque\u00f1o descubre que \u00a1el r\u00edo tambi\u00e9n tartamudea! No es una cura m\u00e1gica, pero cuando las palabras se le presentan dif\u00edciles, solo tiene que pensar en la bravura del r\u00edo para sentirse mejor.<\/p>\n<p>Jordan Scott ha escrito, desde su propia experiencia, esta obra poderosa, con un lenguaje po\u00e9tico que destila autenticidad para describir lo que sienten los ni\u00f1os y ni\u00f1as con tartamudez. Adem\u00e1s de deleitar, este libro para primeros lectores permite identificar sentimientos como la soledad o la autoaceptaci\u00f3n. Las magn\u00edficas acuarelas del multipremiado Sydney Smith envuelven al lector en un crisol de emociones: desde la ansiedad claustrof\u00f3bica de un aula hasta la belleza sobrecogedora de los destellos naturales sobre el agua mientras un padre ayuda a reconectar a su hijo con el mundo que lo rodea. Un \u00e1lbum conmovedor para cualquier persona que alguna vez se haya sentido sola o simplemente diferente.<\/p>\n<p><img decoding=\"async\" src=\"https:\/\/librosdelzorrorojo.com\/wp-content\/uploads\/2021\/09\/DC-ICEC-horitzontal-cos12-bn-1-600x80.png\" alt=\"\" width=\"300\" height=\"40\" class=\"alignnone wp-image-23703\" srcset=\"https:\/\/librosdelzorrorojo.com\/wp-content\/uploads\/2021\/09\/DC-ICEC-horitzontal-cos12-bn-1-600x80.png 600w, https:\/\/librosdelzorrorojo.com\/wp-content\/uploads\/2021\/09\/DC-ICEC-horitzontal-cos12-bn-1-1024x137.png 1024w, https:\/\/librosdelzorrorojo.com\/wp-content\/uploads\/2021\/09\/DC-ICEC-horitzontal-cos12-bn-1-768x103.png 768w, https:\/\/librosdelzorrorojo.com\/wp-content\/uploads\/2021\/09\/DC-ICEC-horitzontal-cos12-bn-1-800x107.png 800w, https:\/\/librosdelzorrorojo.com\/wp-content\/uploads\/2021\/09\/DC-ICEC-horitzontal-cos12-bn-1.png 1482w\" sizes=\"(max-width: 300px) 100vw, 300px\" \/><\/p>\n<p>&nbsp;<\/p>\n","protected":false},"excerpt":{"rendered":"\u00bfQu\u00e9 ocurre cuando las palabras se quedan atascadas y echan ra\u00edces dentro de tu boca cada vez que intentas hablar?\u00a0\u00abMe despierto cada ma\u00f1ana con los sonidos de las palabras a mi alrededor. Y no puedo pronunciarlas todas\u00bb, nos cuenta el protagonista de esta historia. Un d\u00eda, su padre lo recoge de la escuela, y juntos [&hellip;]","protected":false},"featured_media":19458,"template":"","meta":{"_acf_changed":false},"product_brand":[],"product_cat":[844,843,839],"product_tag":[],"class_list":{"0":"post-19468","1":"product","2":"type-product","3":"status-publish","4":"has-post-thumbnail","6":"product_cat-castella","7":"product_cat-infantiles-ca","8":"product_cat-zona-kids-ca","9":"vinculo-hablo-como-el-rio","11":"first","12":"outofstock","13":"taxable","14":"shipping-taxable","15":"purchasable","16":"product-type-simple"},"acf":[],"yoast_head":"<!-- This site is optimized with the Yoast SEO plugin v25.1 - https:\/\/yoast.com\/wordpress\/plugins\/seo\/ -->\n<title>Hablo como el r\u00edo - Libros del Zorro Rojo<\/title>\n<meta name=\"description\" content=\"\u00bfQu\u00e9 ocurre cuando las palabras se quedan atascadas y echan ra\u00edces dentro de tu boca cada vez que intentas hablar?\u00a0\u00abMe despierto cada ma\u00f1ana con los sonidos de las palabras a mi alrededor. Y no puedo pronunciarlas todas\u00bb, nos cuenta el protagonista de esta historia. Un d\u00eda, su padre lo recoge de la escuela, y juntos caminan por la orilla de un r\u00edo, desde donde observan c\u00f3mo el agua ondula, forma remolinos y choca contra las rocas. All\u00ed, el peque\u00f1o descubre que \u00a1el r\u00edo tambi\u00e9n tartamudea! No es una cura m\u00e1gica, pero cuando las palabras se le presentan dif\u00edciles, solo tiene que pensar en la bravura del r\u00edo para sentirse mejor.\" \/>\n<meta name=\"robots\" content=\"index, follow, max-snippet:-1, max-image-preview:large, max-video-preview:-1\" \/>\n<link rel=\"canonical\" href=\"https:\/\/librosdelzorrorojo.com\/ca\/cataleg\/hablo-como-el-rio\/\" \/>\n<meta property=\"og:locale\" content=\"ca_ES\" \/>\n<meta property=\"og:type\" content=\"article\" \/>\n<meta property=\"og:title\" content=\"Hablo como el r\u00edo - Libros del Zorro Rojo\" \/>\n<meta property=\"og:description\" content=\"\u00bfQu\u00e9 ocurre cuando las palabras se quedan atascadas y echan ra\u00edces dentro de tu boca cada vez que intentas hablar?\u00a0\u00abMe despierto cada ma\u00f1ana con los sonidos de las palabras a mi alrededor. Y no puedo pronunciarlas todas\u00bb, nos cuenta el protagonista de esta historia. Un d\u00eda, su padre lo recoge de la escuela, y juntos caminan por la orilla de un r\u00edo, desde donde observan c\u00f3mo el agua ondula, forma remolinos y choca contra las rocas. All\u00ed, el peque\u00f1o descubre que \u00a1el r\u00edo tambi\u00e9n tartamudea! No es una cura m\u00e1gica, pero cuando las palabras se le presentan dif\u00edciles, solo tiene que pensar en la bravura del r\u00edo para sentirse mejor.\" \/>\n<meta property=\"og:url\" content=\"https:\/\/librosdelzorrorojo.com\/ca\/cataleg\/hablo-como-el-rio\/\" \/>\n<meta property=\"og:site_name\" content=\"Libros del Zorro Rojo\" \/>\n<meta property=\"article:modified_time\" content=\"2025-08-28T13:31:42+00:00\" \/>\n<meta property=\"og:image\" content=\"https:\/\/librosdelzorrorojo.com\/wp-content\/uploads\/2021\/03\/SLIDE_Hablo-como-el-rio_03.jpg\" \/>\n\t<meta property=\"og:image:width\" content=\"994\" \/>\n\t<meta property=\"og:image:height\" content=\"400\" \/>\n\t<meta property=\"og:image:type\" content=\"image\/jpeg\" \/>\n<meta name=\"twitter:card\" content=\"summary_large_image\" \/>\n<meta name=\"twitter:image\" content=\"https:\/\/librosdelzorrorojo.com\/wp-content\/uploads\/2021\/03\/SLIDE_Hablo-como-el-rio_03.jpg\" \/>\n<meta name=\"twitter:label1\" content=\"Temps estimat de lectura\" \/>\n\t<meta name=\"twitter:data1\" content=\"1 minut\" \/>\n<script type=\"application\/ld+json\" class=\"yoast-schema-graph\">{\"@context\":\"https:\/\/schema.org\",\"@graph\":[{\"@type\":\"WebPage\",\"@id\":\"https:\/\/librosdelzorrorojo.com\/ca\/cataleg\/hablo-como-el-rio\/\",\"url\":\"https:\/\/librosdelzorrorojo.com\/ca\/cataleg\/hablo-como-el-rio\/\",\"name\":\"Hablo como el r\u00edo - Libros del Zorro Rojo\",\"isPartOf\":{\"@id\":\"https:\/\/librosdelzorrorojo.com\/#website\"},\"primaryImageOfPage\":{\"@id\":\"https:\/\/librosdelzorrorojo.com\/ca\/cataleg\/hablo-como-el-rio\/#primaryimage\"},\"image\":{\"@id\":\"https:\/\/librosdelzorrorojo.com\/ca\/cataleg\/hablo-como-el-rio\/#primaryimage\"},\"thumbnailUrl\":\"https:\/\/librosdelzorrorojo.com\/wp-content\/uploads\/2021\/03\/COVER_Hablo-como-el-rio_WEB.jpg\",\"datePublished\":\"2021-03-09T23:10:09+00:00\",\"dateModified\":\"2025-08-28T13:31:42+00:00\",\"description\":\"\u00bfQu\u00e9 ocurre cuando las palabras se quedan atascadas y echan ra\u00edces dentro de tu boca cada vez que intentas hablar?\u00a0\u00abMe despierto cada ma\u00f1ana con los sonidos de las palabras a mi alrededor. Y no puedo pronunciarlas todas\u00bb, nos cuenta el protagonista de esta historia. Un d\u00eda, su padre lo recoge de la escuela, y juntos caminan por la orilla de un r\u00edo, desde donde observan c\u00f3mo el agua ondula, forma remolinos y choca contra las rocas. All\u00ed, el peque\u00f1o descubre que \u00a1el r\u00edo tambi\u00e9n tartamudea! No es una cura m\u00e1gica, pero cuando las palabras se le presentan dif\u00edciles, solo tiene que pensar en la bravura del r\u00edo para sentirse mejor.\",\"breadcrumb\":{\"@id\":\"https:\/\/librosdelzorrorojo.com\/ca\/cataleg\/hablo-como-el-rio\/#breadcrumb\"},\"inLanguage\":\"ca\",\"potentialAction\":[{\"@type\":\"ReadAction\",\"target\":[\"https:\/\/librosdelzorrorojo.com\/ca\/cataleg\/hablo-como-el-rio\/\"]}]},{\"@type\":\"ImageObject\",\"inLanguage\":\"ca\",\"@id\":\"https:\/\/librosdelzorrorojo.com\/ca\/cataleg\/hablo-como-el-rio\/#primaryimage\",\"url\":\"https:\/\/librosdelzorrorojo.com\/wp-content\/uploads\/2021\/03\/COVER_Hablo-como-el-rio_WEB.jpg\",\"contentUrl\":\"https:\/\/librosdelzorrorojo.com\/wp-content\/uploads\/2021\/03\/COVER_Hablo-como-el-rio_WEB.jpg\",\"width\":741,\"height\":850,\"caption\":\"COVER Hablo como el rio WEB\"},{\"@type\":\"BreadcrumbList\",\"@id\":\"https:\/\/librosdelzorrorojo.com\/ca\/cataleg\/hablo-como-el-rio\/#breadcrumb\",\"itemListElement\":[{\"@type\":\"ListItem\",\"position\":1,\"name\":\"Portada\",\"item\":\"https:\/\/librosdelzorrorojo.com\/ca\/\"},{\"@type\":\"ListItem\",\"position\":2,\"name\":\"Cat\u00e0leg\",\"item\":\"https:\/\/librosdelzorrorojo.com\/ca\/cataleg\/\"},{\"@type\":\"ListItem\",\"position\":3,\"name\":\"Hablo como el r\u00edo\"}]},{\"@type\":\"WebSite\",\"@id\":\"https:\/\/librosdelzorrorojo.com\/#website\",\"url\":\"https:\/\/librosdelzorrorojo.com\/\",\"name\":\"Libros del Zorro Rojo\",\"description\":\"Libros ilustrados\",\"potentialAction\":[{\"@type\":\"SearchAction\",\"target\":{\"@type\":\"EntryPoint\",\"urlTemplate\":\"https:\/\/librosdelzorrorojo.com\/?s={search_term_string}\"},\"query-input\":{\"@type\":\"PropertyValueSpecification\",\"valueRequired\":true,\"valueName\":\"search_term_string\"}}],\"inLanguage\":\"ca\"}]}<\/script>\n<!-- \/ Yoast SEO plugin. -->","yoast_head_json":{"title":"Hablo como el r\u00edo - Libros del Zorro Rojo","description":"\u00bfQu\u00e9 ocurre cuando las palabras se quedan atascadas y echan ra\u00edces dentro de tu boca cada vez que intentas hablar?\u00a0\u00abMe despierto cada ma\u00f1ana con los sonidos de las palabras a mi alrededor. Y no puedo pronunciarlas todas\u00bb, nos cuenta el protagonista de esta historia. Un d\u00eda, su padre lo recoge de la escuela, y juntos caminan por la orilla de un r\u00edo, desde donde observan c\u00f3mo el agua ondula, forma remolinos y choca contra las rocas. All\u00ed, el peque\u00f1o descubre que \u00a1el r\u00edo tambi\u00e9n tartamudea! No es una cura m\u00e1gica, pero cuando las palabras se le presentan dif\u00edciles, solo tiene que pensar en la bravura del r\u00edo para sentirse mejor.","robots":{"index":"index","follow":"follow","max-snippet":"max-snippet:-1","max-image-preview":"max-image-preview:large","max-video-preview":"max-video-preview:-1"},"canonical":"https:\/\/librosdelzorrorojo.com\/ca\/cataleg\/hablo-como-el-rio\/","og_locale":"ca_ES","og_type":"article","og_title":"Hablo como el r\u00edo - Libros del Zorro Rojo","og_description":"\u00bfQu\u00e9 ocurre cuando las palabras se quedan atascadas y echan ra\u00edces dentro de tu boca cada vez que intentas hablar?\u00a0\u00abMe despierto cada ma\u00f1ana con los sonidos de las palabras a mi alrededor. Y no puedo pronunciarlas todas\u00bb, nos cuenta el protagonista de esta historia. Un d\u00eda, su padre lo recoge de la escuela, y juntos caminan por la orilla de un r\u00edo, desde donde observan c\u00f3mo el agua ondula, forma remolinos y choca contra las rocas. All\u00ed, el peque\u00f1o descubre que \u00a1el r\u00edo tambi\u00e9n tartamudea! No es una cura m\u00e1gica, pero cuando las palabras se le presentan dif\u00edciles, solo tiene que pensar en la bravura del r\u00edo para sentirse mejor.","og_url":"https:\/\/librosdelzorrorojo.com\/ca\/cataleg\/hablo-como-el-rio\/","og_site_name":"Libros del Zorro Rojo","article_modified_time":"2025-08-28T13:31:42+00:00","og_image":[{"width":994,"height":400,"url":"https:\/\/librosdelzorrorojo.com\/wp-content\/uploads\/2021\/03\/SLIDE_Hablo-como-el-rio_03.jpg","type":"image\/jpeg"}],"twitter_card":"summary_large_image","twitter_image":"https:\/\/librosdelzorrorojo.com\/wp-content\/uploads\/2021\/03\/SLIDE_Hablo-como-el-rio_03.jpg","twitter_misc":{"Temps estimat de lectura":"1 minut"},"schema":{"@context":"https:\/\/schema.org","@graph":[{"@type":"WebPage","@id":"https:\/\/librosdelzorrorojo.com\/ca\/cataleg\/hablo-como-el-rio\/","url":"https:\/\/librosdelzorrorojo.com\/ca\/cataleg\/hablo-como-el-rio\/","name":"Hablo como el r\u00edo - Libros del Zorro Rojo","isPartOf":{"@id":"https:\/\/librosdelzorrorojo.com\/#website"},"primaryImageOfPage":{"@id":"https:\/\/librosdelzorrorojo.com\/ca\/cataleg\/hablo-como-el-rio\/#primaryimage"},"image":{"@id":"https:\/\/librosdelzorrorojo.com\/ca\/cataleg\/hablo-como-el-rio\/#primaryimage"},"thumbnailUrl":"https:\/\/librosdelzorrorojo.com\/wp-content\/uploads\/2021\/03\/COVER_Hablo-como-el-rio_WEB.jpg","datePublished":"2021-03-09T23:10:09+00:00","dateModified":"2025-08-28T13:31:42+00:00","description":"\u00bfQu\u00e9 ocurre cuando las palabras se quedan atascadas y echan ra\u00edces dentro de tu boca cada vez que intentas hablar?\u00a0\u00abMe despierto cada ma\u00f1ana con los sonidos de las palabras a mi alrededor. Y no puedo pronunciarlas todas\u00bb, nos cuenta el protagonista de esta historia. Un d\u00eda, su padre lo recoge de la escuela, y juntos caminan por la orilla de un r\u00edo, desde donde observan c\u00f3mo el agua ondula, forma remolinos y choca contra las rocas. All\u00ed, el peque\u00f1o descubre que \u00a1el r\u00edo tambi\u00e9n tartamudea! No es una cura m\u00e1gica, pero cuando las palabras se le presentan dif\u00edciles, solo tiene que pensar en la bravura del r\u00edo para sentirse mejor.","breadcrumb":{"@id":"https:\/\/librosdelzorrorojo.com\/ca\/cataleg\/hablo-como-el-rio\/#breadcrumb"},"inLanguage":"ca","potentialAction":[{"@type":"ReadAction","target":["https:\/\/librosdelzorrorojo.com\/ca\/cataleg\/hablo-como-el-rio\/"]}]},{"@type":"ImageObject","inLanguage":"ca","@id":"https:\/\/librosdelzorrorojo.com\/ca\/cataleg\/hablo-como-el-rio\/#primaryimage","url":"https:\/\/librosdelzorrorojo.com\/wp-content\/uploads\/2021\/03\/COVER_Hablo-como-el-rio_WEB.jpg","contentUrl":"https:\/\/librosdelzorrorojo.com\/wp-content\/uploads\/2021\/03\/COVER_Hablo-como-el-rio_WEB.jpg","width":741,"height":850,"caption":"COVER Hablo como el rio WEB"},{"@type":"BreadcrumbList","@id":"https:\/\/librosdelzorrorojo.com\/ca\/cataleg\/hablo-como-el-rio\/#breadcrumb","itemListElement":[{"@type":"ListItem","position":1,"name":"Portada","item":"https:\/\/librosdelzorrorojo.com\/ca\/"},{"@type":"ListItem","position":2,"name":"Cat\u00e0leg","item":"https:\/\/librosdelzorrorojo.com\/ca\/cataleg\/"},{"@type":"ListItem","position":3,"name":"Hablo como el r\u00edo"}]},{"@type":"WebSite","@id":"https:\/\/librosdelzorrorojo.com\/#website","url":"https:\/\/librosdelzorrorojo.com\/","name":"Libros del Zorro Rojo","description":"Libros ilustrados","potentialAction":[{"@type":"SearchAction","target":{"@type":"EntryPoint","urlTemplate":"https:\/\/librosdelzorrorojo.com\/?s={search_term_string}"},"query-input":{"@type":"PropertyValueSpecification","valueRequired":true,"valueName":"search_term_string"}}],"inLanguage":"ca"}]}},"_links":{"self":[{"href":"https:\/\/librosdelzorrorojo.com\/ca\/wp-json\/wp\/v2\/product\/19468","targetHints":{"allow":["GET"]}}],"collection":[{"href":"https:\/\/librosdelzorrorojo.com\/ca\/wp-json\/wp\/v2\/product"}],"about":[{"href":"https:\/\/librosdelzorrorojo.com\/ca\/wp-json\/wp\/v2\/types\/product"}],"wp:featuredmedia":[{"embeddable":true,"href":"https:\/\/librosdelzorrorojo.com\/ca\/wp-json\/wp\/v2\/media\/19458"}],"wp:attachment":[{"href":"https:\/\/librosdelzorrorojo.com\/ca\/wp-json\/wp\/v2\/media?parent=19468"}],"wp:term":[{"taxonomy":"product_brand","embeddable":true,"href":"https:\/\/librosdelzorrorojo.com\/ca\/wp-json\/wp\/v2\/product_brand?post=19468"},{"taxonomy":"product_cat","embeddable":true,"href":"https:\/\/librosdelzorrorojo.com\/ca\/wp-json\/wp\/v2\/product_cat?post=19468"},{"taxonomy":"product_tag","embeddable":true,"href":"https:\/\/librosdelzorrorojo.com\/ca\/wp-json\/wp\/v2\/product_tag?post=19468"}],"curies":[{"name":"wp","href":"https:\/\/api.w.org\/{rel}","templated":true}]}}