{"id":19247,"date":"2021-03-31T00:10:29","date_gmt":"2021-03-31T06:08:56","guid":{"rendered":"https:\/\/librosdelzorrorojo.com\/?post_type=product&#038;p=19247"},"modified":"2024-02-29T11:41:59","modified_gmt":"2024-02-29T10:41:59","slug":"buu-un-misterio-marino","status":"publish","type":"product","link":"https:\/\/librosdelzorrorojo.com\/ca\/cataleg\/buu-un-misterio-marino\/","title":{"rendered":"\u00a1BUU! Un misterio marino"},"content":{"rendered":"<p>En la profundidad del mar azul, un pececito rosa lanza una pregunta: \u00ab\u00bfAlguien quiere jugar?\u00bb. Escondido en el hueco de una roca grita: \u00ab\u00a1BUU!\u00bb. Los peces, desprevenidos, afirman haber o\u00eddo un grito espeluznante, que ha hecho que cunda el p\u00e1nico bajo las olas. Todos est\u00e1n asustados: el pulpo rojo, la tortuga verde, la anguila amarilla e incluso los tiburones grises huyen en tropel en medio de un remolino de burbujas de colores.<\/p>\n<p>Kate Read, autora de <em>Un Zorro<\/em>, presenta un trepidante relato de misterio, lleno de humor y sorpresas. Adem\u00e1s de una historia original y entretenida, el libro ofrece una doble p\u00e1gina con curiosidades sobre los amigos del pececito rosa: \u00bfpor qu\u00e9 las sardinas nadan en grupo?, \u00bfc\u00f3mo se camufla el pulpo?, \u00bfqu\u00e9 hacen los cangrejos cuando se asustan?<\/p>\n<p>Las vibrantes y coloridas estampas destacan por su extraordinaria plasticidad y la riqueza de matices del universo de criaturas acu\u00e1ticas. La ilustradora combina pintura y <em>collage<\/em>, utilizando dibujos recortados, que aportan textura y movimiento a las composiciones.<\/p>\n<p>Un \u00e1lbum ideal para la educaci\u00f3n preescolar y para la lectura en voz alta, con un final sorprendente que convierte en h\u00e9roe al peque\u00f1o protagonista.<\/p>\n","protected":false},"excerpt":{"rendered":"En la profundidad del mar azul, un pececito rosa lanza una pregunta: \u00ab\u00bfAlguien quiere jugar?\u00bb. Escondido en el hueco de una roca grita: \u00ab\u00a1BUU!\u00bb. Los peces, desprevenidos, afirman haber o\u00eddo un grito espeluznante, que ha hecho que cunda el p\u00e1nico bajo las olas. Todos est\u00e1n asustados: el pulpo rojo, la tortuga verde, la anguila amarilla [&hellip;]","protected":false},"featured_media":19236,"template":"","meta":{"_acf_changed":false},"product_brand":[],"product_cat":[844,843,839],"product_tag":[],"class_list":{"0":"post-19247","1":"product","2":"type-product","3":"status-publish","4":"has-post-thumbnail","6":"product_cat-castella","7":"product_cat-infantiles-ca","8":"product_cat-zona-kids-ca","9":"vinculo-buu","11":"first","12":"instock","13":"taxable","14":"shipping-taxable","15":"purchasable","16":"product-type-simple"},"acf":[],"yoast_head":"<!-- This site is optimized with the Yoast SEO plugin v25.1 - https:\/\/yoast.com\/wordpress\/plugins\/seo\/ -->\n<title>\u00a1BUU! Un misterio marino - Libros del Zorro Rojo<\/title>\n<meta name=\"description\" content=\"En la profundidad del mar azul, un pececito rosa lanza una pregunta: \u00ab\u00bfAlguien quiere jugar?\u00bb. Escondido en el hueco de una roca grita: \u00ab\u00a1BUU!\u00bb.\" \/>\n<meta name=\"robots\" content=\"index, follow, max-snippet:-1, max-image-preview:large, max-video-preview:-1\" \/>\n<link rel=\"canonical\" href=\"https:\/\/librosdelzorrorojo.com\/ca\/cataleg\/buu-un-misterio-marino\/\" \/>\n<meta property=\"og:locale\" content=\"ca_ES\" \/>\n<meta property=\"og:type\" content=\"article\" \/>\n<meta property=\"og:title\" content=\"\u00a1BUU! Un misterio marino - Libros del Zorro Rojo\" \/>\n<meta property=\"og:description\" content=\"En la profundidad del mar azul, un pececito rosa lanza una pregunta: \u00ab\u00bfAlguien quiere jugar?\u00bb. Escondido en el hueco de una roca grita: \u00ab\u00a1BUU!\u00bb.\" \/>\n<meta property=\"og:url\" content=\"https:\/\/librosdelzorrorojo.com\/ca\/cataleg\/buu-un-misterio-marino\/\" \/>\n<meta property=\"og:site_name\" content=\"Libros del Zorro Rojo\" \/>\n<meta property=\"article:modified_time\" content=\"2024-02-29T10:41:59+00:00\" \/>\n<meta property=\"og:image\" content=\"https:\/\/librosdelzorrorojo.com\/wp-content\/uploads\/2021\/02\/BUU_1200x1200_04-768x768.png\" \/>\n\t<meta property=\"og:image:width\" content=\"768\" \/>\n\t<meta property=\"og:image:height\" content=\"768\" \/>\n\t<meta property=\"og:image:type\" content=\"image\/png\" \/>\n<meta name=\"twitter:card\" content=\"summary_large_image\" \/>\n<meta name=\"twitter:label1\" content=\"Temps estimat de lectura\" \/>\n\t<meta name=\"twitter:data1\" content=\"1 minut\" \/>\n<script type=\"application\/ld+json\" class=\"yoast-schema-graph\">{\"@context\":\"https:\/\/schema.org\",\"@graph\":[{\"@type\":\"WebPage\",\"@id\":\"https:\/\/librosdelzorrorojo.com\/ca\/cataleg\/buu-un-misterio-marino\/\",\"url\":\"https:\/\/librosdelzorrorojo.com\/ca\/cataleg\/buu-un-misterio-marino\/\",\"name\":\"\u00a1BUU! Un misterio marino - Libros del Zorro Rojo\",\"isPartOf\":{\"@id\":\"https:\/\/librosdelzorrorojo.com\/#website\"},\"primaryImageOfPage\":{\"@id\":\"https:\/\/librosdelzorrorojo.com\/ca\/cataleg\/buu-un-misterio-marino\/#primaryimage\"},\"image\":{\"@id\":\"https:\/\/librosdelzorrorojo.com\/ca\/cataleg\/buu-un-misterio-marino\/#primaryimage\"},\"thumbnailUrl\":\"https:\/\/librosdelzorrorojo.com\/wp-content\/uploads\/2021\/02\/COVER_BUU-CAST_WEB.png\",\"datePublished\":\"2021-03-31T06:08:56+00:00\",\"dateModified\":\"2024-02-29T10:41:59+00:00\",\"description\":\"En la profundidad del mar azul, un pececito rosa lanza una pregunta: \u00ab\u00bfAlguien quiere jugar?\u00bb. Escondido en el hueco de una roca grita: \u00ab\u00a1BUU!\u00bb.\",\"breadcrumb\":{\"@id\":\"https:\/\/librosdelzorrorojo.com\/ca\/cataleg\/buu-un-misterio-marino\/#breadcrumb\"},\"inLanguage\":\"ca\",\"potentialAction\":[{\"@type\":\"ReadAction\",\"target\":[\"https:\/\/librosdelzorrorojo.com\/ca\/cataleg\/buu-un-misterio-marino\/\"]}]},{\"@type\":\"ImageObject\",\"inLanguage\":\"ca\",\"@id\":\"https:\/\/librosdelzorrorojo.com\/ca\/cataleg\/buu-un-misterio-marino\/#primaryimage\",\"url\":\"https:\/\/librosdelzorrorojo.com\/wp-content\/uploads\/2021\/02\/COVER_BUU-CAST_WEB.png\",\"contentUrl\":\"https:\/\/librosdelzorrorojo.com\/wp-content\/uploads\/2021\/02\/COVER_BUU-CAST_WEB.png\",\"width\":850,\"height\":850,\"caption\":\"COVER BUU CAST WEB\"},{\"@type\":\"BreadcrumbList\",\"@id\":\"https:\/\/librosdelzorrorojo.com\/ca\/cataleg\/buu-un-misterio-marino\/#breadcrumb\",\"itemListElement\":[{\"@type\":\"ListItem\",\"position\":1,\"name\":\"Portada\",\"item\":\"https:\/\/librosdelzorrorojo.com\/ca\/\"},{\"@type\":\"ListItem\",\"position\":2,\"name\":\"Cat\u00e0leg\",\"item\":\"https:\/\/librosdelzorrorojo.com\/ca\/cataleg\/\"},{\"@type\":\"ListItem\",\"position\":3,\"name\":\"\u00a1BUU! Un misterio marino\"}]},{\"@type\":\"WebSite\",\"@id\":\"https:\/\/librosdelzorrorojo.com\/#website\",\"url\":\"https:\/\/librosdelzorrorojo.com\/\",\"name\":\"Libros del Zorro Rojo\",\"description\":\"Libros ilustrados\",\"potentialAction\":[{\"@type\":\"SearchAction\",\"target\":{\"@type\":\"EntryPoint\",\"urlTemplate\":\"https:\/\/librosdelzorrorojo.com\/?s={search_term_string}\"},\"query-input\":{\"@type\":\"PropertyValueSpecification\",\"valueRequired\":true,\"valueName\":\"search_term_string\"}}],\"inLanguage\":\"ca\"}]}<\/script>\n<!-- \/ Yoast SEO plugin. -->","yoast_head_json":{"title":"\u00a1BUU! Un misterio marino - Libros del Zorro Rojo","description":"En la profundidad del mar azul, un pececito rosa lanza una pregunta: \u00ab\u00bfAlguien quiere jugar?\u00bb. Escondido en el hueco de una roca grita: \u00ab\u00a1BUU!\u00bb.","robots":{"index":"index","follow":"follow","max-snippet":"max-snippet:-1","max-image-preview":"max-image-preview:large","max-video-preview":"max-video-preview:-1"},"canonical":"https:\/\/librosdelzorrorojo.com\/ca\/cataleg\/buu-un-misterio-marino\/","og_locale":"ca_ES","og_type":"article","og_title":"\u00a1BUU! Un misterio marino - Libros del Zorro Rojo","og_description":"En la profundidad del mar azul, un pececito rosa lanza una pregunta: \u00ab\u00bfAlguien quiere jugar?\u00bb. Escondido en el hueco de una roca grita: \u00ab\u00a1BUU!\u00bb.","og_url":"https:\/\/librosdelzorrorojo.com\/ca\/cataleg\/buu-un-misterio-marino\/","og_site_name":"Libros del Zorro Rojo","article_modified_time":"2024-02-29T10:41:59+00:00","og_image":[{"width":768,"height":768,"url":"https:\/\/librosdelzorrorojo.com\/wp-content\/uploads\/2021\/02\/BUU_1200x1200_04-768x768.png","type":"image\/png"}],"twitter_card":"summary_large_image","twitter_misc":{"Temps estimat de lectura":"1 minut"},"schema":{"@context":"https:\/\/schema.org","@graph":[{"@type":"WebPage","@id":"https:\/\/librosdelzorrorojo.com\/ca\/cataleg\/buu-un-misterio-marino\/","url":"https:\/\/librosdelzorrorojo.com\/ca\/cataleg\/buu-un-misterio-marino\/","name":"\u00a1BUU! Un misterio marino - Libros del Zorro Rojo","isPartOf":{"@id":"https:\/\/librosdelzorrorojo.com\/#website"},"primaryImageOfPage":{"@id":"https:\/\/librosdelzorrorojo.com\/ca\/cataleg\/buu-un-misterio-marino\/#primaryimage"},"image":{"@id":"https:\/\/librosdelzorrorojo.com\/ca\/cataleg\/buu-un-misterio-marino\/#primaryimage"},"thumbnailUrl":"https:\/\/librosdelzorrorojo.com\/wp-content\/uploads\/2021\/02\/COVER_BUU-CAST_WEB.png","datePublished":"2021-03-31T06:08:56+00:00","dateModified":"2024-02-29T10:41:59+00:00","description":"En la profundidad del mar azul, un pececito rosa lanza una pregunta: \u00ab\u00bfAlguien quiere jugar?\u00bb. Escondido en el hueco de una roca grita: \u00ab\u00a1BUU!\u00bb.","breadcrumb":{"@id":"https:\/\/librosdelzorrorojo.com\/ca\/cataleg\/buu-un-misterio-marino\/#breadcrumb"},"inLanguage":"ca","potentialAction":[{"@type":"ReadAction","target":["https:\/\/librosdelzorrorojo.com\/ca\/cataleg\/buu-un-misterio-marino\/"]}]},{"@type":"ImageObject","inLanguage":"ca","@id":"https:\/\/librosdelzorrorojo.com\/ca\/cataleg\/buu-un-misterio-marino\/#primaryimage","url":"https:\/\/librosdelzorrorojo.com\/wp-content\/uploads\/2021\/02\/COVER_BUU-CAST_WEB.png","contentUrl":"https:\/\/librosdelzorrorojo.com\/wp-content\/uploads\/2021\/02\/COVER_BUU-CAST_WEB.png","width":850,"height":850,"caption":"COVER BUU CAST WEB"},{"@type":"BreadcrumbList","@id":"https:\/\/librosdelzorrorojo.com\/ca\/cataleg\/buu-un-misterio-marino\/#breadcrumb","itemListElement":[{"@type":"ListItem","position":1,"name":"Portada","item":"https:\/\/librosdelzorrorojo.com\/ca\/"},{"@type":"ListItem","position":2,"name":"Cat\u00e0leg","item":"https:\/\/librosdelzorrorojo.com\/ca\/cataleg\/"},{"@type":"ListItem","position":3,"name":"\u00a1BUU! Un misterio marino"}]},{"@type":"WebSite","@id":"https:\/\/librosdelzorrorojo.com\/#website","url":"https:\/\/librosdelzorrorojo.com\/","name":"Libros del Zorro Rojo","description":"Libros ilustrados","potentialAction":[{"@type":"SearchAction","target":{"@type":"EntryPoint","urlTemplate":"https:\/\/librosdelzorrorojo.com\/?s={search_term_string}"},"query-input":{"@type":"PropertyValueSpecification","valueRequired":true,"valueName":"search_term_string"}}],"inLanguage":"ca"}]}},"_links":{"self":[{"href":"https:\/\/librosdelzorrorojo.com\/ca\/wp-json\/wp\/v2\/product\/19247","targetHints":{"allow":["GET"]}}],"collection":[{"href":"https:\/\/librosdelzorrorojo.com\/ca\/wp-json\/wp\/v2\/product"}],"about":[{"href":"https:\/\/librosdelzorrorojo.com\/ca\/wp-json\/wp\/v2\/types\/product"}],"wp:featuredmedia":[{"embeddable":true,"href":"https:\/\/librosdelzorrorojo.com\/ca\/wp-json\/wp\/v2\/media\/19236"}],"wp:attachment":[{"href":"https:\/\/librosdelzorrorojo.com\/ca\/wp-json\/wp\/v2\/media?parent=19247"}],"wp:term":[{"taxonomy":"product_brand","embeddable":true,"href":"https:\/\/librosdelzorrorojo.com\/ca\/wp-json\/wp\/v2\/product_brand?post=19247"},{"taxonomy":"product_cat","embeddable":true,"href":"https:\/\/librosdelzorrorojo.com\/ca\/wp-json\/wp\/v2\/product_cat?post=19247"},{"taxonomy":"product_tag","embeddable":true,"href":"https:\/\/librosdelzorrorojo.com\/ca\/wp-json\/wp\/v2\/product_tag?post=19247"}],"curies":[{"name":"wp","href":"https:\/\/api.w.org\/{rel}","templated":true}]}}