{"id":19057,"date":"2021-02-24T00:10:00","date_gmt":"2021-02-23T23:10:00","guid":{"rendered":"https:\/\/librosdelzorrorojo.com\/?post_type=product&#038;p=19057"},"modified":"2024-02-29T11:41:57","modified_gmt":"2024-02-29T10:41:57","slug":"vamos-al-museo","status":"publish","type":"product","link":"https:\/\/librosdelzorrorojo.com\/ca\/cataleg\/vamos-al-museo\/","title":{"rendered":"Vamos al museo"},"content":{"rendered":"<p>\u00bfEl arte contempor\u00e1neo le parece un sinsentido? En este primer t\u00edtulo de la colecci\u00f3n de libros de Escarabajo Pelotero, la autora se burla sin piedad del mundo del arte contempor\u00e1neo, la posmodernidad, la sociedad y la pol\u00edtica actual. Nos relata la intensa visita de Susan y John, acompa\u00f1ados por su madre, a un museo de arte contempor\u00e1neo en Londres. All\u00ed descubrir\u00e1n, entre maravillados y aturdidos, los significados ocultos de las obras expuestas; y su vida ya no volver\u00e1 a ser la misma despu\u00e9s de este paseo.<\/p>\n<p class=\"p1\">Los libros del Programa de Lectura de Escarabajo Pelotero parodian con mucho humor y mordacidad las populares gu\u00edas brit\u00e1nicas Ladybird de los a\u00f1os cincuenta. La autora est\u00e1 llena de buenas intenciones: se propone arrastrar a las familias hasta los recovecos m\u00e1s oscuros del inconsciente colectivo y llenar as\u00ed de desaz\u00f3n a ni\u00f1as y ni\u00f1os. Estos manuales proponen un m\u00e9todo de educaci\u00f3n alternativa con el que los peque\u00f1os de la casa aprender\u00e1n a odiar el estado, el patriarcado y los valores occidentales. En cada una de las escenas, destacan tres \u00abpalabras nuevas\u00bb que dan pistas sobre las aviesas intenciones de la autora, que aspira a ampliar nuestro conocimiento de t\u00e9rminos complejos y as\u00ed complicarnos la vida.<\/p>\n<p>Descubran el segundo t\u00edtulo de la colecci\u00f3n: <span style=\"color: #ff0000;\"><a href=\"https:\/\/librosdelzorrorojo.com\/ca\/cataleg\/aprendemos-en-casa\/\" style=\"color: #ff0000;\">Aprendemos en casa<\/a><\/span>.<\/p>\n<p>&nbsp;<\/p>\n<p><img decoding=\"async\" src=\"https:\/\/librosdelzorrorojo.com\/wp-content\/uploads\/2021\/09\/DC-ICEC-horitzontal-cos12-bn-1-600x80.png\" alt=\"\" width=\"300\" height=\"40\" class=\"alignnone wp-image-23704\" srcset=\"https:\/\/librosdelzorrorojo.com\/wp-content\/uploads\/2021\/09\/DC-ICEC-horitzontal-cos12-bn-1-600x80.png 600w, https:\/\/librosdelzorrorojo.com\/wp-content\/uploads\/2021\/09\/DC-ICEC-horitzontal-cos12-bn-1-1024x137.png 1024w, https:\/\/librosdelzorrorojo.com\/wp-content\/uploads\/2021\/09\/DC-ICEC-horitzontal-cos12-bn-1-768x103.png 768w, https:\/\/librosdelzorrorojo.com\/wp-content\/uploads\/2021\/09\/DC-ICEC-horitzontal-cos12-bn-1-800x107.png 800w, https:\/\/librosdelzorrorojo.com\/wp-content\/uploads\/2021\/09\/DC-ICEC-horitzontal-cos12-bn-1.png 1482w\" sizes=\"(max-width: 300px) 100vw, 300px\" \/><\/p>\n<p>&nbsp;<\/p>\n","protected":false},"excerpt":{"rendered":"\u00bfEl arte contempor\u00e1neo le parece un sinsentido? En este primer t\u00edtulo de la serie Miriam Elia se burla sin piedad del mundo del arte contempor\u00e1neo. Susan y John, acompa\u00f1ados por su madre, visitan un museo de Londres. All\u00ed descubrir\u00e1n, entre maravillados y aturdidos, el verdadero significado de las obras expuestas.","protected":false},"featured_media":19048,"template":"","meta":{"_acf_changed":false},"product_brand":[],"product_cat":[844,3156,846],"product_tag":[],"class_list":{"0":"post-19057","1":"product","2":"type-product","3":"status-publish","4":"has-post-thumbnail","6":"product_cat-castella","7":"product_cat-juvenil-adult","8":"product_cat-novedades-ca","10":"first","11":"instock","12":"taxable","13":"shipping-taxable","14":"purchasable","15":"product-type-simple"},"acf":[],"yoast_head":"<!-- This site is optimized with the Yoast SEO plugin v25.1 - https:\/\/yoast.com\/wordpress\/plugins\/seo\/ -->\n<title>Vamos al museo - Libros del Zorro Rojo<\/title>\n<meta name=\"robots\" content=\"index, follow, max-snippet:-1, max-image-preview:large, max-video-preview:-1\" \/>\n<link rel=\"canonical\" href=\"https:\/\/librosdelzorrorojo.com\/ca\/cataleg\/vamos-al-museo\/\" \/>\n<meta property=\"og:locale\" content=\"ca_ES\" \/>\n<meta property=\"og:type\" content=\"article\" \/>\n<meta property=\"og:title\" content=\"Vamos al museo - Libros del Zorro Rojo\" \/>\n<meta property=\"og:description\" content=\"\u00bfEl arte contempor\u00e1neo le parece un sinsentido? En este primer t\u00edtulo de la serie Miriam Elia se burla sin piedad del mundo del arte contempor\u00e1neo. Susan y John, acompa\u00f1ados por su madre, visitan un museo de Londres. All\u00ed descubrir\u00e1n, entre maravillados y aturdidos, el verdadero significado de las obras expuestas.\" \/>\n<meta property=\"og:url\" content=\"https:\/\/librosdelzorrorojo.com\/ca\/cataleg\/vamos-al-museo\/\" \/>\n<meta property=\"og:site_name\" content=\"Libros del Zorro Rojo\" \/>\n<meta property=\"article:modified_time\" content=\"2024-02-29T10:41:57+00:00\" \/>\n<meta property=\"og:image\" content=\"https:\/\/librosdelzorrorojo.com\/wp-content\/uploads\/2021\/02\/COVER_Vamos-al-museo_WEB.jpg\" \/>\n\t<meta property=\"og:image:width\" content=\"850\" \/>\n\t<meta property=\"og:image:height\" content=\"1277\" \/>\n\t<meta property=\"og:image:type\" content=\"image\/jpeg\" \/>\n<meta name=\"twitter:card\" content=\"summary_large_image\" \/>\n<meta name=\"twitter:label1\" content=\"Temps estimat de lectura\" \/>\n\t<meta name=\"twitter:data1\" content=\"1 minut\" \/>\n<script type=\"application\/ld+json\" class=\"yoast-schema-graph\">{\"@context\":\"https:\/\/schema.org\",\"@graph\":[{\"@type\":\"WebPage\",\"@id\":\"https:\/\/librosdelzorrorojo.com\/ca\/cataleg\/vamos-al-museo\/\",\"url\":\"https:\/\/librosdelzorrorojo.com\/ca\/cataleg\/vamos-al-museo\/\",\"name\":\"Vamos al museo - Libros del Zorro Rojo\",\"isPartOf\":{\"@id\":\"https:\/\/librosdelzorrorojo.com\/#website\"},\"primaryImageOfPage\":{\"@id\":\"https:\/\/librosdelzorrorojo.com\/ca\/cataleg\/vamos-al-museo\/#primaryimage\"},\"image\":{\"@id\":\"https:\/\/librosdelzorrorojo.com\/ca\/cataleg\/vamos-al-museo\/#primaryimage\"},\"thumbnailUrl\":\"https:\/\/librosdelzorrorojo.com\/wp-content\/uploads\/2021\/02\/COVER_Vamos-al-museo_WEB.jpg\",\"datePublished\":\"2021-02-23T23:10:00+00:00\",\"dateModified\":\"2024-02-29T10:41:57+00:00\",\"breadcrumb\":{\"@id\":\"https:\/\/librosdelzorrorojo.com\/ca\/cataleg\/vamos-al-museo\/#breadcrumb\"},\"inLanguage\":\"ca\",\"potentialAction\":[{\"@type\":\"ReadAction\",\"target\":[\"https:\/\/librosdelzorrorojo.com\/ca\/cataleg\/vamos-al-museo\/\"]}]},{\"@type\":\"ImageObject\",\"inLanguage\":\"ca\",\"@id\":\"https:\/\/librosdelzorrorojo.com\/ca\/cataleg\/vamos-al-museo\/#primaryimage\",\"url\":\"https:\/\/librosdelzorrorojo.com\/wp-content\/uploads\/2021\/02\/COVER_Vamos-al-museo_WEB.jpg\",\"contentUrl\":\"https:\/\/librosdelzorrorojo.com\/wp-content\/uploads\/2021\/02\/COVER_Vamos-al-museo_WEB.jpg\",\"width\":850,\"height\":1277,\"caption\":\"COVER Vamos al museo WEB\"},{\"@type\":\"BreadcrumbList\",\"@id\":\"https:\/\/librosdelzorrorojo.com\/ca\/cataleg\/vamos-al-museo\/#breadcrumb\",\"itemListElement\":[{\"@type\":\"ListItem\",\"position\":1,\"name\":\"Portada\",\"item\":\"https:\/\/librosdelzorrorojo.com\/ca\/\"},{\"@type\":\"ListItem\",\"position\":2,\"name\":\"Cat\u00e0leg\",\"item\":\"https:\/\/librosdelzorrorojo.com\/ca\/cataleg\/\"},{\"@type\":\"ListItem\",\"position\":3,\"name\":\"Vamos al museo\"}]},{\"@type\":\"WebSite\",\"@id\":\"https:\/\/librosdelzorrorojo.com\/#website\",\"url\":\"https:\/\/librosdelzorrorojo.com\/\",\"name\":\"Libros del Zorro Rojo\",\"description\":\"Libros ilustrados\",\"potentialAction\":[{\"@type\":\"SearchAction\",\"target\":{\"@type\":\"EntryPoint\",\"urlTemplate\":\"https:\/\/librosdelzorrorojo.com\/?s={search_term_string}\"},\"query-input\":{\"@type\":\"PropertyValueSpecification\",\"valueRequired\":true,\"valueName\":\"search_term_string\"}}],\"inLanguage\":\"ca\"}]}<\/script>\n<!-- \/ Yoast SEO plugin. -->","yoast_head_json":{"title":"Vamos al museo - Libros del Zorro Rojo","robots":{"index":"index","follow":"follow","max-snippet":"max-snippet:-1","max-image-preview":"max-image-preview:large","max-video-preview":"max-video-preview:-1"},"canonical":"https:\/\/librosdelzorrorojo.com\/ca\/cataleg\/vamos-al-museo\/","og_locale":"ca_ES","og_type":"article","og_title":"Vamos al museo - Libros del Zorro Rojo","og_description":"\u00bfEl arte contempor\u00e1neo le parece un sinsentido? En este primer t\u00edtulo de la serie Miriam Elia se burla sin piedad del mundo del arte contempor\u00e1neo. Susan y John, acompa\u00f1ados por su madre, visitan un museo de Londres. All\u00ed descubrir\u00e1n, entre maravillados y aturdidos, el verdadero significado de las obras expuestas.","og_url":"https:\/\/librosdelzorrorojo.com\/ca\/cataleg\/vamos-al-museo\/","og_site_name":"Libros del Zorro Rojo","article_modified_time":"2024-02-29T10:41:57+00:00","og_image":[{"width":850,"height":1277,"url":"https:\/\/librosdelzorrorojo.com\/wp-content\/uploads\/2021\/02\/COVER_Vamos-al-museo_WEB.jpg","type":"image\/jpeg"}],"twitter_card":"summary_large_image","twitter_misc":{"Temps estimat de lectura":"1 minut"},"schema":{"@context":"https:\/\/schema.org","@graph":[{"@type":"WebPage","@id":"https:\/\/librosdelzorrorojo.com\/ca\/cataleg\/vamos-al-museo\/","url":"https:\/\/librosdelzorrorojo.com\/ca\/cataleg\/vamos-al-museo\/","name":"Vamos al museo - Libros del Zorro Rojo","isPartOf":{"@id":"https:\/\/librosdelzorrorojo.com\/#website"},"primaryImageOfPage":{"@id":"https:\/\/librosdelzorrorojo.com\/ca\/cataleg\/vamos-al-museo\/#primaryimage"},"image":{"@id":"https:\/\/librosdelzorrorojo.com\/ca\/cataleg\/vamos-al-museo\/#primaryimage"},"thumbnailUrl":"https:\/\/librosdelzorrorojo.com\/wp-content\/uploads\/2021\/02\/COVER_Vamos-al-museo_WEB.jpg","datePublished":"2021-02-23T23:10:00+00:00","dateModified":"2024-02-29T10:41:57+00:00","breadcrumb":{"@id":"https:\/\/librosdelzorrorojo.com\/ca\/cataleg\/vamos-al-museo\/#breadcrumb"},"inLanguage":"ca","potentialAction":[{"@type":"ReadAction","target":["https:\/\/librosdelzorrorojo.com\/ca\/cataleg\/vamos-al-museo\/"]}]},{"@type":"ImageObject","inLanguage":"ca","@id":"https:\/\/librosdelzorrorojo.com\/ca\/cataleg\/vamos-al-museo\/#primaryimage","url":"https:\/\/librosdelzorrorojo.com\/wp-content\/uploads\/2021\/02\/COVER_Vamos-al-museo_WEB.jpg","contentUrl":"https:\/\/librosdelzorrorojo.com\/wp-content\/uploads\/2021\/02\/COVER_Vamos-al-museo_WEB.jpg","width":850,"height":1277,"caption":"COVER Vamos al museo WEB"},{"@type":"BreadcrumbList","@id":"https:\/\/librosdelzorrorojo.com\/ca\/cataleg\/vamos-al-museo\/#breadcrumb","itemListElement":[{"@type":"ListItem","position":1,"name":"Portada","item":"https:\/\/librosdelzorrorojo.com\/ca\/"},{"@type":"ListItem","position":2,"name":"Cat\u00e0leg","item":"https:\/\/librosdelzorrorojo.com\/ca\/cataleg\/"},{"@type":"ListItem","position":3,"name":"Vamos al museo"}]},{"@type":"WebSite","@id":"https:\/\/librosdelzorrorojo.com\/#website","url":"https:\/\/librosdelzorrorojo.com\/","name":"Libros del Zorro Rojo","description":"Libros ilustrados","potentialAction":[{"@type":"SearchAction","target":{"@type":"EntryPoint","urlTemplate":"https:\/\/librosdelzorrorojo.com\/?s={search_term_string}"},"query-input":{"@type":"PropertyValueSpecification","valueRequired":true,"valueName":"search_term_string"}}],"inLanguage":"ca"}]}},"_links":{"self":[{"href":"https:\/\/librosdelzorrorojo.com\/ca\/wp-json\/wp\/v2\/product\/19057","targetHints":{"allow":["GET"]}}],"collection":[{"href":"https:\/\/librosdelzorrorojo.com\/ca\/wp-json\/wp\/v2\/product"}],"about":[{"href":"https:\/\/librosdelzorrorojo.com\/ca\/wp-json\/wp\/v2\/types\/product"}],"wp:featuredmedia":[{"embeddable":true,"href":"https:\/\/librosdelzorrorojo.com\/ca\/wp-json\/wp\/v2\/media\/19048"}],"wp:attachment":[{"href":"https:\/\/librosdelzorrorojo.com\/ca\/wp-json\/wp\/v2\/media?parent=19057"}],"wp:term":[{"taxonomy":"product_brand","embeddable":true,"href":"https:\/\/librosdelzorrorojo.com\/ca\/wp-json\/wp\/v2\/product_brand?post=19057"},{"taxonomy":"product_cat","embeddable":true,"href":"https:\/\/librosdelzorrorojo.com\/ca\/wp-json\/wp\/v2\/product_cat?post=19057"},{"taxonomy":"product_tag","embeddable":true,"href":"https:\/\/librosdelzorrorojo.com\/ca\/wp-json\/wp\/v2\/product_tag?post=19057"}],"curies":[{"name":"wp","href":"https:\/\/api.w.org\/{rel}","templated":true}]}}