{"id":18371,"date":"2020-01-21T11:41:20","date_gmt":"2000-01-21T10:41:20","guid":{"rendered":"https:\/\/librosdelzorrorojo.com\/catalogo\/los-rascacielos\/"},"modified":"2024-02-29T11:41:42","modified_gmt":"2024-02-29T10:41:42","slug":"los-rascacielos","status":"publish","type":"product","link":"https:\/\/librosdelzorrorojo.com\/ca\/cataleg\/los-rascacielos\/","title":{"rendered":"Los rascacielos"},"content":{"rendered":"<p><span>Dos multimillonarios vecinos \u2014y adem\u00e1s rivales\u2014, compiten por construir el edificio m\u00e1s grande y m\u00e1s lujoso. La soberbia y la arrogancia los lleva a una carrera imposible y enloquecida, en esa vertiginosidad olvidan el sentido com\u00fan. Los rascacielos es una ir\u00f3nica f\u00e1bula sobre el desenfrenado mundo moderno.<\/span><\/p>\n","protected":false},"excerpt":{"rendered":"<span>Dos multimillonarios vecinos \u2014y adem\u00e1s rivales\u2014, compiten por construir el edificio m\u00e1s grande y m\u00e1s lujoso. La soberbia y la arrogancia los lleva a una carrera imposible y enloquecida, en esa vertiginosidad olvidan el sentido com\u00fan. Los rascacielos es una ir\u00f3nica f\u00e1bula sobre el desenfrenado mundo moderno.<\/span>","protected":false},"featured_media":14317,"template":"","meta":{"_acf_changed":false},"product_brand":[],"product_cat":[844,843],"product_tag":[],"class_list":{"0":"post-18371","1":"product","2":"type-product","3":"status-publish","4":"has-post-thumbnail","6":"product_cat-castella","7":"product_cat-infantiles-ca","9":"first","10":"outofstock","11":"taxable","12":"shipping-taxable","13":"purchasable","14":"product-type-simple"},"acf":[],"yoast_head":"<!-- This site is optimized with the Yoast SEO plugin v25.1 - https:\/\/yoast.com\/wordpress\/plugins\/seo\/ -->\n<title>Los rascacielos - Libros del Zorro Rojo<\/title>\n<meta name=\"description\" content=\"Dos multimillonarios vecinos \u2014y adem\u00e1s rivales\u2014, compiten por construir el edificio m\u00e1s grande y m\u00e1s lujoso. La soberbia y la arrogancia\" \/>\n<meta name=\"robots\" content=\"index, follow, max-snippet:-1, max-image-preview:large, max-video-preview:-1\" \/>\n<link rel=\"canonical\" href=\"https:\/\/librosdelzorrorojo.com\/ca\/cataleg\/los-rascacielos\/\" \/>\n<meta property=\"og:locale\" content=\"ca_ES\" \/>\n<meta property=\"og:type\" content=\"article\" \/>\n<meta property=\"og:title\" content=\"Los rascacielos - Libros del Zorro Rojo\" \/>\n<meta property=\"og:description\" content=\"Dos multimillonarios vecinos \u2014y adem\u00e1s rivales\u2014, compiten por construir el edificio m\u00e1s grande y m\u00e1s lujoso. La soberbia y la arrogancia\" \/>\n<meta property=\"og:url\" content=\"https:\/\/librosdelzorrorojo.com\/ca\/cataleg\/los-rascacielos\/\" \/>\n<meta property=\"og:site_name\" content=\"Libros del Zorro Rojo\" \/>\n<meta property=\"article:modified_time\" content=\"2024-02-29T10:41:42+00:00\" \/>\n<meta property=\"og:image\" content=\"https:\/\/librosdelzorrorojo.com\/wp-content\/uploads\/2000\/01\/Cover_LosRascacielos-WEB.png\" \/>\n<meta name=\"twitter:card\" content=\"summary_large_image\" \/>\n<script type=\"application\/ld+json\" class=\"yoast-schema-graph\">{\"@context\":\"https:\/\/schema.org\",\"@graph\":[{\"@type\":\"WebPage\",\"@id\":\"https:\/\/librosdelzorrorojo.com\/ca\/cataleg\/los-rascacielos\/\",\"url\":\"https:\/\/librosdelzorrorojo.com\/ca\/cataleg\/los-rascacielos\/\",\"name\":\"Los rascacielos - Libros del Zorro Rojo\",\"isPartOf\":{\"@id\":\"https:\/\/librosdelzorrorojo.com\/#website\"},\"primaryImageOfPage\":{\"@id\":\"https:\/\/librosdelzorrorojo.com\/ca\/cataleg\/los-rascacielos\/#primaryimage\"},\"image\":{\"@id\":\"https:\/\/librosdelzorrorojo.com\/ca\/cataleg\/los-rascacielos\/#primaryimage\"},\"thumbnailUrl\":\"https:\/\/librosdelzorrorojo.com\/wp-content\/uploads\/2000\/01\/Cover_LosRascacielos-2.png\",\"datePublished\":\"2000-01-21T10:41:20+00:00\",\"dateModified\":\"2024-02-29T10:41:42+00:00\",\"description\":\"Dos multimillonarios vecinos \u2014y adem\u00e1s rivales\u2014, compiten por construir el edificio m\u00e1s grande y m\u00e1s lujoso. La soberbia y la arrogancia\",\"breadcrumb\":{\"@id\":\"https:\/\/librosdelzorrorojo.com\/ca\/cataleg\/los-rascacielos\/#breadcrumb\"},\"inLanguage\":\"ca\",\"potentialAction\":[{\"@type\":\"ReadAction\",\"target\":[\"https:\/\/librosdelzorrorojo.com\/ca\/cataleg\/los-rascacielos\/\"]}]},{\"@type\":\"ImageObject\",\"inLanguage\":\"ca\",\"@id\":\"https:\/\/librosdelzorrorojo.com\/ca\/cataleg\/los-rascacielos\/#primaryimage\",\"url\":\"https:\/\/librosdelzorrorojo.com\/wp-content\/uploads\/2000\/01\/Cover_LosRascacielos-2.png\",\"contentUrl\":\"https:\/\/librosdelzorrorojo.com\/wp-content\/uploads\/2000\/01\/Cover_LosRascacielos-2.png\",\"width\":850,\"height\":1773,\"caption\":\"Cover LosRascacielos 2\"},{\"@type\":\"BreadcrumbList\",\"@id\":\"https:\/\/librosdelzorrorojo.com\/ca\/cataleg\/los-rascacielos\/#breadcrumb\",\"itemListElement\":[{\"@type\":\"ListItem\",\"position\":1,\"name\":\"Portada\",\"item\":\"https:\/\/librosdelzorrorojo.com\/ca\/\"},{\"@type\":\"ListItem\",\"position\":2,\"name\":\"Cat\u00e0leg\",\"item\":\"https:\/\/librosdelzorrorojo.com\/ca\/cataleg\/\"},{\"@type\":\"ListItem\",\"position\":3,\"name\":\"Los rascacielos\"}]},{\"@type\":\"WebSite\",\"@id\":\"https:\/\/librosdelzorrorojo.com\/#website\",\"url\":\"https:\/\/librosdelzorrorojo.com\/\",\"name\":\"Libros del Zorro Rojo\",\"description\":\"Libros ilustrados\",\"potentialAction\":[{\"@type\":\"SearchAction\",\"target\":{\"@type\":\"EntryPoint\",\"urlTemplate\":\"https:\/\/librosdelzorrorojo.com\/?s={search_term_string}\"},\"query-input\":{\"@type\":\"PropertyValueSpecification\",\"valueRequired\":true,\"valueName\":\"search_term_string\"}}],\"inLanguage\":\"ca\"}]}<\/script>\n<!-- \/ Yoast SEO plugin. -->","yoast_head_json":{"title":"Los rascacielos - Libros del Zorro Rojo","description":"Dos multimillonarios vecinos \u2014y adem\u00e1s rivales\u2014, compiten por construir el edificio m\u00e1s grande y m\u00e1s lujoso. La soberbia y la arrogancia","robots":{"index":"index","follow":"follow","max-snippet":"max-snippet:-1","max-image-preview":"max-image-preview:large","max-video-preview":"max-video-preview:-1"},"canonical":"https:\/\/librosdelzorrorojo.com\/ca\/cataleg\/los-rascacielos\/","og_locale":"ca_ES","og_type":"article","og_title":"Los rascacielos - Libros del Zorro Rojo","og_description":"Dos multimillonarios vecinos \u2014y adem\u00e1s rivales\u2014, compiten por construir el edificio m\u00e1s grande y m\u00e1s lujoso. La soberbia y la arrogancia","og_url":"https:\/\/librosdelzorrorojo.com\/ca\/cataleg\/los-rascacielos\/","og_site_name":"Libros del Zorro Rojo","article_modified_time":"2024-02-29T10:41:42+00:00","og_image":[{"url":"https:\/\/librosdelzorrorojo.com\/wp-content\/uploads\/2000\/01\/Cover_LosRascacielos-WEB.png","type":"","width":"","height":""}],"twitter_card":"summary_large_image","schema":{"@context":"https:\/\/schema.org","@graph":[{"@type":"WebPage","@id":"https:\/\/librosdelzorrorojo.com\/ca\/cataleg\/los-rascacielos\/","url":"https:\/\/librosdelzorrorojo.com\/ca\/cataleg\/los-rascacielos\/","name":"Los rascacielos - Libros del Zorro Rojo","isPartOf":{"@id":"https:\/\/librosdelzorrorojo.com\/#website"},"primaryImageOfPage":{"@id":"https:\/\/librosdelzorrorojo.com\/ca\/cataleg\/los-rascacielos\/#primaryimage"},"image":{"@id":"https:\/\/librosdelzorrorojo.com\/ca\/cataleg\/los-rascacielos\/#primaryimage"},"thumbnailUrl":"https:\/\/librosdelzorrorojo.com\/wp-content\/uploads\/2000\/01\/Cover_LosRascacielos-2.png","datePublished":"2000-01-21T10:41:20+00:00","dateModified":"2024-02-29T10:41:42+00:00","description":"Dos multimillonarios vecinos \u2014y adem\u00e1s rivales\u2014, compiten por construir el edificio m\u00e1s grande y m\u00e1s lujoso. La soberbia y la arrogancia","breadcrumb":{"@id":"https:\/\/librosdelzorrorojo.com\/ca\/cataleg\/los-rascacielos\/#breadcrumb"},"inLanguage":"ca","potentialAction":[{"@type":"ReadAction","target":["https:\/\/librosdelzorrorojo.com\/ca\/cataleg\/los-rascacielos\/"]}]},{"@type":"ImageObject","inLanguage":"ca","@id":"https:\/\/librosdelzorrorojo.com\/ca\/cataleg\/los-rascacielos\/#primaryimage","url":"https:\/\/librosdelzorrorojo.com\/wp-content\/uploads\/2000\/01\/Cover_LosRascacielos-2.png","contentUrl":"https:\/\/librosdelzorrorojo.com\/wp-content\/uploads\/2000\/01\/Cover_LosRascacielos-2.png","width":850,"height":1773,"caption":"Cover LosRascacielos 2"},{"@type":"BreadcrumbList","@id":"https:\/\/librosdelzorrorojo.com\/ca\/cataleg\/los-rascacielos\/#breadcrumb","itemListElement":[{"@type":"ListItem","position":1,"name":"Portada","item":"https:\/\/librosdelzorrorojo.com\/ca\/"},{"@type":"ListItem","position":2,"name":"Cat\u00e0leg","item":"https:\/\/librosdelzorrorojo.com\/ca\/cataleg\/"},{"@type":"ListItem","position":3,"name":"Los rascacielos"}]},{"@type":"WebSite","@id":"https:\/\/librosdelzorrorojo.com\/#website","url":"https:\/\/librosdelzorrorojo.com\/","name":"Libros del Zorro Rojo","description":"Libros ilustrados","potentialAction":[{"@type":"SearchAction","target":{"@type":"EntryPoint","urlTemplate":"https:\/\/librosdelzorrorojo.com\/?s={search_term_string}"},"query-input":{"@type":"PropertyValueSpecification","valueRequired":true,"valueName":"search_term_string"}}],"inLanguage":"ca"}]}},"_links":{"self":[{"href":"https:\/\/librosdelzorrorojo.com\/ca\/wp-json\/wp\/v2\/product\/18371","targetHints":{"allow":["GET"]}}],"collection":[{"href":"https:\/\/librosdelzorrorojo.com\/ca\/wp-json\/wp\/v2\/product"}],"about":[{"href":"https:\/\/librosdelzorrorojo.com\/ca\/wp-json\/wp\/v2\/types\/product"}],"wp:featuredmedia":[{"embeddable":true,"href":"https:\/\/librosdelzorrorojo.com\/ca\/wp-json\/wp\/v2\/media\/14317"}],"wp:attachment":[{"href":"https:\/\/librosdelzorrorojo.com\/ca\/wp-json\/wp\/v2\/media?parent=18371"}],"wp:term":[{"taxonomy":"product_brand","embeddable":true,"href":"https:\/\/librosdelzorrorojo.com\/ca\/wp-json\/wp\/v2\/product_brand?post=18371"},{"taxonomy":"product_cat","embeddable":true,"href":"https:\/\/librosdelzorrorojo.com\/ca\/wp-json\/wp\/v2\/product_cat?post=18371"},{"taxonomy":"product_tag","embeddable":true,"href":"https:\/\/librosdelzorrorojo.com\/ca\/wp-json\/wp\/v2\/product_tag?post=18371"}],"curies":[{"name":"wp","href":"https:\/\/api.w.org\/{rel}","templated":true}]}}