{"id":18171,"date":"2020-10-05T11:42:32","date_gmt":"2020-10-05T09:42:32","guid":{"rendered":"https:\/\/librosdelzorrorojo.com\/catalogo\/brujas-guerreras-diosas\/"},"modified":"2024-02-29T11:41:42","modified_gmt":"2024-02-29T10:41:42","slug":"brujas-guerreras-diosas","status":"publish","type":"product","link":"https:\/\/librosdelzorrorojo.com\/ca\/cataleg\/brujas-guerreras-diosas\/","title":{"rendered":"Brujas, Guerreras, Diosas"},"content":{"rendered":"<p><em>Brujas, Guerreras, Diosas<\/em> recoge las incre\u00edbles historias de cincuenta mujeres de leyenda de todo el mundo: desde hadas y espectros hasta vampiras, hechiceras y diosas vud\u00fa. Entre las p\u00e1ginas de este magn\u00edfico compendio, desfilan las feroces Furias, las Valquirias o la espeluznante Medusa, pero tambi\u00e9n otros personajes singulares como la Mujer B\u00fafalo Blanco, esp\u00edritu ind\u00edgena norteamericano, o Yennenga, la ingobernable princesa africana mossi. Con un enfoque fresco y directo, Kate Hodges sit\u00faa en el centro de la narrativa popular a todas estas hero\u00ednas \u2014demonizadas y denostadas durante siglos en nombre del patriarcado y del racismo\u2014 a trav\u00e9s de una perspectiva feminista de la mitolog\u00eda universal.<\/p>\n<p>Las ilustraciones de Harriet Lee-Merrion, mediante un sugerente juego de colores planos y l\u00edneas delicadas, profundizan en este encuentro entre el relato popular y la huella que han dejado en nuestro imaginario colectivo estas mujeres fuertes e inspiradoras.<\/p>\n<p><img decoding=\"async\" src=\"https:\/\/librosdelzorrorojo.com\/wp-content\/uploads\/2017\/09\/logo-generalitat2.jpg\" alt=\"\" width=\"200\" height=\"67\" class=\"alignnone size-full wp-image-11152\" \/><\/p>\n","protected":false},"excerpt":{"rendered":"Brujas, Guerreras, Diosas recoge las incre\u00edbles historias de cincuenta mujeres de leyenda de todo el mundo: desde hadas y espectros hasta vampiras, hechiceras y diosas vud\u00fa. Entre las p\u00e1ginas de este magn\u00edfico compendio, desfilan las feroces Furias, las Valquirias o la espeluznante Medusa, pero tambi\u00e9n otros personajes singulares como la Mujer B\u00fafalo Blanco, esp\u00edritu ind\u00edgena [&hellip;]","protected":false},"featured_media":18151,"template":"","meta":{"_acf_changed":false},"product_brand":[],"product_cat":[844,3156,846],"product_tag":[],"class_list":{"0":"post-18171","1":"product","2":"type-product","3":"status-publish","4":"has-post-thumbnail","6":"product_cat-castella","7":"product_cat-juvenil-adult","8":"product_cat-novedades-ca","10":"first","11":"outofstock","12":"taxable","13":"shipping-taxable","14":"purchasable","15":"product-type-simple"},"acf":[],"yoast_head":"<!-- This site is optimized with the Yoast SEO plugin v25.1 - https:\/\/yoast.com\/wordpress\/plugins\/seo\/ -->\n<title>Brujas, Guerreras, Diosas - Libros del Zorro Rojo<\/title>\n<meta name=\"description\" content=\"&quot;Brujas, Guerreras, Diosas&quot; recoge las incre\u00edbles historias de cincuenta mujeres de leyenda de todo el mundo: desde hadas hasta vampiras, y diosas vud\u00fa.\" \/>\n<meta name=\"robots\" content=\"index, follow, max-snippet:-1, max-image-preview:large, max-video-preview:-1\" \/>\n<link rel=\"canonical\" href=\"https:\/\/librosdelzorrorojo.com\/ca\/cataleg\/brujas-guerreras-diosas\/\" \/>\n<meta property=\"og:locale\" content=\"ca_ES\" \/>\n<meta property=\"og:type\" content=\"article\" \/>\n<meta property=\"og:title\" content=\"Brujas, Guerreras, Diosas - Libros del Zorro Rojo\" \/>\n<meta property=\"og:description\" content=\"&quot;Brujas, Guerreras, Diosas&quot; recoge las incre\u00edbles historias de cincuenta mujeres de leyenda de todo el mundo: desde hadas hasta vampiras, y diosas vud\u00fa.\" \/>\n<meta property=\"og:url\" content=\"https:\/\/librosdelzorrorojo.com\/ca\/cataleg\/brujas-guerreras-diosas\/\" \/>\n<meta property=\"og:site_name\" content=\"Libros del Zorro Rojo\" \/>\n<meta property=\"article:modified_time\" content=\"2024-02-29T10:41:42+00:00\" \/>\n<meta property=\"og:image\" content=\"https:\/\/librosdelzorrorojo.com\/wp-content\/uploads\/2017\/04\/SLIDE_Mujeres_01.jpg\" \/>\n\t<meta property=\"og:image:width\" content=\"994\" \/>\n\t<meta property=\"og:image:height\" content=\"400\" \/>\n\t<meta property=\"og:image:type\" content=\"image\/jpeg\" \/>\n<meta name=\"twitter:card\" content=\"summary_large_image\" \/>\n<meta name=\"twitter:label1\" content=\"Temps estimat de lectura\" \/>\n\t<meta name=\"twitter:data1\" content=\"1 minut\" \/>\n<script type=\"application\/ld+json\" class=\"yoast-schema-graph\">{\"@context\":\"https:\/\/schema.org\",\"@graph\":[{\"@type\":\"WebPage\",\"@id\":\"https:\/\/librosdelzorrorojo.com\/ca\/cataleg\/brujas-guerreras-diosas\/\",\"url\":\"https:\/\/librosdelzorrorojo.com\/ca\/cataleg\/brujas-guerreras-diosas\/\",\"name\":\"Brujas, Guerreras, Diosas - Libros del Zorro Rojo\",\"isPartOf\":{\"@id\":\"https:\/\/librosdelzorrorojo.com\/#website\"},\"primaryImageOfPage\":{\"@id\":\"https:\/\/librosdelzorrorojo.com\/ca\/cataleg\/brujas-guerreras-diosas\/#primaryimage\"},\"image\":{\"@id\":\"https:\/\/librosdelzorrorojo.com\/ca\/cataleg\/brujas-guerreras-diosas\/#primaryimage\"},\"thumbnailUrl\":\"https:\/\/librosdelzorrorojo.com\/wp-content\/uploads\/2020\/10\/COVER_Mujeres_WEB.jpg\",\"datePublished\":\"2020-10-05T09:42:32+00:00\",\"dateModified\":\"2024-02-29T10:41:42+00:00\",\"description\":\"\\\"Brujas, Guerreras, Diosas\\\" recoge las incre\u00edbles historias de cincuenta mujeres de leyenda de todo el mundo: desde hadas hasta vampiras, y diosas vud\u00fa.\",\"breadcrumb\":{\"@id\":\"https:\/\/librosdelzorrorojo.com\/ca\/cataleg\/brujas-guerreras-diosas\/#breadcrumb\"},\"inLanguage\":\"ca\",\"potentialAction\":[{\"@type\":\"ReadAction\",\"target\":[\"https:\/\/librosdelzorrorojo.com\/ca\/cataleg\/brujas-guerreras-diosas\/\"]}]},{\"@type\":\"ImageObject\",\"inLanguage\":\"ca\",\"@id\":\"https:\/\/librosdelzorrorojo.com\/ca\/cataleg\/brujas-guerreras-diosas\/#primaryimage\",\"url\":\"https:\/\/librosdelzorrorojo.com\/wp-content\/uploads\/2020\/10\/COVER_Mujeres_WEB.jpg\",\"contentUrl\":\"https:\/\/librosdelzorrorojo.com\/wp-content\/uploads\/2020\/10\/COVER_Mujeres_WEB.jpg\",\"width\":850,\"height\":1142,\"caption\":\"COVER Mujeres WEB\"},{\"@type\":\"BreadcrumbList\",\"@id\":\"https:\/\/librosdelzorrorojo.com\/ca\/cataleg\/brujas-guerreras-diosas\/#breadcrumb\",\"itemListElement\":[{\"@type\":\"ListItem\",\"position\":1,\"name\":\"Portada\",\"item\":\"https:\/\/librosdelzorrorojo.com\/ca\/\"},{\"@type\":\"ListItem\",\"position\":2,\"name\":\"Cat\u00e0leg\",\"item\":\"https:\/\/librosdelzorrorojo.com\/ca\/cataleg\/\"},{\"@type\":\"ListItem\",\"position\":3,\"name\":\"Brujas, Guerreras, Diosas\"}]},{\"@type\":\"WebSite\",\"@id\":\"https:\/\/librosdelzorrorojo.com\/#website\",\"url\":\"https:\/\/librosdelzorrorojo.com\/\",\"name\":\"Libros del Zorro Rojo\",\"description\":\"Libros ilustrados\",\"potentialAction\":[{\"@type\":\"SearchAction\",\"target\":{\"@type\":\"EntryPoint\",\"urlTemplate\":\"https:\/\/librosdelzorrorojo.com\/?s={search_term_string}\"},\"query-input\":{\"@type\":\"PropertyValueSpecification\",\"valueRequired\":true,\"valueName\":\"search_term_string\"}}],\"inLanguage\":\"ca\"}]}<\/script>\n<!-- \/ Yoast SEO plugin. -->","yoast_head_json":{"title":"Brujas, Guerreras, Diosas - Libros del Zorro Rojo","description":"\"Brujas, Guerreras, Diosas\" recoge las incre\u00edbles historias de cincuenta mujeres de leyenda de todo el mundo: desde hadas hasta vampiras, y diosas vud\u00fa.","robots":{"index":"index","follow":"follow","max-snippet":"max-snippet:-1","max-image-preview":"max-image-preview:large","max-video-preview":"max-video-preview:-1"},"canonical":"https:\/\/librosdelzorrorojo.com\/ca\/cataleg\/brujas-guerreras-diosas\/","og_locale":"ca_ES","og_type":"article","og_title":"Brujas, Guerreras, Diosas - Libros del Zorro Rojo","og_description":"\"Brujas, Guerreras, Diosas\" recoge las incre\u00edbles historias de cincuenta mujeres de leyenda de todo el mundo: desde hadas hasta vampiras, y diosas vud\u00fa.","og_url":"https:\/\/librosdelzorrorojo.com\/ca\/cataleg\/brujas-guerreras-diosas\/","og_site_name":"Libros del Zorro Rojo","article_modified_time":"2024-02-29T10:41:42+00:00","og_image":[{"width":994,"height":400,"url":"https:\/\/librosdelzorrorojo.com\/wp-content\/uploads\/2017\/04\/SLIDE_Mujeres_01.jpg","type":"image\/jpeg"}],"twitter_card":"summary_large_image","twitter_misc":{"Temps estimat de lectura":"1 minut"},"schema":{"@context":"https:\/\/schema.org","@graph":[{"@type":"WebPage","@id":"https:\/\/librosdelzorrorojo.com\/ca\/cataleg\/brujas-guerreras-diosas\/","url":"https:\/\/librosdelzorrorojo.com\/ca\/cataleg\/brujas-guerreras-diosas\/","name":"Brujas, Guerreras, Diosas - Libros del Zorro Rojo","isPartOf":{"@id":"https:\/\/librosdelzorrorojo.com\/#website"},"primaryImageOfPage":{"@id":"https:\/\/librosdelzorrorojo.com\/ca\/cataleg\/brujas-guerreras-diosas\/#primaryimage"},"image":{"@id":"https:\/\/librosdelzorrorojo.com\/ca\/cataleg\/brujas-guerreras-diosas\/#primaryimage"},"thumbnailUrl":"https:\/\/librosdelzorrorojo.com\/wp-content\/uploads\/2020\/10\/COVER_Mujeres_WEB.jpg","datePublished":"2020-10-05T09:42:32+00:00","dateModified":"2024-02-29T10:41:42+00:00","description":"\"Brujas, Guerreras, Diosas\" recoge las incre\u00edbles historias de cincuenta mujeres de leyenda de todo el mundo: desde hadas hasta vampiras, y diosas vud\u00fa.","breadcrumb":{"@id":"https:\/\/librosdelzorrorojo.com\/ca\/cataleg\/brujas-guerreras-diosas\/#breadcrumb"},"inLanguage":"ca","potentialAction":[{"@type":"ReadAction","target":["https:\/\/librosdelzorrorojo.com\/ca\/cataleg\/brujas-guerreras-diosas\/"]}]},{"@type":"ImageObject","inLanguage":"ca","@id":"https:\/\/librosdelzorrorojo.com\/ca\/cataleg\/brujas-guerreras-diosas\/#primaryimage","url":"https:\/\/librosdelzorrorojo.com\/wp-content\/uploads\/2020\/10\/COVER_Mujeres_WEB.jpg","contentUrl":"https:\/\/librosdelzorrorojo.com\/wp-content\/uploads\/2020\/10\/COVER_Mujeres_WEB.jpg","width":850,"height":1142,"caption":"COVER Mujeres WEB"},{"@type":"BreadcrumbList","@id":"https:\/\/librosdelzorrorojo.com\/ca\/cataleg\/brujas-guerreras-diosas\/#breadcrumb","itemListElement":[{"@type":"ListItem","position":1,"name":"Portada","item":"https:\/\/librosdelzorrorojo.com\/ca\/"},{"@type":"ListItem","position":2,"name":"Cat\u00e0leg","item":"https:\/\/librosdelzorrorojo.com\/ca\/cataleg\/"},{"@type":"ListItem","position":3,"name":"Brujas, Guerreras, Diosas"}]},{"@type":"WebSite","@id":"https:\/\/librosdelzorrorojo.com\/#website","url":"https:\/\/librosdelzorrorojo.com\/","name":"Libros del Zorro Rojo","description":"Libros ilustrados","potentialAction":[{"@type":"SearchAction","target":{"@type":"EntryPoint","urlTemplate":"https:\/\/librosdelzorrorojo.com\/?s={search_term_string}"},"query-input":{"@type":"PropertyValueSpecification","valueRequired":true,"valueName":"search_term_string"}}],"inLanguage":"ca"}]}},"_links":{"self":[{"href":"https:\/\/librosdelzorrorojo.com\/ca\/wp-json\/wp\/v2\/product\/18171","targetHints":{"allow":["GET"]}}],"collection":[{"href":"https:\/\/librosdelzorrorojo.com\/ca\/wp-json\/wp\/v2\/product"}],"about":[{"href":"https:\/\/librosdelzorrorojo.com\/ca\/wp-json\/wp\/v2\/types\/product"}],"wp:featuredmedia":[{"embeddable":true,"href":"https:\/\/librosdelzorrorojo.com\/ca\/wp-json\/wp\/v2\/media\/18151"}],"wp:attachment":[{"href":"https:\/\/librosdelzorrorojo.com\/ca\/wp-json\/wp\/v2\/media?parent=18171"}],"wp:term":[{"taxonomy":"product_brand","embeddable":true,"href":"https:\/\/librosdelzorrorojo.com\/ca\/wp-json\/wp\/v2\/product_brand?post=18171"},{"taxonomy":"product_cat","embeddable":true,"href":"https:\/\/librosdelzorrorojo.com\/ca\/wp-json\/wp\/v2\/product_cat?post=18171"},{"taxonomy":"product_tag","embeddable":true,"href":"https:\/\/librosdelzorrorojo.com\/ca\/wp-json\/wp\/v2\/product_tag?post=18171"}],"curies":[{"name":"wp","href":"https:\/\/api.w.org\/{rel}","templated":true}]}}