{"id":17791,"date":"2020-07-26T18:29:11","date_gmt":"2020-07-26T16:29:11","guid":{"rendered":"https:\/\/librosdelzorrorojo.com\/catalogo\/vegetariano\/"},"modified":"2024-02-29T11:41:39","modified_gmt":"2024-02-29T10:41:39","slug":"vegetariano","status":"publish","type":"product","link":"https:\/\/librosdelzorrorojo.com\/ca\/cataleg\/vegetariano\/","title":{"rendered":"\u00bfVegetariano?"},"content":{"rendered":"<p class=\"p1\">Rom\u00e1n, un ni\u00f1o de ocho a\u00f1os, lleva una vida tranquila con su familia hasta que un d\u00eda, alguien llama al timbre. Cuando abre la puerta, descubre a dos pollos con un firme prop\u00f3sito: \u00a1juzgarlo por animalicidio! Nuestro protagonista es acusado de haber comido, desde su m\u00e1s temprana infancia, una gran cantidad de salchichas, hamburguesas, lonchas de jam\u00f3n, alitas de pollo&#8230; Al juicio asisten un grupo de gallinas, adorables pollitos, cabras, un buey descomunal y muchos otros animales profundamente enfadados.<\/p>\n<p class=\"p1\">Un \u00e1lbum desopilante para primeros lectores que invita a repensar nuestra alimentaci\u00f3n y a reflexionar sobre la complicada relaci\u00f3n entre la especie humana y el resto de los animales. Con unas ilustraciones expresivas y desenfadadas, acompa\u00f1ar\u00e1 a los m\u00e1s peque\u00f1os en su camino hacia un planeta mejor para todos.<\/p>\n","protected":false},"excerpt":{"rendered":"Rom\u00e1n, un ni\u00f1o de ocho a\u00f1os, lleva una vida tranquila con su familia hasta que un d\u00eda, alguien llama al timbre. Cuando abre la puerta, descubre a dos pollos con un firme prop\u00f3sito: \u00a1juzgarlo por animalicidio! Nuestro protagonista es acusado de haber comido, desde su m\u00e1s temprana infancia, una gran cantidad de salchichas, hamburguesas, lonchas [&hellip;]","protected":false},"featured_media":17809,"template":"","meta":{"_acf_changed":false},"product_brand":[],"product_cat":[844,843,839],"product_tag":[],"class_list":{"0":"post-17791","1":"product","2":"type-product","3":"status-publish","4":"has-post-thumbnail","6":"product_cat-castella","7":"product_cat-infantiles-ca","8":"product_cat-zona-kids-ca","9":"vinculo-vegetariano","11":"first","12":"instock","13":"taxable","14":"shipping-taxable","15":"purchasable","16":"product-type-simple"},"acf":[],"yoast_head":"<!-- This site is optimized with the Yoast SEO plugin v25.1 - https:\/\/yoast.com\/wordpress\/plugins\/seo\/ -->\n<title>\u00bfVegetariano? - Libros del Zorro Rojo<\/title>\n<meta name=\"description\" content=\"Un \u00e1lbum desopilante para primeros lectores que invita a repensar nuestra alimentaci\u00f3n y a reflexionar sobre la complicada relaci\u00f3n entre la especie humana y el resto de los animales. Con unas ilustraciones expresivas y desenfadadas, acompa\u00f1ar\u00e1 a los m\u00e1s peque\u00f1os en su camino hacia un planeta mejor para todos.\" \/>\n<meta name=\"robots\" content=\"index, follow, max-snippet:-1, max-image-preview:large, max-video-preview:-1\" \/>\n<link rel=\"canonical\" href=\"https:\/\/librosdelzorrorojo.com\/ca\/cataleg\/vegetariano\/\" \/>\n<meta property=\"og:locale\" content=\"ca_ES\" \/>\n<meta property=\"og:type\" content=\"article\" \/>\n<meta property=\"og:title\" content=\"\u00bfVegetariano? - Libros del Zorro Rojo\" \/>\n<meta property=\"og:description\" content=\"Un \u00e1lbum desopilante para primeros lectores que invita a repensar nuestra alimentaci\u00f3n y a reflexionar sobre la complicada relaci\u00f3n entre la especie humana y el resto de los animales. Con unas ilustraciones expresivas y desenfadadas, acompa\u00f1ar\u00e1 a los m\u00e1s peque\u00f1os en su camino hacia un planeta mejor para todos.\" \/>\n<meta property=\"og:url\" content=\"https:\/\/librosdelzorrorojo.com\/ca\/cataleg\/vegetariano\/\" \/>\n<meta property=\"og:site_name\" content=\"Libros del Zorro Rojo\" \/>\n<meta property=\"article:modified_time\" content=\"2024-02-29T10:41:39+00:00\" \/>\n<meta property=\"og:image\" content=\"https:\/\/librosdelzorrorojo.com\/wp-content\/uploads\/2020\/07\/Vegetariano_1200x1200_06.jpg\" \/>\n<meta name=\"twitter:card\" content=\"summary_large_image\" \/>\n<meta name=\"twitter:label1\" content=\"Temps estimat de lectura\" \/>\n\t<meta name=\"twitter:data1\" content=\"1 minut\" \/>\n<script type=\"application\/ld+json\" class=\"yoast-schema-graph\">{\"@context\":\"https:\/\/schema.org\",\"@graph\":[{\"@type\":\"WebPage\",\"@id\":\"https:\/\/librosdelzorrorojo.com\/ca\/cataleg\/vegetariano\/\",\"url\":\"https:\/\/librosdelzorrorojo.com\/ca\/cataleg\/vegetariano\/\",\"name\":\"\u00bfVegetariano? - Libros del Zorro Rojo\",\"isPartOf\":{\"@id\":\"https:\/\/librosdelzorrorojo.com\/#website\"},\"primaryImageOfPage\":{\"@id\":\"https:\/\/librosdelzorrorojo.com\/ca\/cataleg\/vegetariano\/#primaryimage\"},\"image\":{\"@id\":\"https:\/\/librosdelzorrorojo.com\/ca\/cataleg\/vegetariano\/#primaryimage\"},\"thumbnailUrl\":\"https:\/\/librosdelzorrorojo.com\/wp-content\/uploads\/2020\/08\/COVER_Vegetariano_WEB.jpg\",\"datePublished\":\"2020-07-26T16:29:11+00:00\",\"dateModified\":\"2024-02-29T10:41:39+00:00\",\"description\":\"Un \u00e1lbum desopilante para primeros lectores que invita a repensar nuestra alimentaci\u00f3n y a reflexionar sobre la complicada relaci\u00f3n entre la especie humana y el resto de los animales. Con unas ilustraciones expresivas y desenfadadas, acompa\u00f1ar\u00e1 a los m\u00e1s peque\u00f1os en su camino hacia un planeta mejor para todos.\",\"breadcrumb\":{\"@id\":\"https:\/\/librosdelzorrorojo.com\/ca\/cataleg\/vegetariano\/#breadcrumb\"},\"inLanguage\":\"ca\",\"potentialAction\":[{\"@type\":\"ReadAction\",\"target\":[\"https:\/\/librosdelzorrorojo.com\/ca\/cataleg\/vegetariano\/\"]}]},{\"@type\":\"ImageObject\",\"inLanguage\":\"ca\",\"@id\":\"https:\/\/librosdelzorrorojo.com\/ca\/cataleg\/vegetariano\/#primaryimage\",\"url\":\"https:\/\/librosdelzorrorojo.com\/wp-content\/uploads\/2020\/08\/COVER_Vegetariano_WEB.jpg\",\"contentUrl\":\"https:\/\/librosdelzorrorojo.com\/wp-content\/uploads\/2020\/08\/COVER_Vegetariano_WEB.jpg\",\"width\":850,\"height\":1177,\"caption\":\"COVER Vegetariano WEB\"},{\"@type\":\"BreadcrumbList\",\"@id\":\"https:\/\/librosdelzorrorojo.com\/ca\/cataleg\/vegetariano\/#breadcrumb\",\"itemListElement\":[{\"@type\":\"ListItem\",\"position\":1,\"name\":\"Portada\",\"item\":\"https:\/\/librosdelzorrorojo.com\/ca\/\"},{\"@type\":\"ListItem\",\"position\":2,\"name\":\"Cat\u00e0leg\",\"item\":\"https:\/\/librosdelzorrorojo.com\/ca\/cataleg\/\"},{\"@type\":\"ListItem\",\"position\":3,\"name\":\"\u00bfVegetariano?\"}]},{\"@type\":\"WebSite\",\"@id\":\"https:\/\/librosdelzorrorojo.com\/#website\",\"url\":\"https:\/\/librosdelzorrorojo.com\/\",\"name\":\"Libros del Zorro Rojo\",\"description\":\"Libros ilustrados\",\"potentialAction\":[{\"@type\":\"SearchAction\",\"target\":{\"@type\":\"EntryPoint\",\"urlTemplate\":\"https:\/\/librosdelzorrorojo.com\/?s={search_term_string}\"},\"query-input\":{\"@type\":\"PropertyValueSpecification\",\"valueRequired\":true,\"valueName\":\"search_term_string\"}}],\"inLanguage\":\"ca\"}]}<\/script>\n<!-- \/ Yoast SEO plugin. -->","yoast_head_json":{"title":"\u00bfVegetariano? - Libros del Zorro Rojo","description":"Un \u00e1lbum desopilante para primeros lectores que invita a repensar nuestra alimentaci\u00f3n y a reflexionar sobre la complicada relaci\u00f3n entre la especie humana y el resto de los animales. Con unas ilustraciones expresivas y desenfadadas, acompa\u00f1ar\u00e1 a los m\u00e1s peque\u00f1os en su camino hacia un planeta mejor para todos.","robots":{"index":"index","follow":"follow","max-snippet":"max-snippet:-1","max-image-preview":"max-image-preview:large","max-video-preview":"max-video-preview:-1"},"canonical":"https:\/\/librosdelzorrorojo.com\/ca\/cataleg\/vegetariano\/","og_locale":"ca_ES","og_type":"article","og_title":"\u00bfVegetariano? - Libros del Zorro Rojo","og_description":"Un \u00e1lbum desopilante para primeros lectores que invita a repensar nuestra alimentaci\u00f3n y a reflexionar sobre la complicada relaci\u00f3n entre la especie humana y el resto de los animales. Con unas ilustraciones expresivas y desenfadadas, acompa\u00f1ar\u00e1 a los m\u00e1s peque\u00f1os en su camino hacia un planeta mejor para todos.","og_url":"https:\/\/librosdelzorrorojo.com\/ca\/cataleg\/vegetariano\/","og_site_name":"Libros del Zorro Rojo","article_modified_time":"2024-02-29T10:41:39+00:00","og_image":[{"url":"https:\/\/librosdelzorrorojo.com\/wp-content\/uploads\/2020\/07\/Vegetariano_1200x1200_06.jpg","type":"","width":"","height":""}],"twitter_card":"summary_large_image","twitter_misc":{"Temps estimat de lectura":"1 minut"},"schema":{"@context":"https:\/\/schema.org","@graph":[{"@type":"WebPage","@id":"https:\/\/librosdelzorrorojo.com\/ca\/cataleg\/vegetariano\/","url":"https:\/\/librosdelzorrorojo.com\/ca\/cataleg\/vegetariano\/","name":"\u00bfVegetariano? - Libros del Zorro Rojo","isPartOf":{"@id":"https:\/\/librosdelzorrorojo.com\/#website"},"primaryImageOfPage":{"@id":"https:\/\/librosdelzorrorojo.com\/ca\/cataleg\/vegetariano\/#primaryimage"},"image":{"@id":"https:\/\/librosdelzorrorojo.com\/ca\/cataleg\/vegetariano\/#primaryimage"},"thumbnailUrl":"https:\/\/librosdelzorrorojo.com\/wp-content\/uploads\/2020\/08\/COVER_Vegetariano_WEB.jpg","datePublished":"2020-07-26T16:29:11+00:00","dateModified":"2024-02-29T10:41:39+00:00","description":"Un \u00e1lbum desopilante para primeros lectores que invita a repensar nuestra alimentaci\u00f3n y a reflexionar sobre la complicada relaci\u00f3n entre la especie humana y el resto de los animales. Con unas ilustraciones expresivas y desenfadadas, acompa\u00f1ar\u00e1 a los m\u00e1s peque\u00f1os en su camino hacia un planeta mejor para todos.","breadcrumb":{"@id":"https:\/\/librosdelzorrorojo.com\/ca\/cataleg\/vegetariano\/#breadcrumb"},"inLanguage":"ca","potentialAction":[{"@type":"ReadAction","target":["https:\/\/librosdelzorrorojo.com\/ca\/cataleg\/vegetariano\/"]}]},{"@type":"ImageObject","inLanguage":"ca","@id":"https:\/\/librosdelzorrorojo.com\/ca\/cataleg\/vegetariano\/#primaryimage","url":"https:\/\/librosdelzorrorojo.com\/wp-content\/uploads\/2020\/08\/COVER_Vegetariano_WEB.jpg","contentUrl":"https:\/\/librosdelzorrorojo.com\/wp-content\/uploads\/2020\/08\/COVER_Vegetariano_WEB.jpg","width":850,"height":1177,"caption":"COVER Vegetariano WEB"},{"@type":"BreadcrumbList","@id":"https:\/\/librosdelzorrorojo.com\/ca\/cataleg\/vegetariano\/#breadcrumb","itemListElement":[{"@type":"ListItem","position":1,"name":"Portada","item":"https:\/\/librosdelzorrorojo.com\/ca\/"},{"@type":"ListItem","position":2,"name":"Cat\u00e0leg","item":"https:\/\/librosdelzorrorojo.com\/ca\/cataleg\/"},{"@type":"ListItem","position":3,"name":"\u00bfVegetariano?"}]},{"@type":"WebSite","@id":"https:\/\/librosdelzorrorojo.com\/#website","url":"https:\/\/librosdelzorrorojo.com\/","name":"Libros del Zorro Rojo","description":"Libros ilustrados","potentialAction":[{"@type":"SearchAction","target":{"@type":"EntryPoint","urlTemplate":"https:\/\/librosdelzorrorojo.com\/?s={search_term_string}"},"query-input":{"@type":"PropertyValueSpecification","valueRequired":true,"valueName":"search_term_string"}}],"inLanguage":"ca"}]}},"_links":{"self":[{"href":"https:\/\/librosdelzorrorojo.com\/ca\/wp-json\/wp\/v2\/product\/17791","targetHints":{"allow":["GET"]}}],"collection":[{"href":"https:\/\/librosdelzorrorojo.com\/ca\/wp-json\/wp\/v2\/product"}],"about":[{"href":"https:\/\/librosdelzorrorojo.com\/ca\/wp-json\/wp\/v2\/types\/product"}],"wp:featuredmedia":[{"embeddable":true,"href":"https:\/\/librosdelzorrorojo.com\/ca\/wp-json\/wp\/v2\/media\/17809"}],"wp:attachment":[{"href":"https:\/\/librosdelzorrorojo.com\/ca\/wp-json\/wp\/v2\/media?parent=17791"}],"wp:term":[{"taxonomy":"product_brand","embeddable":true,"href":"https:\/\/librosdelzorrorojo.com\/ca\/wp-json\/wp\/v2\/product_brand?post=17791"},{"taxonomy":"product_cat","embeddable":true,"href":"https:\/\/librosdelzorrorojo.com\/ca\/wp-json\/wp\/v2\/product_cat?post=17791"},{"taxonomy":"product_tag","embeddable":true,"href":"https:\/\/librosdelzorrorojo.com\/ca\/wp-json\/wp\/v2\/product_tag?post=17791"}],"curies":[{"name":"wp","href":"https:\/\/api.w.org\/{rel}","templated":true}]}}