{"id":17754,"date":"2020-10-19T12:08:20","date_gmt":"2020-07-19T10:08:20","guid":{"rendered":"https:\/\/librosdelzorrorojo.com\/catalogo\/ese-robot-soy-yo\/"},"modified":"2024-02-29T11:41:37","modified_gmt":"2024-02-29T10:41:37","slug":"ese-robot-soy-yo","status":"publish","type":"product","link":"https:\/\/librosdelzorrorojo.com\/ca\/cataleg\/ese-robot-soy-yo\/","title":{"rendered":"Ese robot soy yo"},"content":{"rendered":"<p class=\"p1\">Hacer los deberes, ordenar el cuarto y hacerse cargo de <span class=\"s1\">un <\/span>sinf\u00edn de tareas puede ser aburrid\u00edsimo. Para solucionarlo, a Kenta se le ocurre un plan magistral: invertir todos los ahorros en un robot para que se convierta en su <span class=\"s1\">otro yo. <\/span>Sin embargo, su nuevo amigo necesitar\u00e1 saber algunos detalles para ocupar su lugar.<\/p>\n<p class=\"p1\">Este es el comienzo de una hilarante aventura que llevar\u00e1 a nuestro protagonista a reflexionar sobre aquello que le caracteriza: \u00bfquiz\u00e1s la cicatriz en su rodilla?, \u00bfsus manos pegajosas?, \u00bfel amor que siente por las bellotas y por su abuela?, \u00bfo bien la forma como gui\u00f1a un ojo? Kenta enumera todo lo que le viene a la mente, desde detalles sobre su familia y caracter\u00edsticas f\u00edsicas, hasta las cosas que le gustan y le disgustan. Pero cuanto m\u00e1s lo piensa, m\u00e1s complicado le resulta describir su \u201cyo\u201d.<\/p>\n<p class=\"p1\"><em>Ese robot soy yo<\/em> es un libro desternillante y perspicaz para acercar a los ni\u00f1os a la filosof\u00eda y sugerirles algunas de las grandes preguntas de la humanidad en torno a qui\u00e9nes somos y qu\u00e9 nos hacer ser especiales.<\/p>\n<p class=\"p1\">Shinsuke Yoshitake es un ilustrador japon\u00e9s con un trazo limpio y un exquisito gusto por el detalle, que alienta a peque\u00f1os y mayores a que vayan un poco m\u00e1s all\u00e1 de lo que ya conocen; eso s\u00ed, sin perder en ning\u00fan momento la perspectiva del humor y el ingenio desbordante.<\/p>\n<p>&nbsp;<\/p>\n<p><img decoding=\"async\" src=\"https:\/\/librosdelzorrorojo.com\/wp-content\/uploads\/2021\/09\/DC-ICEC-horitzontal-cos12-bn-1-600x80.png\" alt=\"\" width=\"300\" height=\"40\" class=\"alignnone wp-image-23704\" srcset=\"https:\/\/librosdelzorrorojo.com\/wp-content\/uploads\/2021\/09\/DC-ICEC-horitzontal-cos12-bn-1-600x80.png 600w, https:\/\/librosdelzorrorojo.com\/wp-content\/uploads\/2021\/09\/DC-ICEC-horitzontal-cos12-bn-1-1024x137.png 1024w, https:\/\/librosdelzorrorojo.com\/wp-content\/uploads\/2021\/09\/DC-ICEC-horitzontal-cos12-bn-1-768x103.png 768w, https:\/\/librosdelzorrorojo.com\/wp-content\/uploads\/2021\/09\/DC-ICEC-horitzontal-cos12-bn-1-800x107.png 800w, https:\/\/librosdelzorrorojo.com\/wp-content\/uploads\/2021\/09\/DC-ICEC-horitzontal-cos12-bn-1.png 1482w\" sizes=\"(max-width: 300px) 100vw, 300px\" \/><\/p>\n<p>&nbsp;<\/p>\n","protected":false},"excerpt":{"rendered":"Hacer los deberes, ordenar el cuarto y hacerse cargo de un sinf\u00edn de tareas puede ser aburrid\u00edsimo. Para solucionarlo, a Kenta se le ocurre un plan magistral: invertir todos los ahorros en un robot para que se convierta en su otro yo. Sin embargo, su nuevo amigo necesitar\u00e1 saber algunos detalles para ocupar su lugar. [&hellip;]","protected":false},"featured_media":18216,"template":"","meta":{"_acf_changed":false},"product_brand":[],"product_cat":[844,843,839],"product_tag":[],"class_list":{"0":"post-17754","1":"product","2":"type-product","3":"status-publish","4":"has-post-thumbnail","6":"product_cat-castella","7":"product_cat-infantiles-ca","8":"product_cat-zona-kids-ca","9":"vinculo-ese-robot-soy-yo","11":"first","12":"instock","13":"taxable","14":"shipping-taxable","15":"purchasable","16":"product-type-simple"},"acf":[],"yoast_head":"<!-- This site is optimized with the Yoast SEO plugin v25.1 - https:\/\/yoast.com\/wordpress\/plugins\/seo\/ -->\n<title>Ese robot soy yo - Libros del Zorro Rojo<\/title>\n<meta name=\"description\" content=\"Hacer los deberes, ordenar el cuarto y hacerse cargo de un sinf\u00edn de tareas puede ser aburrid\u00edsimo. Para solucionarlo, a Kenta se le ocurre un plan magistral: invertir todos los ahorros en un robot para que se convierta en su otro yo. Sin embargo, su nuevo amigo necesitar\u00e1 saber algunos detalles para ocupar su lugar.\" \/>\n<meta name=\"robots\" content=\"index, follow, max-snippet:-1, max-image-preview:large, max-video-preview:-1\" \/>\n<link rel=\"canonical\" href=\"https:\/\/librosdelzorrorojo.com\/ca\/cataleg\/ese-robot-soy-yo\/\" \/>\n<meta property=\"og:locale\" content=\"ca_ES\" \/>\n<meta property=\"og:type\" content=\"article\" \/>\n<meta property=\"og:title\" content=\"Ese robot soy yo - Libros del Zorro Rojo\" \/>\n<meta property=\"og:description\" content=\"Hacer los deberes, ordenar el cuarto y hacerse cargo de un sinf\u00edn de tareas puede ser aburrid\u00edsimo. Para solucionarlo, a Kenta se le ocurre un plan magistral: invertir todos los ahorros en un robot para que se convierta en su otro yo. Sin embargo, su nuevo amigo necesitar\u00e1 saber algunos detalles para ocupar su lugar.\" \/>\n<meta property=\"og:url\" content=\"https:\/\/librosdelzorrorojo.com\/ca\/cataleg\/ese-robot-soy-yo\/\" \/>\n<meta property=\"og:site_name\" content=\"Libros del Zorro Rojo\" \/>\n<meta property=\"article:modified_time\" content=\"2024-02-29T10:41:37+00:00\" \/>\n<meta property=\"og:image\" content=\"https:\/\/librosdelzorrorojo.com\/wp-content\/uploads\/2020\/08\/Ese-robot-soy-yo_1200x1200_01.jpg\" \/>\n\t<meta property=\"og:image:width\" content=\"1200\" \/>\n\t<meta property=\"og:image:height\" content=\"1200\" \/>\n\t<meta property=\"og:image:type\" content=\"image\/jpeg\" \/>\n<meta name=\"twitter:card\" content=\"summary_large_image\" \/>\n<meta name=\"twitter:label1\" content=\"Temps estimat de lectura\" \/>\n\t<meta name=\"twitter:data1\" content=\"1 minut\" \/>\n<script type=\"application\/ld+json\" class=\"yoast-schema-graph\">{\"@context\":\"https:\/\/schema.org\",\"@graph\":[{\"@type\":\"WebPage\",\"@id\":\"https:\/\/librosdelzorrorojo.com\/ca\/cataleg\/ese-robot-soy-yo\/\",\"url\":\"https:\/\/librosdelzorrorojo.com\/ca\/cataleg\/ese-robot-soy-yo\/\",\"name\":\"Ese robot soy yo - Libros del Zorro Rojo\",\"isPartOf\":{\"@id\":\"https:\/\/librosdelzorrorojo.com\/#website\"},\"primaryImageOfPage\":{\"@id\":\"https:\/\/librosdelzorrorojo.com\/ca\/cataleg\/ese-robot-soy-yo\/#primaryimage\"},\"image\":{\"@id\":\"https:\/\/librosdelzorrorojo.com\/ca\/cataleg\/ese-robot-soy-yo\/#primaryimage\"},\"thumbnailUrl\":\"https:\/\/librosdelzorrorojo.com\/wp-content\/uploads\/2020\/07\/COVER_Ese-robot-soy-yo_WEB.jpg\",\"datePublished\":\"2020-07-19T10:08:20+00:00\",\"dateModified\":\"2024-02-29T10:41:37+00:00\",\"description\":\"Hacer los deberes, ordenar el cuarto y hacerse cargo de un sinf\u00edn de tareas puede ser aburrid\u00edsimo. Para solucionarlo, a Kenta se le ocurre un plan magistral: invertir todos los ahorros en un robot para que se convierta en su otro yo. Sin embargo, su nuevo amigo necesitar\u00e1 saber algunos detalles para ocupar su lugar.\",\"breadcrumb\":{\"@id\":\"https:\/\/librosdelzorrorojo.com\/ca\/cataleg\/ese-robot-soy-yo\/#breadcrumb\"},\"inLanguage\":\"ca\",\"potentialAction\":[{\"@type\":\"ReadAction\",\"target\":[\"https:\/\/librosdelzorrorojo.com\/ca\/cataleg\/ese-robot-soy-yo\/\"]}]},{\"@type\":\"ImageObject\",\"inLanguage\":\"ca\",\"@id\":\"https:\/\/librosdelzorrorojo.com\/ca\/cataleg\/ese-robot-soy-yo\/#primaryimage\",\"url\":\"https:\/\/librosdelzorrorojo.com\/wp-content\/uploads\/2020\/07\/COVER_Ese-robot-soy-yo_WEB.jpg\",\"contentUrl\":\"https:\/\/librosdelzorrorojo.com\/wp-content\/uploads\/2020\/07\/COVER_Ese-robot-soy-yo_WEB.jpg\",\"width\":850,\"height\":1055,\"caption\":\"COVER Ese robot soy yo WEB\"},{\"@type\":\"BreadcrumbList\",\"@id\":\"https:\/\/librosdelzorrorojo.com\/ca\/cataleg\/ese-robot-soy-yo\/#breadcrumb\",\"itemListElement\":[{\"@type\":\"ListItem\",\"position\":1,\"name\":\"Portada\",\"item\":\"https:\/\/librosdelzorrorojo.com\/ca\/\"},{\"@type\":\"ListItem\",\"position\":2,\"name\":\"Cat\u00e0leg\",\"item\":\"https:\/\/librosdelzorrorojo.com\/ca\/cataleg\/\"},{\"@type\":\"ListItem\",\"position\":3,\"name\":\"Ese robot soy yo\"}]},{\"@type\":\"WebSite\",\"@id\":\"https:\/\/librosdelzorrorojo.com\/#website\",\"url\":\"https:\/\/librosdelzorrorojo.com\/\",\"name\":\"Libros del Zorro Rojo\",\"description\":\"Libros ilustrados\",\"potentialAction\":[{\"@type\":\"SearchAction\",\"target\":{\"@type\":\"EntryPoint\",\"urlTemplate\":\"https:\/\/librosdelzorrorojo.com\/?s={search_term_string}\"},\"query-input\":{\"@type\":\"PropertyValueSpecification\",\"valueRequired\":true,\"valueName\":\"search_term_string\"}}],\"inLanguage\":\"ca\"}]}<\/script>\n<!-- \/ Yoast SEO plugin. -->","yoast_head_json":{"title":"Ese robot soy yo - Libros del Zorro Rojo","description":"Hacer los deberes, ordenar el cuarto y hacerse cargo de un sinf\u00edn de tareas puede ser aburrid\u00edsimo. Para solucionarlo, a Kenta se le ocurre un plan magistral: invertir todos los ahorros en un robot para que se convierta en su otro yo. Sin embargo, su nuevo amigo necesitar\u00e1 saber algunos detalles para ocupar su lugar.","robots":{"index":"index","follow":"follow","max-snippet":"max-snippet:-1","max-image-preview":"max-image-preview:large","max-video-preview":"max-video-preview:-1"},"canonical":"https:\/\/librosdelzorrorojo.com\/ca\/cataleg\/ese-robot-soy-yo\/","og_locale":"ca_ES","og_type":"article","og_title":"Ese robot soy yo - Libros del Zorro Rojo","og_description":"Hacer los deberes, ordenar el cuarto y hacerse cargo de un sinf\u00edn de tareas puede ser aburrid\u00edsimo. Para solucionarlo, a Kenta se le ocurre un plan magistral: invertir todos los ahorros en un robot para que se convierta en su otro yo. Sin embargo, su nuevo amigo necesitar\u00e1 saber algunos detalles para ocupar su lugar.","og_url":"https:\/\/librosdelzorrorojo.com\/ca\/cataleg\/ese-robot-soy-yo\/","og_site_name":"Libros del Zorro Rojo","article_modified_time":"2024-02-29T10:41:37+00:00","og_image":[{"width":1200,"height":1200,"url":"https:\/\/librosdelzorrorojo.com\/wp-content\/uploads\/2020\/08\/Ese-robot-soy-yo_1200x1200_01.jpg","type":"image\/jpeg"}],"twitter_card":"summary_large_image","twitter_misc":{"Temps estimat de lectura":"1 minut"},"schema":{"@context":"https:\/\/schema.org","@graph":[{"@type":"WebPage","@id":"https:\/\/librosdelzorrorojo.com\/ca\/cataleg\/ese-robot-soy-yo\/","url":"https:\/\/librosdelzorrorojo.com\/ca\/cataleg\/ese-robot-soy-yo\/","name":"Ese robot soy yo - Libros del Zorro Rojo","isPartOf":{"@id":"https:\/\/librosdelzorrorojo.com\/#website"},"primaryImageOfPage":{"@id":"https:\/\/librosdelzorrorojo.com\/ca\/cataleg\/ese-robot-soy-yo\/#primaryimage"},"image":{"@id":"https:\/\/librosdelzorrorojo.com\/ca\/cataleg\/ese-robot-soy-yo\/#primaryimage"},"thumbnailUrl":"https:\/\/librosdelzorrorojo.com\/wp-content\/uploads\/2020\/07\/COVER_Ese-robot-soy-yo_WEB.jpg","datePublished":"2020-07-19T10:08:20+00:00","dateModified":"2024-02-29T10:41:37+00:00","description":"Hacer los deberes, ordenar el cuarto y hacerse cargo de un sinf\u00edn de tareas puede ser aburrid\u00edsimo. Para solucionarlo, a Kenta se le ocurre un plan magistral: invertir todos los ahorros en un robot para que se convierta en su otro yo. Sin embargo, su nuevo amigo necesitar\u00e1 saber algunos detalles para ocupar su lugar.","breadcrumb":{"@id":"https:\/\/librosdelzorrorojo.com\/ca\/cataleg\/ese-robot-soy-yo\/#breadcrumb"},"inLanguage":"ca","potentialAction":[{"@type":"ReadAction","target":["https:\/\/librosdelzorrorojo.com\/ca\/cataleg\/ese-robot-soy-yo\/"]}]},{"@type":"ImageObject","inLanguage":"ca","@id":"https:\/\/librosdelzorrorojo.com\/ca\/cataleg\/ese-robot-soy-yo\/#primaryimage","url":"https:\/\/librosdelzorrorojo.com\/wp-content\/uploads\/2020\/07\/COVER_Ese-robot-soy-yo_WEB.jpg","contentUrl":"https:\/\/librosdelzorrorojo.com\/wp-content\/uploads\/2020\/07\/COVER_Ese-robot-soy-yo_WEB.jpg","width":850,"height":1055,"caption":"COVER Ese robot soy yo WEB"},{"@type":"BreadcrumbList","@id":"https:\/\/librosdelzorrorojo.com\/ca\/cataleg\/ese-robot-soy-yo\/#breadcrumb","itemListElement":[{"@type":"ListItem","position":1,"name":"Portada","item":"https:\/\/librosdelzorrorojo.com\/ca\/"},{"@type":"ListItem","position":2,"name":"Cat\u00e0leg","item":"https:\/\/librosdelzorrorojo.com\/ca\/cataleg\/"},{"@type":"ListItem","position":3,"name":"Ese robot soy yo"}]},{"@type":"WebSite","@id":"https:\/\/librosdelzorrorojo.com\/#website","url":"https:\/\/librosdelzorrorojo.com\/","name":"Libros del Zorro Rojo","description":"Libros ilustrados","potentialAction":[{"@type":"SearchAction","target":{"@type":"EntryPoint","urlTemplate":"https:\/\/librosdelzorrorojo.com\/?s={search_term_string}"},"query-input":{"@type":"PropertyValueSpecification","valueRequired":true,"valueName":"search_term_string"}}],"inLanguage":"ca"}]}},"_links":{"self":[{"href":"https:\/\/librosdelzorrorojo.com\/ca\/wp-json\/wp\/v2\/product\/17754","targetHints":{"allow":["GET"]}}],"collection":[{"href":"https:\/\/librosdelzorrorojo.com\/ca\/wp-json\/wp\/v2\/product"}],"about":[{"href":"https:\/\/librosdelzorrorojo.com\/ca\/wp-json\/wp\/v2\/types\/product"}],"wp:featuredmedia":[{"embeddable":true,"href":"https:\/\/librosdelzorrorojo.com\/ca\/wp-json\/wp\/v2\/media\/18216"}],"wp:attachment":[{"href":"https:\/\/librosdelzorrorojo.com\/ca\/wp-json\/wp\/v2\/media?parent=17754"}],"wp:term":[{"taxonomy":"product_brand","embeddable":true,"href":"https:\/\/librosdelzorrorojo.com\/ca\/wp-json\/wp\/v2\/product_brand?post=17754"},{"taxonomy":"product_cat","embeddable":true,"href":"https:\/\/librosdelzorrorojo.com\/ca\/wp-json\/wp\/v2\/product_cat?post=17754"},{"taxonomy":"product_tag","embeddable":true,"href":"https:\/\/librosdelzorrorojo.com\/ca\/wp-json\/wp\/v2\/product_tag?post=17754"}],"curies":[{"name":"wp","href":"https:\/\/api.w.org\/{rel}","templated":true}]}}