{"id":17732,"date":"2020-08-18T11:10:35","date_gmt":"2020-08-18T09:10:35","guid":{"rendered":"https:\/\/librosdelzorrorojo.com\/?post_type=product&#038;p=17732"},"modified":"2026-04-21T14:27:55","modified_gmt":"2026-04-21T12:27:55","slug":"al-prat","status":"publish","type":"product","link":"https:\/\/librosdelzorrorojo.com\/ca\/cataleg\/al-prat\/","title":{"rendered":"Al prat"},"content":{"rendered":"<p class=\"p1\">Al prat, el m\u00f3n es transforma: brolla el fong, salta la llagosta, pasta el ruc, floreix la flor, escapa la llebre\u2026 I aix\u00ed comen\u00e7a un conte senzill, un reguitzell de descobriments, personatges i accions que el lector podr\u00e0 recitar en veu alta i fins i tot ampliar amb altres troballes pr\u00f2ximes a la seva realitat.<\/p>\n<p class=\"p1\">I sota el prat? Esdevenen uns altres fen\u00f2mens magn\u00edfics: cava el talp, menja el cuc, corre la formiga\u2026 Un llibre de cart\u00f3 concebut a la mida dels m\u00e9s petits, amb il\u00b7lustracions belles, subtils i descriptives del premiat artista itali\u00e0 Philip Giordano.<\/p>\n","protected":false},"excerpt":{"rendered":"Al prat, el m\u00f3n es transforma: brolla el fong, salta la llagosta, pasta el ruc, floreix la flor, escapa la llebre\u2026 I aix\u00ed comen\u00e7a un conte senzill, un reguitzell de descobriments, personatges i accions que el lector podr\u00e0 recitar en veu alta i fins i tot ampliar amb altres troballes pr\u00f2ximes a la seva realitat. [&hellip;]","protected":false},"featured_media":17741,"template":"","meta":{"_acf_changed":false},"product_brand":[],"product_cat":[840,839],"product_tag":[],"class_list":{"0":"post-17732","1":"product","2":"type-product","3":"status-publish","4":"has-post-thumbnail","6":"product_cat-catala","7":"product_cat-zona-kids-ca","8":"vinculo-en-el-prado","10":"first","11":"outofstock","12":"taxable","13":"shipping-taxable","14":"purchasable","15":"product-type-simple"},"acf":[],"yoast_head":"<!-- This site is optimized with the Yoast SEO plugin v25.1 - https:\/\/yoast.com\/wordpress\/plugins\/seo\/ -->\n<title>Al prat - Libros del Zorro Rojo<\/title>\n<meta name=\"description\" content=\"Al prat, el m\u00f3n es transforma: brolla el fong, salta la llagosta, pasta el ruc, floreix la flor, escapa la llebre\u2026 I aix\u00ed comen\u00e7a un conte senzill\" \/>\n<meta name=\"robots\" content=\"index, follow, max-snippet:-1, max-image-preview:large, max-video-preview:-1\" \/>\n<link rel=\"canonical\" href=\"https:\/\/librosdelzorrorojo.com\/ca\/cataleg\/al-prat\/\" \/>\n<meta property=\"og:locale\" content=\"ca_ES\" \/>\n<meta property=\"og:type\" content=\"article\" \/>\n<meta property=\"og:title\" content=\"Al prat - Libros del Zorro Rojo\" \/>\n<meta property=\"og:description\" content=\"Al prat, el m\u00f3n es transforma: brolla el fong, salta la llagosta, pasta el ruc, floreix la flor, escapa la llebre\u2026 I aix\u00ed comen\u00e7a un conte senzill\" \/>\n<meta property=\"og:url\" content=\"https:\/\/librosdelzorrorojo.com\/ca\/cataleg\/al-prat\/\" \/>\n<meta property=\"og:site_name\" content=\"Libros del Zorro Rojo\" \/>\n<meta property=\"article:modified_time\" content=\"2026-04-21T12:27:55+00:00\" \/>\n<meta property=\"og:image\" content=\"https:\/\/librosdelzorrorojo.com\/wp-content\/uploads\/2020\/08\/COVER_Al-prat_WEB.jpg\" \/>\n\t<meta property=\"og:image:width\" content=\"850\" \/>\n\t<meta property=\"og:image:height\" content=\"673\" \/>\n\t<meta property=\"og:image:type\" content=\"image\/jpeg\" \/>\n<meta name=\"twitter:card\" content=\"summary_large_image\" \/>\n<meta name=\"twitter:label1\" content=\"Temps estimat de lectura\" \/>\n\t<meta name=\"twitter:data1\" content=\"2 minuts\" \/>\n<script type=\"application\/ld+json\" class=\"yoast-schema-graph\">{\"@context\":\"https:\/\/schema.org\",\"@graph\":[{\"@type\":\"WebPage\",\"@id\":\"https:\/\/librosdelzorrorojo.com\/ca\/cataleg\/al-prat\/\",\"url\":\"https:\/\/librosdelzorrorojo.com\/ca\/cataleg\/al-prat\/\",\"name\":\"Al prat - Libros del Zorro Rojo\",\"isPartOf\":{\"@id\":\"https:\/\/librosdelzorrorojo.com\/#website\"},\"primaryImageOfPage\":{\"@id\":\"https:\/\/librosdelzorrorojo.com\/ca\/cataleg\/al-prat\/#primaryimage\"},\"image\":{\"@id\":\"https:\/\/librosdelzorrorojo.com\/ca\/cataleg\/al-prat\/#primaryimage\"},\"thumbnailUrl\":\"https:\/\/librosdelzorrorojo.com\/wp-content\/uploads\/2020\/08\/COVER_Al-prat_WEB.jpg\",\"datePublished\":\"2020-08-18T09:10:35+00:00\",\"dateModified\":\"2026-04-21T12:27:55+00:00\",\"description\":\"Al prat, el m\u00f3n es transforma: brolla el fong, salta la llagosta, pasta el ruc, floreix la flor, escapa la llebre\u2026 I aix\u00ed comen\u00e7a un conte senzill\",\"breadcrumb\":{\"@id\":\"https:\/\/librosdelzorrorojo.com\/ca\/cataleg\/al-prat\/#breadcrumb\"},\"inLanguage\":\"ca\",\"potentialAction\":[{\"@type\":\"ReadAction\",\"target\":[\"https:\/\/librosdelzorrorojo.com\/ca\/cataleg\/al-prat\/\"]}]},{\"@type\":\"ImageObject\",\"inLanguage\":\"ca\",\"@id\":\"https:\/\/librosdelzorrorojo.com\/ca\/cataleg\/al-prat\/#primaryimage\",\"url\":\"https:\/\/librosdelzorrorojo.com\/wp-content\/uploads\/2020\/08\/COVER_Al-prat_WEB.jpg\",\"contentUrl\":\"https:\/\/librosdelzorrorojo.com\/wp-content\/uploads\/2020\/08\/COVER_Al-prat_WEB.jpg\",\"width\":850,\"height\":673,\"caption\":\"COVER Al prat WEB\"},{\"@type\":\"BreadcrumbList\",\"@id\":\"https:\/\/librosdelzorrorojo.com\/ca\/cataleg\/al-prat\/#breadcrumb\",\"itemListElement\":[{\"@type\":\"ListItem\",\"position\":1,\"name\":\"Portada\",\"item\":\"https:\/\/librosdelzorrorojo.com\/ca\/\"},{\"@type\":\"ListItem\",\"position\":2,\"name\":\"Cat\u00e0leg\",\"item\":\"https:\/\/librosdelzorrorojo.com\/ca\/cataleg\/\"},{\"@type\":\"ListItem\",\"position\":3,\"name\":\"Al prat\"}]},{\"@type\":\"WebSite\",\"@id\":\"https:\/\/librosdelzorrorojo.com\/#website\",\"url\":\"https:\/\/librosdelzorrorojo.com\/\",\"name\":\"Libros del Zorro Rojo\",\"description\":\"Libros ilustrados\",\"potentialAction\":[{\"@type\":\"SearchAction\",\"target\":{\"@type\":\"EntryPoint\",\"urlTemplate\":\"https:\/\/librosdelzorrorojo.com\/?s={search_term_string}\"},\"query-input\":{\"@type\":\"PropertyValueSpecification\",\"valueRequired\":true,\"valueName\":\"search_term_string\"}}],\"inLanguage\":\"ca\"}]}<\/script>\n<!-- \/ Yoast SEO plugin. -->","yoast_head_json":{"title":"Al prat - Libros del Zorro Rojo","description":"Al prat, el m\u00f3n es transforma: brolla el fong, salta la llagosta, pasta el ruc, floreix la flor, escapa la llebre\u2026 I aix\u00ed comen\u00e7a un conte senzill","robots":{"index":"index","follow":"follow","max-snippet":"max-snippet:-1","max-image-preview":"max-image-preview:large","max-video-preview":"max-video-preview:-1"},"canonical":"https:\/\/librosdelzorrorojo.com\/ca\/cataleg\/al-prat\/","og_locale":"ca_ES","og_type":"article","og_title":"Al prat - Libros del Zorro Rojo","og_description":"Al prat, el m\u00f3n es transforma: brolla el fong, salta la llagosta, pasta el ruc, floreix la flor, escapa la llebre\u2026 I aix\u00ed comen\u00e7a un conte senzill","og_url":"https:\/\/librosdelzorrorojo.com\/ca\/cataleg\/al-prat\/","og_site_name":"Libros del Zorro Rojo","article_modified_time":"2026-04-21T12:27:55+00:00","og_image":[{"width":850,"height":673,"url":"https:\/\/librosdelzorrorojo.com\/wp-content\/uploads\/2020\/08\/COVER_Al-prat_WEB.jpg","type":"image\/jpeg"}],"twitter_card":"summary_large_image","twitter_misc":{"Temps estimat de lectura":"2 minuts"},"schema":{"@context":"https:\/\/schema.org","@graph":[{"@type":"WebPage","@id":"https:\/\/librosdelzorrorojo.com\/ca\/cataleg\/al-prat\/","url":"https:\/\/librosdelzorrorojo.com\/ca\/cataleg\/al-prat\/","name":"Al prat - Libros del Zorro Rojo","isPartOf":{"@id":"https:\/\/librosdelzorrorojo.com\/#website"},"primaryImageOfPage":{"@id":"https:\/\/librosdelzorrorojo.com\/ca\/cataleg\/al-prat\/#primaryimage"},"image":{"@id":"https:\/\/librosdelzorrorojo.com\/ca\/cataleg\/al-prat\/#primaryimage"},"thumbnailUrl":"https:\/\/librosdelzorrorojo.com\/wp-content\/uploads\/2020\/08\/COVER_Al-prat_WEB.jpg","datePublished":"2020-08-18T09:10:35+00:00","dateModified":"2026-04-21T12:27:55+00:00","description":"Al prat, el m\u00f3n es transforma: brolla el fong, salta la llagosta, pasta el ruc, floreix la flor, escapa la llebre\u2026 I aix\u00ed comen\u00e7a un conte senzill","breadcrumb":{"@id":"https:\/\/librosdelzorrorojo.com\/ca\/cataleg\/al-prat\/#breadcrumb"},"inLanguage":"ca","potentialAction":[{"@type":"ReadAction","target":["https:\/\/librosdelzorrorojo.com\/ca\/cataleg\/al-prat\/"]}]},{"@type":"ImageObject","inLanguage":"ca","@id":"https:\/\/librosdelzorrorojo.com\/ca\/cataleg\/al-prat\/#primaryimage","url":"https:\/\/librosdelzorrorojo.com\/wp-content\/uploads\/2020\/08\/COVER_Al-prat_WEB.jpg","contentUrl":"https:\/\/librosdelzorrorojo.com\/wp-content\/uploads\/2020\/08\/COVER_Al-prat_WEB.jpg","width":850,"height":673,"caption":"COVER Al prat WEB"},{"@type":"BreadcrumbList","@id":"https:\/\/librosdelzorrorojo.com\/ca\/cataleg\/al-prat\/#breadcrumb","itemListElement":[{"@type":"ListItem","position":1,"name":"Portada","item":"https:\/\/librosdelzorrorojo.com\/ca\/"},{"@type":"ListItem","position":2,"name":"Cat\u00e0leg","item":"https:\/\/librosdelzorrorojo.com\/ca\/cataleg\/"},{"@type":"ListItem","position":3,"name":"Al prat"}]},{"@type":"WebSite","@id":"https:\/\/librosdelzorrorojo.com\/#website","url":"https:\/\/librosdelzorrorojo.com\/","name":"Libros del Zorro Rojo","description":"Libros ilustrados","potentialAction":[{"@type":"SearchAction","target":{"@type":"EntryPoint","urlTemplate":"https:\/\/librosdelzorrorojo.com\/?s={search_term_string}"},"query-input":{"@type":"PropertyValueSpecification","valueRequired":true,"valueName":"search_term_string"}}],"inLanguage":"ca"}]}},"_links":{"self":[{"href":"https:\/\/librosdelzorrorojo.com\/ca\/wp-json\/wp\/v2\/product\/17732","targetHints":{"allow":["GET"]}}],"collection":[{"href":"https:\/\/librosdelzorrorojo.com\/ca\/wp-json\/wp\/v2\/product"}],"about":[{"href":"https:\/\/librosdelzorrorojo.com\/ca\/wp-json\/wp\/v2\/types\/product"}],"wp:featuredmedia":[{"embeddable":true,"href":"https:\/\/librosdelzorrorojo.com\/ca\/wp-json\/wp\/v2\/media\/17741"}],"wp:attachment":[{"href":"https:\/\/librosdelzorrorojo.com\/ca\/wp-json\/wp\/v2\/media?parent=17732"}],"wp:term":[{"taxonomy":"product_brand","embeddable":true,"href":"https:\/\/librosdelzorrorojo.com\/ca\/wp-json\/wp\/v2\/product_brand?post=17732"},{"taxonomy":"product_cat","embeddable":true,"href":"https:\/\/librosdelzorrorojo.com\/ca\/wp-json\/wp\/v2\/product_cat?post=17732"},{"taxonomy":"product_tag","embeddable":true,"href":"https:\/\/librosdelzorrorojo.com\/ca\/wp-json\/wp\/v2\/product_tag?post=17732"}],"curies":[{"name":"wp","href":"https:\/\/api.w.org\/{rel}","templated":true}]}}