{"id":17716,"date":"2020-09-30T10:45:06","date_gmt":"2020-09-30T08:45:06","guid":{"rendered":"https:\/\/librosdelzorrorojo.com\/catalogo\/bestiario-de-vicios-y-virtudes\/"},"modified":"2026-04-13T13:20:10","modified_gmt":"2026-04-13T11:20:10","slug":"bestiario-de-vicios-y-virtudes","status":"publish","type":"product","link":"https:\/\/librosdelzorrorojo.com\/ca\/cataleg\/bestiario-de-vicios-y-virtudes\/","title":{"rendered":"Bestiario de vicios y virtudes"},"content":{"rendered":"<p><em>Bestiario de vicios y virtudes<\/em> recoge, por un lado, la influencia del entorno boscoso que marc\u00f3 la infancia y el devenir de Leonardo da Vinci y, por otro, la profusa imaginaci\u00f3n que siempre caracteriz\u00f3 al genio del Renacimiento. Al igual que en las f\u00e1bulas de Esopo, La Fontaine o Pr\u00e9vert, la humanizaci\u00f3n de los animales act\u00faa como reflejo de los vicios, virtudes y excesos del ser humano, e invita a la reflexi\u00f3n en un momento de delicado equilibrio natural, marcado por la amenaza de extinci\u00f3n de muchas especies.<\/p>\n<p class=\"p1\">Las ilustraciones de Redmer Hoekstra profundizan en este encuentro entre dos mundos a trav\u00e9s de unas detalladas estampas realizadas a l\u00e1piz en las que el aura del Renacimiento se fusiona con trazos surrealistas de marcada influencia <em>escheriana<\/em>.<\/p>\n<p><img decoding=\"async\" src=\"https:\/\/librosdelzorrorojo.com\/wp-content\/uploads\/2017\/09\/logo-generalitat2.jpg\" alt=\"\" width=\"200\" height=\"67\" class=\"alignnone size-full wp-image-11151\" \/><\/p>\n","protected":false},"excerpt":{"rendered":"Bestiario de vicios y virtudes recoge, por un lado, la influencia del entorno boscoso que marc\u00f3 la infancia y el devenir de Leonardo da Vinci y, por otro, la profusa imaginaci\u00f3n que siempre caracteriz\u00f3 al genio del Renacimiento. Al igual que en las f\u00e1bulas de Esopo, La Fontaine o Pr\u00e9vert, la humanizaci\u00f3n de los animales [&hellip;]","protected":false},"featured_media":17714,"template":"","meta":{"_acf_changed":false},"product_brand":[],"product_cat":[844,3156],"product_tag":[],"class_list":{"0":"post-17716","1":"product","2":"type-product","3":"status-publish","4":"has-post-thumbnail","6":"product_cat-castella","7":"product_cat-juvenil-adult","9":"first","10":"outofstock","11":"taxable","12":"shipping-taxable","13":"purchasable","14":"product-type-simple"},"acf":[],"yoast_head":"<!-- This site is optimized with the Yoast SEO plugin v25.1 - https:\/\/yoast.com\/wordpress\/plugins\/seo\/ -->\n<title>Bestiario de vicios y virtudes - Libros del Zorro Rojo<\/title>\n<meta name=\"description\" content=\"&quot;Bestiario de vicios y virtudes&quot; recoge la influencia del entorno boscoso que marc\u00f3 la infancia y el devenir de Leonardo da Vinci\" \/>\n<meta name=\"robots\" content=\"index, follow, max-snippet:-1, max-image-preview:large, max-video-preview:-1\" \/>\n<link rel=\"canonical\" href=\"https:\/\/librosdelzorrorojo.com\/ca\/cataleg\/bestiario-de-vicios-y-virtudes\/\" \/>\n<meta property=\"og:locale\" content=\"ca_ES\" \/>\n<meta property=\"og:type\" content=\"article\" \/>\n<meta property=\"og:title\" content=\"Bestiario de vicios y virtudes - Libros del Zorro Rojo\" \/>\n<meta property=\"og:description\" content=\"&quot;Bestiario de vicios y virtudes&quot; recoge la influencia del entorno boscoso que marc\u00f3 la infancia y el devenir de Leonardo da Vinci\" \/>\n<meta property=\"og:url\" content=\"https:\/\/librosdelzorrorojo.com\/ca\/cataleg\/bestiario-de-vicios-y-virtudes\/\" \/>\n<meta property=\"og:site_name\" content=\"Libros del Zorro Rojo\" \/>\n<meta property=\"article:modified_time\" content=\"2026-04-13T11:20:10+00:00\" \/>\n<meta property=\"og:image\" content=\"https:\/\/librosdelzorrorojo.com\/wp-content\/uploads\/2020\/08\/Bestiario_1200x1200_01-1.jpg\" \/>\n\t<meta property=\"og:image:width\" content=\"1200\" \/>\n\t<meta property=\"og:image:height\" content=\"1200\" \/>\n\t<meta property=\"og:image:type\" content=\"image\/jpeg\" \/>\n<meta name=\"twitter:card\" content=\"summary_large_image\" \/>\n<meta name=\"twitter:label1\" content=\"Temps estimat de lectura\" \/>\n\t<meta name=\"twitter:data1\" content=\"1 minut\" \/>\n<script type=\"application\/ld+json\" class=\"yoast-schema-graph\">{\"@context\":\"https:\/\/schema.org\",\"@graph\":[{\"@type\":\"WebPage\",\"@id\":\"https:\/\/librosdelzorrorojo.com\/ca\/cataleg\/bestiario-de-vicios-y-virtudes\/\",\"url\":\"https:\/\/librosdelzorrorojo.com\/ca\/cataleg\/bestiario-de-vicios-y-virtudes\/\",\"name\":\"Bestiario de vicios y virtudes - Libros del Zorro Rojo\",\"isPartOf\":{\"@id\":\"https:\/\/librosdelzorrorojo.com\/#website\"},\"primaryImageOfPage\":{\"@id\":\"https:\/\/librosdelzorrorojo.com\/ca\/cataleg\/bestiario-de-vicios-y-virtudes\/#primaryimage\"},\"image\":{\"@id\":\"https:\/\/librosdelzorrorojo.com\/ca\/cataleg\/bestiario-de-vicios-y-virtudes\/#primaryimage\"},\"thumbnailUrl\":\"https:\/\/librosdelzorrorojo.com\/wp-content\/uploads\/2020\/08\/COVER_Bestiario_WEB.jpg\",\"datePublished\":\"2020-09-30T08:45:06+00:00\",\"dateModified\":\"2026-04-13T11:20:10+00:00\",\"description\":\"\\\"Bestiario de vicios y virtudes\\\" recoge la influencia del entorno boscoso que marc\u00f3 la infancia y el devenir de Leonardo da Vinci\",\"breadcrumb\":{\"@id\":\"https:\/\/librosdelzorrorojo.com\/ca\/cataleg\/bestiario-de-vicios-y-virtudes\/#breadcrumb\"},\"inLanguage\":\"ca\",\"potentialAction\":[{\"@type\":\"ReadAction\",\"target\":[\"https:\/\/librosdelzorrorojo.com\/ca\/cataleg\/bestiario-de-vicios-y-virtudes\/\"]}]},{\"@type\":\"ImageObject\",\"inLanguage\":\"ca\",\"@id\":\"https:\/\/librosdelzorrorojo.com\/ca\/cataleg\/bestiario-de-vicios-y-virtudes\/#primaryimage\",\"url\":\"https:\/\/librosdelzorrorojo.com\/wp-content\/uploads\/2020\/08\/COVER_Bestiario_WEB.jpg\",\"contentUrl\":\"https:\/\/librosdelzorrorojo.com\/wp-content\/uploads\/2020\/08\/COVER_Bestiario_WEB.jpg\",\"width\":850,\"height\":1274,\"caption\":\"COVER Bestiario WEB\"},{\"@type\":\"BreadcrumbList\",\"@id\":\"https:\/\/librosdelzorrorojo.com\/ca\/cataleg\/bestiario-de-vicios-y-virtudes\/#breadcrumb\",\"itemListElement\":[{\"@type\":\"ListItem\",\"position\":1,\"name\":\"Portada\",\"item\":\"https:\/\/librosdelzorrorojo.com\/ca\/\"},{\"@type\":\"ListItem\",\"position\":2,\"name\":\"Cat\u00e0leg\",\"item\":\"https:\/\/librosdelzorrorojo.com\/ca\/cataleg\/\"},{\"@type\":\"ListItem\",\"position\":3,\"name\":\"Bestiario de vicios y virtudes\"}]},{\"@type\":\"WebSite\",\"@id\":\"https:\/\/librosdelzorrorojo.com\/#website\",\"url\":\"https:\/\/librosdelzorrorojo.com\/\",\"name\":\"Libros del Zorro Rojo\",\"description\":\"Libros ilustrados\",\"potentialAction\":[{\"@type\":\"SearchAction\",\"target\":{\"@type\":\"EntryPoint\",\"urlTemplate\":\"https:\/\/librosdelzorrorojo.com\/?s={search_term_string}\"},\"query-input\":{\"@type\":\"PropertyValueSpecification\",\"valueRequired\":true,\"valueName\":\"search_term_string\"}}],\"inLanguage\":\"ca\"}]}<\/script>\n<!-- \/ Yoast SEO plugin. -->","yoast_head_json":{"title":"Bestiario de vicios y virtudes - Libros del Zorro Rojo","description":"\"Bestiario de vicios y virtudes\" recoge la influencia del entorno boscoso que marc\u00f3 la infancia y el devenir de Leonardo da Vinci","robots":{"index":"index","follow":"follow","max-snippet":"max-snippet:-1","max-image-preview":"max-image-preview:large","max-video-preview":"max-video-preview:-1"},"canonical":"https:\/\/librosdelzorrorojo.com\/ca\/cataleg\/bestiario-de-vicios-y-virtudes\/","og_locale":"ca_ES","og_type":"article","og_title":"Bestiario de vicios y virtudes - Libros del Zorro Rojo","og_description":"\"Bestiario de vicios y virtudes\" recoge la influencia del entorno boscoso que marc\u00f3 la infancia y el devenir de Leonardo da Vinci","og_url":"https:\/\/librosdelzorrorojo.com\/ca\/cataleg\/bestiario-de-vicios-y-virtudes\/","og_site_name":"Libros del Zorro Rojo","article_modified_time":"2026-04-13T11:20:10+00:00","og_image":[{"width":1200,"height":1200,"url":"https:\/\/librosdelzorrorojo.com\/wp-content\/uploads\/2020\/08\/Bestiario_1200x1200_01-1.jpg","type":"image\/jpeg"}],"twitter_card":"summary_large_image","twitter_misc":{"Temps estimat de lectura":"1 minut"},"schema":{"@context":"https:\/\/schema.org","@graph":[{"@type":"WebPage","@id":"https:\/\/librosdelzorrorojo.com\/ca\/cataleg\/bestiario-de-vicios-y-virtudes\/","url":"https:\/\/librosdelzorrorojo.com\/ca\/cataleg\/bestiario-de-vicios-y-virtudes\/","name":"Bestiario de vicios y virtudes - Libros del Zorro Rojo","isPartOf":{"@id":"https:\/\/librosdelzorrorojo.com\/#website"},"primaryImageOfPage":{"@id":"https:\/\/librosdelzorrorojo.com\/ca\/cataleg\/bestiario-de-vicios-y-virtudes\/#primaryimage"},"image":{"@id":"https:\/\/librosdelzorrorojo.com\/ca\/cataleg\/bestiario-de-vicios-y-virtudes\/#primaryimage"},"thumbnailUrl":"https:\/\/librosdelzorrorojo.com\/wp-content\/uploads\/2020\/08\/COVER_Bestiario_WEB.jpg","datePublished":"2020-09-30T08:45:06+00:00","dateModified":"2026-04-13T11:20:10+00:00","description":"\"Bestiario de vicios y virtudes\" recoge la influencia del entorno boscoso que marc\u00f3 la infancia y el devenir de Leonardo da Vinci","breadcrumb":{"@id":"https:\/\/librosdelzorrorojo.com\/ca\/cataleg\/bestiario-de-vicios-y-virtudes\/#breadcrumb"},"inLanguage":"ca","potentialAction":[{"@type":"ReadAction","target":["https:\/\/librosdelzorrorojo.com\/ca\/cataleg\/bestiario-de-vicios-y-virtudes\/"]}]},{"@type":"ImageObject","inLanguage":"ca","@id":"https:\/\/librosdelzorrorojo.com\/ca\/cataleg\/bestiario-de-vicios-y-virtudes\/#primaryimage","url":"https:\/\/librosdelzorrorojo.com\/wp-content\/uploads\/2020\/08\/COVER_Bestiario_WEB.jpg","contentUrl":"https:\/\/librosdelzorrorojo.com\/wp-content\/uploads\/2020\/08\/COVER_Bestiario_WEB.jpg","width":850,"height":1274,"caption":"COVER Bestiario WEB"},{"@type":"BreadcrumbList","@id":"https:\/\/librosdelzorrorojo.com\/ca\/cataleg\/bestiario-de-vicios-y-virtudes\/#breadcrumb","itemListElement":[{"@type":"ListItem","position":1,"name":"Portada","item":"https:\/\/librosdelzorrorojo.com\/ca\/"},{"@type":"ListItem","position":2,"name":"Cat\u00e0leg","item":"https:\/\/librosdelzorrorojo.com\/ca\/cataleg\/"},{"@type":"ListItem","position":3,"name":"Bestiario de vicios y virtudes"}]},{"@type":"WebSite","@id":"https:\/\/librosdelzorrorojo.com\/#website","url":"https:\/\/librosdelzorrorojo.com\/","name":"Libros del Zorro Rojo","description":"Libros ilustrados","potentialAction":[{"@type":"SearchAction","target":{"@type":"EntryPoint","urlTemplate":"https:\/\/librosdelzorrorojo.com\/?s={search_term_string}"},"query-input":{"@type":"PropertyValueSpecification","valueRequired":true,"valueName":"search_term_string"}}],"inLanguage":"ca"}]}},"_links":{"self":[{"href":"https:\/\/librosdelzorrorojo.com\/ca\/wp-json\/wp\/v2\/product\/17716","targetHints":{"allow":["GET"]}}],"collection":[{"href":"https:\/\/librosdelzorrorojo.com\/ca\/wp-json\/wp\/v2\/product"}],"about":[{"href":"https:\/\/librosdelzorrorojo.com\/ca\/wp-json\/wp\/v2\/types\/product"}],"wp:featuredmedia":[{"embeddable":true,"href":"https:\/\/librosdelzorrorojo.com\/ca\/wp-json\/wp\/v2\/media\/17714"}],"wp:attachment":[{"href":"https:\/\/librosdelzorrorojo.com\/ca\/wp-json\/wp\/v2\/media?parent=17716"}],"wp:term":[{"taxonomy":"product_brand","embeddable":true,"href":"https:\/\/librosdelzorrorojo.com\/ca\/wp-json\/wp\/v2\/product_brand?post=17716"},{"taxonomy":"product_cat","embeddable":true,"href":"https:\/\/librosdelzorrorojo.com\/ca\/wp-json\/wp\/v2\/product_cat?post=17716"},{"taxonomy":"product_tag","embeddable":true,"href":"https:\/\/librosdelzorrorojo.com\/ca\/wp-json\/wp\/v2\/product_tag?post=17716"}],"curies":[{"name":"wp","href":"https:\/\/api.w.org\/{rel}","templated":true}]}}