{"id":17610,"date":"2020-10-15T14:51:07","date_gmt":"2020-10-15T12:51:07","guid":{"rendered":"https:\/\/librosdelzorrorojo.com\/catalogo\/atlas-de-las-islas-imaginarias\/"},"modified":"2024-05-17T02:07:24","modified_gmt":"2024-05-17T00:07:24","slug":"atlas-de-las-islas-imaginarias","status":"publish","type":"product","link":"https:\/\/librosdelzorrorojo.com\/ca\/cataleg\/atlas-de-las-islas-imaginarias\/","title":{"rendered":"Atlas de las islas imaginarias"},"content":{"rendered":"<p class=\"p1\">Este es un archipi\u00e9lago reunido como tributo. Trescientos a\u00f1os despu\u00e9s de que Defoe descubriera el potencial de una isla como motor de creaci\u00f3n de historias, un equipo de 68 ilustradores repartidos por todo el mundo comparte por primer\u00edsima vez los contornos y las costas de sus propias creaciones.<\/p>\n<p class=\"p1\">Islas m\u00e1gicas, que encarnan temores, fantas\u00edas, reflexiones, sue\u00f1os y v\u00edas de escape, quedan configuradas a trav\u00e9s del doble juego cartogr\u00e1fico trazado por las sugerentes ilustraciones de estilos muy diversos y por los textos, que dotan de relatos a cada una de las fascinantes tierras emergidas. Chris Riddell invita al lector: \u00abImagina por un momento que t\u00fa tambi\u00e9n eres un n\u00e1ufrago, como Crusoe, en una lejana orilla. \u00bfC\u00f3mo es? \u00bfQu\u00e9 puedes encontrar all\u00ed? A partir de estas mismas preguntas, nuestros artistas cartografiaron sus islas dilectas. Como ocurre con las estrellas durante el d\u00eda: aunque no podamos verlas no significa que no est\u00e9n ah\u00ed\u2026\u00bb. En palabras de Huw Lewis-Jones: \u00abEn nuestro planeta hay casi medio mill\u00f3n de islas. Las islas ideales se apoderan del coraz\u00f3n, se alimentan de relatos y sue\u00f1os\u00bb.<\/p>\n<p><img decoding=\"async\" src=\"https:\/\/librosdelzorrorojo.com\/wp-content\/uploads\/2017\/09\/logo-generalitat2.jpg\" alt=\"\" width=\"200\" height=\"67\" class=\"alignnone size-full wp-image-11151\" \/><\/p>\n","protected":false},"excerpt":{"rendered":"Este es un archipi\u00e9lago reunido como tributo. Trescientos a\u00f1os despu\u00e9s de que Defoe descubriera el potencial de una isla como motor de creaci\u00f3n de historias, un equipo de 68 ilustradores repartidos por todo el mundo comparte por primer\u00edsima vez los contornos y las costas de sus propias creaciones. Islas m\u00e1gicas, que encarnan temores, fantas\u00edas, reflexiones, [&hellip;]","protected":false},"featured_media":18102,"template":"","meta":{"_acf_changed":false},"product_brand":[],"product_cat":[844,3156,846],"product_tag":[],"class_list":{"0":"post-17610","1":"product","2":"type-product","3":"status-publish","4":"has-post-thumbnail","6":"product_cat-castella","7":"product_cat-juvenil-adult","8":"product_cat-novedades-ca","10":"first","11":"instock","12":"taxable","13":"shipping-taxable","14":"purchasable","15":"product-type-simple"},"acf":[],"yoast_head":"<!-- This site is optimized with the Yoast SEO plugin v25.1 - https:\/\/yoast.com\/wordpress\/plugins\/seo\/ -->\n<title>Atlas de las islas imaginarias - Libros del Zorro Rojo<\/title>\n<meta name=\"description\" content=\"Este es un archipi\u00e9lago reunido como tributo. Un equipo de 68 ilustradores repartidos por todo el mundo comparte por primera vez sus propias creaciones.\" \/>\n<meta name=\"robots\" content=\"index, follow, max-snippet:-1, max-image-preview:large, max-video-preview:-1\" \/>\n<link rel=\"canonical\" href=\"https:\/\/librosdelzorrorojo.com\/ca\/cataleg\/atlas-de-las-islas-imaginarias\/\" \/>\n<meta property=\"og:locale\" content=\"ca_ES\" \/>\n<meta property=\"og:type\" content=\"article\" \/>\n<meta property=\"og:title\" content=\"Atlas de las islas imaginarias - Libros del Zorro Rojo\" \/>\n<meta property=\"og:description\" content=\"Este es un archipi\u00e9lago reunido como tributo. Trescientos a\u00f1os despu\u00e9s de que Defoe descubriera el potencial de una isla como motor de creaci\u00f3n de historias, un equipo de 68 ilustradores repartidos por todo el mundo comparte por primer\u00edsima vez los contornos y las costas de sus propias creaciones.\" \/>\n<meta property=\"og:url\" content=\"https:\/\/librosdelzorrorojo.com\/ca\/cataleg\/atlas-de-las-islas-imaginarias\/\" \/>\n<meta property=\"og:site_name\" content=\"Libros del Zorro Rojo\" \/>\n<meta property=\"article:modified_time\" content=\"2024-05-17T00:07:24+00:00\" \/>\n<meta property=\"og:image\" content=\"https:\/\/librosdelzorrorojo.com\/wp-content\/uploads\/2020\/08\/COVER_Atlas_WEB.jpg\" \/>\n\t<meta property=\"og:image:width\" content=\"850\" \/>\n\t<meta property=\"og:image:height\" content=\"1307\" \/>\n\t<meta property=\"og:image:type\" content=\"image\/jpeg\" \/>\n<meta name=\"twitter:card\" content=\"summary_large_image\" \/>\n<meta name=\"twitter:label1\" content=\"Temps estimat de lectura\" \/>\n\t<meta name=\"twitter:data1\" content=\"1 minut\" \/>\n<script type=\"application\/ld+json\" class=\"yoast-schema-graph\">{\"@context\":\"https:\/\/schema.org\",\"@graph\":[{\"@type\":\"WebPage\",\"@id\":\"https:\/\/librosdelzorrorojo.com\/ca\/cataleg\/atlas-de-las-islas-imaginarias\/\",\"url\":\"https:\/\/librosdelzorrorojo.com\/ca\/cataleg\/atlas-de-las-islas-imaginarias\/\",\"name\":\"Atlas de las islas imaginarias - Libros del Zorro Rojo\",\"isPartOf\":{\"@id\":\"https:\/\/librosdelzorrorojo.com\/#website\"},\"primaryImageOfPage\":{\"@id\":\"https:\/\/librosdelzorrorojo.com\/ca\/cataleg\/atlas-de-las-islas-imaginarias\/#primaryimage\"},\"image\":{\"@id\":\"https:\/\/librosdelzorrorojo.com\/ca\/cataleg\/atlas-de-las-islas-imaginarias\/#primaryimage\"},\"thumbnailUrl\":\"https:\/\/librosdelzorrorojo.com\/wp-content\/uploads\/2020\/05\/Cover-Atlas-de-las-islas-imaginarias_1octubre.png\",\"datePublished\":\"2020-10-15T12:51:07+00:00\",\"dateModified\":\"2024-05-17T00:07:24+00:00\",\"description\":\"Este es un archipi\u00e9lago reunido como tributo. Un equipo de 68 ilustradores repartidos por todo el mundo comparte por primera vez sus propias creaciones.\",\"breadcrumb\":{\"@id\":\"https:\/\/librosdelzorrorojo.com\/ca\/cataleg\/atlas-de-las-islas-imaginarias\/#breadcrumb\"},\"inLanguage\":\"ca\",\"potentialAction\":[{\"@type\":\"ReadAction\",\"target\":[\"https:\/\/librosdelzorrorojo.com\/ca\/cataleg\/atlas-de-las-islas-imaginarias\/\"]}]},{\"@type\":\"ImageObject\",\"inLanguage\":\"ca\",\"@id\":\"https:\/\/librosdelzorrorojo.com\/ca\/cataleg\/atlas-de-las-islas-imaginarias\/#primaryimage\",\"url\":\"https:\/\/librosdelzorrorojo.com\/wp-content\/uploads\/2020\/05\/Cover-Atlas-de-las-islas-imaginarias_1octubre.png\",\"contentUrl\":\"https:\/\/librosdelzorrorojo.com\/wp-content\/uploads\/2020\/05\/Cover-Atlas-de-las-islas-imaginarias_1octubre.png\",\"width\":480,\"height\":630,\"caption\":\"Cover Atlas de las islas imaginarias 1octubre\"},{\"@type\":\"BreadcrumbList\",\"@id\":\"https:\/\/librosdelzorrorojo.com\/ca\/cataleg\/atlas-de-las-islas-imaginarias\/#breadcrumb\",\"itemListElement\":[{\"@type\":\"ListItem\",\"position\":1,\"name\":\"Portada\",\"item\":\"https:\/\/librosdelzorrorojo.com\/ca\/\"},{\"@type\":\"ListItem\",\"position\":2,\"name\":\"Cat\u00e0leg\",\"item\":\"https:\/\/librosdelzorrorojo.com\/ca\/cataleg\/\"},{\"@type\":\"ListItem\",\"position\":3,\"name\":\"Atlas de las islas imaginarias\"}]},{\"@type\":\"WebSite\",\"@id\":\"https:\/\/librosdelzorrorojo.com\/#website\",\"url\":\"https:\/\/librosdelzorrorojo.com\/\",\"name\":\"Libros del Zorro Rojo\",\"description\":\"Libros ilustrados\",\"potentialAction\":[{\"@type\":\"SearchAction\",\"target\":{\"@type\":\"EntryPoint\",\"urlTemplate\":\"https:\/\/librosdelzorrorojo.com\/?s={search_term_string}\"},\"query-input\":{\"@type\":\"PropertyValueSpecification\",\"valueRequired\":true,\"valueName\":\"search_term_string\"}}],\"inLanguage\":\"ca\"}]}<\/script>\n<!-- \/ Yoast SEO plugin. -->","yoast_head_json":{"title":"Atlas de las islas imaginarias - Libros del Zorro Rojo","description":"Este es un archipi\u00e9lago reunido como tributo. Un equipo de 68 ilustradores repartidos por todo el mundo comparte por primera vez sus propias creaciones.","robots":{"index":"index","follow":"follow","max-snippet":"max-snippet:-1","max-image-preview":"max-image-preview:large","max-video-preview":"max-video-preview:-1"},"canonical":"https:\/\/librosdelzorrorojo.com\/ca\/cataleg\/atlas-de-las-islas-imaginarias\/","og_locale":"ca_ES","og_type":"article","og_title":"Atlas de las islas imaginarias - Libros del Zorro Rojo","og_description":"Este es un archipi\u00e9lago reunido como tributo. Trescientos a\u00f1os despu\u00e9s de que Defoe descubriera el potencial de una isla como motor de creaci\u00f3n de historias, un equipo de 68 ilustradores repartidos por todo el mundo comparte por primer\u00edsima vez los contornos y las costas de sus propias creaciones.","og_url":"https:\/\/librosdelzorrorojo.com\/ca\/cataleg\/atlas-de-las-islas-imaginarias\/","og_site_name":"Libros del Zorro Rojo","article_modified_time":"2024-05-17T00:07:24+00:00","og_image":[{"width":850,"height":1307,"url":"https:\/\/librosdelzorrorojo.com\/wp-content\/uploads\/2020\/08\/COVER_Atlas_WEB.jpg","type":"image\/jpeg"}],"twitter_card":"summary_large_image","twitter_misc":{"Temps estimat de lectura":"1 minut"},"schema":{"@context":"https:\/\/schema.org","@graph":[{"@type":"WebPage","@id":"https:\/\/librosdelzorrorojo.com\/ca\/cataleg\/atlas-de-las-islas-imaginarias\/","url":"https:\/\/librosdelzorrorojo.com\/ca\/cataleg\/atlas-de-las-islas-imaginarias\/","name":"Atlas de las islas imaginarias - Libros del Zorro Rojo","isPartOf":{"@id":"https:\/\/librosdelzorrorojo.com\/#website"},"primaryImageOfPage":{"@id":"https:\/\/librosdelzorrorojo.com\/ca\/cataleg\/atlas-de-las-islas-imaginarias\/#primaryimage"},"image":{"@id":"https:\/\/librosdelzorrorojo.com\/ca\/cataleg\/atlas-de-las-islas-imaginarias\/#primaryimage"},"thumbnailUrl":"https:\/\/librosdelzorrorojo.com\/wp-content\/uploads\/2020\/05\/Cover-Atlas-de-las-islas-imaginarias_1octubre.png","datePublished":"2020-10-15T12:51:07+00:00","dateModified":"2024-05-17T00:07:24+00:00","description":"Este es un archipi\u00e9lago reunido como tributo. Un equipo de 68 ilustradores repartidos por todo el mundo comparte por primera vez sus propias creaciones.","breadcrumb":{"@id":"https:\/\/librosdelzorrorojo.com\/ca\/cataleg\/atlas-de-las-islas-imaginarias\/#breadcrumb"},"inLanguage":"ca","potentialAction":[{"@type":"ReadAction","target":["https:\/\/librosdelzorrorojo.com\/ca\/cataleg\/atlas-de-las-islas-imaginarias\/"]}]},{"@type":"ImageObject","inLanguage":"ca","@id":"https:\/\/librosdelzorrorojo.com\/ca\/cataleg\/atlas-de-las-islas-imaginarias\/#primaryimage","url":"https:\/\/librosdelzorrorojo.com\/wp-content\/uploads\/2020\/05\/Cover-Atlas-de-las-islas-imaginarias_1octubre.png","contentUrl":"https:\/\/librosdelzorrorojo.com\/wp-content\/uploads\/2020\/05\/Cover-Atlas-de-las-islas-imaginarias_1octubre.png","width":480,"height":630,"caption":"Cover Atlas de las islas imaginarias 1octubre"},{"@type":"BreadcrumbList","@id":"https:\/\/librosdelzorrorojo.com\/ca\/cataleg\/atlas-de-las-islas-imaginarias\/#breadcrumb","itemListElement":[{"@type":"ListItem","position":1,"name":"Portada","item":"https:\/\/librosdelzorrorojo.com\/ca\/"},{"@type":"ListItem","position":2,"name":"Cat\u00e0leg","item":"https:\/\/librosdelzorrorojo.com\/ca\/cataleg\/"},{"@type":"ListItem","position":3,"name":"Atlas de las islas imaginarias"}]},{"@type":"WebSite","@id":"https:\/\/librosdelzorrorojo.com\/#website","url":"https:\/\/librosdelzorrorojo.com\/","name":"Libros del Zorro Rojo","description":"Libros ilustrados","potentialAction":[{"@type":"SearchAction","target":{"@type":"EntryPoint","urlTemplate":"https:\/\/librosdelzorrorojo.com\/?s={search_term_string}"},"query-input":{"@type":"PropertyValueSpecification","valueRequired":true,"valueName":"search_term_string"}}],"inLanguage":"ca"}]}},"_links":{"self":[{"href":"https:\/\/librosdelzorrorojo.com\/ca\/wp-json\/wp\/v2\/product\/17610","targetHints":{"allow":["GET"]}}],"collection":[{"href":"https:\/\/librosdelzorrorojo.com\/ca\/wp-json\/wp\/v2\/product"}],"about":[{"href":"https:\/\/librosdelzorrorojo.com\/ca\/wp-json\/wp\/v2\/types\/product"}],"wp:featuredmedia":[{"embeddable":true,"href":"https:\/\/librosdelzorrorojo.com\/ca\/wp-json\/wp\/v2\/media\/18102"}],"wp:attachment":[{"href":"https:\/\/librosdelzorrorojo.com\/ca\/wp-json\/wp\/v2\/media?parent=17610"}],"wp:term":[{"taxonomy":"product_brand","embeddable":true,"href":"https:\/\/librosdelzorrorojo.com\/ca\/wp-json\/wp\/v2\/product_brand?post=17610"},{"taxonomy":"product_cat","embeddable":true,"href":"https:\/\/librosdelzorrorojo.com\/ca\/wp-json\/wp\/v2\/product_cat?post=17610"},{"taxonomy":"product_tag","embeddable":true,"href":"https:\/\/librosdelzorrorojo.com\/ca\/wp-json\/wp\/v2\/product_tag?post=17610"}],"curies":[{"name":"wp","href":"https:\/\/api.w.org\/{rel}","templated":true}]}}