{"id":17418,"date":"2020-06-06T12:00:41","date_gmt":"2010-11-01T11:00:41","guid":{"rendered":"https:\/\/librosdelzorrorojo.com\/catalogo\/rebelion-en-la-granja\/"},"modified":"2024-02-29T11:41:40","modified_gmt":"2024-02-29T10:41:40","slug":"rebelion-en-la-granja","status":"publish","type":"product","link":"https:\/\/librosdelzorrorojo.com\/ca\/cataleg\/rebelion-en-la-granja\/","title":{"rendered":"Rebeli\u00f3n en la granja"},"content":{"rendered":"<p dir=\"ltr\"><span style=\"font-weight: 400;\">Aunque<\/span><i><span style=\"font-weight: 400;\"> Rebeli\u00f3n en la granja<\/span><\/i><span style=\"font-weight: 400;\"> fue concebida como una s\u00e1tira devastadora sobre la degeneraci\u00f3n del r\u00e9gimen sovi\u00e9tico en la \u00e9poca de Stalin, el car\u00e1cter universal de su mensaje la convierte en una obra fundamental para comprender la corrupci\u00f3n engendrada por el poder absoluto. Despu\u00e9s de ser rechazada por cuatro editores, <\/span><span style=\"font-weight: 400;\">publicada finalmente por Secker &amp; Warburg en 1945, no fue conocida por el gran p\u00fablico hasta entrada la d\u00e9cada de los cincuenta. Hoy, traducida en todo el mundo y con millones de ejemplares vendidos, se ha convertido en una obra can\u00f3nica y en un l\u00facido legado literario de uno de los autores m\u00e1s clarividentes y con mayor compromiso social del siglo XX.<\/span><\/p>\n<p dir=\"ltr\"><span style=\"font-weight: 400;\">La presente edici\u00f3n incluye m\u00e1s de cincuenta ilustraciones, as\u00ed como tambi\u00e9n bocetos preliminares del multipremiado artista brit\u00e1nico Ralph Steadman, especializado en s\u00e1tira pol\u00edtica y social. Su notable trabajo para este texto amplifica y trasciende los sentidos de la f\u00e1bula, erigi\u00e9ndose como una de las interpretaciones m\u00e1s originales que se hayan realizado. La traducci\u00f3n al castellano ha estado a cargo de Marcial Souto.<\/span><\/p>\n<p dir=\"ltr\">&#8211;<\/p>\n<p dir=\"ltr\">Lea las primeras p\u00e1ginas de <em>Rebeli\u00f3n en la granja\u00a0<\/em>\u00a0<span style=\"color: #ff0000;\"><a href=\"http:\/\/Empezamos marzo con El vendedor de felicidad, una f\u00e1bula contempor\u00e1nea de la mano de Davide Cal\u00ec y Marco Som\u00e0, quienes ya hab\u00edan colaborado juntos en La reina de las ranas. En este \u00e1lbum, el se\u00f1or Pich\u00f3n llega con su camioneta destartalada dispuesto a vender tarros de felicidad \u2014en tama\u00f1o peque\u00f1o, mediano o familiar\u2014. \u00a1Pero, un momento! \u00bfLa felicidad se puede comprar? Con esta tierna historia llena de m\u00e1gicas casas-nido, los peque\u00f1os y peque\u00f1as disfrutar\u00e1n con esta alocada premisa.\" style=\"color: #ff0000;\">aqu\u00ed.<\/a><\/span><\/p>\n","protected":false},"excerpt":{"rendered":"Aunque <em>Rebeli\u00f3n en la granja<\/em> fue concebida como una s\u00e1tira devastadora sobre la corrupci\u00f3n del socialismo sovi\u00e9tico en la \u00e9poca de Stalin, el car\u00e1cter universal de su mensaje la convierte en una obra fundamental para comprender la corrupci\u00f3n engendrada por el poder.","protected":false},"featured_media":8449,"template":"","meta":{"_acf_changed":false},"product_brand":[],"product_cat":[844,3156],"product_tag":[],"class_list":{"0":"post-17418","1":"product","2":"type-product","3":"status-publish","4":"has-post-thumbnail","6":"product_cat-castella","7":"product_cat-juvenil-adult","9":"first","10":"instock","11":"taxable","12":"shipping-taxable","13":"purchasable","14":"product-type-variable"},"acf":[],"yoast_head":"<!-- This site is optimized with the Yoast SEO plugin v25.1 - https:\/\/yoast.com\/wordpress\/plugins\/seo\/ -->\n<title>Rebeli\u00f3n en la granja<\/title>\n<meta name=\"description\" content=\"s\u00e1tira devastadora sobre el r\u00e9gimen sovi\u00e9tico, el car\u00e1cter universal del mensaje la hace una obra primaria para entender la corrupci\u00f3n del poder absoluto.\" \/>\n<meta name=\"robots\" content=\"index, follow, max-snippet:-1, max-image-preview:large, max-video-preview:-1\" \/>\n<link rel=\"canonical\" href=\"https:\/\/librosdelzorrorojo.com\/ca\/cataleg\/rebelion-en-la-granja\/\" \/>\n<meta property=\"og:locale\" content=\"ca_ES\" \/>\n<meta property=\"og:type\" content=\"article\" \/>\n<meta property=\"og:title\" content=\"Rebeli\u00f3n en la granja\" \/>\n<meta property=\"og:description\" content=\"s\u00e1tira devastadora sobre el r\u00e9gimen sovi\u00e9tico, el car\u00e1cter universal del mensaje la hace una obra primaria para entender la corrupci\u00f3n del poder absoluto.\" \/>\n<meta property=\"og:url\" content=\"https:\/\/librosdelzorrorojo.com\/ca\/cataleg\/rebelion-en-la-granja\/\" \/>\n<meta property=\"og:site_name\" content=\"Libros del Zorro Rojo\" \/>\n<meta property=\"article:modified_time\" content=\"2024-02-29T10:41:40+00:00\" \/>\n<meta property=\"og:image\" content=\"https:\/\/librosdelzorrorojo.com\/wp-content\/uploads\/2020\/06\/RebelionEnLaGranja_Interior_02-01.png\" \/>\n<meta name=\"twitter:card\" content=\"summary_large_image\" \/>\n<meta name=\"twitter:label1\" content=\"Temps estimat de lectura\" \/>\n\t<meta name=\"twitter:data1\" content=\"1 minut\" \/>\n<script type=\"application\/ld+json\" class=\"yoast-schema-graph\">{\"@context\":\"https:\/\/schema.org\",\"@graph\":[{\"@type\":\"WebPage\",\"@id\":\"https:\/\/librosdelzorrorojo.com\/ca\/cataleg\/rebelion-en-la-granja\/\",\"url\":\"https:\/\/librosdelzorrorojo.com\/ca\/cataleg\/rebelion-en-la-granja\/\",\"name\":\"Rebeli\u00f3n en la granja\",\"isPartOf\":{\"@id\":\"https:\/\/librosdelzorrorojo.com\/#website\"},\"primaryImageOfPage\":{\"@id\":\"https:\/\/librosdelzorrorojo.com\/ca\/cataleg\/rebelion-en-la-granja\/#primaryimage\"},\"image\":{\"@id\":\"https:\/\/librosdelzorrorojo.com\/ca\/cataleg\/rebelion-en-la-granja\/#primaryimage\"},\"thumbnailUrl\":\"https:\/\/librosdelzorrorojo.com\/wp-content\/uploads\/2010\/11\/Cover_Rebelio\u0301nEnLaGranja.jpg\",\"datePublished\":\"2010-11-01T11:00:41+00:00\",\"dateModified\":\"2024-02-29T10:41:40+00:00\",\"description\":\"s\u00e1tira devastadora sobre el r\u00e9gimen sovi\u00e9tico, el car\u00e1cter universal del mensaje la hace una obra primaria para entender la corrupci\u00f3n del poder absoluto.\",\"breadcrumb\":{\"@id\":\"https:\/\/librosdelzorrorojo.com\/ca\/cataleg\/rebelion-en-la-granja\/#breadcrumb\"},\"inLanguage\":\"ca\",\"potentialAction\":[{\"@type\":\"ReadAction\",\"target\":[\"https:\/\/librosdelzorrorojo.com\/ca\/cataleg\/rebelion-en-la-granja\/\"]}]},{\"@type\":\"ImageObject\",\"inLanguage\":\"ca\",\"@id\":\"https:\/\/librosdelzorrorojo.com\/ca\/cataleg\/rebelion-en-la-granja\/#primaryimage\",\"url\":\"https:\/\/librosdelzorrorojo.com\/wp-content\/uploads\/2010\/11\/Cover_Rebelio\u0301nEnLaGranja.jpg\",\"contentUrl\":\"https:\/\/librosdelzorrorojo.com\/wp-content\/uploads\/2010\/11\/Cover_Rebelio\u0301nEnLaGranja.jpg\",\"width\":1099,\"height\":1606,\"caption\":\"Cover Rebelio\u0301nEnLaGranja\"},{\"@type\":\"BreadcrumbList\",\"@id\":\"https:\/\/librosdelzorrorojo.com\/ca\/cataleg\/rebelion-en-la-granja\/#breadcrumb\",\"itemListElement\":[{\"@type\":\"ListItem\",\"position\":1,\"name\":\"Portada\",\"item\":\"https:\/\/librosdelzorrorojo.com\/ca\/\"},{\"@type\":\"ListItem\",\"position\":2,\"name\":\"Cat\u00e0leg\",\"item\":\"https:\/\/librosdelzorrorojo.com\/ca\/cataleg\/\"},{\"@type\":\"ListItem\",\"position\":3,\"name\":\"Rebeli\u00f3n en la granja\"}]},{\"@type\":\"WebSite\",\"@id\":\"https:\/\/librosdelzorrorojo.com\/#website\",\"url\":\"https:\/\/librosdelzorrorojo.com\/\",\"name\":\"Libros del Zorro Rojo\",\"description\":\"Libros ilustrados\",\"potentialAction\":[{\"@type\":\"SearchAction\",\"target\":{\"@type\":\"EntryPoint\",\"urlTemplate\":\"https:\/\/librosdelzorrorojo.com\/?s={search_term_string}\"},\"query-input\":{\"@type\":\"PropertyValueSpecification\",\"valueRequired\":true,\"valueName\":\"search_term_string\"}}],\"inLanguage\":\"ca\"}]}<\/script>\n<!-- \/ Yoast SEO plugin. -->","yoast_head_json":{"title":"Rebeli\u00f3n en la granja","description":"s\u00e1tira devastadora sobre el r\u00e9gimen sovi\u00e9tico, el car\u00e1cter universal del mensaje la hace una obra primaria para entender la corrupci\u00f3n del poder absoluto.","robots":{"index":"index","follow":"follow","max-snippet":"max-snippet:-1","max-image-preview":"max-image-preview:large","max-video-preview":"max-video-preview:-1"},"canonical":"https:\/\/librosdelzorrorojo.com\/ca\/cataleg\/rebelion-en-la-granja\/","og_locale":"ca_ES","og_type":"article","og_title":"Rebeli\u00f3n en la granja","og_description":"s\u00e1tira devastadora sobre el r\u00e9gimen sovi\u00e9tico, el car\u00e1cter universal del mensaje la hace una obra primaria para entender la corrupci\u00f3n del poder absoluto.","og_url":"https:\/\/librosdelzorrorojo.com\/ca\/cataleg\/rebelion-en-la-granja\/","og_site_name":"Libros del Zorro Rojo","article_modified_time":"2024-02-29T10:41:40+00:00","og_image":[{"url":"https:\/\/librosdelzorrorojo.com\/wp-content\/uploads\/2020\/06\/RebelionEnLaGranja_Interior_02-01.png","type":"","width":"","height":""}],"twitter_card":"summary_large_image","twitter_misc":{"Temps estimat de lectura":"1 minut"},"schema":{"@context":"https:\/\/schema.org","@graph":[{"@type":"WebPage","@id":"https:\/\/librosdelzorrorojo.com\/ca\/cataleg\/rebelion-en-la-granja\/","url":"https:\/\/librosdelzorrorojo.com\/ca\/cataleg\/rebelion-en-la-granja\/","name":"Rebeli\u00f3n en la granja","isPartOf":{"@id":"https:\/\/librosdelzorrorojo.com\/#website"},"primaryImageOfPage":{"@id":"https:\/\/librosdelzorrorojo.com\/ca\/cataleg\/rebelion-en-la-granja\/#primaryimage"},"image":{"@id":"https:\/\/librosdelzorrorojo.com\/ca\/cataleg\/rebelion-en-la-granja\/#primaryimage"},"thumbnailUrl":"https:\/\/librosdelzorrorojo.com\/wp-content\/uploads\/2010\/11\/Cover_Rebelio\u0301nEnLaGranja.jpg","datePublished":"2010-11-01T11:00:41+00:00","dateModified":"2024-02-29T10:41:40+00:00","description":"s\u00e1tira devastadora sobre el r\u00e9gimen sovi\u00e9tico, el car\u00e1cter universal del mensaje la hace una obra primaria para entender la corrupci\u00f3n del poder absoluto.","breadcrumb":{"@id":"https:\/\/librosdelzorrorojo.com\/ca\/cataleg\/rebelion-en-la-granja\/#breadcrumb"},"inLanguage":"ca","potentialAction":[{"@type":"ReadAction","target":["https:\/\/librosdelzorrorojo.com\/ca\/cataleg\/rebelion-en-la-granja\/"]}]},{"@type":"ImageObject","inLanguage":"ca","@id":"https:\/\/librosdelzorrorojo.com\/ca\/cataleg\/rebelion-en-la-granja\/#primaryimage","url":"https:\/\/librosdelzorrorojo.com\/wp-content\/uploads\/2010\/11\/Cover_Rebelio\u0301nEnLaGranja.jpg","contentUrl":"https:\/\/librosdelzorrorojo.com\/wp-content\/uploads\/2010\/11\/Cover_Rebelio\u0301nEnLaGranja.jpg","width":1099,"height":1606,"caption":"Cover Rebelio\u0301nEnLaGranja"},{"@type":"BreadcrumbList","@id":"https:\/\/librosdelzorrorojo.com\/ca\/cataleg\/rebelion-en-la-granja\/#breadcrumb","itemListElement":[{"@type":"ListItem","position":1,"name":"Portada","item":"https:\/\/librosdelzorrorojo.com\/ca\/"},{"@type":"ListItem","position":2,"name":"Cat\u00e0leg","item":"https:\/\/librosdelzorrorojo.com\/ca\/cataleg\/"},{"@type":"ListItem","position":3,"name":"Rebeli\u00f3n en la granja"}]},{"@type":"WebSite","@id":"https:\/\/librosdelzorrorojo.com\/#website","url":"https:\/\/librosdelzorrorojo.com\/","name":"Libros del Zorro Rojo","description":"Libros ilustrados","potentialAction":[{"@type":"SearchAction","target":{"@type":"EntryPoint","urlTemplate":"https:\/\/librosdelzorrorojo.com\/?s={search_term_string}"},"query-input":{"@type":"PropertyValueSpecification","valueRequired":true,"valueName":"search_term_string"}}],"inLanguage":"ca"}]}},"_links":{"self":[{"href":"https:\/\/librosdelzorrorojo.com\/ca\/wp-json\/wp\/v2\/product\/17418","targetHints":{"allow":["GET"]}}],"collection":[{"href":"https:\/\/librosdelzorrorojo.com\/ca\/wp-json\/wp\/v2\/product"}],"about":[{"href":"https:\/\/librosdelzorrorojo.com\/ca\/wp-json\/wp\/v2\/types\/product"}],"wp:featuredmedia":[{"embeddable":true,"href":"https:\/\/librosdelzorrorojo.com\/ca\/wp-json\/wp\/v2\/media\/8449"}],"wp:attachment":[{"href":"https:\/\/librosdelzorrorojo.com\/ca\/wp-json\/wp\/v2\/media?parent=17418"}],"wp:term":[{"taxonomy":"product_brand","embeddable":true,"href":"https:\/\/librosdelzorrorojo.com\/ca\/wp-json\/wp\/v2\/product_brand?post=17418"},{"taxonomy":"product_cat","embeddable":true,"href":"https:\/\/librosdelzorrorojo.com\/ca\/wp-json\/wp\/v2\/product_cat?post=17418"},{"taxonomy":"product_tag","embeddable":true,"href":"https:\/\/librosdelzorrorojo.com\/ca\/wp-json\/wp\/v2\/product_tag?post=17418"}],"curies":[{"name":"wp","href":"https:\/\/api.w.org\/{rel}","templated":true}]}}