{"id":17313,"date":"2021-02-25T09:48:26","date_gmt":"2020-05-25T07:48:26","guid":{"rendered":"https:\/\/librosdelzorrorojo.com\/?post_type=product&#038;p=17313"},"modified":"2025-09-18T17:12:41","modified_gmt":"2025-09-18T15:12:41","slug":"gallinas-y-otros-cuentos","status":"publish","type":"product","link":"https:\/\/librosdelzorrorojo.com\/ca\/cataleg\/gallinas-y-otros-cuentos\/","title":{"rendered":"Gallinas y otros cuentos"},"content":{"rendered":"<div class=\"page\" title=\"Page 1\">\n<div class=\"layoutArea\">\n<div class=\"column\">\n<p><span>Selecci\u00f3n de cuentos del escritor y periodista nacido en Espa\u00f1a y afincado en Paraguay, <strong>Rafael Barrett<\/strong>. Se trata de un rescate literario del \u00abobrero de la pluma\u00bb, figura profundamente admirada por autores de la literatura hispanoamericana de principios del <\/span><span>xx <\/span><span>como Borges, Benedetti o Galeano, m\u00e1s conocido en Espa\u00f1a por sus ensayos y escritos period\u00edsticos que por la brillantez y singularidad de sus textos literarios. Sus relatos, aparentemente sencillos, est\u00e1n cargados de profundas reflexiones; pensamientos de absoluta vigencia cien a\u00f1os despu\u00e9s de haber sido concebidos.<\/span><\/p>\n<\/div>\n<div class=\"page\" title=\"Page 1\">\n<div class=\"layoutArea\">\n<div class=\"column\">\n<p><span>Una propuesta de lectura in\u00e9dita hasta la fecha que aunar\u00e1 la narrativa textual de un t\u00f3tem de la literatura de protesta social hispanoamericana junto a la comprometida narrativa visual de la ilustradora <strong>Clara-Iris<\/strong>. Es, adem\u00e1s, la o<\/span><span>pera prima de la ilustradora e investigadora de narraci\u00f3n visual y edici\u00f3n, profesora de la Escola Massana y miembro del jurado del reciente Premio Nacional de Ilustraci\u00f3n.<\/span><\/p>\n<\/div>\n<\/div>\n<\/div>\n<\/div>\n<\/div>\n","protected":false},"excerpt":{"rendered":"Selecci\u00f3n de cuentos breves, ilustrada por Clara-Iris Ramos, del escritor y periodista Rafael Barrett, nacido en Espa\u00f1a y afincado en Paraguay.","protected":false},"featured_media":17340,"template":"","meta":{"_acf_changed":false},"product_brand":[],"product_cat":[844,3156,845],"product_tag":[],"class_list":{"0":"post-17313","1":"product","2":"type-product","3":"status-publish","4":"has-post-thumbnail","6":"product_cat-castella","7":"product_cat-juvenil-adult","8":"product_cat-imperdible-ca","10":"first","11":"instock","12":"taxable","13":"shipping-taxable","14":"purchasable","15":"product-type-simple"},"acf":[],"yoast_head":"<!-- This site is optimized with the Yoast SEO plugin v25.1 - https:\/\/yoast.com\/wordpress\/plugins\/seo\/ -->\n<title>Gallinas y otros cuentos - Libros del Zorro Rojo<\/title>\n<meta name=\"description\" content=\"Selecci\u00f3n de cuentos breves ilustrada por Clara-Iris Ramos del escritor y periodista nacido en Espa\u00f1a y afincado en Paraguay, Rafael Barrett.\" \/>\n<meta name=\"robots\" content=\"index, follow, max-snippet:-1, max-image-preview:large, max-video-preview:-1\" \/>\n<link rel=\"canonical\" href=\"https:\/\/librosdelzorrorojo.com\/ca\/cataleg\/gallinas-y-otros-cuentos\/\" \/>\n<meta property=\"og:locale\" content=\"ca_ES\" \/>\n<meta property=\"og:type\" content=\"article\" \/>\n<meta property=\"og:title\" content=\"Gallinas y otros cuentos - Libros del Zorro Rojo\" \/>\n<meta property=\"og:description\" content=\"Selecci\u00f3n de cuentos breves ilustrada por Clara-Iris Ramos del escritor y periodista nacido en Espa\u00f1a y afincado en Paraguay, Rafael Barrett.\" \/>\n<meta property=\"og:url\" content=\"https:\/\/librosdelzorrorojo.com\/ca\/cataleg\/gallinas-y-otros-cuentos\/\" \/>\n<meta property=\"og:site_name\" content=\"Libros del Zorro Rojo\" \/>\n<meta property=\"article:modified_time\" content=\"2025-09-18T15:12:41+00:00\" \/>\n<meta property=\"og:image\" content=\"https:\/\/librosdelzorrorojo.com\/wp-content\/uploads\/2020\/05\/SLIDE_Gallinas_02.jpg\" \/>\n<meta name=\"twitter:card\" content=\"summary_large_image\" \/>\n<meta name=\"twitter:label1\" content=\"Temps estimat de lectura\" \/>\n\t<meta name=\"twitter:data1\" content=\"1 minut\" \/>\n<script type=\"application\/ld+json\" class=\"yoast-schema-graph\">{\"@context\":\"https:\/\/schema.org\",\"@graph\":[{\"@type\":\"WebPage\",\"@id\":\"https:\/\/librosdelzorrorojo.com\/ca\/cataleg\/gallinas-y-otros-cuentos\/\",\"url\":\"https:\/\/librosdelzorrorojo.com\/ca\/cataleg\/gallinas-y-otros-cuentos\/\",\"name\":\"Gallinas y otros cuentos - Libros del Zorro Rojo\",\"isPartOf\":{\"@id\":\"https:\/\/librosdelzorrorojo.com\/#website\"},\"primaryImageOfPage\":{\"@id\":\"https:\/\/librosdelzorrorojo.com\/ca\/cataleg\/gallinas-y-otros-cuentos\/#primaryimage\"},\"image\":{\"@id\":\"https:\/\/librosdelzorrorojo.com\/ca\/cataleg\/gallinas-y-otros-cuentos\/#primaryimage\"},\"thumbnailUrl\":\"https:\/\/librosdelzorrorojo.com\/wp-content\/uploads\/2020\/05\/Cover_Gallinas-WEB.jpg\",\"datePublished\":\"2020-05-25T07:48:26+00:00\",\"dateModified\":\"2025-09-18T15:12:41+00:00\",\"description\":\"Selecci\u00f3n de cuentos breves ilustrada por Clara-Iris Ramos del escritor y periodista nacido en Espa\u00f1a y afincado en Paraguay, Rafael Barrett.\",\"breadcrumb\":{\"@id\":\"https:\/\/librosdelzorrorojo.com\/ca\/cataleg\/gallinas-y-otros-cuentos\/#breadcrumb\"},\"inLanguage\":\"ca\",\"potentialAction\":[{\"@type\":\"ReadAction\",\"target\":[\"https:\/\/librosdelzorrorojo.com\/ca\/cataleg\/gallinas-y-otros-cuentos\/\"]}]},{\"@type\":\"ImageObject\",\"inLanguage\":\"ca\",\"@id\":\"https:\/\/librosdelzorrorojo.com\/ca\/cataleg\/gallinas-y-otros-cuentos\/#primaryimage\",\"url\":\"https:\/\/librosdelzorrorojo.com\/wp-content\/uploads\/2020\/05\/Cover_Gallinas-WEB.jpg\",\"contentUrl\":\"https:\/\/librosdelzorrorojo.com\/wp-content\/uploads\/2020\/05\/Cover_Gallinas-WEB.jpg\",\"width\":850,\"height\":1282,\"caption\":\"Cover Gallinas WEB\"},{\"@type\":\"BreadcrumbList\",\"@id\":\"https:\/\/librosdelzorrorojo.com\/ca\/cataleg\/gallinas-y-otros-cuentos\/#breadcrumb\",\"itemListElement\":[{\"@type\":\"ListItem\",\"position\":1,\"name\":\"Portada\",\"item\":\"https:\/\/librosdelzorrorojo.com\/ca\/\"},{\"@type\":\"ListItem\",\"position\":2,\"name\":\"Cat\u00e0leg\",\"item\":\"https:\/\/librosdelzorrorojo.com\/ca\/cataleg\/\"},{\"@type\":\"ListItem\",\"position\":3,\"name\":\"Gallinas y otros cuentos\"}]},{\"@type\":\"WebSite\",\"@id\":\"https:\/\/librosdelzorrorojo.com\/#website\",\"url\":\"https:\/\/librosdelzorrorojo.com\/\",\"name\":\"Libros del Zorro Rojo\",\"description\":\"Libros ilustrados\",\"potentialAction\":[{\"@type\":\"SearchAction\",\"target\":{\"@type\":\"EntryPoint\",\"urlTemplate\":\"https:\/\/librosdelzorrorojo.com\/?s={search_term_string}\"},\"query-input\":{\"@type\":\"PropertyValueSpecification\",\"valueRequired\":true,\"valueName\":\"search_term_string\"}}],\"inLanguage\":\"ca\"}]}<\/script>\n<!-- \/ Yoast SEO plugin. -->","yoast_head_json":{"title":"Gallinas y otros cuentos - Libros del Zorro Rojo","description":"Selecci\u00f3n de cuentos breves ilustrada por Clara-Iris Ramos del escritor y periodista nacido en Espa\u00f1a y afincado en Paraguay, Rafael Barrett.","robots":{"index":"index","follow":"follow","max-snippet":"max-snippet:-1","max-image-preview":"max-image-preview:large","max-video-preview":"max-video-preview:-1"},"canonical":"https:\/\/librosdelzorrorojo.com\/ca\/cataleg\/gallinas-y-otros-cuentos\/","og_locale":"ca_ES","og_type":"article","og_title":"Gallinas y otros cuentos - Libros del Zorro Rojo","og_description":"Selecci\u00f3n de cuentos breves ilustrada por Clara-Iris Ramos del escritor y periodista nacido en Espa\u00f1a y afincado en Paraguay, Rafael Barrett.","og_url":"https:\/\/librosdelzorrorojo.com\/ca\/cataleg\/gallinas-y-otros-cuentos\/","og_site_name":"Libros del Zorro Rojo","article_modified_time":"2025-09-18T15:12:41+00:00","og_image":[{"url":"https:\/\/librosdelzorrorojo.com\/wp-content\/uploads\/2020\/05\/SLIDE_Gallinas_02.jpg","type":"","width":"","height":""}],"twitter_card":"summary_large_image","twitter_misc":{"Temps estimat de lectura":"1 minut"},"schema":{"@context":"https:\/\/schema.org","@graph":[{"@type":"WebPage","@id":"https:\/\/librosdelzorrorojo.com\/ca\/cataleg\/gallinas-y-otros-cuentos\/","url":"https:\/\/librosdelzorrorojo.com\/ca\/cataleg\/gallinas-y-otros-cuentos\/","name":"Gallinas y otros cuentos - Libros del Zorro Rojo","isPartOf":{"@id":"https:\/\/librosdelzorrorojo.com\/#website"},"primaryImageOfPage":{"@id":"https:\/\/librosdelzorrorojo.com\/ca\/cataleg\/gallinas-y-otros-cuentos\/#primaryimage"},"image":{"@id":"https:\/\/librosdelzorrorojo.com\/ca\/cataleg\/gallinas-y-otros-cuentos\/#primaryimage"},"thumbnailUrl":"https:\/\/librosdelzorrorojo.com\/wp-content\/uploads\/2020\/05\/Cover_Gallinas-WEB.jpg","datePublished":"2020-05-25T07:48:26+00:00","dateModified":"2025-09-18T15:12:41+00:00","description":"Selecci\u00f3n de cuentos breves ilustrada por Clara-Iris Ramos del escritor y periodista nacido en Espa\u00f1a y afincado en Paraguay, Rafael Barrett.","breadcrumb":{"@id":"https:\/\/librosdelzorrorojo.com\/ca\/cataleg\/gallinas-y-otros-cuentos\/#breadcrumb"},"inLanguage":"ca","potentialAction":[{"@type":"ReadAction","target":["https:\/\/librosdelzorrorojo.com\/ca\/cataleg\/gallinas-y-otros-cuentos\/"]}]},{"@type":"ImageObject","inLanguage":"ca","@id":"https:\/\/librosdelzorrorojo.com\/ca\/cataleg\/gallinas-y-otros-cuentos\/#primaryimage","url":"https:\/\/librosdelzorrorojo.com\/wp-content\/uploads\/2020\/05\/Cover_Gallinas-WEB.jpg","contentUrl":"https:\/\/librosdelzorrorojo.com\/wp-content\/uploads\/2020\/05\/Cover_Gallinas-WEB.jpg","width":850,"height":1282,"caption":"Cover Gallinas WEB"},{"@type":"BreadcrumbList","@id":"https:\/\/librosdelzorrorojo.com\/ca\/cataleg\/gallinas-y-otros-cuentos\/#breadcrumb","itemListElement":[{"@type":"ListItem","position":1,"name":"Portada","item":"https:\/\/librosdelzorrorojo.com\/ca\/"},{"@type":"ListItem","position":2,"name":"Cat\u00e0leg","item":"https:\/\/librosdelzorrorojo.com\/ca\/cataleg\/"},{"@type":"ListItem","position":3,"name":"Gallinas y otros cuentos"}]},{"@type":"WebSite","@id":"https:\/\/librosdelzorrorojo.com\/#website","url":"https:\/\/librosdelzorrorojo.com\/","name":"Libros del Zorro Rojo","description":"Libros ilustrados","potentialAction":[{"@type":"SearchAction","target":{"@type":"EntryPoint","urlTemplate":"https:\/\/librosdelzorrorojo.com\/?s={search_term_string}"},"query-input":{"@type":"PropertyValueSpecification","valueRequired":true,"valueName":"search_term_string"}}],"inLanguage":"ca"}]}},"_links":{"self":[{"href":"https:\/\/librosdelzorrorojo.com\/ca\/wp-json\/wp\/v2\/product\/17313","targetHints":{"allow":["GET"]}}],"collection":[{"href":"https:\/\/librosdelzorrorojo.com\/ca\/wp-json\/wp\/v2\/product"}],"about":[{"href":"https:\/\/librosdelzorrorojo.com\/ca\/wp-json\/wp\/v2\/types\/product"}],"wp:featuredmedia":[{"embeddable":true,"href":"https:\/\/librosdelzorrorojo.com\/ca\/wp-json\/wp\/v2\/media\/17340"}],"wp:attachment":[{"href":"https:\/\/librosdelzorrorojo.com\/ca\/wp-json\/wp\/v2\/media?parent=17313"}],"wp:term":[{"taxonomy":"product_brand","embeddable":true,"href":"https:\/\/librosdelzorrorojo.com\/ca\/wp-json\/wp\/v2\/product_brand?post=17313"},{"taxonomy":"product_cat","embeddable":true,"href":"https:\/\/librosdelzorrorojo.com\/ca\/wp-json\/wp\/v2\/product_cat?post=17313"},{"taxonomy":"product_tag","embeddable":true,"href":"https:\/\/librosdelzorrorojo.com\/ca\/wp-json\/wp\/v2\/product_tag?post=17313"}],"curies":[{"name":"wp","href":"https:\/\/api.w.org\/{rel}","templated":true}]}}