{"id":16700,"date":"2020-03-04T14:50:30","date_gmt":"2020-03-04T13:50:30","guid":{"rendered":"https:\/\/librosdelzorrorojo.com\/catalogo\/bestiario-de-los-contrarios\/"},"modified":"2024-02-29T11:41:19","modified_gmt":"2024-02-29T10:41:19","slug":"bestiario-de-los-contrarios","status":"publish","type":"product","link":"https:\/\/librosdelzorrorojo.com\/ca\/cataleg\/bestiario-de-los-contrarios\/","title":{"rendered":"Bestiario de los contrarios"},"content":{"rendered":"<p class=\"p1\">A pesar de lo que sugiere el t\u00edtulo, este no solo es un libro para aprender opuestos, sino una peque\u00f1a enciclopedia de zoolog\u00eda que nos asoma a la forma de vida de los animales, su alimentaci\u00f3n o las relaciones entre las especies de un mismo entorno natural.<\/p>\n<p class=\"p1\">A trav\u00e9s de catorce ilustraciones, y con la ayuda de un pu\u00f1ado de palabras, los lectores descubrir\u00e1n que en las zonas heladas hay animales que habitan dentro o fuera de las fr\u00edas aguas; que seres tan peque\u00f1os como una hormiga son imprescindibles para que otros enormes sobrevivan, como los osos hormigueros; que muchos prefieren agruparse en manadas, como el buey almizclero; pero los hay cuyos h\u00e1bitos son m\u00e1s solitarios, como la tortuga gigante de las islas Gal\u00e1pagos. Es decir: encima\/debajo, visible\/invisible, peque\u00f1o\/grande, lento\/r\u00e1pido&#8230;, y muchos otros pares de opuestos.<\/p>\n<p class=\"p1\">Adrienne Barman ha vuelto a conseguir una obra singular y entretenida, que cuenta con los personajes de su popular <em>Bestiario<\/em>. Este libro contin\u00faa la saga animal de su conocida serie, que incluye t\u00edtulos como <em>Herbario, Herbario para colorear, Bestiario de las emociones, Bestiario para colorear<\/em> y <em>Bestiario de las voces animales.<\/em><\/p>\n","protected":false},"excerpt":{"rendered":"Este libro contin\u00faa la saga animal de su conocida serie, que incluye t\u00edtulos como <em>Herbario, Herbario para colorear, Bestiario de las emociones, Bestiario para colorear<\/em> y <em>Bestiario de las voces animales.<\/em>","protected":false},"featured_media":16684,"template":"","meta":{"_acf_changed":false},"product_brand":[],"product_cat":[844,843],"product_tag":[],"class_list":{"0":"post-16700","1":"product","2":"type-product","3":"status-publish","4":"has-post-thumbnail","6":"product_cat-castella","7":"product_cat-infantiles-ca","8":"vinculo-bestiario-contrarios","10":"first","11":"outofstock","12":"taxable","13":"shipping-taxable","14":"purchasable","15":"product-type-simple"},"acf":[],"yoast_head":"<!-- This site is optimized with the Yoast SEO plugin v25.1 - https:\/\/yoast.com\/wordpress\/plugins\/seo\/ -->\n<title>Bestiario de los contrarios - Libros del Zorro Rojo<\/title>\n<meta name=\"description\" content=\"Este libro contin\u00faa la saga animal de su conocida serie, que incluye t\u00edtulos como Herbario, Herbario para colorear, Bestiario de las emociones, Bestiario para colorear y Bestiario de las voces animales.\" \/>\n<meta name=\"robots\" content=\"index, follow, max-snippet:-1, max-image-preview:large, max-video-preview:-1\" \/>\n<link rel=\"canonical\" href=\"https:\/\/librosdelzorrorojo.com\/ca\/cataleg\/bestiario-de-los-contrarios\/\" \/>\n<meta property=\"og:locale\" content=\"ca_ES\" \/>\n<meta property=\"og:type\" content=\"article\" \/>\n<meta property=\"og:title\" content=\"Bestiario de los contrarios - Libros del Zorro Rojo\" \/>\n<meta property=\"og:description\" content=\"Este libro contin\u00faa la saga animal de su conocida serie, que incluye t\u00edtulos como Herbario, Herbario para colorear, Bestiario de las emociones, Bestiario para colorear y Bestiario de las voces animales.\" \/>\n<meta property=\"og:url\" content=\"https:\/\/librosdelzorrorojo.com\/ca\/cataleg\/bestiario-de-los-contrarios\/\" \/>\n<meta property=\"og:site_name\" content=\"Libros del Zorro Rojo\" \/>\n<meta property=\"article:modified_time\" content=\"2024-02-29T10:41:19+00:00\" \/>\n<meta property=\"og:image\" content=\"https:\/\/librosdelzorrorojo.com\/wp-content\/uploads\/2020\/03\/COVER_bestiario-contrarios_WEB.jpg\" \/>\n\t<meta property=\"og:image:width\" content=\"850\" \/>\n\t<meta property=\"og:image:height\" content=\"850\" \/>\n\t<meta property=\"og:image:type\" content=\"image\/jpeg\" \/>\n<meta name=\"twitter:card\" content=\"summary_large_image\" \/>\n<meta name=\"twitter:label1\" content=\"Temps estimat de lectura\" \/>\n\t<meta name=\"twitter:data1\" content=\"1 minut\" \/>\n<script type=\"application\/ld+json\" class=\"yoast-schema-graph\">{\"@context\":\"https:\/\/schema.org\",\"@graph\":[{\"@type\":\"WebPage\",\"@id\":\"https:\/\/librosdelzorrorojo.com\/ca\/cataleg\/bestiario-de-los-contrarios\/\",\"url\":\"https:\/\/librosdelzorrorojo.com\/ca\/cataleg\/bestiario-de-los-contrarios\/\",\"name\":\"Bestiario de los contrarios - Libros del Zorro Rojo\",\"isPartOf\":{\"@id\":\"https:\/\/librosdelzorrorojo.com\/#website\"},\"primaryImageOfPage\":{\"@id\":\"https:\/\/librosdelzorrorojo.com\/ca\/cataleg\/bestiario-de-los-contrarios\/#primaryimage\"},\"image\":{\"@id\":\"https:\/\/librosdelzorrorojo.com\/ca\/cataleg\/bestiario-de-los-contrarios\/#primaryimage\"},\"thumbnailUrl\":\"https:\/\/librosdelzorrorojo.com\/wp-content\/uploads\/2020\/03\/COVER_bestiario-contrarios_WEB.jpg\",\"datePublished\":\"2020-03-04T13:50:30+00:00\",\"dateModified\":\"2024-02-29T10:41:19+00:00\",\"description\":\"Este libro contin\u00faa la saga animal de su conocida serie, que incluye t\u00edtulos como Herbario, Herbario para colorear, Bestiario de las emociones, Bestiario para colorear y Bestiario de las voces animales.\",\"breadcrumb\":{\"@id\":\"https:\/\/librosdelzorrorojo.com\/ca\/cataleg\/bestiario-de-los-contrarios\/#breadcrumb\"},\"inLanguage\":\"ca\",\"potentialAction\":[{\"@type\":\"ReadAction\",\"target\":[\"https:\/\/librosdelzorrorojo.com\/ca\/cataleg\/bestiario-de-los-contrarios\/\"]}]},{\"@type\":\"ImageObject\",\"inLanguage\":\"ca\",\"@id\":\"https:\/\/librosdelzorrorojo.com\/ca\/cataleg\/bestiario-de-los-contrarios\/#primaryimage\",\"url\":\"https:\/\/librosdelzorrorojo.com\/wp-content\/uploads\/2020\/03\/COVER_bestiario-contrarios_WEB.jpg\",\"contentUrl\":\"https:\/\/librosdelzorrorojo.com\/wp-content\/uploads\/2020\/03\/COVER_bestiario-contrarios_WEB.jpg\",\"width\":850,\"height\":850,\"caption\":\"COVER bestiario contrarios WEB\"},{\"@type\":\"BreadcrumbList\",\"@id\":\"https:\/\/librosdelzorrorojo.com\/ca\/cataleg\/bestiario-de-los-contrarios\/#breadcrumb\",\"itemListElement\":[{\"@type\":\"ListItem\",\"position\":1,\"name\":\"Portada\",\"item\":\"https:\/\/librosdelzorrorojo.com\/ca\/\"},{\"@type\":\"ListItem\",\"position\":2,\"name\":\"Cat\u00e0leg\",\"item\":\"https:\/\/librosdelzorrorojo.com\/ca\/cataleg\/\"},{\"@type\":\"ListItem\",\"position\":3,\"name\":\"Bestiario de los contrarios\"}]},{\"@type\":\"WebSite\",\"@id\":\"https:\/\/librosdelzorrorojo.com\/#website\",\"url\":\"https:\/\/librosdelzorrorojo.com\/\",\"name\":\"Libros del Zorro Rojo\",\"description\":\"Libros ilustrados\",\"potentialAction\":[{\"@type\":\"SearchAction\",\"target\":{\"@type\":\"EntryPoint\",\"urlTemplate\":\"https:\/\/librosdelzorrorojo.com\/?s={search_term_string}\"},\"query-input\":{\"@type\":\"PropertyValueSpecification\",\"valueRequired\":true,\"valueName\":\"search_term_string\"}}],\"inLanguage\":\"ca\"}]}<\/script>\n<!-- \/ Yoast SEO plugin. -->","yoast_head_json":{"title":"Bestiario de los contrarios - Libros del Zorro Rojo","description":"Este libro contin\u00faa la saga animal de su conocida serie, que incluye t\u00edtulos como Herbario, Herbario para colorear, Bestiario de las emociones, Bestiario para colorear y Bestiario de las voces animales.","robots":{"index":"index","follow":"follow","max-snippet":"max-snippet:-1","max-image-preview":"max-image-preview:large","max-video-preview":"max-video-preview:-1"},"canonical":"https:\/\/librosdelzorrorojo.com\/ca\/cataleg\/bestiario-de-los-contrarios\/","og_locale":"ca_ES","og_type":"article","og_title":"Bestiario de los contrarios - Libros del Zorro Rojo","og_description":"Este libro contin\u00faa la saga animal de su conocida serie, que incluye t\u00edtulos como Herbario, Herbario para colorear, Bestiario de las emociones, Bestiario para colorear y Bestiario de las voces animales.","og_url":"https:\/\/librosdelzorrorojo.com\/ca\/cataleg\/bestiario-de-los-contrarios\/","og_site_name":"Libros del Zorro Rojo","article_modified_time":"2024-02-29T10:41:19+00:00","og_image":[{"width":850,"height":850,"url":"https:\/\/librosdelzorrorojo.com\/wp-content\/uploads\/2020\/03\/COVER_bestiario-contrarios_WEB.jpg","type":"image\/jpeg"}],"twitter_card":"summary_large_image","twitter_misc":{"Temps estimat de lectura":"1 minut"},"schema":{"@context":"https:\/\/schema.org","@graph":[{"@type":"WebPage","@id":"https:\/\/librosdelzorrorojo.com\/ca\/cataleg\/bestiario-de-los-contrarios\/","url":"https:\/\/librosdelzorrorojo.com\/ca\/cataleg\/bestiario-de-los-contrarios\/","name":"Bestiario de los contrarios - Libros del Zorro Rojo","isPartOf":{"@id":"https:\/\/librosdelzorrorojo.com\/#website"},"primaryImageOfPage":{"@id":"https:\/\/librosdelzorrorojo.com\/ca\/cataleg\/bestiario-de-los-contrarios\/#primaryimage"},"image":{"@id":"https:\/\/librosdelzorrorojo.com\/ca\/cataleg\/bestiario-de-los-contrarios\/#primaryimage"},"thumbnailUrl":"https:\/\/librosdelzorrorojo.com\/wp-content\/uploads\/2020\/03\/COVER_bestiario-contrarios_WEB.jpg","datePublished":"2020-03-04T13:50:30+00:00","dateModified":"2024-02-29T10:41:19+00:00","description":"Este libro contin\u00faa la saga animal de su conocida serie, que incluye t\u00edtulos como Herbario, Herbario para colorear, Bestiario de las emociones, Bestiario para colorear y Bestiario de las voces animales.","breadcrumb":{"@id":"https:\/\/librosdelzorrorojo.com\/ca\/cataleg\/bestiario-de-los-contrarios\/#breadcrumb"},"inLanguage":"ca","potentialAction":[{"@type":"ReadAction","target":["https:\/\/librosdelzorrorojo.com\/ca\/cataleg\/bestiario-de-los-contrarios\/"]}]},{"@type":"ImageObject","inLanguage":"ca","@id":"https:\/\/librosdelzorrorojo.com\/ca\/cataleg\/bestiario-de-los-contrarios\/#primaryimage","url":"https:\/\/librosdelzorrorojo.com\/wp-content\/uploads\/2020\/03\/COVER_bestiario-contrarios_WEB.jpg","contentUrl":"https:\/\/librosdelzorrorojo.com\/wp-content\/uploads\/2020\/03\/COVER_bestiario-contrarios_WEB.jpg","width":850,"height":850,"caption":"COVER bestiario contrarios WEB"},{"@type":"BreadcrumbList","@id":"https:\/\/librosdelzorrorojo.com\/ca\/cataleg\/bestiario-de-los-contrarios\/#breadcrumb","itemListElement":[{"@type":"ListItem","position":1,"name":"Portada","item":"https:\/\/librosdelzorrorojo.com\/ca\/"},{"@type":"ListItem","position":2,"name":"Cat\u00e0leg","item":"https:\/\/librosdelzorrorojo.com\/ca\/cataleg\/"},{"@type":"ListItem","position":3,"name":"Bestiario de los contrarios"}]},{"@type":"WebSite","@id":"https:\/\/librosdelzorrorojo.com\/#website","url":"https:\/\/librosdelzorrorojo.com\/","name":"Libros del Zorro Rojo","description":"Libros ilustrados","potentialAction":[{"@type":"SearchAction","target":{"@type":"EntryPoint","urlTemplate":"https:\/\/librosdelzorrorojo.com\/?s={search_term_string}"},"query-input":{"@type":"PropertyValueSpecification","valueRequired":true,"valueName":"search_term_string"}}],"inLanguage":"ca"}]}},"_links":{"self":[{"href":"https:\/\/librosdelzorrorojo.com\/ca\/wp-json\/wp\/v2\/product\/16700","targetHints":{"allow":["GET"]}}],"collection":[{"href":"https:\/\/librosdelzorrorojo.com\/ca\/wp-json\/wp\/v2\/product"}],"about":[{"href":"https:\/\/librosdelzorrorojo.com\/ca\/wp-json\/wp\/v2\/types\/product"}],"wp:featuredmedia":[{"embeddable":true,"href":"https:\/\/librosdelzorrorojo.com\/ca\/wp-json\/wp\/v2\/media\/16684"}],"wp:attachment":[{"href":"https:\/\/librosdelzorrorojo.com\/ca\/wp-json\/wp\/v2\/media?parent=16700"}],"wp:term":[{"taxonomy":"product_brand","embeddable":true,"href":"https:\/\/librosdelzorrorojo.com\/ca\/wp-json\/wp\/v2\/product_brand?post=16700"},{"taxonomy":"product_cat","embeddable":true,"href":"https:\/\/librosdelzorrorojo.com\/ca\/wp-json\/wp\/v2\/product_cat?post=16700"},{"taxonomy":"product_tag","embeddable":true,"href":"https:\/\/librosdelzorrorojo.com\/ca\/wp-json\/wp\/v2\/product_tag?post=16700"}],"curies":[{"name":"wp","href":"https:\/\/api.w.org\/{rel}","templated":true}]}}