{"id":16646,"date":"2020-05-25T11:14:20","date_gmt":"2020-05-25T09:14:20","guid":{"rendered":"https:\/\/librosdelzorrorojo.com\/?post_type=product&#038;p=16646"},"modified":"2024-03-01T09:21:49","modified_gmt":"2024-03-01T08:21:49","slug":"travessia","status":"publish","type":"product","link":"https:\/\/librosdelzorrorojo.com\/ca\/cataleg\/travessia\/","title":{"rendered":"Travessia"},"content":{"rendered":"<p class=\"p2\"><span class=\"s1\"> <\/span>Un vaixell de paper navega enmig de l\u2019oce\u00e0. Durant el seu llarg viatge es troba amb els \u00e9ssers m\u00e9s estranys, passa entre manglars i s\u2019enfronta a una tempesta devastadora. Solca, impassible, el mar, veu aurores boreals, timoneja al davant d\u2019una enorme plataforma petroliera, juga amb foques, se salva de l\u2019enfonsament d\u2019un submar\u00ed i acaba a una ciutat. Finalment, l\u2019\u00fanic passatger del vaixell baixa a un embarcador.<\/p>\n<p class=\"p2\">Peter Van den Ende debuta com a autor amb aquesta novel\u00b7la gr\u00e0fica, un espectacle sense paraules, en qu\u00e8 dona vida a un univers estrany i meravell\u00f3s en blanc i negre, un m\u00f3n poblat per plantes exuberants i criatures altament improbables: el misteri\u00f3s h\u00e0bitat submar\u00ed, font inesgotable d\u2019inspiraci\u00f3 per a la ci\u00e8ncia-ficci\u00f3 m\u00e9s cl\u00e0ssica, com la de Jules Verne.<\/p>\n<p class=\"p3\">Aquest viatge m\u00edtic \u00e9s una meravellosa al\u00b7legoria de la vida. La convicci\u00f3 que, com un vaixell de paper, qualsevol persona, tot i la seva insignifican\u00e7a davant la natura i la gran escala hist\u00f2rica humana, encara pot rec\u00f3rrer un cam\u00ed ben llarg.<\/p>\n","protected":false},"excerpt":{"rendered":"Un vaixell de paper navega enmig de l\u2019oce\u00e0. Durant el seu llarg viatge es troba amb els \u00e9ssers m\u00e9s estranys, passa entre manglars i s\u2019enfronta a una tempesta devastadora.","protected":false},"featured_media":16613,"template":"","meta":{"_acf_changed":false},"product_brand":[],"product_cat":[840,843],"product_tag":[],"class_list":{"0":"post-16646","1":"product","2":"type-product","3":"status-publish","4":"has-post-thumbnail","6":"product_cat-catala","7":"product_cat-infantiles-ca","8":"vinculo-travesia","10":"first","11":"instock","12":"taxable","13":"shipping-taxable","14":"purchasable","15":"product-type-simple"},"acf":[],"yoast_head":"<!-- This site is optimized with the Yoast SEO plugin v25.1 - https:\/\/yoast.com\/wordpress\/plugins\/seo\/ -->\n<title>Travessia - Libros del Zorro Rojo<\/title>\n<meta name=\"description\" content=\"Un vaixell de paper navega enmig de l\u2019oce\u00e0. Durant el seu llarg viatge es troba amb els \u00e9ssers m\u00e9s estranys, passa entre manglars i s\u2019enfronta a una tempesta devastadora.\" \/>\n<meta name=\"robots\" content=\"index, follow, max-snippet:-1, max-image-preview:large, max-video-preview:-1\" \/>\n<link rel=\"canonical\" href=\"https:\/\/librosdelzorrorojo.com\/ca\/cataleg\/travessia\/\" \/>\n<meta property=\"og:locale\" content=\"ca_ES\" \/>\n<meta property=\"og:type\" content=\"article\" \/>\n<meta property=\"og:title\" content=\"Travessia - Libros del Zorro Rojo\" \/>\n<meta property=\"og:description\" content=\"Un vaixell de paper navega enmig de l\u2019oce\u00e0. Durant el seu llarg viatge es troba amb els \u00e9ssers m\u00e9s estranys, passa entre manglars i s\u2019enfronta a una tempesta devastadora.\" \/>\n<meta property=\"og:url\" content=\"https:\/\/librosdelzorrorojo.com\/ca\/cataleg\/travessia\/\" \/>\n<meta property=\"og:site_name\" content=\"Libros del Zorro Rojo\" \/>\n<meta property=\"article:modified_time\" content=\"2024-03-01T08:21:49+00:00\" \/>\n<meta property=\"og:image\" content=\"https:\/\/librosdelzorrorojo.com\/wp-content\/uploads\/2020\/02\/Cover_Travessi\u0301a-CAT-WEB.jpg\" \/>\n\t<meta property=\"og:image:width\" content=\"850\" \/>\n\t<meta property=\"og:image:height\" content=\"1117\" \/>\n\t<meta property=\"og:image:type\" content=\"image\/jpeg\" \/>\n<meta name=\"twitter:card\" content=\"summary_large_image\" \/>\n<meta name=\"twitter:label1\" content=\"Temps estimat de lectura\" \/>\n\t<meta name=\"twitter:data1\" content=\"1 minut\" \/>\n<script type=\"application\/ld+json\" class=\"yoast-schema-graph\">{\"@context\":\"https:\/\/schema.org\",\"@graph\":[{\"@type\":\"WebPage\",\"@id\":\"https:\/\/librosdelzorrorojo.com\/ca\/cataleg\/travessia\/\",\"url\":\"https:\/\/librosdelzorrorojo.com\/ca\/cataleg\/travessia\/\",\"name\":\"Travessia - Libros del Zorro Rojo\",\"isPartOf\":{\"@id\":\"https:\/\/librosdelzorrorojo.com\/#website\"},\"primaryImageOfPage\":{\"@id\":\"https:\/\/librosdelzorrorojo.com\/ca\/cataleg\/travessia\/#primaryimage\"},\"image\":{\"@id\":\"https:\/\/librosdelzorrorojo.com\/ca\/cataleg\/travessia\/#primaryimage\"},\"thumbnailUrl\":\"https:\/\/librosdelzorrorojo.com\/wp-content\/uploads\/2020\/02\/Cover_Travessi\u0301a-CAT-WEB.jpg\",\"datePublished\":\"2020-05-25T09:14:20+00:00\",\"dateModified\":\"2024-03-01T08:21:49+00:00\",\"description\":\"Un vaixell de paper navega enmig de l\u2019oce\u00e0. Durant el seu llarg viatge es troba amb els \u00e9ssers m\u00e9s estranys, passa entre manglars i s\u2019enfronta a una tempesta devastadora.\",\"breadcrumb\":{\"@id\":\"https:\/\/librosdelzorrorojo.com\/ca\/cataleg\/travessia\/#breadcrumb\"},\"inLanguage\":\"ca\",\"potentialAction\":[{\"@type\":\"ReadAction\",\"target\":[\"https:\/\/librosdelzorrorojo.com\/ca\/cataleg\/travessia\/\"]}]},{\"@type\":\"ImageObject\",\"inLanguage\":\"ca\",\"@id\":\"https:\/\/librosdelzorrorojo.com\/ca\/cataleg\/travessia\/#primaryimage\",\"url\":\"https:\/\/librosdelzorrorojo.com\/wp-content\/uploads\/2020\/02\/Cover_Travessi\u0301a-CAT-WEB.jpg\",\"contentUrl\":\"https:\/\/librosdelzorrorojo.com\/wp-content\/uploads\/2020\/02\/Cover_Travessi\u0301a-CAT-WEB.jpg\",\"width\":850,\"height\":1117,\"caption\":\"Cover Travessi\u0301a CAT WEB\"},{\"@type\":\"BreadcrumbList\",\"@id\":\"https:\/\/librosdelzorrorojo.com\/ca\/cataleg\/travessia\/#breadcrumb\",\"itemListElement\":[{\"@type\":\"ListItem\",\"position\":1,\"name\":\"Portada\",\"item\":\"https:\/\/librosdelzorrorojo.com\/ca\/\"},{\"@type\":\"ListItem\",\"position\":2,\"name\":\"Cat\u00e0leg\",\"item\":\"https:\/\/librosdelzorrorojo.com\/ca\/cataleg\/\"},{\"@type\":\"ListItem\",\"position\":3,\"name\":\"Travessia\"}]},{\"@type\":\"WebSite\",\"@id\":\"https:\/\/librosdelzorrorojo.com\/#website\",\"url\":\"https:\/\/librosdelzorrorojo.com\/\",\"name\":\"Libros del Zorro Rojo\",\"description\":\"Libros ilustrados\",\"potentialAction\":[{\"@type\":\"SearchAction\",\"target\":{\"@type\":\"EntryPoint\",\"urlTemplate\":\"https:\/\/librosdelzorrorojo.com\/?s={search_term_string}\"},\"query-input\":{\"@type\":\"PropertyValueSpecification\",\"valueRequired\":true,\"valueName\":\"search_term_string\"}}],\"inLanguage\":\"ca\"}]}<\/script>\n<!-- \/ Yoast SEO plugin. -->","yoast_head_json":{"title":"Travessia - Libros del Zorro Rojo","description":"Un vaixell de paper navega enmig de l\u2019oce\u00e0. Durant el seu llarg viatge es troba amb els \u00e9ssers m\u00e9s estranys, passa entre manglars i s\u2019enfronta a una tempesta devastadora.","robots":{"index":"index","follow":"follow","max-snippet":"max-snippet:-1","max-image-preview":"max-image-preview:large","max-video-preview":"max-video-preview:-1"},"canonical":"https:\/\/librosdelzorrorojo.com\/ca\/cataleg\/travessia\/","og_locale":"ca_ES","og_type":"article","og_title":"Travessia - Libros del Zorro Rojo","og_description":"Un vaixell de paper navega enmig de l\u2019oce\u00e0. Durant el seu llarg viatge es troba amb els \u00e9ssers m\u00e9s estranys, passa entre manglars i s\u2019enfronta a una tempesta devastadora.","og_url":"https:\/\/librosdelzorrorojo.com\/ca\/cataleg\/travessia\/","og_site_name":"Libros del Zorro Rojo","article_modified_time":"2024-03-01T08:21:49+00:00","og_image":[{"width":850,"height":1117,"url":"https:\/\/librosdelzorrorojo.com\/wp-content\/uploads\/2020\/02\/Cover_Travessi\u0301a-CAT-WEB.jpg","type":"image\/jpeg"}],"twitter_card":"summary_large_image","twitter_misc":{"Temps estimat de lectura":"1 minut"},"schema":{"@context":"https:\/\/schema.org","@graph":[{"@type":"WebPage","@id":"https:\/\/librosdelzorrorojo.com\/ca\/cataleg\/travessia\/","url":"https:\/\/librosdelzorrorojo.com\/ca\/cataleg\/travessia\/","name":"Travessia - Libros del Zorro Rojo","isPartOf":{"@id":"https:\/\/librosdelzorrorojo.com\/#website"},"primaryImageOfPage":{"@id":"https:\/\/librosdelzorrorojo.com\/ca\/cataleg\/travessia\/#primaryimage"},"image":{"@id":"https:\/\/librosdelzorrorojo.com\/ca\/cataleg\/travessia\/#primaryimage"},"thumbnailUrl":"https:\/\/librosdelzorrorojo.com\/wp-content\/uploads\/2020\/02\/Cover_Travessi\u0301a-CAT-WEB.jpg","datePublished":"2020-05-25T09:14:20+00:00","dateModified":"2024-03-01T08:21:49+00:00","description":"Un vaixell de paper navega enmig de l\u2019oce\u00e0. Durant el seu llarg viatge es troba amb els \u00e9ssers m\u00e9s estranys, passa entre manglars i s\u2019enfronta a una tempesta devastadora.","breadcrumb":{"@id":"https:\/\/librosdelzorrorojo.com\/ca\/cataleg\/travessia\/#breadcrumb"},"inLanguage":"ca","potentialAction":[{"@type":"ReadAction","target":["https:\/\/librosdelzorrorojo.com\/ca\/cataleg\/travessia\/"]}]},{"@type":"ImageObject","inLanguage":"ca","@id":"https:\/\/librosdelzorrorojo.com\/ca\/cataleg\/travessia\/#primaryimage","url":"https:\/\/librosdelzorrorojo.com\/wp-content\/uploads\/2020\/02\/Cover_Travessi\u0301a-CAT-WEB.jpg","contentUrl":"https:\/\/librosdelzorrorojo.com\/wp-content\/uploads\/2020\/02\/Cover_Travessi\u0301a-CAT-WEB.jpg","width":850,"height":1117,"caption":"Cover Travessi\u0301a CAT WEB"},{"@type":"BreadcrumbList","@id":"https:\/\/librosdelzorrorojo.com\/ca\/cataleg\/travessia\/#breadcrumb","itemListElement":[{"@type":"ListItem","position":1,"name":"Portada","item":"https:\/\/librosdelzorrorojo.com\/ca\/"},{"@type":"ListItem","position":2,"name":"Cat\u00e0leg","item":"https:\/\/librosdelzorrorojo.com\/ca\/cataleg\/"},{"@type":"ListItem","position":3,"name":"Travessia"}]},{"@type":"WebSite","@id":"https:\/\/librosdelzorrorojo.com\/#website","url":"https:\/\/librosdelzorrorojo.com\/","name":"Libros del Zorro Rojo","description":"Libros ilustrados","potentialAction":[{"@type":"SearchAction","target":{"@type":"EntryPoint","urlTemplate":"https:\/\/librosdelzorrorojo.com\/?s={search_term_string}"},"query-input":{"@type":"PropertyValueSpecification","valueRequired":true,"valueName":"search_term_string"}}],"inLanguage":"ca"}]}},"_links":{"self":[{"href":"https:\/\/librosdelzorrorojo.com\/ca\/wp-json\/wp\/v2\/product\/16646","targetHints":{"allow":["GET"]}}],"collection":[{"href":"https:\/\/librosdelzorrorojo.com\/ca\/wp-json\/wp\/v2\/product"}],"about":[{"href":"https:\/\/librosdelzorrorojo.com\/ca\/wp-json\/wp\/v2\/types\/product"}],"wp:featuredmedia":[{"embeddable":true,"href":"https:\/\/librosdelzorrorojo.com\/ca\/wp-json\/wp\/v2\/media\/16613"}],"wp:attachment":[{"href":"https:\/\/librosdelzorrorojo.com\/ca\/wp-json\/wp\/v2\/media?parent=16646"}],"wp:term":[{"taxonomy":"product_brand","embeddable":true,"href":"https:\/\/librosdelzorrorojo.com\/ca\/wp-json\/wp\/v2\/product_brand?post=16646"},{"taxonomy":"product_cat","embeddable":true,"href":"https:\/\/librosdelzorrorojo.com\/ca\/wp-json\/wp\/v2\/product_cat?post=16646"},{"taxonomy":"product_tag","embeddable":true,"href":"https:\/\/librosdelzorrorojo.com\/ca\/wp-json\/wp\/v2\/product_tag?post=16646"}],"curies":[{"name":"wp","href":"https:\/\/api.w.org\/{rel}","templated":true}]}}