{"id":16542,"date":"2020-02-20T13:34:09","date_gmt":"2020-02-20T12:37:14","guid":{"rendered":"https:\/\/librosdelzorrorojo.com\/?post_type=product&#038;p=16542"},"modified":"2024-02-29T11:41:11","modified_gmt":"2024-02-29T10:41:11","slug":"muneco-de-barro","status":"publish","type":"product","link":"https:\/\/librosdelzorrorojo.com\/ca\/cataleg\/muneco-de-barro\/","title":{"rendered":"Mu\u00f1eco de barro"},"content":{"rendered":"<p class=\"p1\">Este relato proviene del libro <em>Memoria por correspondencia,<\/em> volumen que recoge veintitr\u00e9s cartas que escribi\u00f3 Emma Reyes, pintora y escritora colombiana, a su amigo y confidente el escritor Germ\u00e1n Arciniegas a lo largo de varios a\u00f1os y en las que cuenta sus primeros recuerdos de infancia.<\/p>\n<p class=\"p1\">La historia, narrada desde los ojos de la ni\u00f1a Emma Reyes, se remonta al d\u00eda en que ella, con la ayuda de su amigo \u00abel Piojo\u00bb y otros ni\u00f1os de la calle, crearon con sus propias manos al General Rebollo.<\/p>\n<p class=\"p1\">La artista colombiana revela as\u00ed uno de sus recuerdos m\u00e1s lejanos, cuando era una ni\u00f1a hu\u00e9rfana, que vive en medio de la miseria en la Bogot\u00e1 de los a\u00f1os veinte, pero lo hace con pinceladas de brillante lucidez, con palabras que trasmiten la frescura y la ingenuidad de un juego infantil.<\/p>\n<p class=\"p1\">El trabajo de ilustraci\u00f3n de Carme Sol\u00e9 Vendrell es sublime y conmovedor, capaz de envolver al lector en cada escena hasta casi mancharlo de barro. Un libro en el que el trazo espont\u00e1neo y la riqueza t\u00e9cnica realzan la expresividad de ese personaje colectivo que tan bien retrata su pintura: la infancia m\u00e1s vulnerable.<\/p>\n<p>&#8211;<\/p>\n<p><img decoding=\"async\" src=\"https:\/\/librosdelzorrorojo.com\/wp-content\/uploads\/2020\/02\/logotipo-20pfl-e1582203669228.jpg\" alt=\"\" width=\"207\" height=\"50\" class=\"alignnone wp-image-16547 size-full\" \/><\/p>\n","protected":false},"excerpt":{"rendered":"La historia, narrada desde los ojos de la ni\u00f1a Emma Reyes, se remonta al d\u00eda en que ella, con la ayuda de su amigo \u00abel Piojo\u00bb y otros ni\u00f1os de la calle, crearon con sus propias manos al General Rebollo.","protected":false},"featured_media":16539,"template":"","meta":{"_acf_changed":false},"product_brand":[],"product_cat":[844,843,839],"product_tag":[],"class_list":{"0":"post-16542","1":"product","2":"type-product","3":"status-publish","4":"has-post-thumbnail","6":"product_cat-castella","7":"product_cat-infantiles-ca","8":"product_cat-zona-kids-ca","9":"vinculo-muneco-barro","11":"first","12":"instock","13":"taxable","14":"shipping-taxable","15":"purchasable","16":"product-type-simple"},"acf":[],"yoast_head":"<!-- This site is optimized with the Yoast SEO plugin v25.1 - https:\/\/yoast.com\/wordpress\/plugins\/seo\/ -->\n<title>Mu\u00f1eco de barro - Libros del Zorro Rojo<\/title>\n<meta name=\"description\" content=\"La historia, narrada desde los ojos de la ni\u00f1a Emma Reyes, se remonta al d\u00eda en que ella, con la ayuda de su amigo \u00abel Piojo\u00bb y otros ni\u00f1os de la calle, crearon con sus propias manos al General Rebollo.\" \/>\n<meta name=\"robots\" content=\"index, follow, max-snippet:-1, max-image-preview:large, max-video-preview:-1\" \/>\n<link rel=\"canonical\" href=\"https:\/\/librosdelzorrorojo.com\/ca\/cataleg\/muneco-de-barro\/\" \/>\n<meta property=\"og:locale\" content=\"ca_ES\" \/>\n<meta property=\"og:type\" content=\"article\" \/>\n<meta property=\"og:title\" content=\"Mu\u00f1eco de barro - Libros del Zorro Rojo\" \/>\n<meta property=\"og:description\" content=\"La historia, narrada desde los ojos de la ni\u00f1a Emma Reyes, se remonta al d\u00eda en que ella, con la ayuda de su amigo \u00abel Piojo\u00bb y otros ni\u00f1os de la calle, crearon con sus propias manos al General Rebollo.\" \/>\n<meta property=\"og:url\" content=\"https:\/\/librosdelzorrorojo.com\/ca\/cataleg\/muneco-de-barro\/\" \/>\n<meta property=\"og:site_name\" content=\"Libros del Zorro Rojo\" \/>\n<meta property=\"article:modified_time\" content=\"2024-02-29T10:41:11+00:00\" \/>\n<meta property=\"og:image\" content=\"https:\/\/librosdelzorrorojo.com\/wp-content\/uploads\/2020\/02\/Cover_Mun\u0303eco-de-barro-CAST-WEB.jpg\" \/>\n\t<meta property=\"og:image:width\" content=\"850\" \/>\n\t<meta property=\"og:image:height\" content=\"958\" \/>\n\t<meta property=\"og:image:type\" content=\"image\/jpeg\" \/>\n<meta name=\"twitter:card\" content=\"summary_large_image\" \/>\n<meta name=\"twitter:label1\" content=\"Temps estimat de lectura\" \/>\n\t<meta name=\"twitter:data1\" content=\"1 minut\" \/>\n<script type=\"application\/ld+json\" class=\"yoast-schema-graph\">{\"@context\":\"https:\/\/schema.org\",\"@graph\":[{\"@type\":\"WebPage\",\"@id\":\"https:\/\/librosdelzorrorojo.com\/ca\/cataleg\/muneco-de-barro\/\",\"url\":\"https:\/\/librosdelzorrorojo.com\/ca\/cataleg\/muneco-de-barro\/\",\"name\":\"Mu\u00f1eco de barro - Libros del Zorro Rojo\",\"isPartOf\":{\"@id\":\"https:\/\/librosdelzorrorojo.com\/#website\"},\"primaryImageOfPage\":{\"@id\":\"https:\/\/librosdelzorrorojo.com\/ca\/cataleg\/muneco-de-barro\/#primaryimage\"},\"image\":{\"@id\":\"https:\/\/librosdelzorrorojo.com\/ca\/cataleg\/muneco-de-barro\/#primaryimage\"},\"thumbnailUrl\":\"https:\/\/librosdelzorrorojo.com\/wp-content\/uploads\/2020\/02\/Cover_Mun\u0303eco-de-barro-CAST-WEB.jpg\",\"datePublished\":\"2020-02-20T12:37:14+00:00\",\"dateModified\":\"2024-02-29T10:41:11+00:00\",\"description\":\"La historia, narrada desde los ojos de la ni\u00f1a Emma Reyes, se remonta al d\u00eda en que ella, con la ayuda de su amigo \u00abel Piojo\u00bb y otros ni\u00f1os de la calle, crearon con sus propias manos al General Rebollo.\",\"breadcrumb\":{\"@id\":\"https:\/\/librosdelzorrorojo.com\/ca\/cataleg\/muneco-de-barro\/#breadcrumb\"},\"inLanguage\":\"ca\",\"potentialAction\":[{\"@type\":\"ReadAction\",\"target\":[\"https:\/\/librosdelzorrorojo.com\/ca\/cataleg\/muneco-de-barro\/\"]}]},{\"@type\":\"ImageObject\",\"inLanguage\":\"ca\",\"@id\":\"https:\/\/librosdelzorrorojo.com\/ca\/cataleg\/muneco-de-barro\/#primaryimage\",\"url\":\"https:\/\/librosdelzorrorojo.com\/wp-content\/uploads\/2020\/02\/Cover_Mun\u0303eco-de-barro-CAST-WEB.jpg\",\"contentUrl\":\"https:\/\/librosdelzorrorojo.com\/wp-content\/uploads\/2020\/02\/Cover_Mun\u0303eco-de-barro-CAST-WEB.jpg\",\"width\":850,\"height\":958,\"caption\":\"Cover Mun\u0303eco de barro CAST WEB\"},{\"@type\":\"BreadcrumbList\",\"@id\":\"https:\/\/librosdelzorrorojo.com\/ca\/cataleg\/muneco-de-barro\/#breadcrumb\",\"itemListElement\":[{\"@type\":\"ListItem\",\"position\":1,\"name\":\"Portada\",\"item\":\"https:\/\/librosdelzorrorojo.com\/ca\/\"},{\"@type\":\"ListItem\",\"position\":2,\"name\":\"Cat\u00e0leg\",\"item\":\"https:\/\/librosdelzorrorojo.com\/ca\/cataleg\/\"},{\"@type\":\"ListItem\",\"position\":3,\"name\":\"Mu\u00f1eco de barro\"}]},{\"@type\":\"WebSite\",\"@id\":\"https:\/\/librosdelzorrorojo.com\/#website\",\"url\":\"https:\/\/librosdelzorrorojo.com\/\",\"name\":\"Libros del Zorro Rojo\",\"description\":\"Libros ilustrados\",\"potentialAction\":[{\"@type\":\"SearchAction\",\"target\":{\"@type\":\"EntryPoint\",\"urlTemplate\":\"https:\/\/librosdelzorrorojo.com\/?s={search_term_string}\"},\"query-input\":{\"@type\":\"PropertyValueSpecification\",\"valueRequired\":true,\"valueName\":\"search_term_string\"}}],\"inLanguage\":\"ca\"}]}<\/script>\n<!-- \/ Yoast SEO plugin. -->","yoast_head_json":{"title":"Mu\u00f1eco de barro - Libros del Zorro Rojo","description":"La historia, narrada desde los ojos de la ni\u00f1a Emma Reyes, se remonta al d\u00eda en que ella, con la ayuda de su amigo \u00abel Piojo\u00bb y otros ni\u00f1os de la calle, crearon con sus propias manos al General Rebollo.","robots":{"index":"index","follow":"follow","max-snippet":"max-snippet:-1","max-image-preview":"max-image-preview:large","max-video-preview":"max-video-preview:-1"},"canonical":"https:\/\/librosdelzorrorojo.com\/ca\/cataleg\/muneco-de-barro\/","og_locale":"ca_ES","og_type":"article","og_title":"Mu\u00f1eco de barro - Libros del Zorro Rojo","og_description":"La historia, narrada desde los ojos de la ni\u00f1a Emma Reyes, se remonta al d\u00eda en que ella, con la ayuda de su amigo \u00abel Piojo\u00bb y otros ni\u00f1os de la calle, crearon con sus propias manos al General Rebollo.","og_url":"https:\/\/librosdelzorrorojo.com\/ca\/cataleg\/muneco-de-barro\/","og_site_name":"Libros del Zorro Rojo","article_modified_time":"2024-02-29T10:41:11+00:00","og_image":[{"width":850,"height":958,"url":"https:\/\/librosdelzorrorojo.com\/wp-content\/uploads\/2020\/02\/Cover_Mun\u0303eco-de-barro-CAST-WEB.jpg","type":"image\/jpeg"}],"twitter_card":"summary_large_image","twitter_misc":{"Temps estimat de lectura":"1 minut"},"schema":{"@context":"https:\/\/schema.org","@graph":[{"@type":"WebPage","@id":"https:\/\/librosdelzorrorojo.com\/ca\/cataleg\/muneco-de-barro\/","url":"https:\/\/librosdelzorrorojo.com\/ca\/cataleg\/muneco-de-barro\/","name":"Mu\u00f1eco de barro - Libros del Zorro Rojo","isPartOf":{"@id":"https:\/\/librosdelzorrorojo.com\/#website"},"primaryImageOfPage":{"@id":"https:\/\/librosdelzorrorojo.com\/ca\/cataleg\/muneco-de-barro\/#primaryimage"},"image":{"@id":"https:\/\/librosdelzorrorojo.com\/ca\/cataleg\/muneco-de-barro\/#primaryimage"},"thumbnailUrl":"https:\/\/librosdelzorrorojo.com\/wp-content\/uploads\/2020\/02\/Cover_Mun\u0303eco-de-barro-CAST-WEB.jpg","datePublished":"2020-02-20T12:37:14+00:00","dateModified":"2024-02-29T10:41:11+00:00","description":"La historia, narrada desde los ojos de la ni\u00f1a Emma Reyes, se remonta al d\u00eda en que ella, con la ayuda de su amigo \u00abel Piojo\u00bb y otros ni\u00f1os de la calle, crearon con sus propias manos al General Rebollo.","breadcrumb":{"@id":"https:\/\/librosdelzorrorojo.com\/ca\/cataleg\/muneco-de-barro\/#breadcrumb"},"inLanguage":"ca","potentialAction":[{"@type":"ReadAction","target":["https:\/\/librosdelzorrorojo.com\/ca\/cataleg\/muneco-de-barro\/"]}]},{"@type":"ImageObject","inLanguage":"ca","@id":"https:\/\/librosdelzorrorojo.com\/ca\/cataleg\/muneco-de-barro\/#primaryimage","url":"https:\/\/librosdelzorrorojo.com\/wp-content\/uploads\/2020\/02\/Cover_Mun\u0303eco-de-barro-CAST-WEB.jpg","contentUrl":"https:\/\/librosdelzorrorojo.com\/wp-content\/uploads\/2020\/02\/Cover_Mun\u0303eco-de-barro-CAST-WEB.jpg","width":850,"height":958,"caption":"Cover Mun\u0303eco de barro CAST WEB"},{"@type":"BreadcrumbList","@id":"https:\/\/librosdelzorrorojo.com\/ca\/cataleg\/muneco-de-barro\/#breadcrumb","itemListElement":[{"@type":"ListItem","position":1,"name":"Portada","item":"https:\/\/librosdelzorrorojo.com\/ca\/"},{"@type":"ListItem","position":2,"name":"Cat\u00e0leg","item":"https:\/\/librosdelzorrorojo.com\/ca\/cataleg\/"},{"@type":"ListItem","position":3,"name":"Mu\u00f1eco de barro"}]},{"@type":"WebSite","@id":"https:\/\/librosdelzorrorojo.com\/#website","url":"https:\/\/librosdelzorrorojo.com\/","name":"Libros del Zorro Rojo","description":"Libros ilustrados","potentialAction":[{"@type":"SearchAction","target":{"@type":"EntryPoint","urlTemplate":"https:\/\/librosdelzorrorojo.com\/?s={search_term_string}"},"query-input":{"@type":"PropertyValueSpecification","valueRequired":true,"valueName":"search_term_string"}}],"inLanguage":"ca"}]}},"_links":{"self":[{"href":"https:\/\/librosdelzorrorojo.com\/ca\/wp-json\/wp\/v2\/product\/16542","targetHints":{"allow":["GET"]}}],"collection":[{"href":"https:\/\/librosdelzorrorojo.com\/ca\/wp-json\/wp\/v2\/product"}],"about":[{"href":"https:\/\/librosdelzorrorojo.com\/ca\/wp-json\/wp\/v2\/types\/product"}],"wp:featuredmedia":[{"embeddable":true,"href":"https:\/\/librosdelzorrorojo.com\/ca\/wp-json\/wp\/v2\/media\/16539"}],"wp:attachment":[{"href":"https:\/\/librosdelzorrorojo.com\/ca\/wp-json\/wp\/v2\/media?parent=16542"}],"wp:term":[{"taxonomy":"product_brand","embeddable":true,"href":"https:\/\/librosdelzorrorojo.com\/ca\/wp-json\/wp\/v2\/product_brand?post=16542"},{"taxonomy":"product_cat","embeddable":true,"href":"https:\/\/librosdelzorrorojo.com\/ca\/wp-json\/wp\/v2\/product_cat?post=16542"},{"taxonomy":"product_tag","embeddable":true,"href":"https:\/\/librosdelzorrorojo.com\/ca\/wp-json\/wp\/v2\/product_tag?post=16542"}],"curies":[{"name":"wp","href":"https:\/\/api.w.org\/{rel}","templated":true}]}}