{"id":16393,"date":"2020-01-29T11:45:59","date_gmt":"2020-01-29T10:57:20","guid":{"rendered":"https:\/\/librosdelzorrorojo.com\/?post_type=product&#038;p=16393"},"modified":"2024-02-29T11:41:04","modified_gmt":"2024-02-29T10:41:04","slug":"el-golem","status":"publish","type":"product","link":"https:\/\/librosdelzorrorojo.com\/ca\/cataleg\/el-golem\/","title":{"rendered":"El Golem"},"content":{"rendered":"<p class=\"p2\"><span class=\"s1\"> <\/span>La alucinatoria vida de Athanasius Pernath transcurre en el gueto jud\u00edo de Praga durante la dominaci\u00f3n del Imperio austroh\u00fangaro. Sucumbiendo al extra\u00f1o influjo de un sombrero encontrado en una catedral, el protagonista intenta abrirse paso entre s\u00f3rdidos cr\u00edmenes y arcanas apariciones, al tiempo que comienza a entrever el car\u00e1cter m\u00edstico de la realidad y de su propio destino.<\/p>\n<p class=\"p2\">Gustav Meyrink llev\u00f3 hasta sus m\u00e1s altas posibilidades narrativas el mito hebreo del coloso de barro que solo pueden animar aquellos que han descifrado el nombre secreto de la divinidad.<\/p>\n<p class=\"p3\">Personajes memorables, escenarios misteriosos y antiguas leyendas medievales se entretejen en un trasfondo on\u00edrico, de luces y sombras, recreado magistralmente por los <em>collages<\/em> de la artista chilena Alejandra Acosta.<\/p>\n<p>&#8211;<\/p>\n<p>Lean las primeras p\u00e1ginas de la novela <span style=\"color: #ff0000;\"><a href=\"https:\/\/drive.google.com\/open?id=1OQ8UptSwPwX__54-gna-ujqnZJTg2ATZ\" style=\"color: #ff0000;\">aqu\u00ed.<\/a><\/span><\/p>\n<p><img decoding=\"async\" src=\"https:\/\/librosdelzorrorojo.com\/wp-content\/uploads\/2017\/09\/logo-generalitat2.jpg\" alt=\"\" width=\"200\" height=\"67\" class=\"alignnone size-full wp-image-11152\" \/><\/p>\n","protected":false},"excerpt":{"rendered":"Personajes memorables, escenarios misteriosos y antiguas leyendas medievales se entretejen en un trasfondo on\u00edrico, de luces y sombras, recreado magistralmente por los <em>collages<\/em> de la artista chilena Alejandra Acosta.","protected":false},"featured_media":16382,"template":"","meta":{"_acf_changed":false},"product_brand":[],"product_cat":[3156],"product_tag":[],"class_list":{"0":"post-16393","1":"product","2":"type-product","3":"status-publish","4":"has-post-thumbnail","6":"product_cat-juvenil-adult","8":"first","9":"instock","10":"taxable","11":"shipping-taxable","12":"purchasable","13":"product-type-simple"},"acf":[],"yoast_head":"<!-- This site is optimized with the Yoast SEO plugin v25.1 - https:\/\/yoast.com\/wordpress\/plugins\/seo\/ -->\n<title>El Golem - Libro del Zorro Rojo<\/title>\n<meta name=\"description\" content=\"Personajes memorables, escenarios misteriosos y antiguas leyendas medievales se entretejen en un trasfondo on\u00edrico, de luces y sombras, recreado magistralmente por los collages de la artista chilena Alejandra Acosta.\" \/>\n<meta name=\"robots\" content=\"index, follow, max-snippet:-1, max-image-preview:large, max-video-preview:-1\" \/>\n<link rel=\"canonical\" href=\"https:\/\/librosdelzorrorojo.com\/ca\/cataleg\/el-golem\/\" \/>\n<meta property=\"og:locale\" content=\"ca_ES\" \/>\n<meta property=\"og:type\" content=\"article\" \/>\n<meta property=\"og:title\" content=\"El Golem - Libro del Zorro Rojo\" \/>\n<meta property=\"og:description\" content=\"Personajes memorables, escenarios misteriosos y antiguas leyendas medievales se entretejen en un trasfondo on\u00edrico, de luces y sombras, recreado magistralmente por los collages de la artista chilena Alejandra Acosta.\" \/>\n<meta property=\"og:url\" content=\"https:\/\/librosdelzorrorojo.com\/ca\/cataleg\/el-golem\/\" \/>\n<meta property=\"og:site_name\" content=\"Libros del Zorro Rojo\" \/>\n<meta property=\"article:modified_time\" content=\"2024-02-29T10:41:04+00:00\" \/>\n<meta property=\"og:image\" content=\"https:\/\/librosdelzorrorojo.com\/wp-content\/uploads\/2020\/01\/Book-Golem-2019-New_P\u00e1gina_012_Imagen_0001.jpg\" \/>\n<meta name=\"twitter:card\" content=\"summary_large_image\" \/>\n<meta name=\"twitter:label1\" content=\"Temps estimat de lectura\" \/>\n\t<meta name=\"twitter:data1\" content=\"1 minut\" \/>\n<script type=\"application\/ld+json\" class=\"yoast-schema-graph\">{\"@context\":\"https:\/\/schema.org\",\"@graph\":[{\"@type\":\"WebPage\",\"@id\":\"https:\/\/librosdelzorrorojo.com\/ca\/cataleg\/el-golem\/\",\"url\":\"https:\/\/librosdelzorrorojo.com\/ca\/cataleg\/el-golem\/\",\"name\":\"El Golem - Libro del Zorro Rojo\",\"isPartOf\":{\"@id\":\"https:\/\/librosdelzorrorojo.com\/#website\"},\"primaryImageOfPage\":{\"@id\":\"https:\/\/librosdelzorrorojo.com\/ca\/cataleg\/el-golem\/#primaryimage\"},\"image\":{\"@id\":\"https:\/\/librosdelzorrorojo.com\/ca\/cataleg\/el-golem\/#primaryimage\"},\"thumbnailUrl\":\"https:\/\/librosdelzorrorojo.com\/wp-content\/uploads\/2020\/01\/Cover_El-GolemWEB.jpg\",\"datePublished\":\"2020-01-29T10:57:20+00:00\",\"dateModified\":\"2024-02-29T10:41:04+00:00\",\"description\":\"Personajes memorables, escenarios misteriosos y antiguas leyendas medievales se entretejen en un trasfondo on\u00edrico, de luces y sombras, recreado magistralmente por los collages de la artista chilena Alejandra Acosta.\",\"breadcrumb\":{\"@id\":\"https:\/\/librosdelzorrorojo.com\/ca\/cataleg\/el-golem\/#breadcrumb\"},\"inLanguage\":\"ca\",\"potentialAction\":[{\"@type\":\"ReadAction\",\"target\":[\"https:\/\/librosdelzorrorojo.com\/ca\/cataleg\/el-golem\/\"]}]},{\"@type\":\"ImageObject\",\"inLanguage\":\"ca\",\"@id\":\"https:\/\/librosdelzorrorojo.com\/ca\/cataleg\/el-golem\/#primaryimage\",\"url\":\"https:\/\/librosdelzorrorojo.com\/wp-content\/uploads\/2020\/01\/Cover_El-GolemWEB.jpg\",\"contentUrl\":\"https:\/\/librosdelzorrorojo.com\/wp-content\/uploads\/2020\/01\/Cover_El-GolemWEB.jpg\",\"width\":850,\"height\":1234,\"caption\":\"Cover El GolemWEB\"},{\"@type\":\"BreadcrumbList\",\"@id\":\"https:\/\/librosdelzorrorojo.com\/ca\/cataleg\/el-golem\/#breadcrumb\",\"itemListElement\":[{\"@type\":\"ListItem\",\"position\":1,\"name\":\"Portada\",\"item\":\"https:\/\/librosdelzorrorojo.com\/ca\/\"},{\"@type\":\"ListItem\",\"position\":2,\"name\":\"Cat\u00e0leg\",\"item\":\"https:\/\/librosdelzorrorojo.com\/ca\/cataleg\/\"},{\"@type\":\"ListItem\",\"position\":3,\"name\":\"El Golem\"}]},{\"@type\":\"WebSite\",\"@id\":\"https:\/\/librosdelzorrorojo.com\/#website\",\"url\":\"https:\/\/librosdelzorrorojo.com\/\",\"name\":\"Libros del Zorro Rojo\",\"description\":\"Libros ilustrados\",\"potentialAction\":[{\"@type\":\"SearchAction\",\"target\":{\"@type\":\"EntryPoint\",\"urlTemplate\":\"https:\/\/librosdelzorrorojo.com\/?s={search_term_string}\"},\"query-input\":{\"@type\":\"PropertyValueSpecification\",\"valueRequired\":true,\"valueName\":\"search_term_string\"}}],\"inLanguage\":\"ca\"}]}<\/script>\n<!-- \/ Yoast SEO plugin. -->","yoast_head_json":{"title":"El Golem - Libro del Zorro Rojo","description":"Personajes memorables, escenarios misteriosos y antiguas leyendas medievales se entretejen en un trasfondo on\u00edrico, de luces y sombras, recreado magistralmente por los collages de la artista chilena Alejandra Acosta.","robots":{"index":"index","follow":"follow","max-snippet":"max-snippet:-1","max-image-preview":"max-image-preview:large","max-video-preview":"max-video-preview:-1"},"canonical":"https:\/\/librosdelzorrorojo.com\/ca\/cataleg\/el-golem\/","og_locale":"ca_ES","og_type":"article","og_title":"El Golem - Libro del Zorro Rojo","og_description":"Personajes memorables, escenarios misteriosos y antiguas leyendas medievales se entretejen en un trasfondo on\u00edrico, de luces y sombras, recreado magistralmente por los collages de la artista chilena Alejandra Acosta.","og_url":"https:\/\/librosdelzorrorojo.com\/ca\/cataleg\/el-golem\/","og_site_name":"Libros del Zorro Rojo","article_modified_time":"2024-02-29T10:41:04+00:00","og_image":[{"url":"https:\/\/librosdelzorrorojo.com\/wp-content\/uploads\/2020\/01\/Book-Golem-2019-New_P\u00e1gina_012_Imagen_0001.jpg","type":"","width":"","height":""}],"twitter_card":"summary_large_image","twitter_misc":{"Temps estimat de lectura":"1 minut"},"schema":{"@context":"https:\/\/schema.org","@graph":[{"@type":"WebPage","@id":"https:\/\/librosdelzorrorojo.com\/ca\/cataleg\/el-golem\/","url":"https:\/\/librosdelzorrorojo.com\/ca\/cataleg\/el-golem\/","name":"El Golem - Libro del Zorro Rojo","isPartOf":{"@id":"https:\/\/librosdelzorrorojo.com\/#website"},"primaryImageOfPage":{"@id":"https:\/\/librosdelzorrorojo.com\/ca\/cataleg\/el-golem\/#primaryimage"},"image":{"@id":"https:\/\/librosdelzorrorojo.com\/ca\/cataleg\/el-golem\/#primaryimage"},"thumbnailUrl":"https:\/\/librosdelzorrorojo.com\/wp-content\/uploads\/2020\/01\/Cover_El-GolemWEB.jpg","datePublished":"2020-01-29T10:57:20+00:00","dateModified":"2024-02-29T10:41:04+00:00","description":"Personajes memorables, escenarios misteriosos y antiguas leyendas medievales se entretejen en un trasfondo on\u00edrico, de luces y sombras, recreado magistralmente por los collages de la artista chilena Alejandra Acosta.","breadcrumb":{"@id":"https:\/\/librosdelzorrorojo.com\/ca\/cataleg\/el-golem\/#breadcrumb"},"inLanguage":"ca","potentialAction":[{"@type":"ReadAction","target":["https:\/\/librosdelzorrorojo.com\/ca\/cataleg\/el-golem\/"]}]},{"@type":"ImageObject","inLanguage":"ca","@id":"https:\/\/librosdelzorrorojo.com\/ca\/cataleg\/el-golem\/#primaryimage","url":"https:\/\/librosdelzorrorojo.com\/wp-content\/uploads\/2020\/01\/Cover_El-GolemWEB.jpg","contentUrl":"https:\/\/librosdelzorrorojo.com\/wp-content\/uploads\/2020\/01\/Cover_El-GolemWEB.jpg","width":850,"height":1234,"caption":"Cover El GolemWEB"},{"@type":"BreadcrumbList","@id":"https:\/\/librosdelzorrorojo.com\/ca\/cataleg\/el-golem\/#breadcrumb","itemListElement":[{"@type":"ListItem","position":1,"name":"Portada","item":"https:\/\/librosdelzorrorojo.com\/ca\/"},{"@type":"ListItem","position":2,"name":"Cat\u00e0leg","item":"https:\/\/librosdelzorrorojo.com\/ca\/cataleg\/"},{"@type":"ListItem","position":3,"name":"El Golem"}]},{"@type":"WebSite","@id":"https:\/\/librosdelzorrorojo.com\/#website","url":"https:\/\/librosdelzorrorojo.com\/","name":"Libros del Zorro Rojo","description":"Libros ilustrados","potentialAction":[{"@type":"SearchAction","target":{"@type":"EntryPoint","urlTemplate":"https:\/\/librosdelzorrorojo.com\/?s={search_term_string}"},"query-input":{"@type":"PropertyValueSpecification","valueRequired":true,"valueName":"search_term_string"}}],"inLanguage":"ca"}]}},"_links":{"self":[{"href":"https:\/\/librosdelzorrorojo.com\/ca\/wp-json\/wp\/v2\/product\/16393","targetHints":{"allow":["GET"]}}],"collection":[{"href":"https:\/\/librosdelzorrorojo.com\/ca\/wp-json\/wp\/v2\/product"}],"about":[{"href":"https:\/\/librosdelzorrorojo.com\/ca\/wp-json\/wp\/v2\/types\/product"}],"wp:featuredmedia":[{"embeddable":true,"href":"https:\/\/librosdelzorrorojo.com\/ca\/wp-json\/wp\/v2\/media\/16382"}],"wp:attachment":[{"href":"https:\/\/librosdelzorrorojo.com\/ca\/wp-json\/wp\/v2\/media?parent=16393"}],"wp:term":[{"taxonomy":"product_brand","embeddable":true,"href":"https:\/\/librosdelzorrorojo.com\/ca\/wp-json\/wp\/v2\/product_brand?post=16393"},{"taxonomy":"product_cat","embeddable":true,"href":"https:\/\/librosdelzorrorojo.com\/ca\/wp-json\/wp\/v2\/product_cat?post=16393"},{"taxonomy":"product_tag","embeddable":true,"href":"https:\/\/librosdelzorrorojo.com\/ca\/wp-json\/wp\/v2\/product_tag?post=16393"}],"curies":[{"name":"wp","href":"https:\/\/api.w.org\/{rel}","templated":true}]}}