{"id":16340,"date":"2020-01-21T15:39:11","date_gmt":"2020-01-21T14:39:11","guid":{"rendered":"https:\/\/librosdelzorrorojo.com\/?post_type=product&#038;p=16340"},"modified":"2024-03-01T09:20:58","modified_gmt":"2024-03-01T08:20:58","slug":"que-puc-esperar-el-llibre-de-les-preguntes","status":"publish","type":"product","link":"https:\/\/librosdelzorrorojo.com\/ca\/cataleg\/que-puc-esperar-el-llibre-de-les-preguntes\/","title":{"rendered":"Qu\u00e8 puc esperar? El llibre de les preguntes"},"content":{"rendered":"<p class=\"p1\">Com veur\u00e9 el m\u00f3n quan sigui gran? Podria arribar a tocar les estrelles? Per qu\u00e8 tinc por d\u2019all\u00f2 desconegut? Es pot no pensar en res? Totes les persones ens fem les mateixes preguntes? Aquest llibre inclou gaireb\u00e9 un centenar de preguntes, plantejades d\u2019una manera espont\u00e0nia, sense seguir un gui\u00f3, sense ret\u00f2rica i abra\u00e7ant tots els \u00e0mbits de la vida de l\u2019\u00e9sser hum\u00e0, des d\u2019all\u00f2 quotidi\u00e0 i familiar fins als trets de car\u00e0cter m\u00e9s existencialista.<\/p>\n<p class=\"p1\">Britta Teckentrup desplega amb les seves m\u00e0giques il\u00b7lustracions un m\u00f3n d\u2019interrogants que inspiren el lector a buscar les seves pr\u00f2pies respostes i, encara m\u00e9s important, a no deixar de fer-se preguntes.<\/p>\n","protected":false},"excerpt":{"rendered":"Britta Teckentrup desplega amb les seves m\u00e0giques il\u00b7lustracions un m\u00f3n d\u2019interrogants que inspiren el lector a buscar les seves pr\u00f2pies respostes i, encara m\u00e9s important, a no deixar de fer-se preguntes.","protected":false},"featured_media":16341,"template":"","meta":{"_acf_changed":false},"product_brand":[],"product_cat":[840,839],"product_tag":[],"class_list":{"0":"post-16340","1":"product","2":"type-product","3":"status-publish","4":"has-post-thumbnail","6":"product_cat-catala","7":"product_cat-zona-kids-ca","8":"vinculo-bestiario-de-voces-animales","9":"vinculo-que-puedo-esperar","11":"first","12":"instock","13":"taxable","14":"shipping-taxable","15":"purchasable","16":"product-type-simple"},"acf":[],"yoast_head":"<!-- This site is optimized with the Yoast SEO plugin v25.1 - https:\/\/yoast.com\/wordpress\/plugins\/seo\/ -->\n<title>Qu\u00e8 puc esperar? El llibre de les preguntes - Libros del Zorro Rojo<\/title>\n<meta name=\"description\" content=\"Britta Teckentrup desplega amb les seves m\u00e0giques il\u00b7lustracions un m\u00f3n d\u2019interrogants que inspiren el lector a buscar les seves pr\u00f2pies respostes\" \/>\n<meta name=\"robots\" content=\"index, follow, max-snippet:-1, max-image-preview:large, max-video-preview:-1\" \/>\n<link rel=\"canonical\" href=\"https:\/\/librosdelzorrorojo.com\/ca\/cataleg\/que-puc-esperar-el-llibre-de-les-preguntes\/\" \/>\n<meta property=\"og:locale\" content=\"ca_ES\" \/>\n<meta property=\"og:type\" content=\"article\" \/>\n<meta property=\"og:title\" content=\"Qu\u00e8 puc esperar? El llibre de les preguntes - Libros del Zorro Rojo\" \/>\n<meta property=\"og:description\" content=\"Britta Teckentrup desplega amb les seves m\u00e0giques il\u00b7lustracions un m\u00f3n d\u2019interrogants que inspiren el lector a buscar les seves pr\u00f2pies respostes\" \/>\n<meta property=\"og:url\" content=\"https:\/\/librosdelzorrorojo.com\/ca\/cataleg\/que-puc-esperar-el-llibre-de-les-preguntes\/\" \/>\n<meta property=\"og:site_name\" content=\"Libros del Zorro Rojo\" \/>\n<meta property=\"article:modified_time\" content=\"2024-03-01T08:20:58+00:00\" \/>\n<meta property=\"og:image\" content=\"https:\/\/librosdelzorrorojo.com\/wp-content\/uploads\/2020\/01\/COVER_Que-puedo-esperar_CAT_LOW-1.jpg\" \/>\n\t<meta property=\"og:image:width\" content=\"1834\" \/>\n\t<meta property=\"og:image:height\" content=\"2492\" \/>\n\t<meta property=\"og:image:type\" content=\"image\/jpeg\" \/>\n<meta name=\"twitter:card\" content=\"summary_large_image\" \/>\n<meta name=\"twitter:label1\" content=\"Temps estimat de lectura\" \/>\n\t<meta name=\"twitter:data1\" content=\"1 minut\" \/>\n<script type=\"application\/ld+json\" class=\"yoast-schema-graph\">{\"@context\":\"https:\/\/schema.org\",\"@graph\":[{\"@type\":\"WebPage\",\"@id\":\"https:\/\/librosdelzorrorojo.com\/ca\/cataleg\/que-puc-esperar-el-llibre-de-les-preguntes\/\",\"url\":\"https:\/\/librosdelzorrorojo.com\/ca\/cataleg\/que-puc-esperar-el-llibre-de-les-preguntes\/\",\"name\":\"Qu\u00e8 puc esperar? El llibre de les preguntes - Libros del Zorro Rojo\",\"isPartOf\":{\"@id\":\"https:\/\/librosdelzorrorojo.com\/#website\"},\"primaryImageOfPage\":{\"@id\":\"https:\/\/librosdelzorrorojo.com\/ca\/cataleg\/que-puc-esperar-el-llibre-de-les-preguntes\/#primaryimage\"},\"image\":{\"@id\":\"https:\/\/librosdelzorrorojo.com\/ca\/cataleg\/que-puc-esperar-el-llibre-de-les-preguntes\/#primaryimage\"},\"thumbnailUrl\":\"https:\/\/librosdelzorrorojo.com\/wp-content\/uploads\/2020\/01\/COVER_Que-puedo-esperar_CAT_LOW.jpg\",\"datePublished\":\"2020-01-21T14:39:11+00:00\",\"dateModified\":\"2024-03-01T08:20:58+00:00\",\"description\":\"Britta Teckentrup desplega amb les seves m\u00e0giques il\u00b7lustracions un m\u00f3n d\u2019interrogants que inspiren el lector a buscar les seves pr\u00f2pies respostes\",\"breadcrumb\":{\"@id\":\"https:\/\/librosdelzorrorojo.com\/ca\/cataleg\/que-puc-esperar-el-llibre-de-les-preguntes\/#breadcrumb\"},\"inLanguage\":\"ca\",\"potentialAction\":[{\"@type\":\"ReadAction\",\"target\":[\"https:\/\/librosdelzorrorojo.com\/ca\/cataleg\/que-puc-esperar-el-llibre-de-les-preguntes\/\"]}]},{\"@type\":\"ImageObject\",\"inLanguage\":\"ca\",\"@id\":\"https:\/\/librosdelzorrorojo.com\/ca\/cataleg\/que-puc-esperar-el-llibre-de-les-preguntes\/#primaryimage\",\"url\":\"https:\/\/librosdelzorrorojo.com\/wp-content\/uploads\/2020\/01\/COVER_Que-puedo-esperar_CAT_LOW.jpg\",\"contentUrl\":\"https:\/\/librosdelzorrorojo.com\/wp-content\/uploads\/2020\/01\/COVER_Que-puedo-esperar_CAT_LOW.jpg\",\"width\":1834,\"height\":2492,\"caption\":\"COVER Que puedo esperar CAT LOW\"},{\"@type\":\"BreadcrumbList\",\"@id\":\"https:\/\/librosdelzorrorojo.com\/ca\/cataleg\/que-puc-esperar-el-llibre-de-les-preguntes\/#breadcrumb\",\"itemListElement\":[{\"@type\":\"ListItem\",\"position\":1,\"name\":\"Portada\",\"item\":\"https:\/\/librosdelzorrorojo.com\/ca\/\"},{\"@type\":\"ListItem\",\"position\":2,\"name\":\"Cat\u00e0leg\",\"item\":\"https:\/\/librosdelzorrorojo.com\/ca\/cataleg\/\"},{\"@type\":\"ListItem\",\"position\":3,\"name\":\"Qu\u00e8 puc esperar? El llibre de les preguntes\"}]},{\"@type\":\"WebSite\",\"@id\":\"https:\/\/librosdelzorrorojo.com\/#website\",\"url\":\"https:\/\/librosdelzorrorojo.com\/\",\"name\":\"Libros del Zorro Rojo\",\"description\":\"Libros ilustrados\",\"potentialAction\":[{\"@type\":\"SearchAction\",\"target\":{\"@type\":\"EntryPoint\",\"urlTemplate\":\"https:\/\/librosdelzorrorojo.com\/?s={search_term_string}\"},\"query-input\":{\"@type\":\"PropertyValueSpecification\",\"valueRequired\":true,\"valueName\":\"search_term_string\"}}],\"inLanguage\":\"ca\"}]}<\/script>\n<!-- \/ Yoast SEO plugin. -->","yoast_head_json":{"title":"Qu\u00e8 puc esperar? El llibre de les preguntes - Libros del Zorro Rojo","description":"Britta Teckentrup desplega amb les seves m\u00e0giques il\u00b7lustracions un m\u00f3n d\u2019interrogants que inspiren el lector a buscar les seves pr\u00f2pies respostes","robots":{"index":"index","follow":"follow","max-snippet":"max-snippet:-1","max-image-preview":"max-image-preview:large","max-video-preview":"max-video-preview:-1"},"canonical":"https:\/\/librosdelzorrorojo.com\/ca\/cataleg\/que-puc-esperar-el-llibre-de-les-preguntes\/","og_locale":"ca_ES","og_type":"article","og_title":"Qu\u00e8 puc esperar? El llibre de les preguntes - Libros del Zorro Rojo","og_description":"Britta Teckentrup desplega amb les seves m\u00e0giques il\u00b7lustracions un m\u00f3n d\u2019interrogants que inspiren el lector a buscar les seves pr\u00f2pies respostes","og_url":"https:\/\/librosdelzorrorojo.com\/ca\/cataleg\/que-puc-esperar-el-llibre-de-les-preguntes\/","og_site_name":"Libros del Zorro Rojo","article_modified_time":"2024-03-01T08:20:58+00:00","og_image":[{"width":1834,"height":2492,"url":"https:\/\/librosdelzorrorojo.com\/wp-content\/uploads\/2020\/01\/COVER_Que-puedo-esperar_CAT_LOW-1.jpg","type":"image\/jpeg"}],"twitter_card":"summary_large_image","twitter_misc":{"Temps estimat de lectura":"1 minut"},"schema":{"@context":"https:\/\/schema.org","@graph":[{"@type":"WebPage","@id":"https:\/\/librosdelzorrorojo.com\/ca\/cataleg\/que-puc-esperar-el-llibre-de-les-preguntes\/","url":"https:\/\/librosdelzorrorojo.com\/ca\/cataleg\/que-puc-esperar-el-llibre-de-les-preguntes\/","name":"Qu\u00e8 puc esperar? El llibre de les preguntes - Libros del Zorro Rojo","isPartOf":{"@id":"https:\/\/librosdelzorrorojo.com\/#website"},"primaryImageOfPage":{"@id":"https:\/\/librosdelzorrorojo.com\/ca\/cataleg\/que-puc-esperar-el-llibre-de-les-preguntes\/#primaryimage"},"image":{"@id":"https:\/\/librosdelzorrorojo.com\/ca\/cataleg\/que-puc-esperar-el-llibre-de-les-preguntes\/#primaryimage"},"thumbnailUrl":"https:\/\/librosdelzorrorojo.com\/wp-content\/uploads\/2020\/01\/COVER_Que-puedo-esperar_CAT_LOW.jpg","datePublished":"2020-01-21T14:39:11+00:00","dateModified":"2024-03-01T08:20:58+00:00","description":"Britta Teckentrup desplega amb les seves m\u00e0giques il\u00b7lustracions un m\u00f3n d\u2019interrogants que inspiren el lector a buscar les seves pr\u00f2pies respostes","breadcrumb":{"@id":"https:\/\/librosdelzorrorojo.com\/ca\/cataleg\/que-puc-esperar-el-llibre-de-les-preguntes\/#breadcrumb"},"inLanguage":"ca","potentialAction":[{"@type":"ReadAction","target":["https:\/\/librosdelzorrorojo.com\/ca\/cataleg\/que-puc-esperar-el-llibre-de-les-preguntes\/"]}]},{"@type":"ImageObject","inLanguage":"ca","@id":"https:\/\/librosdelzorrorojo.com\/ca\/cataleg\/que-puc-esperar-el-llibre-de-les-preguntes\/#primaryimage","url":"https:\/\/librosdelzorrorojo.com\/wp-content\/uploads\/2020\/01\/COVER_Que-puedo-esperar_CAT_LOW.jpg","contentUrl":"https:\/\/librosdelzorrorojo.com\/wp-content\/uploads\/2020\/01\/COVER_Que-puedo-esperar_CAT_LOW.jpg","width":1834,"height":2492,"caption":"COVER Que puedo esperar CAT LOW"},{"@type":"BreadcrumbList","@id":"https:\/\/librosdelzorrorojo.com\/ca\/cataleg\/que-puc-esperar-el-llibre-de-les-preguntes\/#breadcrumb","itemListElement":[{"@type":"ListItem","position":1,"name":"Portada","item":"https:\/\/librosdelzorrorojo.com\/ca\/"},{"@type":"ListItem","position":2,"name":"Cat\u00e0leg","item":"https:\/\/librosdelzorrorojo.com\/ca\/cataleg\/"},{"@type":"ListItem","position":3,"name":"Qu\u00e8 puc esperar? El llibre de les preguntes"}]},{"@type":"WebSite","@id":"https:\/\/librosdelzorrorojo.com\/#website","url":"https:\/\/librosdelzorrorojo.com\/","name":"Libros del Zorro Rojo","description":"Libros ilustrados","potentialAction":[{"@type":"SearchAction","target":{"@type":"EntryPoint","urlTemplate":"https:\/\/librosdelzorrorojo.com\/?s={search_term_string}"},"query-input":{"@type":"PropertyValueSpecification","valueRequired":true,"valueName":"search_term_string"}}],"inLanguage":"ca"}]}},"_links":{"self":[{"href":"https:\/\/librosdelzorrorojo.com\/ca\/wp-json\/wp\/v2\/product\/16340","targetHints":{"allow":["GET"]}}],"collection":[{"href":"https:\/\/librosdelzorrorojo.com\/ca\/wp-json\/wp\/v2\/product"}],"about":[{"href":"https:\/\/librosdelzorrorojo.com\/ca\/wp-json\/wp\/v2\/types\/product"}],"wp:featuredmedia":[{"embeddable":true,"href":"https:\/\/librosdelzorrorojo.com\/ca\/wp-json\/wp\/v2\/media\/16341"}],"wp:attachment":[{"href":"https:\/\/librosdelzorrorojo.com\/ca\/wp-json\/wp\/v2\/media?parent=16340"}],"wp:term":[{"taxonomy":"product_brand","embeddable":true,"href":"https:\/\/librosdelzorrorojo.com\/ca\/wp-json\/wp\/v2\/product_brand?post=16340"},{"taxonomy":"product_cat","embeddable":true,"href":"https:\/\/librosdelzorrorojo.com\/ca\/wp-json\/wp\/v2\/product_cat?post=16340"},{"taxonomy":"product_tag","embeddable":true,"href":"https:\/\/librosdelzorrorojo.com\/ca\/wp-json\/wp\/v2\/product_tag?post=16340"}],"curies":[{"name":"wp","href":"https:\/\/api.w.org\/{rel}","templated":true}]}}