{"id":16339,"date":"2020-01-20T15:15:08","date_gmt":"2020-01-20T18:32:47","guid":{"rendered":"https:\/\/librosdelzorrorojo.com\/?post_type=product&#038;p=16339"},"modified":"2024-02-29T11:41:02","modified_gmt":"2024-02-29T10:41:02","slug":"que-puedo-esperar-el-libro-de-las-preguntas","status":"publish","type":"product","link":"https:\/\/librosdelzorrorojo.com\/ca\/cataleg\/que-puedo-esperar-el-libro-de-las-preguntas\/","title":{"rendered":"\u00bfQu\u00e9 puedo esperar? El libro de las preguntas"},"content":{"rendered":"<p class=\"p1\">Hacerse preguntas es uno de los mayores desaf\u00edos en una sociedad mediatizada y global como en la que vivimos, ya que contribuye a desarrollar capacidades como la intuici\u00f3n y la imaginaci\u00f3n.<\/p>\n<p class=\"p1\">\u00bfC\u00f3mo ver\u00e9 el mundo cuando sea grande? \u00bfPodr\u00eda llegar a tocar las estrellas? \u00bfPor qu\u00e9 tengo miedo a lo desconocido? \u00bfSe puede pensar en nada? \u00bfTodas las personas nos hacemos las mismas preguntas? Este libro incluye casi un centenar de preguntas, planteadas de una manera espont\u00e1nea, sin seguir un guion, sin ret\u00f3rica y abarcando todos los \u00e1mbitos de la vida del ser humano, desde lo cotidiano y lo familiar hasta otros rasgos m\u00e1s existenciales.<\/p>\n<p class=\"p1\">Britta Teckentrup despliega con sus m\u00e1gicas ilustraciones un mundo de interrogantes que inspiran al lector a buscar sus propias respuestas y, lo que es m\u00e1s importante, a no dejar de hacerse preguntas.<\/p>\n","protected":false},"excerpt":{"rendered":"Britta Teckentrup despliega con sus m\u00e1gicas ilustraciones un mundo de interrogantes que inspiran al lector a buscar sus propias respuestas y, lo que es m\u00e1s importante, a no dejar de hacerse preguntas.","protected":false},"featured_media":16337,"template":"","meta":{"_acf_changed":false},"product_brand":[],"product_cat":[844,843,839],"product_tag":[],"class_list":{"0":"post-16339","1":"product","2":"type-product","3":"status-publish","4":"has-post-thumbnail","6":"product_cat-castella","7":"product_cat-infantiles-ca","8":"product_cat-zona-kids-ca","9":"vinculo-que-puedo-esperar","11":"first","12":"instock","13":"taxable","14":"shipping-taxable","15":"purchasable","16":"product-type-simple"},"acf":[],"yoast_head":"<!-- This site is optimized with the Yoast SEO plugin v25.1 - https:\/\/yoast.com\/wordpress\/plugins\/seo\/ -->\n<title>\u00bfQu\u00e9 puedo esperar? El libro de las preguntas - Libros del Zorro Rojo<\/title>\n<meta name=\"description\" content=\"Britta Teckentrup despliega con sus m\u00e1gicas ilustraciones un mundo de interrogantes que inspiran al lector a buscar sus propias respuestas y, lo que es m\u00e1s importante, a no dejar de hacerse preguntas.\" \/>\n<meta name=\"robots\" content=\"index, follow, max-snippet:-1, max-image-preview:large, max-video-preview:-1\" \/>\n<link rel=\"canonical\" href=\"https:\/\/librosdelzorrorojo.com\/ca\/cataleg\/que-puedo-esperar-el-libro-de-las-preguntas\/\" \/>\n<meta property=\"og:locale\" content=\"ca_ES\" \/>\n<meta property=\"og:type\" content=\"article\" \/>\n<meta property=\"og:title\" content=\"\u00bfQu\u00e9 puedo esperar? El libro de las preguntas - Libros del Zorro Rojo\" \/>\n<meta property=\"og:description\" content=\"Britta Teckentrup despliega con sus m\u00e1gicas ilustraciones un mundo de interrogantes que inspiran al lector a buscar sus propias respuestas y, lo que es m\u00e1s importante, a no dejar de hacerse preguntas.\" \/>\n<meta property=\"og:url\" content=\"https:\/\/librosdelzorrorojo.com\/ca\/cataleg\/que-puedo-esperar-el-libro-de-las-preguntas\/\" \/>\n<meta property=\"og:site_name\" content=\"Libros del Zorro Rojo\" \/>\n<meta property=\"article:modified_time\" content=\"2024-02-29T10:41:02+00:00\" \/>\n<meta property=\"og:image\" content=\"https:\/\/librosdelzorrorojo.com\/wp-content\/uploads\/2020\/01\/1200x1200_QuePuedoEsperar_06.jpg\" \/>\n<meta name=\"twitter:card\" content=\"summary_large_image\" \/>\n<meta name=\"twitter:label1\" content=\"Temps estimat de lectura\" \/>\n\t<meta name=\"twitter:data1\" content=\"1 minut\" \/>\n<script type=\"application\/ld+json\" class=\"yoast-schema-graph\">{\"@context\":\"https:\/\/schema.org\",\"@graph\":[{\"@type\":\"WebPage\",\"@id\":\"https:\/\/librosdelzorrorojo.com\/ca\/cataleg\/que-puedo-esperar-el-libro-de-las-preguntas\/\",\"url\":\"https:\/\/librosdelzorrorojo.com\/ca\/cataleg\/que-puedo-esperar-el-libro-de-las-preguntas\/\",\"name\":\"\u00bfQu\u00e9 puedo esperar? El libro de las preguntas - Libros del Zorro Rojo\",\"isPartOf\":{\"@id\":\"https:\/\/librosdelzorrorojo.com\/#website\"},\"primaryImageOfPage\":{\"@id\":\"https:\/\/librosdelzorrorojo.com\/ca\/cataleg\/que-puedo-esperar-el-libro-de-las-preguntas\/#primaryimage\"},\"image\":{\"@id\":\"https:\/\/librosdelzorrorojo.com\/ca\/cataleg\/que-puedo-esperar-el-libro-de-las-preguntas\/#primaryimage\"},\"thumbnailUrl\":\"https:\/\/librosdelzorrorojo.com\/wp-content\/uploads\/2020\/01\/Que\u0301-puedo-esperar-_-Cover-_-Cast.jpg\",\"datePublished\":\"2020-01-20T18:32:47+00:00\",\"dateModified\":\"2024-02-29T10:41:02+00:00\",\"description\":\"Britta Teckentrup despliega con sus m\u00e1gicas ilustraciones un mundo de interrogantes que inspiran al lector a buscar sus propias respuestas y, lo que es m\u00e1s importante, a no dejar de hacerse preguntas.\",\"breadcrumb\":{\"@id\":\"https:\/\/librosdelzorrorojo.com\/ca\/cataleg\/que-puedo-esperar-el-libro-de-las-preguntas\/#breadcrumb\"},\"inLanguage\":\"ca\",\"potentialAction\":[{\"@type\":\"ReadAction\",\"target\":[\"https:\/\/librosdelzorrorojo.com\/ca\/cataleg\/que-puedo-esperar-el-libro-de-las-preguntas\/\"]}]},{\"@type\":\"ImageObject\",\"inLanguage\":\"ca\",\"@id\":\"https:\/\/librosdelzorrorojo.com\/ca\/cataleg\/que-puedo-esperar-el-libro-de-las-preguntas\/#primaryimage\",\"url\":\"https:\/\/librosdelzorrorojo.com\/wp-content\/uploads\/2020\/01\/Que\u0301-puedo-esperar-_-Cover-_-Cast.jpg\",\"contentUrl\":\"https:\/\/librosdelzorrorojo.com\/wp-content\/uploads\/2020\/01\/Que\u0301-puedo-esperar-_-Cover-_-Cast.jpg\",\"width\":2016,\"height\":2844,\"caption\":\"Que\u0301 puedo esperar Cover Cast\"},{\"@type\":\"BreadcrumbList\",\"@id\":\"https:\/\/librosdelzorrorojo.com\/ca\/cataleg\/que-puedo-esperar-el-libro-de-las-preguntas\/#breadcrumb\",\"itemListElement\":[{\"@type\":\"ListItem\",\"position\":1,\"name\":\"Portada\",\"item\":\"https:\/\/librosdelzorrorojo.com\/ca\/\"},{\"@type\":\"ListItem\",\"position\":2,\"name\":\"Cat\u00e0leg\",\"item\":\"https:\/\/librosdelzorrorojo.com\/ca\/cataleg\/\"},{\"@type\":\"ListItem\",\"position\":3,\"name\":\"\u00bfQu\u00e9 puedo esperar? El libro de las preguntas\"}]},{\"@type\":\"WebSite\",\"@id\":\"https:\/\/librosdelzorrorojo.com\/#website\",\"url\":\"https:\/\/librosdelzorrorojo.com\/\",\"name\":\"Libros del Zorro Rojo\",\"description\":\"Libros ilustrados\",\"potentialAction\":[{\"@type\":\"SearchAction\",\"target\":{\"@type\":\"EntryPoint\",\"urlTemplate\":\"https:\/\/librosdelzorrorojo.com\/?s={search_term_string}\"},\"query-input\":{\"@type\":\"PropertyValueSpecification\",\"valueRequired\":true,\"valueName\":\"search_term_string\"}}],\"inLanguage\":\"ca\"}]}<\/script>\n<!-- \/ Yoast SEO plugin. -->","yoast_head_json":{"title":"\u00bfQu\u00e9 puedo esperar? El libro de las preguntas - Libros del Zorro Rojo","description":"Britta Teckentrup despliega con sus m\u00e1gicas ilustraciones un mundo de interrogantes que inspiran al lector a buscar sus propias respuestas y, lo que es m\u00e1s importante, a no dejar de hacerse preguntas.","robots":{"index":"index","follow":"follow","max-snippet":"max-snippet:-1","max-image-preview":"max-image-preview:large","max-video-preview":"max-video-preview:-1"},"canonical":"https:\/\/librosdelzorrorojo.com\/ca\/cataleg\/que-puedo-esperar-el-libro-de-las-preguntas\/","og_locale":"ca_ES","og_type":"article","og_title":"\u00bfQu\u00e9 puedo esperar? El libro de las preguntas - Libros del Zorro Rojo","og_description":"Britta Teckentrup despliega con sus m\u00e1gicas ilustraciones un mundo de interrogantes que inspiran al lector a buscar sus propias respuestas y, lo que es m\u00e1s importante, a no dejar de hacerse preguntas.","og_url":"https:\/\/librosdelzorrorojo.com\/ca\/cataleg\/que-puedo-esperar-el-libro-de-las-preguntas\/","og_site_name":"Libros del Zorro Rojo","article_modified_time":"2024-02-29T10:41:02+00:00","og_image":[{"url":"https:\/\/librosdelzorrorojo.com\/wp-content\/uploads\/2020\/01\/1200x1200_QuePuedoEsperar_06.jpg","type":"","width":"","height":""}],"twitter_card":"summary_large_image","twitter_misc":{"Temps estimat de lectura":"1 minut"},"schema":{"@context":"https:\/\/schema.org","@graph":[{"@type":"WebPage","@id":"https:\/\/librosdelzorrorojo.com\/ca\/cataleg\/que-puedo-esperar-el-libro-de-las-preguntas\/","url":"https:\/\/librosdelzorrorojo.com\/ca\/cataleg\/que-puedo-esperar-el-libro-de-las-preguntas\/","name":"\u00bfQu\u00e9 puedo esperar? El libro de las preguntas - Libros del Zorro Rojo","isPartOf":{"@id":"https:\/\/librosdelzorrorojo.com\/#website"},"primaryImageOfPage":{"@id":"https:\/\/librosdelzorrorojo.com\/ca\/cataleg\/que-puedo-esperar-el-libro-de-las-preguntas\/#primaryimage"},"image":{"@id":"https:\/\/librosdelzorrorojo.com\/ca\/cataleg\/que-puedo-esperar-el-libro-de-las-preguntas\/#primaryimage"},"thumbnailUrl":"https:\/\/librosdelzorrorojo.com\/wp-content\/uploads\/2020\/01\/Que\u0301-puedo-esperar-_-Cover-_-Cast.jpg","datePublished":"2020-01-20T18:32:47+00:00","dateModified":"2024-02-29T10:41:02+00:00","description":"Britta Teckentrup despliega con sus m\u00e1gicas ilustraciones un mundo de interrogantes que inspiran al lector a buscar sus propias respuestas y, lo que es m\u00e1s importante, a no dejar de hacerse preguntas.","breadcrumb":{"@id":"https:\/\/librosdelzorrorojo.com\/ca\/cataleg\/que-puedo-esperar-el-libro-de-las-preguntas\/#breadcrumb"},"inLanguage":"ca","potentialAction":[{"@type":"ReadAction","target":["https:\/\/librosdelzorrorojo.com\/ca\/cataleg\/que-puedo-esperar-el-libro-de-las-preguntas\/"]}]},{"@type":"ImageObject","inLanguage":"ca","@id":"https:\/\/librosdelzorrorojo.com\/ca\/cataleg\/que-puedo-esperar-el-libro-de-las-preguntas\/#primaryimage","url":"https:\/\/librosdelzorrorojo.com\/wp-content\/uploads\/2020\/01\/Que\u0301-puedo-esperar-_-Cover-_-Cast.jpg","contentUrl":"https:\/\/librosdelzorrorojo.com\/wp-content\/uploads\/2020\/01\/Que\u0301-puedo-esperar-_-Cover-_-Cast.jpg","width":2016,"height":2844,"caption":"Que\u0301 puedo esperar Cover Cast"},{"@type":"BreadcrumbList","@id":"https:\/\/librosdelzorrorojo.com\/ca\/cataleg\/que-puedo-esperar-el-libro-de-las-preguntas\/#breadcrumb","itemListElement":[{"@type":"ListItem","position":1,"name":"Portada","item":"https:\/\/librosdelzorrorojo.com\/ca\/"},{"@type":"ListItem","position":2,"name":"Cat\u00e0leg","item":"https:\/\/librosdelzorrorojo.com\/ca\/cataleg\/"},{"@type":"ListItem","position":3,"name":"\u00bfQu\u00e9 puedo esperar? El libro de las preguntas"}]},{"@type":"WebSite","@id":"https:\/\/librosdelzorrorojo.com\/#website","url":"https:\/\/librosdelzorrorojo.com\/","name":"Libros del Zorro Rojo","description":"Libros ilustrados","potentialAction":[{"@type":"SearchAction","target":{"@type":"EntryPoint","urlTemplate":"https:\/\/librosdelzorrorojo.com\/?s={search_term_string}"},"query-input":{"@type":"PropertyValueSpecification","valueRequired":true,"valueName":"search_term_string"}}],"inLanguage":"ca"}]}},"_links":{"self":[{"href":"https:\/\/librosdelzorrorojo.com\/ca\/wp-json\/wp\/v2\/product\/16339","targetHints":{"allow":["GET"]}}],"collection":[{"href":"https:\/\/librosdelzorrorojo.com\/ca\/wp-json\/wp\/v2\/product"}],"about":[{"href":"https:\/\/librosdelzorrorojo.com\/ca\/wp-json\/wp\/v2\/types\/product"}],"wp:featuredmedia":[{"embeddable":true,"href":"https:\/\/librosdelzorrorojo.com\/ca\/wp-json\/wp\/v2\/media\/16337"}],"wp:attachment":[{"href":"https:\/\/librosdelzorrorojo.com\/ca\/wp-json\/wp\/v2\/media?parent=16339"}],"wp:term":[{"taxonomy":"product_brand","embeddable":true,"href":"https:\/\/librosdelzorrorojo.com\/ca\/wp-json\/wp\/v2\/product_brand?post=16339"},{"taxonomy":"product_cat","embeddable":true,"href":"https:\/\/librosdelzorrorojo.com\/ca\/wp-json\/wp\/v2\/product_cat?post=16339"},{"taxonomy":"product_tag","embeddable":true,"href":"https:\/\/librosdelzorrorojo.com\/ca\/wp-json\/wp\/v2\/product_tag?post=16339"}],"curies":[{"name":"wp","href":"https:\/\/api.w.org\/{rel}","templated":true}]}}