{"id":16277,"date":"2019-12-16T17:40:46","date_gmt":"2020-01-22T14:04:21","guid":{"rendered":"https:\/\/librosdelzorrorojo.com\/?post_type=product&#038;p=16277"},"modified":"2024-02-29T11:41:01","modified_gmt":"2024-02-29T10:41:01","slug":"gisela-de-cristal","status":"publish","type":"product","link":"https:\/\/librosdelzorrorojo.com\/ca\/cataleg\/gisela-de-cristal\/","title":{"rendered":"Gisela de cristal"},"content":{"rendered":"<p class=\"p2\"><span class=\"s1\"> <\/span>Gisela es una ni\u00f1a de cristal: luminosa, fr\u00e1gil y transparente de la cabeza a los pies. Ella refleja los objetos de su alrededor y cambia de tonalidad con la luz de las estaciones. Es tan excepcional que vienen de todas partes del mundo a verla. Pero la peque\u00f1a Gisela tiene otra peculiaridad: en su frente clara, sus pensamientos, buenos y malos, se pueden leer como en un libro abierto.<\/p>\n<p class=\"p2\">Al crecer, esta particularidad se hace m\u00e1s dif\u00edcil de llevar. Algunas de sus reflexiones, sobre todo cuando est\u00e1 triste y abatida, hacen enfadar a la gente y, para algunos, resultan insoportables. Por ello, Gisela se marcha en busca de un hogar, viaja de un lugar a otro, hasta que un d\u00eda descubre que, como la verdad, adem\u00e1s de luminosa, debe ser valiente.<\/p>\n<p class=\"p3\">Se trata de uno de los primer\u00edsimos trabajos de Beatrice Alemagna, publicado en Francia en 2002, hasta ahora in\u00e9dito en castellano. Un hermoso libro, ilustrado con diferentes t\u00e9cnicas como el collage, el l\u00e1piz y el uso de capas y transparencias, que invita a una lectura literal y tambi\u00e9n metaf\u00f3rica. De su proceso creativo, la autora ha dicho: \u00abMe encantan las mezclas y los h\u00edbridos. Me encanta evitar muros o barreras. Me encanta no preocuparme por los l\u00edmites de edad, los l\u00edmites de tiempo, las reglas est\u00e9ticas precisas, las convenciones preestablecidas [&#8230;]. Todo esto viene de una gran confianza en m\u00ed misma. Siempre trabajo con algo de dentro, algo fuerte y que se expresa de manera clara e intensa\u00bb.<\/p>\n","protected":false},"excerpt":{"rendered":"Gisela es una ni\u00f1a de cristal: luminosa, fr\u00e1gil y transparente de la cabeza a los pies. Ella refleja los objetos de su alrededor y cambia de tonalidad con la luz de las estaciones. Es tan excepcional que vienen de todas partes del mundo a verla. Pero la peque\u00f1a Gisela tiene otra peculiaridad: en su frente clara, sus pensamientos, buenos y malos, se pueden leer como en un libro abierto.","protected":false},"featured_media":16419,"template":"","meta":{"_acf_changed":false},"product_brand":[],"product_cat":[844,843,839],"product_tag":[],"class_list":{"0":"post-16277","1":"product","2":"type-product","3":"status-publish","4":"has-post-thumbnail","6":"product_cat-castella","7":"product_cat-infantiles-ca","8":"product_cat-zona-kids-ca","9":"vinculo-gisela-de-cristal","11":"first","12":"instock","13":"taxable","14":"shipping-taxable","15":"purchasable","16":"product-type-simple"},"acf":[],"yoast_head":"<!-- This site is optimized with the Yoast SEO plugin v25.1 - https:\/\/yoast.com\/wordpress\/plugins\/seo\/ -->\n<title>Gisela de cristal - Libros del Zorro Rojo<\/title>\n<meta name=\"description\" content=\"Gisela es una ni\u00f1a de cristal: luminosa, fr\u00e1gil y transparente de la cabeza a los pies. Ella refleja los objetos de su alrededor y cambia de tonalidad con la luz de las estaciones. Es tan excepcional que vienen de todas partes del mundo a verla. Pero la peque\u00f1a Gisela tiene otra peculiaridad: en su frente clara, sus pensamientos, buenos y malos, se pueden leer como en un libro abierto.\" \/>\n<meta name=\"robots\" content=\"index, follow, max-snippet:-1, max-image-preview:large, max-video-preview:-1\" \/>\n<link rel=\"canonical\" href=\"https:\/\/librosdelzorrorojo.com\/ca\/cataleg\/gisela-de-cristal\/\" \/>\n<meta property=\"og:locale\" content=\"ca_ES\" \/>\n<meta property=\"og:type\" content=\"article\" \/>\n<meta property=\"og:title\" content=\"Gisela de cristal - Libros del Zorro Rojo\" \/>\n<meta property=\"og:description\" content=\"Gisela es una ni\u00f1a de cristal: luminosa, fr\u00e1gil y transparente de la cabeza a los pies. Ella refleja los objetos de su alrededor y cambia de tonalidad con la luz de las estaciones. Es tan excepcional que vienen de todas partes del mundo a verla. Pero la peque\u00f1a Gisela tiene otra peculiaridad: en su frente clara, sus pensamientos, buenos y malos, se pueden leer como en un libro abierto.\" \/>\n<meta property=\"og:url\" content=\"https:\/\/librosdelzorrorojo.com\/ca\/cataleg\/gisela-de-cristal\/\" \/>\n<meta property=\"og:site_name\" content=\"Libros del Zorro Rojo\" \/>\n<meta property=\"article:modified_time\" content=\"2024-02-29T10:41:01+00:00\" \/>\n<meta property=\"og:image\" content=\"https:\/\/librosdelzorrorojo.com\/wp-content\/uploads\/2019\/12\/16_17_gisele.jpg\" \/>\n<meta name=\"twitter:card\" content=\"summary_large_image\" \/>\n<meta name=\"twitter:label1\" content=\"Temps estimat de lectura\" \/>\n\t<meta name=\"twitter:data1\" content=\"1 minut\" \/>\n<script type=\"application\/ld+json\" class=\"yoast-schema-graph\">{\"@context\":\"https:\/\/schema.org\",\"@graph\":[{\"@type\":\"WebPage\",\"@id\":\"https:\/\/librosdelzorrorojo.com\/ca\/cataleg\/gisela-de-cristal\/\",\"url\":\"https:\/\/librosdelzorrorojo.com\/ca\/cataleg\/gisela-de-cristal\/\",\"name\":\"Gisela de cristal - Libros del Zorro Rojo\",\"isPartOf\":{\"@id\":\"https:\/\/librosdelzorrorojo.com\/#website\"},\"primaryImageOfPage\":{\"@id\":\"https:\/\/librosdelzorrorojo.com\/ca\/cataleg\/gisela-de-cristal\/#primaryimage\"},\"image\":{\"@id\":\"https:\/\/librosdelzorrorojo.com\/ca\/cataleg\/gisela-de-cristal\/#primaryimage\"},\"thumbnailUrl\":\"https:\/\/librosdelzorrorojo.com\/wp-content\/uploads\/2020\/01\/Cover_Gisela-de-cristal-WEB.jpg\",\"datePublished\":\"2020-01-22T14:04:21+00:00\",\"dateModified\":\"2024-02-29T10:41:01+00:00\",\"description\":\"Gisela es una ni\u00f1a de cristal: luminosa, fr\u00e1gil y transparente de la cabeza a los pies. Ella refleja los objetos de su alrededor y cambia de tonalidad con la luz de las estaciones. Es tan excepcional que vienen de todas partes del mundo a verla. Pero la peque\u00f1a Gisela tiene otra peculiaridad: en su frente clara, sus pensamientos, buenos y malos, se pueden leer como en un libro abierto.\",\"breadcrumb\":{\"@id\":\"https:\/\/librosdelzorrorojo.com\/ca\/cataleg\/gisela-de-cristal\/#breadcrumb\"},\"inLanguage\":\"ca\",\"potentialAction\":[{\"@type\":\"ReadAction\",\"target\":[\"https:\/\/librosdelzorrorojo.com\/ca\/cataleg\/gisela-de-cristal\/\"]}]},{\"@type\":\"ImageObject\",\"inLanguage\":\"ca\",\"@id\":\"https:\/\/librosdelzorrorojo.com\/ca\/cataleg\/gisela-de-cristal\/#primaryimage\",\"url\":\"https:\/\/librosdelzorrorojo.com\/wp-content\/uploads\/2020\/01\/Cover_Gisela-de-cristal-WEB.jpg\",\"contentUrl\":\"https:\/\/librosdelzorrorojo.com\/wp-content\/uploads\/2020\/01\/Cover_Gisela-de-cristal-WEB.jpg\",\"width\":850,\"height\":1079,\"caption\":\"Cover Gisela de cristal WEB\"},{\"@type\":\"BreadcrumbList\",\"@id\":\"https:\/\/librosdelzorrorojo.com\/ca\/cataleg\/gisela-de-cristal\/#breadcrumb\",\"itemListElement\":[{\"@type\":\"ListItem\",\"position\":1,\"name\":\"Portada\",\"item\":\"https:\/\/librosdelzorrorojo.com\/ca\/\"},{\"@type\":\"ListItem\",\"position\":2,\"name\":\"Cat\u00e0leg\",\"item\":\"https:\/\/librosdelzorrorojo.com\/ca\/cataleg\/\"},{\"@type\":\"ListItem\",\"position\":3,\"name\":\"Gisela de cristal\"}]},{\"@type\":\"WebSite\",\"@id\":\"https:\/\/librosdelzorrorojo.com\/#website\",\"url\":\"https:\/\/librosdelzorrorojo.com\/\",\"name\":\"Libros del Zorro Rojo\",\"description\":\"Libros ilustrados\",\"potentialAction\":[{\"@type\":\"SearchAction\",\"target\":{\"@type\":\"EntryPoint\",\"urlTemplate\":\"https:\/\/librosdelzorrorojo.com\/?s={search_term_string}\"},\"query-input\":{\"@type\":\"PropertyValueSpecification\",\"valueRequired\":true,\"valueName\":\"search_term_string\"}}],\"inLanguage\":\"ca\"}]}<\/script>\n<!-- \/ Yoast SEO plugin. -->","yoast_head_json":{"title":"Gisela de cristal - Libros del Zorro Rojo","description":"Gisela es una ni\u00f1a de cristal: luminosa, fr\u00e1gil y transparente de la cabeza a los pies. Ella refleja los objetos de su alrededor y cambia de tonalidad con la luz de las estaciones. Es tan excepcional que vienen de todas partes del mundo a verla. Pero la peque\u00f1a Gisela tiene otra peculiaridad: en su frente clara, sus pensamientos, buenos y malos, se pueden leer como en un libro abierto.","robots":{"index":"index","follow":"follow","max-snippet":"max-snippet:-1","max-image-preview":"max-image-preview:large","max-video-preview":"max-video-preview:-1"},"canonical":"https:\/\/librosdelzorrorojo.com\/ca\/cataleg\/gisela-de-cristal\/","og_locale":"ca_ES","og_type":"article","og_title":"Gisela de cristal - Libros del Zorro Rojo","og_description":"Gisela es una ni\u00f1a de cristal: luminosa, fr\u00e1gil y transparente de la cabeza a los pies. Ella refleja los objetos de su alrededor y cambia de tonalidad con la luz de las estaciones. Es tan excepcional que vienen de todas partes del mundo a verla. Pero la peque\u00f1a Gisela tiene otra peculiaridad: en su frente clara, sus pensamientos, buenos y malos, se pueden leer como en un libro abierto.","og_url":"https:\/\/librosdelzorrorojo.com\/ca\/cataleg\/gisela-de-cristal\/","og_site_name":"Libros del Zorro Rojo","article_modified_time":"2024-02-29T10:41:01+00:00","og_image":[{"url":"https:\/\/librosdelzorrorojo.com\/wp-content\/uploads\/2019\/12\/16_17_gisele.jpg","type":"","width":"","height":""}],"twitter_card":"summary_large_image","twitter_misc":{"Temps estimat de lectura":"1 minut"},"schema":{"@context":"https:\/\/schema.org","@graph":[{"@type":"WebPage","@id":"https:\/\/librosdelzorrorojo.com\/ca\/cataleg\/gisela-de-cristal\/","url":"https:\/\/librosdelzorrorojo.com\/ca\/cataleg\/gisela-de-cristal\/","name":"Gisela de cristal - Libros del Zorro Rojo","isPartOf":{"@id":"https:\/\/librosdelzorrorojo.com\/#website"},"primaryImageOfPage":{"@id":"https:\/\/librosdelzorrorojo.com\/ca\/cataleg\/gisela-de-cristal\/#primaryimage"},"image":{"@id":"https:\/\/librosdelzorrorojo.com\/ca\/cataleg\/gisela-de-cristal\/#primaryimage"},"thumbnailUrl":"https:\/\/librosdelzorrorojo.com\/wp-content\/uploads\/2020\/01\/Cover_Gisela-de-cristal-WEB.jpg","datePublished":"2020-01-22T14:04:21+00:00","dateModified":"2024-02-29T10:41:01+00:00","description":"Gisela es una ni\u00f1a de cristal: luminosa, fr\u00e1gil y transparente de la cabeza a los pies. Ella refleja los objetos de su alrededor y cambia de tonalidad con la luz de las estaciones. Es tan excepcional que vienen de todas partes del mundo a verla. Pero la peque\u00f1a Gisela tiene otra peculiaridad: en su frente clara, sus pensamientos, buenos y malos, se pueden leer como en un libro abierto.","breadcrumb":{"@id":"https:\/\/librosdelzorrorojo.com\/ca\/cataleg\/gisela-de-cristal\/#breadcrumb"},"inLanguage":"ca","potentialAction":[{"@type":"ReadAction","target":["https:\/\/librosdelzorrorojo.com\/ca\/cataleg\/gisela-de-cristal\/"]}]},{"@type":"ImageObject","inLanguage":"ca","@id":"https:\/\/librosdelzorrorojo.com\/ca\/cataleg\/gisela-de-cristal\/#primaryimage","url":"https:\/\/librosdelzorrorojo.com\/wp-content\/uploads\/2020\/01\/Cover_Gisela-de-cristal-WEB.jpg","contentUrl":"https:\/\/librosdelzorrorojo.com\/wp-content\/uploads\/2020\/01\/Cover_Gisela-de-cristal-WEB.jpg","width":850,"height":1079,"caption":"Cover Gisela de cristal WEB"},{"@type":"BreadcrumbList","@id":"https:\/\/librosdelzorrorojo.com\/ca\/cataleg\/gisela-de-cristal\/#breadcrumb","itemListElement":[{"@type":"ListItem","position":1,"name":"Portada","item":"https:\/\/librosdelzorrorojo.com\/ca\/"},{"@type":"ListItem","position":2,"name":"Cat\u00e0leg","item":"https:\/\/librosdelzorrorojo.com\/ca\/cataleg\/"},{"@type":"ListItem","position":3,"name":"Gisela de cristal"}]},{"@type":"WebSite","@id":"https:\/\/librosdelzorrorojo.com\/#website","url":"https:\/\/librosdelzorrorojo.com\/","name":"Libros del Zorro Rojo","description":"Libros ilustrados","potentialAction":[{"@type":"SearchAction","target":{"@type":"EntryPoint","urlTemplate":"https:\/\/librosdelzorrorojo.com\/?s={search_term_string}"},"query-input":{"@type":"PropertyValueSpecification","valueRequired":true,"valueName":"search_term_string"}}],"inLanguage":"ca"}]}},"_links":{"self":[{"href":"https:\/\/librosdelzorrorojo.com\/ca\/wp-json\/wp\/v2\/product\/16277","targetHints":{"allow":["GET"]}}],"collection":[{"href":"https:\/\/librosdelzorrorojo.com\/ca\/wp-json\/wp\/v2\/product"}],"about":[{"href":"https:\/\/librosdelzorrorojo.com\/ca\/wp-json\/wp\/v2\/types\/product"}],"wp:featuredmedia":[{"embeddable":true,"href":"https:\/\/librosdelzorrorojo.com\/ca\/wp-json\/wp\/v2\/media\/16419"}],"wp:attachment":[{"href":"https:\/\/librosdelzorrorojo.com\/ca\/wp-json\/wp\/v2\/media?parent=16277"}],"wp:term":[{"taxonomy":"product_brand","embeddable":true,"href":"https:\/\/librosdelzorrorojo.com\/ca\/wp-json\/wp\/v2\/product_brand?post=16277"},{"taxonomy":"product_cat","embeddable":true,"href":"https:\/\/librosdelzorrorojo.com\/ca\/wp-json\/wp\/v2\/product_cat?post=16277"},{"taxonomy":"product_tag","embeddable":true,"href":"https:\/\/librosdelzorrorojo.com\/ca\/wp-json\/wp\/v2\/product_tag?post=16277"}],"curies":[{"name":"wp","href":"https:\/\/api.w.org\/{rel}","templated":true}]}}