{"id":16261,"date":"2020-01-18T17:20:45","date_gmt":"2020-01-18T16:20:45","guid":{"rendered":"https:\/\/librosdelzorrorojo.com\/?post_type=product&#038;p=16261"},"modified":"2024-03-01T09:18:36","modified_gmt":"2024-03-01T08:18:36","slug":"flors-i-violes-un-jardinet-a-casa","status":"publish","type":"product","link":"https:\/\/librosdelzorrorojo.com\/ca\/cataleg\/flors-i-violes-un-jardinet-a-casa\/","title":{"rendered":"Flors i violes. Un jardinet a casa"},"content":{"rendered":"<p class=\"p2\"><span class=\"s1\"> <\/span>Cuidar d\u2019un jard\u00ed i observar la natura \u00e9s quelcom que tots podem fer, fins i tot si nom\u00e9s tenim un petit pati, un balc\u00f3 o tan sols una finestra. Aquest llibre ofereix una vintena d\u2019idees i projectes relacionats amb la naturalesa per demostrar que, a vegades, fins i tot all\u00f2 m\u00e9s complicat s\u00f3n flors i violes!<\/p>\n<p class=\"p3\">Preparar un jardinet per a pol\u00b7linitzadors en un test, fer boles de llavors de les quals brotaran flors a la vorera, cultivar noves plantes a partir de restes d\u2019hortalisses o dissenyar targetes de felicitaci\u00f3 flairants, resultar\u00e0 f\u00e0cil i irresistible per als petits jardiners i jardineres.<\/p>\n<p><span style=\"color: #ff0000;\"><a href=\"https:\/\/drive.google.com\/open?id=1OzjJJX3PGfkJoMHnPseMz1V-FpHT-jnW\" style=\"color: #ff0000;\">Descarrega un PDF amb activitats aqu\u00ed.<\/a><\/span><\/p>\n","protected":false},"excerpt":{"rendered":"Preparar un jardinet per a pol\u00b7linitzadors en un test, fer boles de llavors de les quals brotaran flors a la vorera, cultivar noves plantes a partir de restes d\u2019hortalisses o dissenyar targetes de felicitaci\u00f3 flairants, resultar\u00e0 f\u00e0cil i irresistible per als petits jardiners i jardineres.","protected":false},"featured_media":16258,"template":"","meta":{"_acf_changed":false},"product_brand":[],"product_cat":[840,839],"product_tag":[],"class_list":{"0":"post-16261","1":"product","2":"type-product","3":"status-publish","4":"has-post-thumbnail","6":"product_cat-catala","7":"product_cat-zona-kids-ca","8":"vinculo-manos-a-la-tierra","10":"first","11":"instock","12":"taxable","13":"shipping-taxable","14":"purchasable","15":"product-type-simple"},"acf":[],"yoast_head":"<!-- This site is optimized with the Yoast SEO plugin v25.1 - https:\/\/yoast.com\/wordpress\/plugins\/seo\/ -->\n<title>Flors i violes. Un jardinet a casa - Libros del Zorro Rojo<\/title>\n<meta name=\"description\" content=\"Aquest llibre ofereix una vintena d\u2019idees i projectes relacionats amb la naturalesa per demostrar que, a vegades, fins i tot all\u00f2 m\u00e9s complicat s\u00f3n flors i violes!\" \/>\n<meta name=\"robots\" content=\"index, follow, max-snippet:-1, max-image-preview:large, max-video-preview:-1\" \/>\n<link rel=\"canonical\" href=\"https:\/\/librosdelzorrorojo.com\/ca\/cataleg\/flors-i-violes-un-jardinet-a-casa\/\" \/>\n<meta property=\"og:locale\" content=\"ca_ES\" \/>\n<meta property=\"og:type\" content=\"article\" \/>\n<meta property=\"og:title\" content=\"Flors i violes - Libros del Zorro Rojo\" \/>\n<meta property=\"og:description\" content=\"Aquest llibre ofereix una vintena d\u2019idees i projectes relacionats amb la naturalesa per demostrar que, a vegades, fins i tot all\u00f2 m\u00e9s complicat s\u00f3n flors i violes!\" \/>\n<meta property=\"og:url\" content=\"https:\/\/librosdelzorrorojo.com\/ca\/cataleg\/flors-i-violes-un-jardinet-a-casa\/\" \/>\n<meta property=\"og:site_name\" content=\"Libros del Zorro Rojo\" \/>\n<meta property=\"article:modified_time\" content=\"2024-03-01T08:18:36+00:00\" \/>\n<meta property=\"og:image\" content=\"https:\/\/librosdelzorrorojo.com\/wp-content\/uploads\/2020\/01\/Cover-Manos-a-la-tierra_CAT_LOW.jpg\" \/>\n\t<meta property=\"og:image:width\" content=\"2535\" \/>\n\t<meta property=\"og:image:height\" content=\"3128\" \/>\n\t<meta property=\"og:image:type\" content=\"image\/jpeg\" \/>\n<meta name=\"twitter:card\" content=\"summary_large_image\" \/>\n<meta name=\"twitter:label1\" content=\"Temps estimat de lectura\" \/>\n\t<meta name=\"twitter:data1\" content=\"1 minut\" \/>\n<script type=\"application\/ld+json\" class=\"yoast-schema-graph\">{\"@context\":\"https:\/\/schema.org\",\"@graph\":[{\"@type\":\"WebPage\",\"@id\":\"https:\/\/librosdelzorrorojo.com\/ca\/cataleg\/flors-i-violes-un-jardinet-a-casa\/\",\"url\":\"https:\/\/librosdelzorrorojo.com\/ca\/cataleg\/flors-i-violes-un-jardinet-a-casa\/\",\"name\":\"Flors i violes. Un jardinet a casa - Libros del Zorro Rojo\",\"isPartOf\":{\"@id\":\"https:\/\/librosdelzorrorojo.com\/#website\"},\"primaryImageOfPage\":{\"@id\":\"https:\/\/librosdelzorrorojo.com\/ca\/cataleg\/flors-i-violes-un-jardinet-a-casa\/#primaryimage\"},\"image\":{\"@id\":\"https:\/\/librosdelzorrorojo.com\/ca\/cataleg\/flors-i-violes-un-jardinet-a-casa\/#primaryimage\"},\"thumbnailUrl\":\"https:\/\/librosdelzorrorojo.com\/wp-content\/uploads\/2020\/01\/Cover-Manos-a-la-tierra_CAT_LOW.jpg\",\"datePublished\":\"2020-01-18T16:20:45+00:00\",\"dateModified\":\"2024-03-01T08:18:36+00:00\",\"description\":\"Aquest llibre ofereix una vintena d\u2019idees i projectes relacionats amb la naturalesa per demostrar que, a vegades, fins i tot all\u00f2 m\u00e9s complicat s\u00f3n flors i violes!\",\"breadcrumb\":{\"@id\":\"https:\/\/librosdelzorrorojo.com\/ca\/cataleg\/flors-i-violes-un-jardinet-a-casa\/#breadcrumb\"},\"inLanguage\":\"ca\",\"potentialAction\":[{\"@type\":\"ReadAction\",\"target\":[\"https:\/\/librosdelzorrorojo.com\/ca\/cataleg\/flors-i-violes-un-jardinet-a-casa\/\"]}]},{\"@type\":\"ImageObject\",\"inLanguage\":\"ca\",\"@id\":\"https:\/\/librosdelzorrorojo.com\/ca\/cataleg\/flors-i-violes-un-jardinet-a-casa\/#primaryimage\",\"url\":\"https:\/\/librosdelzorrorojo.com\/wp-content\/uploads\/2020\/01\/Cover-Manos-a-la-tierra_CAT_LOW.jpg\",\"contentUrl\":\"https:\/\/librosdelzorrorojo.com\/wp-content\/uploads\/2020\/01\/Cover-Manos-a-la-tierra_CAT_LOW.jpg\",\"width\":2535,\"height\":3128,\"caption\":\"Cover Manos a la tierra CAT LOW\"},{\"@type\":\"BreadcrumbList\",\"@id\":\"https:\/\/librosdelzorrorojo.com\/ca\/cataleg\/flors-i-violes-un-jardinet-a-casa\/#breadcrumb\",\"itemListElement\":[{\"@type\":\"ListItem\",\"position\":1,\"name\":\"Portada\",\"item\":\"https:\/\/librosdelzorrorojo.com\/ca\/\"},{\"@type\":\"ListItem\",\"position\":2,\"name\":\"Cat\u00e0leg\",\"item\":\"https:\/\/librosdelzorrorojo.com\/ca\/cataleg\/\"},{\"@type\":\"ListItem\",\"position\":3,\"name\":\"Flors i violes. Un jardinet a casa\"}]},{\"@type\":\"WebSite\",\"@id\":\"https:\/\/librosdelzorrorojo.com\/#website\",\"url\":\"https:\/\/librosdelzorrorojo.com\/\",\"name\":\"Libros del Zorro Rojo\",\"description\":\"Libros ilustrados\",\"potentialAction\":[{\"@type\":\"SearchAction\",\"target\":{\"@type\":\"EntryPoint\",\"urlTemplate\":\"https:\/\/librosdelzorrorojo.com\/?s={search_term_string}\"},\"query-input\":{\"@type\":\"PropertyValueSpecification\",\"valueRequired\":true,\"valueName\":\"search_term_string\"}}],\"inLanguage\":\"ca\"}]}<\/script>\n<!-- \/ Yoast SEO plugin. -->","yoast_head_json":{"title":"Flors i violes. Un jardinet a casa - Libros del Zorro Rojo","description":"Aquest llibre ofereix una vintena d\u2019idees i projectes relacionats amb la naturalesa per demostrar que, a vegades, fins i tot all\u00f2 m\u00e9s complicat s\u00f3n flors i violes!","robots":{"index":"index","follow":"follow","max-snippet":"max-snippet:-1","max-image-preview":"max-image-preview:large","max-video-preview":"max-video-preview:-1"},"canonical":"https:\/\/librosdelzorrorojo.com\/ca\/cataleg\/flors-i-violes-un-jardinet-a-casa\/","og_locale":"ca_ES","og_type":"article","og_title":"Flors i violes - Libros del Zorro Rojo","og_description":"Aquest llibre ofereix una vintena d\u2019idees i projectes relacionats amb la naturalesa per demostrar que, a vegades, fins i tot all\u00f2 m\u00e9s complicat s\u00f3n flors i violes!","og_url":"https:\/\/librosdelzorrorojo.com\/ca\/cataleg\/flors-i-violes-un-jardinet-a-casa\/","og_site_name":"Libros del Zorro Rojo","article_modified_time":"2024-03-01T08:18:36+00:00","og_image":[{"width":2535,"height":3128,"url":"https:\/\/librosdelzorrorojo.com\/wp-content\/uploads\/2020\/01\/Cover-Manos-a-la-tierra_CAT_LOW.jpg","type":"image\/jpeg"}],"twitter_card":"summary_large_image","twitter_misc":{"Temps estimat de lectura":"1 minut"},"schema":{"@context":"https:\/\/schema.org","@graph":[{"@type":"WebPage","@id":"https:\/\/librosdelzorrorojo.com\/ca\/cataleg\/flors-i-violes-un-jardinet-a-casa\/","url":"https:\/\/librosdelzorrorojo.com\/ca\/cataleg\/flors-i-violes-un-jardinet-a-casa\/","name":"Flors i violes. Un jardinet a casa - Libros del Zorro Rojo","isPartOf":{"@id":"https:\/\/librosdelzorrorojo.com\/#website"},"primaryImageOfPage":{"@id":"https:\/\/librosdelzorrorojo.com\/ca\/cataleg\/flors-i-violes-un-jardinet-a-casa\/#primaryimage"},"image":{"@id":"https:\/\/librosdelzorrorojo.com\/ca\/cataleg\/flors-i-violes-un-jardinet-a-casa\/#primaryimage"},"thumbnailUrl":"https:\/\/librosdelzorrorojo.com\/wp-content\/uploads\/2020\/01\/Cover-Manos-a-la-tierra_CAT_LOW.jpg","datePublished":"2020-01-18T16:20:45+00:00","dateModified":"2024-03-01T08:18:36+00:00","description":"Aquest llibre ofereix una vintena d\u2019idees i projectes relacionats amb la naturalesa per demostrar que, a vegades, fins i tot all\u00f2 m\u00e9s complicat s\u00f3n flors i violes!","breadcrumb":{"@id":"https:\/\/librosdelzorrorojo.com\/ca\/cataleg\/flors-i-violes-un-jardinet-a-casa\/#breadcrumb"},"inLanguage":"ca","potentialAction":[{"@type":"ReadAction","target":["https:\/\/librosdelzorrorojo.com\/ca\/cataleg\/flors-i-violes-un-jardinet-a-casa\/"]}]},{"@type":"ImageObject","inLanguage":"ca","@id":"https:\/\/librosdelzorrorojo.com\/ca\/cataleg\/flors-i-violes-un-jardinet-a-casa\/#primaryimage","url":"https:\/\/librosdelzorrorojo.com\/wp-content\/uploads\/2020\/01\/Cover-Manos-a-la-tierra_CAT_LOW.jpg","contentUrl":"https:\/\/librosdelzorrorojo.com\/wp-content\/uploads\/2020\/01\/Cover-Manos-a-la-tierra_CAT_LOW.jpg","width":2535,"height":3128,"caption":"Cover Manos a la tierra CAT LOW"},{"@type":"BreadcrumbList","@id":"https:\/\/librosdelzorrorojo.com\/ca\/cataleg\/flors-i-violes-un-jardinet-a-casa\/#breadcrumb","itemListElement":[{"@type":"ListItem","position":1,"name":"Portada","item":"https:\/\/librosdelzorrorojo.com\/ca\/"},{"@type":"ListItem","position":2,"name":"Cat\u00e0leg","item":"https:\/\/librosdelzorrorojo.com\/ca\/cataleg\/"},{"@type":"ListItem","position":3,"name":"Flors i violes. Un jardinet a casa"}]},{"@type":"WebSite","@id":"https:\/\/librosdelzorrorojo.com\/#website","url":"https:\/\/librosdelzorrorojo.com\/","name":"Libros del Zorro Rojo","description":"Libros ilustrados","potentialAction":[{"@type":"SearchAction","target":{"@type":"EntryPoint","urlTemplate":"https:\/\/librosdelzorrorojo.com\/?s={search_term_string}"},"query-input":{"@type":"PropertyValueSpecification","valueRequired":true,"valueName":"search_term_string"}}],"inLanguage":"ca"}]}},"_links":{"self":[{"href":"https:\/\/librosdelzorrorojo.com\/ca\/wp-json\/wp\/v2\/product\/16261","targetHints":{"allow":["GET"]}}],"collection":[{"href":"https:\/\/librosdelzorrorojo.com\/ca\/wp-json\/wp\/v2\/product"}],"about":[{"href":"https:\/\/librosdelzorrorojo.com\/ca\/wp-json\/wp\/v2\/types\/product"}],"wp:featuredmedia":[{"embeddable":true,"href":"https:\/\/librosdelzorrorojo.com\/ca\/wp-json\/wp\/v2\/media\/16258"}],"wp:attachment":[{"href":"https:\/\/librosdelzorrorojo.com\/ca\/wp-json\/wp\/v2\/media?parent=16261"}],"wp:term":[{"taxonomy":"product_brand","embeddable":true,"href":"https:\/\/librosdelzorrorojo.com\/ca\/wp-json\/wp\/v2\/product_brand?post=16261"},{"taxonomy":"product_cat","embeddable":true,"href":"https:\/\/librosdelzorrorojo.com\/ca\/wp-json\/wp\/v2\/product_cat?post=16261"},{"taxonomy":"product_tag","embeddable":true,"href":"https:\/\/librosdelzorrorojo.com\/ca\/wp-json\/wp\/v2\/product_tag?post=16261"}],"curies":[{"name":"wp","href":"https:\/\/api.w.org\/{rel}","templated":true}]}}