{"id":15831,"date":"2011-10-19T13:15:28","date_gmt":"2011-10-19T12:59:40","guid":{"rendered":"https:\/\/librosdelzorrorojo.com\/?post_type=product&#038;p=15831"},"modified":"2024-02-29T11:40:58","modified_gmt":"2024-02-29T10:40:58","slug":"un-bestiario-de-la-prehistoria","status":"publish","type":"product","link":"https:\/\/librosdelzorrorojo.com\/ca\/cataleg\/un-bestiario-de-la-prehistoria\/","title":{"rendered":"Un bestiario de la prehistoria"},"content":{"rendered":"<p><span>\u00abHace m\u00e1s de treinta mil a\u00f1os, el ser humano dibuj\u00f3 por primera vez. La historia de la expresi\u00f3n art\u00edstica comenzaba con l\u00edneas y trazos cargados de simbolismo, en el que se expresaban deseos, conjuros emociones. Hoy se recopilan en este libro muchos de estos testimonios, hallados en cuevas de Espa\u00f1a y Francia\u00bb.<\/span><\/p>\n<p><span>Este bestiario de la prehistoria no solo hace un recorrido por la fauna primitiva, si no que recoge la mirada de hombres y mujeres sobre un mismo animal. Es, por lo tanto, un libro para conocer y despertar la curiosidad por los primeros tiempos, pero tambi\u00e9n para sugerir e imaginar.<\/span><span>\u00a0Un libro para aprender a leer las im\u00e1genes desde el comienzo de nuestra historia.<\/span><\/p>\n","protected":false},"excerpt":{"rendered":"<span>Este bestiario de la prehistoria no solo hace un recorrido por la fauna primitiva, si no que recoge la mirada de hombres y mujeres sobre un mismo animal.<\/span>","protected":false},"featured_media":0,"template":"","meta":{"_acf_changed":false},"product_brand":[],"product_cat":[844,843],"product_tag":[],"class_list":{"0":"post-15831","1":"product","2":"type-product","3":"status-publish","5":"product_cat-castella","6":"product_cat-infantiles-ca","8":"first","9":"instock","10":"taxable","11":"shipping-taxable","12":"purchasable","13":"product-type-simple"},"acf":[],"yoast_head":"<!-- This site is optimized with the Yoast SEO plugin v25.1 - https:\/\/yoast.com\/wordpress\/plugins\/seo\/ -->\n<title>Un bestiario de la prehistoria - Libros del Zorro Rojo<\/title>\n<meta name=\"robots\" content=\"index, follow, max-snippet:-1, max-image-preview:large, max-video-preview:-1\" \/>\n<link rel=\"canonical\" href=\"https:\/\/librosdelzorrorojo.com\/ca\/cataleg\/un-bestiario-de-la-prehistoria\/\" \/>\n<meta property=\"og:locale\" content=\"ca_ES\" \/>\n<meta property=\"og:type\" content=\"article\" \/>\n<meta property=\"og:title\" content=\"Un bestiario de la prehistoria - Libros del Zorro Rojo\" \/>\n<meta property=\"og:description\" content=\"Este bestiario de la prehistoria no solo hace un recorrido por la fauna primitiva, si no que recoge la mirada de hombres y mujeres sobre un mismo animal.\" \/>\n<meta property=\"og:url\" content=\"https:\/\/librosdelzorrorojo.com\/ca\/cataleg\/un-bestiario-de-la-prehistoria\/\" \/>\n<meta property=\"og:site_name\" content=\"Libros del Zorro Rojo\" \/>\n<meta property=\"article:modified_time\" content=\"2024-02-29T10:40:58+00:00\" \/>\n<meta name=\"twitter:card\" content=\"summary_large_image\" \/>\n<meta name=\"twitter:label1\" content=\"Temps estimat de lectura\" \/>\n\t<meta name=\"twitter:data1\" content=\"1 minut\" \/>\n<script type=\"application\/ld+json\" class=\"yoast-schema-graph\">{\"@context\":\"https:\/\/schema.org\",\"@graph\":[{\"@type\":\"WebPage\",\"@id\":\"https:\/\/librosdelzorrorojo.com\/ca\/cataleg\/un-bestiario-de-la-prehistoria\/\",\"url\":\"https:\/\/librosdelzorrorojo.com\/ca\/cataleg\/un-bestiario-de-la-prehistoria\/\",\"name\":\"Un bestiario de la prehistoria - Libros del Zorro Rojo\",\"isPartOf\":{\"@id\":\"https:\/\/librosdelzorrorojo.com\/#website\"},\"datePublished\":\"2011-10-19T12:59:40+00:00\",\"dateModified\":\"2024-02-29T10:40:58+00:00\",\"breadcrumb\":{\"@id\":\"https:\/\/librosdelzorrorojo.com\/ca\/cataleg\/un-bestiario-de-la-prehistoria\/#breadcrumb\"},\"inLanguage\":\"ca\",\"potentialAction\":[{\"@type\":\"ReadAction\",\"target\":[\"https:\/\/librosdelzorrorojo.com\/ca\/cataleg\/un-bestiario-de-la-prehistoria\/\"]}]},{\"@type\":\"BreadcrumbList\",\"@id\":\"https:\/\/librosdelzorrorojo.com\/ca\/cataleg\/un-bestiario-de-la-prehistoria\/#breadcrumb\",\"itemListElement\":[{\"@type\":\"ListItem\",\"position\":1,\"name\":\"Portada\",\"item\":\"https:\/\/librosdelzorrorojo.com\/ca\/\"},{\"@type\":\"ListItem\",\"position\":2,\"name\":\"Cat\u00e0leg\",\"item\":\"https:\/\/librosdelzorrorojo.com\/ca\/cataleg\/\"},{\"@type\":\"ListItem\",\"position\":3,\"name\":\"Un bestiario de la prehistoria\"}]},{\"@type\":\"WebSite\",\"@id\":\"https:\/\/librosdelzorrorojo.com\/#website\",\"url\":\"https:\/\/librosdelzorrorojo.com\/\",\"name\":\"Libros del Zorro Rojo\",\"description\":\"Libros ilustrados\",\"potentialAction\":[{\"@type\":\"SearchAction\",\"target\":{\"@type\":\"EntryPoint\",\"urlTemplate\":\"https:\/\/librosdelzorrorojo.com\/?s={search_term_string}\"},\"query-input\":{\"@type\":\"PropertyValueSpecification\",\"valueRequired\":true,\"valueName\":\"search_term_string\"}}],\"inLanguage\":\"ca\"}]}<\/script>\n<!-- \/ Yoast SEO plugin. -->","yoast_head_json":{"title":"Un bestiario de la prehistoria - Libros del Zorro Rojo","robots":{"index":"index","follow":"follow","max-snippet":"max-snippet:-1","max-image-preview":"max-image-preview:large","max-video-preview":"max-video-preview:-1"},"canonical":"https:\/\/librosdelzorrorojo.com\/ca\/cataleg\/un-bestiario-de-la-prehistoria\/","og_locale":"ca_ES","og_type":"article","og_title":"Un bestiario de la prehistoria - Libros del Zorro Rojo","og_description":"Este bestiario de la prehistoria no solo hace un recorrido por la fauna primitiva, si no que recoge la mirada de hombres y mujeres sobre un mismo animal.","og_url":"https:\/\/librosdelzorrorojo.com\/ca\/cataleg\/un-bestiario-de-la-prehistoria\/","og_site_name":"Libros del Zorro Rojo","article_modified_time":"2024-02-29T10:40:58+00:00","twitter_card":"summary_large_image","twitter_misc":{"Temps estimat de lectura":"1 minut"},"schema":{"@context":"https:\/\/schema.org","@graph":[{"@type":"WebPage","@id":"https:\/\/librosdelzorrorojo.com\/ca\/cataleg\/un-bestiario-de-la-prehistoria\/","url":"https:\/\/librosdelzorrorojo.com\/ca\/cataleg\/un-bestiario-de-la-prehistoria\/","name":"Un bestiario de la prehistoria - Libros del Zorro Rojo","isPartOf":{"@id":"https:\/\/librosdelzorrorojo.com\/#website"},"datePublished":"2011-10-19T12:59:40+00:00","dateModified":"2024-02-29T10:40:58+00:00","breadcrumb":{"@id":"https:\/\/librosdelzorrorojo.com\/ca\/cataleg\/un-bestiario-de-la-prehistoria\/#breadcrumb"},"inLanguage":"ca","potentialAction":[{"@type":"ReadAction","target":["https:\/\/librosdelzorrorojo.com\/ca\/cataleg\/un-bestiario-de-la-prehistoria\/"]}]},{"@type":"BreadcrumbList","@id":"https:\/\/librosdelzorrorojo.com\/ca\/cataleg\/un-bestiario-de-la-prehistoria\/#breadcrumb","itemListElement":[{"@type":"ListItem","position":1,"name":"Portada","item":"https:\/\/librosdelzorrorojo.com\/ca\/"},{"@type":"ListItem","position":2,"name":"Cat\u00e0leg","item":"https:\/\/librosdelzorrorojo.com\/ca\/cataleg\/"},{"@type":"ListItem","position":3,"name":"Un bestiario de la prehistoria"}]},{"@type":"WebSite","@id":"https:\/\/librosdelzorrorojo.com\/#website","url":"https:\/\/librosdelzorrorojo.com\/","name":"Libros del Zorro Rojo","description":"Libros ilustrados","potentialAction":[{"@type":"SearchAction","target":{"@type":"EntryPoint","urlTemplate":"https:\/\/librosdelzorrorojo.com\/?s={search_term_string}"},"query-input":{"@type":"PropertyValueSpecification","valueRequired":true,"valueName":"search_term_string"}}],"inLanguage":"ca"}]}},"_links":{"self":[{"href":"https:\/\/librosdelzorrorojo.com\/ca\/wp-json\/wp\/v2\/product\/15831","targetHints":{"allow":["GET"]}}],"collection":[{"href":"https:\/\/librosdelzorrorojo.com\/ca\/wp-json\/wp\/v2\/product"}],"about":[{"href":"https:\/\/librosdelzorrorojo.com\/ca\/wp-json\/wp\/v2\/types\/product"}],"wp:attachment":[{"href":"https:\/\/librosdelzorrorojo.com\/ca\/wp-json\/wp\/v2\/media?parent=15831"}],"wp:term":[{"taxonomy":"product_brand","embeddable":true,"href":"https:\/\/librosdelzorrorojo.com\/ca\/wp-json\/wp\/v2\/product_brand?post=15831"},{"taxonomy":"product_cat","embeddable":true,"href":"https:\/\/librosdelzorrorojo.com\/ca\/wp-json\/wp\/v2\/product_cat?post=15831"},{"taxonomy":"product_tag","embeddable":true,"href":"https:\/\/librosdelzorrorojo.com\/ca\/wp-json\/wp\/v2\/product_tag?post=15831"}],"curies":[{"name":"wp","href":"https:\/\/api.w.org\/{rel}","templated":true}]}}