{"id":15448,"date":"2019-10-21T16:20:00","date_gmt":"2019-10-21T14:20:53","guid":{"rendered":"https:\/\/librosdelzorrorojo.com\/?post_type=product&#038;p=15448"},"modified":"2024-02-29T11:40:56","modified_gmt":"2024-02-29T10:40:56","slug":"un-milagro-para-helen","status":"publish","type":"product","link":"https:\/\/librosdelzorrorojo.com\/ca\/cataleg\/un-milagro-para-helen\/","title":{"rendered":"Un milagro para Helen"},"content":{"rendered":"<p>\u00abMe llamo Helen, pero nunca he escuchado el sonido de mi nombre ni conozco su graf\u00eda sobre un papel.\u00bb<\/p>\n<p>La historia de Helen Keller y Anne Sullivan dio la vuelta al mundo. En 1882, con apenas dos a\u00f1os, Helen qued\u00f3 ciega y sorda. Hundida en su oscuridad, creci\u00f3 como una ni\u00f1a salvaje y caprichosa. Sus padres, desesperados, buscaron a alguien que les ayudara a educarla. Esa persona fue Anne Sullivan, una maestra que supo encontrar una forma de comunicarse con la ni\u00f1a a trav\u00e9s del alfabeto manual, que consiste en formar letras con los dedos en la palma de la mano de la otra persona. Helen aprendi\u00f3 poco a poco los nombres de las cosas, y a partir de ese momento su vida cambi\u00f3 radicalmente.<\/p>\n<p>Las ilustraciones de Ana Juan introducen al lector en el mundo de tinieblas en el que vive la protagonista. En ellas destaca el uso magistral de la met\u00e1fora visual para trasmitir el miedo, la soledad y la frustraci\u00f3n, pero tambi\u00e9n la fuerza interna de los personajes, inmersos en un entorno que gana en detalle y est\u00edmulos sensoriales a trav\u00e9s de la l\u00ednea y el color.<\/p>\n<p>La historia de Helen Keller sigue siendo un testimonio hermoso y mod\u00e9lico de superaci\u00f3n y valent\u00eda humanas, que pone de relieve el tema de la integraci\u00f3n de las personas con discapacidad. Esta obra rinde tributo a Helen Keller y Anne Sullivan, precursoras de la pedagog\u00eda moderna en el \u00e1mbito de la sordo-ceguera y cuya labor ha sido reconocida en todo el mundo.<\/p>\n","protected":false},"excerpt":{"rendered":"\u00abMe llamo Helen, pero nunca he escuchado el sonido de mi nombre ni conozco su graf\u00eda sobre un papel.\u00bb La historia de Helen Keller y Anne Sullivan dio la vuelta al mundo. En 1882, con apenas dos a\u00f1os, Helen qued\u00f3 ciega y sorda. Hundida en su oscuridad, creci\u00f3 como una ni\u00f1a salvaje y caprichosa. Sus [&hellip;]","protected":false},"featured_media":15561,"template":"","meta":{"_acf_changed":false},"product_brand":[],"product_cat":[844,3156],"product_tag":[],"class_list":{"0":"post-15448","1":"product","2":"type-product","3":"status-publish","4":"has-post-thumbnail","6":"product_cat-castella","7":"product_cat-juvenil-adult","9":"first","10":"instock","11":"taxable","12":"shipping-taxable","13":"purchasable","14":"product-type-simple"},"acf":[],"yoast_head":"<!-- This site is optimized with the Yoast SEO plugin v25.1 - https:\/\/yoast.com\/wordpress\/plugins\/seo\/ -->\n<title>Un milagro para Helen - Libros del Zorro Rojo<\/title>\n<meta name=\"robots\" content=\"index, follow, max-snippet:-1, max-image-preview:large, max-video-preview:-1\" \/>\n<link rel=\"canonical\" href=\"https:\/\/librosdelzorrorojo.com\/ca\/cataleg\/un-milagro-para-helen\/\" \/>\n<meta property=\"og:locale\" content=\"ca_ES\" \/>\n<meta property=\"og:type\" content=\"article\" \/>\n<meta property=\"og:title\" content=\"Un milagro para Helen - Libros del Zorro Rojo\" \/>\n<meta property=\"og:description\" content=\"\u00abMe llamo Helen, pero nunca he escuchado el sonido de mi nombre ni conozco su graf\u00eda sobre un papel.\u00bb La historia de Helen Keller y Anne Sullivan dio la vuelta al mundo. En 1882, con apenas dos a\u00f1os, Helen qued\u00f3 ciega y sorda. Hundida en su oscuridad, creci\u00f3 como una ni\u00f1a salvaje y caprichosa. Sus [&hellip;]\" \/>\n<meta property=\"og:url\" content=\"https:\/\/librosdelzorrorojo.com\/ca\/cataleg\/un-milagro-para-helen\/\" \/>\n<meta property=\"og:site_name\" content=\"Libros del Zorro Rojo\" \/>\n<meta property=\"article:modified_time\" content=\"2024-02-29T10:40:56+00:00\" \/>\n<meta property=\"og:image\" content=\"https:\/\/librosdelzorrorojo.com\/wp-content\/uploads\/2019\/10\/Book-Un-milagro-para-Helen-Final_P\u00e1gina_48.jpg\" \/>\n<meta name=\"twitter:card\" content=\"summary_large_image\" \/>\n<meta name=\"twitter:label1\" content=\"Temps estimat de lectura\" \/>\n\t<meta name=\"twitter:data1\" content=\"1 minut\" \/>\n<script type=\"application\/ld+json\" class=\"yoast-schema-graph\">{\"@context\":\"https:\/\/schema.org\",\"@graph\":[{\"@type\":\"WebPage\",\"@id\":\"https:\/\/librosdelzorrorojo.com\/ca\/cataleg\/un-milagro-para-helen\/\",\"url\":\"https:\/\/librosdelzorrorojo.com\/ca\/cataleg\/un-milagro-para-helen\/\",\"name\":\"Un milagro para Helen - Libros del Zorro Rojo\",\"isPartOf\":{\"@id\":\"https:\/\/librosdelzorrorojo.com\/#website\"},\"primaryImageOfPage\":{\"@id\":\"https:\/\/librosdelzorrorojo.com\/ca\/cataleg\/un-milagro-para-helen\/#primaryimage\"},\"image\":{\"@id\":\"https:\/\/librosdelzorrorojo.com\/ca\/cataleg\/un-milagro-para-helen\/#primaryimage\"},\"thumbnailUrl\":\"https:\/\/librosdelzorrorojo.com\/wp-content\/uploads\/2019\/10\/Cover_UnMilagroParaHelen-WEB.jpg\",\"datePublished\":\"2019-10-21T14:20:53+00:00\",\"dateModified\":\"2024-02-29T10:40:56+00:00\",\"breadcrumb\":{\"@id\":\"https:\/\/librosdelzorrorojo.com\/ca\/cataleg\/un-milagro-para-helen\/#breadcrumb\"},\"inLanguage\":\"ca\",\"potentialAction\":[{\"@type\":\"ReadAction\",\"target\":[\"https:\/\/librosdelzorrorojo.com\/ca\/cataleg\/un-milagro-para-helen\/\"]}]},{\"@type\":\"ImageObject\",\"inLanguage\":\"ca\",\"@id\":\"https:\/\/librosdelzorrorojo.com\/ca\/cataleg\/un-milagro-para-helen\/#primaryimage\",\"url\":\"https:\/\/librosdelzorrorojo.com\/wp-content\/uploads\/2019\/10\/Cover_UnMilagroParaHelen-WEB.jpg\",\"contentUrl\":\"https:\/\/librosdelzorrorojo.com\/wp-content\/uploads\/2019\/10\/Cover_UnMilagroParaHelen-WEB.jpg\",\"width\":850,\"height\":1134,\"caption\":\"Cover UnMilagroParaHelen WEB\"},{\"@type\":\"BreadcrumbList\",\"@id\":\"https:\/\/librosdelzorrorojo.com\/ca\/cataleg\/un-milagro-para-helen\/#breadcrumb\",\"itemListElement\":[{\"@type\":\"ListItem\",\"position\":1,\"name\":\"Portada\",\"item\":\"https:\/\/librosdelzorrorojo.com\/ca\/\"},{\"@type\":\"ListItem\",\"position\":2,\"name\":\"Cat\u00e0leg\",\"item\":\"https:\/\/librosdelzorrorojo.com\/ca\/cataleg\/\"},{\"@type\":\"ListItem\",\"position\":3,\"name\":\"Un milagro para Helen\"}]},{\"@type\":\"WebSite\",\"@id\":\"https:\/\/librosdelzorrorojo.com\/#website\",\"url\":\"https:\/\/librosdelzorrorojo.com\/\",\"name\":\"Libros del Zorro Rojo\",\"description\":\"Libros ilustrados\",\"potentialAction\":[{\"@type\":\"SearchAction\",\"target\":{\"@type\":\"EntryPoint\",\"urlTemplate\":\"https:\/\/librosdelzorrorojo.com\/?s={search_term_string}\"},\"query-input\":{\"@type\":\"PropertyValueSpecification\",\"valueRequired\":true,\"valueName\":\"search_term_string\"}}],\"inLanguage\":\"ca\"}]}<\/script>\n<!-- \/ Yoast SEO plugin. -->","yoast_head_json":{"title":"Un milagro para Helen - Libros del Zorro Rojo","robots":{"index":"index","follow":"follow","max-snippet":"max-snippet:-1","max-image-preview":"max-image-preview:large","max-video-preview":"max-video-preview:-1"},"canonical":"https:\/\/librosdelzorrorojo.com\/ca\/cataleg\/un-milagro-para-helen\/","og_locale":"ca_ES","og_type":"article","og_title":"Un milagro para Helen - Libros del Zorro Rojo","og_description":"\u00abMe llamo Helen, pero nunca he escuchado el sonido de mi nombre ni conozco su graf\u00eda sobre un papel.\u00bb La historia de Helen Keller y Anne Sullivan dio la vuelta al mundo. En 1882, con apenas dos a\u00f1os, Helen qued\u00f3 ciega y sorda. Hundida en su oscuridad, creci\u00f3 como una ni\u00f1a salvaje y caprichosa. Sus [&hellip;]","og_url":"https:\/\/librosdelzorrorojo.com\/ca\/cataleg\/un-milagro-para-helen\/","og_site_name":"Libros del Zorro Rojo","article_modified_time":"2024-02-29T10:40:56+00:00","og_image":[{"url":"https:\/\/librosdelzorrorojo.com\/wp-content\/uploads\/2019\/10\/Book-Un-milagro-para-Helen-Final_P\u00e1gina_48.jpg","type":"","width":"","height":""}],"twitter_card":"summary_large_image","twitter_misc":{"Temps estimat de lectura":"1 minut"},"schema":{"@context":"https:\/\/schema.org","@graph":[{"@type":"WebPage","@id":"https:\/\/librosdelzorrorojo.com\/ca\/cataleg\/un-milagro-para-helen\/","url":"https:\/\/librosdelzorrorojo.com\/ca\/cataleg\/un-milagro-para-helen\/","name":"Un milagro para Helen - Libros del Zorro Rojo","isPartOf":{"@id":"https:\/\/librosdelzorrorojo.com\/#website"},"primaryImageOfPage":{"@id":"https:\/\/librosdelzorrorojo.com\/ca\/cataleg\/un-milagro-para-helen\/#primaryimage"},"image":{"@id":"https:\/\/librosdelzorrorojo.com\/ca\/cataleg\/un-milagro-para-helen\/#primaryimage"},"thumbnailUrl":"https:\/\/librosdelzorrorojo.com\/wp-content\/uploads\/2019\/10\/Cover_UnMilagroParaHelen-WEB.jpg","datePublished":"2019-10-21T14:20:53+00:00","dateModified":"2024-02-29T10:40:56+00:00","breadcrumb":{"@id":"https:\/\/librosdelzorrorojo.com\/ca\/cataleg\/un-milagro-para-helen\/#breadcrumb"},"inLanguage":"ca","potentialAction":[{"@type":"ReadAction","target":["https:\/\/librosdelzorrorojo.com\/ca\/cataleg\/un-milagro-para-helen\/"]}]},{"@type":"ImageObject","inLanguage":"ca","@id":"https:\/\/librosdelzorrorojo.com\/ca\/cataleg\/un-milagro-para-helen\/#primaryimage","url":"https:\/\/librosdelzorrorojo.com\/wp-content\/uploads\/2019\/10\/Cover_UnMilagroParaHelen-WEB.jpg","contentUrl":"https:\/\/librosdelzorrorojo.com\/wp-content\/uploads\/2019\/10\/Cover_UnMilagroParaHelen-WEB.jpg","width":850,"height":1134,"caption":"Cover UnMilagroParaHelen WEB"},{"@type":"BreadcrumbList","@id":"https:\/\/librosdelzorrorojo.com\/ca\/cataleg\/un-milagro-para-helen\/#breadcrumb","itemListElement":[{"@type":"ListItem","position":1,"name":"Portada","item":"https:\/\/librosdelzorrorojo.com\/ca\/"},{"@type":"ListItem","position":2,"name":"Cat\u00e0leg","item":"https:\/\/librosdelzorrorojo.com\/ca\/cataleg\/"},{"@type":"ListItem","position":3,"name":"Un milagro para Helen"}]},{"@type":"WebSite","@id":"https:\/\/librosdelzorrorojo.com\/#website","url":"https:\/\/librosdelzorrorojo.com\/","name":"Libros del Zorro Rojo","description":"Libros ilustrados","potentialAction":[{"@type":"SearchAction","target":{"@type":"EntryPoint","urlTemplate":"https:\/\/librosdelzorrorojo.com\/?s={search_term_string}"},"query-input":{"@type":"PropertyValueSpecification","valueRequired":true,"valueName":"search_term_string"}}],"inLanguage":"ca"}]}},"_links":{"self":[{"href":"https:\/\/librosdelzorrorojo.com\/ca\/wp-json\/wp\/v2\/product\/15448","targetHints":{"allow":["GET"]}}],"collection":[{"href":"https:\/\/librosdelzorrorojo.com\/ca\/wp-json\/wp\/v2\/product"}],"about":[{"href":"https:\/\/librosdelzorrorojo.com\/ca\/wp-json\/wp\/v2\/types\/product"}],"wp:featuredmedia":[{"embeddable":true,"href":"https:\/\/librosdelzorrorojo.com\/ca\/wp-json\/wp\/v2\/media\/15561"}],"wp:attachment":[{"href":"https:\/\/librosdelzorrorojo.com\/ca\/wp-json\/wp\/v2\/media?parent=15448"}],"wp:term":[{"taxonomy":"product_brand","embeddable":true,"href":"https:\/\/librosdelzorrorojo.com\/ca\/wp-json\/wp\/v2\/product_brand?post=15448"},{"taxonomy":"product_cat","embeddable":true,"href":"https:\/\/librosdelzorrorojo.com\/ca\/wp-json\/wp\/v2\/product_cat?post=15448"},{"taxonomy":"product_tag","embeddable":true,"href":"https:\/\/librosdelzorrorojo.com\/ca\/wp-json\/wp\/v2\/product_tag?post=15448"}],"curies":[{"name":"wp","href":"https:\/\/api.w.org\/{rel}","templated":true}]}}