{"id":15380,"date":"2005-11-01T14:38:20","date_gmt":"2006-11-01T14:15:56","guid":{"rendered":"https:\/\/librosdelzorrorojo.com\/?post_type=product&#038;p=15380"},"modified":"2024-02-29T11:40:54","modified_gmt":"2024-02-29T10:40:54","slug":"el-metodo-del-doctor-alquitran-y-el-profesor-pluma","status":"publish","type":"product","link":"https:\/\/librosdelzorrorojo.com\/ca\/cataleg\/el-metodo-del-doctor-alquitran-y-el-profesor-pluma\/","title":{"rendered":"El m\u00e9todo del doctor Alquitr\u00e1n y el profesor Pluma"},"content":{"rendered":"<p><span>En un bosque de Francia se yergue un decr\u00e9pito manicomio. Su director asegura utilizar un m\u00e9todo innovador, capaz de conseguir excelentes resultados entre los internos. Pero algo extra\u00f1o y misterioso impregna todo lo que all\u00ed sucede; poco a poco se va revelando una realidad insospechada en la que subyace la perfecta ejecuci\u00f3n de un plan siniestro.\u00a0<\/span><\/p>\n<p>Con un estilo magistral, que combina con inteligencia la intriga y el humor, Edgar Allan Poe consigui\u00f3 en \u00abEl m\u00e9todo del doctor Alquitr\u00e1n y el profesor Pluma\u00bb un cuento perfecto, capaz de mantener en vilo la lectura hasta la \u00faltima p\u00e1gina.<\/p>\n","protected":false},"excerpt":{"rendered":"<span>En un bosque de Francia se yergue un decr\u00e9pito manicomio. Su director asegura utilizar un m\u00e9todo innovador, capaz de conseguir excelentes resultados entre los internos.<\/span>","protected":false},"featured_media":0,"template":"","meta":{"_acf_changed":false},"product_brand":[],"product_cat":[3156],"product_tag":[],"class_list":{"0":"post-15380","1":"product","2":"type-product","3":"status-publish","5":"product_cat-juvenil-adult","7":"first","8":"instock","9":"taxable","10":"shipping-taxable","11":"purchasable","12":"product-type-simple"},"acf":[],"yoast_head":"<!-- This site is optimized with the Yoast SEO plugin v25.1 - https:\/\/yoast.com\/wordpress\/plugins\/seo\/ -->\n<title>El m\u00e9todo del doctor Alquitr\u00e1n y el profesor Pluma - Libros del Zorro Rojo<\/title>\n<meta name=\"robots\" content=\"index, follow, max-snippet:-1, max-image-preview:large, max-video-preview:-1\" \/>\n<link rel=\"canonical\" href=\"https:\/\/librosdelzorrorojo.com\/ca\/cataleg\/el-metodo-del-doctor-alquitran-y-el-profesor-pluma\/\" \/>\n<meta property=\"og:locale\" content=\"ca_ES\" \/>\n<meta property=\"og:type\" content=\"article\" \/>\n<meta property=\"og:title\" content=\"El m\u00e9todo del doctor Alquitr\u00e1n y el profesor Pluma - Libros del Zorro Rojo\" \/>\n<meta property=\"og:description\" content=\"En un bosque de Francia se yergue un decr\u00e9pito manicomio. Su director asegura utilizar un m\u00e9todo innovador, capaz de conseguir excelentes resultados entre los internos.\" \/>\n<meta property=\"og:url\" content=\"https:\/\/librosdelzorrorojo.com\/ca\/cataleg\/el-metodo-del-doctor-alquitran-y-el-profesor-pluma\/\" \/>\n<meta property=\"og:site_name\" content=\"Libros del Zorro Rojo\" \/>\n<meta property=\"article:modified_time\" content=\"2024-02-29T10:40:54+00:00\" \/>\n<meta name=\"twitter:card\" content=\"summary_large_image\" \/>\n<meta name=\"twitter:label1\" content=\"Temps estimat de lectura\" \/>\n\t<meta name=\"twitter:data1\" content=\"1 minut\" \/>\n<script type=\"application\/ld+json\" class=\"yoast-schema-graph\">{\"@context\":\"https:\/\/schema.org\",\"@graph\":[{\"@type\":\"WebPage\",\"@id\":\"https:\/\/librosdelzorrorojo.com\/ca\/cataleg\/el-metodo-del-doctor-alquitran-y-el-profesor-pluma\/\",\"url\":\"https:\/\/librosdelzorrorojo.com\/ca\/cataleg\/el-metodo-del-doctor-alquitran-y-el-profesor-pluma\/\",\"name\":\"El m\u00e9todo del doctor Alquitr\u00e1n y el profesor Pluma - Libros del Zorro Rojo\",\"isPartOf\":{\"@id\":\"https:\/\/librosdelzorrorojo.com\/#website\"},\"datePublished\":\"2006-11-01T14:15:56+00:00\",\"dateModified\":\"2024-02-29T10:40:54+00:00\",\"breadcrumb\":{\"@id\":\"https:\/\/librosdelzorrorojo.com\/ca\/cataleg\/el-metodo-del-doctor-alquitran-y-el-profesor-pluma\/#breadcrumb\"},\"inLanguage\":\"ca\",\"potentialAction\":[{\"@type\":\"ReadAction\",\"target\":[\"https:\/\/librosdelzorrorojo.com\/ca\/cataleg\/el-metodo-del-doctor-alquitran-y-el-profesor-pluma\/\"]}]},{\"@type\":\"BreadcrumbList\",\"@id\":\"https:\/\/librosdelzorrorojo.com\/ca\/cataleg\/el-metodo-del-doctor-alquitran-y-el-profesor-pluma\/#breadcrumb\",\"itemListElement\":[{\"@type\":\"ListItem\",\"position\":1,\"name\":\"Portada\",\"item\":\"https:\/\/librosdelzorrorojo.com\/ca\/\"},{\"@type\":\"ListItem\",\"position\":2,\"name\":\"Cat\u00e0leg\",\"item\":\"https:\/\/librosdelzorrorojo.com\/ca\/cataleg\/\"},{\"@type\":\"ListItem\",\"position\":3,\"name\":\"El m\u00e9todo del doctor Alquitr\u00e1n y el profesor Pluma\"}]},{\"@type\":\"WebSite\",\"@id\":\"https:\/\/librosdelzorrorojo.com\/#website\",\"url\":\"https:\/\/librosdelzorrorojo.com\/\",\"name\":\"Libros del Zorro Rojo\",\"description\":\"Libros ilustrados\",\"potentialAction\":[{\"@type\":\"SearchAction\",\"target\":{\"@type\":\"EntryPoint\",\"urlTemplate\":\"https:\/\/librosdelzorrorojo.com\/?s={search_term_string}\"},\"query-input\":{\"@type\":\"PropertyValueSpecification\",\"valueRequired\":true,\"valueName\":\"search_term_string\"}}],\"inLanguage\":\"ca\"}]}<\/script>\n<!-- \/ Yoast SEO plugin. -->","yoast_head_json":{"title":"El m\u00e9todo del doctor Alquitr\u00e1n y el profesor Pluma - Libros del Zorro Rojo","robots":{"index":"index","follow":"follow","max-snippet":"max-snippet:-1","max-image-preview":"max-image-preview:large","max-video-preview":"max-video-preview:-1"},"canonical":"https:\/\/librosdelzorrorojo.com\/ca\/cataleg\/el-metodo-del-doctor-alquitran-y-el-profesor-pluma\/","og_locale":"ca_ES","og_type":"article","og_title":"El m\u00e9todo del doctor Alquitr\u00e1n y el profesor Pluma - Libros del Zorro Rojo","og_description":"En un bosque de Francia se yergue un decr\u00e9pito manicomio. Su director asegura utilizar un m\u00e9todo innovador, capaz de conseguir excelentes resultados entre los internos.","og_url":"https:\/\/librosdelzorrorojo.com\/ca\/cataleg\/el-metodo-del-doctor-alquitran-y-el-profesor-pluma\/","og_site_name":"Libros del Zorro Rojo","article_modified_time":"2024-02-29T10:40:54+00:00","twitter_card":"summary_large_image","twitter_misc":{"Temps estimat de lectura":"1 minut"},"schema":{"@context":"https:\/\/schema.org","@graph":[{"@type":"WebPage","@id":"https:\/\/librosdelzorrorojo.com\/ca\/cataleg\/el-metodo-del-doctor-alquitran-y-el-profesor-pluma\/","url":"https:\/\/librosdelzorrorojo.com\/ca\/cataleg\/el-metodo-del-doctor-alquitran-y-el-profesor-pluma\/","name":"El m\u00e9todo del doctor Alquitr\u00e1n y el profesor Pluma - Libros del Zorro Rojo","isPartOf":{"@id":"https:\/\/librosdelzorrorojo.com\/#website"},"datePublished":"2006-11-01T14:15:56+00:00","dateModified":"2024-02-29T10:40:54+00:00","breadcrumb":{"@id":"https:\/\/librosdelzorrorojo.com\/ca\/cataleg\/el-metodo-del-doctor-alquitran-y-el-profesor-pluma\/#breadcrumb"},"inLanguage":"ca","potentialAction":[{"@type":"ReadAction","target":["https:\/\/librosdelzorrorojo.com\/ca\/cataleg\/el-metodo-del-doctor-alquitran-y-el-profesor-pluma\/"]}]},{"@type":"BreadcrumbList","@id":"https:\/\/librosdelzorrorojo.com\/ca\/cataleg\/el-metodo-del-doctor-alquitran-y-el-profesor-pluma\/#breadcrumb","itemListElement":[{"@type":"ListItem","position":1,"name":"Portada","item":"https:\/\/librosdelzorrorojo.com\/ca\/"},{"@type":"ListItem","position":2,"name":"Cat\u00e0leg","item":"https:\/\/librosdelzorrorojo.com\/ca\/cataleg\/"},{"@type":"ListItem","position":3,"name":"El m\u00e9todo del doctor Alquitr\u00e1n y el profesor Pluma"}]},{"@type":"WebSite","@id":"https:\/\/librosdelzorrorojo.com\/#website","url":"https:\/\/librosdelzorrorojo.com\/","name":"Libros del Zorro Rojo","description":"Libros ilustrados","potentialAction":[{"@type":"SearchAction","target":{"@type":"EntryPoint","urlTemplate":"https:\/\/librosdelzorrorojo.com\/?s={search_term_string}"},"query-input":{"@type":"PropertyValueSpecification","valueRequired":true,"valueName":"search_term_string"}}],"inLanguage":"ca"}]}},"_links":{"self":[{"href":"https:\/\/librosdelzorrorojo.com\/ca\/wp-json\/wp\/v2\/product\/15380","targetHints":{"allow":["GET"]}}],"collection":[{"href":"https:\/\/librosdelzorrorojo.com\/ca\/wp-json\/wp\/v2\/product"}],"about":[{"href":"https:\/\/librosdelzorrorojo.com\/ca\/wp-json\/wp\/v2\/types\/product"}],"wp:attachment":[{"href":"https:\/\/librosdelzorrorojo.com\/ca\/wp-json\/wp\/v2\/media?parent=15380"}],"wp:term":[{"taxonomy":"product_brand","embeddable":true,"href":"https:\/\/librosdelzorrorojo.com\/ca\/wp-json\/wp\/v2\/product_brand?post=15380"},{"taxonomy":"product_cat","embeddable":true,"href":"https:\/\/librosdelzorrorojo.com\/ca\/wp-json\/wp\/v2\/product_cat?post=15380"},{"taxonomy":"product_tag","embeddable":true,"href":"https:\/\/librosdelzorrorojo.com\/ca\/wp-json\/wp\/v2\/product_tag?post=15380"}],"curies":[{"name":"wp","href":"https:\/\/api.w.org\/{rel}","templated":true}]}}