{"id":15362,"date":"2019-09-16T14:32:57","date_gmt":"2019-09-17T08:38:23","guid":{"rendered":"https:\/\/librosdelzorrorojo.com\/?post_type=product&#038;p=15362"},"modified":"2024-02-29T11:40:52","modified_gmt":"2024-02-29T10:40:52","slug":"comernos-el-sol","status":"publish","type":"product","link":"https:\/\/librosdelzorrorojo.com\/ca\/cataleg\/comernos-el-sol\/","title":{"rendered":"Comernos el sol"},"content":{"rendered":"<p>Ella Frances Sanders vuelve a deleitarnos, esta vez con un libro de divulgaci\u00f3n, que enfrenta grandes cuestiones sobre los seres vivos, la naturaleza y el universo, recorriendo disciplinas como la astronom\u00eda, la gen\u00e9tica, la f\u00edsica, la biolog\u00eda, la bot\u00e1nica o la ecolog\u00eda.<\/p>\n<p>Se trata de un viaje con sorpresas, como la que anticipa el t\u00edtulo del libro; con peque\u00f1as paradas en la V\u00eda L\u00e1ctea, en las auroras boreales, en el coraz\u00f3n de los \u00e1tomos o incluso en el revoltijo de percepciones que tenemos de nosotros mismos: \u00abEs posible que no seamos esa espl\u00e9ndida entidad tan importante y singular que creemos ser, pero lo cierto es que necesitamos formarnos alguna idea de nosotros mismos para desenvolvernos en el mundo (&#8230;)\u00bb.<\/p>\n<p>Narrada con la eficacia del estilo accesible, coloquial y vibrante de Sanders, a pesar de evitar el galimat\u00edas en el que la mayor\u00eda de las veces se convierte el lenguaje cient\u00edfico, no deja de emplear t\u00e9rminos espec\u00edficos si la tem\u00e1tica lo requiere \u2014como \u00abeisengrau\u00bb, \u00abcronocepci\u00f3n\u00bb, \u00abmultiversos\u00bb o \u00abparalaje\u00bb\u2014 e incluso, aludir, sin complejos, al f\u00edsico Ludwig Boltzmann, al astr\u00f3nomo Arthur Eddington o al fil\u00f3sofo David Hume.<\/p>\n<p>Emplea los datos comparativos aportados por la ciencia para abrirnos los ojos acerca de realidades que raras veces nos hemos representado: alguien que viva hasta los ochenta a\u00f1os puede haber respirado m\u00e1s de 700 millones de veces a lo largo de la vida, habr\u00e1 caminado el equivalente a dar la vuelta al mundo cinco veces y su coraz\u00f3n contar\u00e1 2,6 billones de latidos.<\/p>\n<p>\u00abNo somos tan fr\u00e1giles como pensamos: estamos compuestos por la roca, la ola y la corteza de los \u00e1rboles, los caracoles y el olor a jard\u00edn despu\u00e9s de la lluvia.\u00bb<\/p>\n<p><img decoding=\"async\" src=\"https:\/\/librosdelzorrorojo.com\/wp-content\/uploads\/2017\/09\/logo-generalitat2.jpg\" alt=\"\" width=\"200\" height=\"67\" class=\"alignnone size-full wp-image-11152\" \/><\/p>\n","protected":false},"excerpt":{"rendered":"\u00abPara m\u00ed, asombrarse significa contemplar la oscuridad de la noche hasta que los ojos me duelen y las estrellas quedan impresas en mi retina durante horas\u2026\u00bb","protected":false},"featured_media":15354,"template":"","meta":{"_acf_changed":false},"product_brand":[],"product_cat":[844,3156],"product_tag":[],"class_list":{"0":"post-15362","1":"product","2":"type-product","3":"status-publish","4":"has-post-thumbnail","6":"product_cat-castella","7":"product_cat-juvenil-adult","9":"first","10":"instock","11":"taxable","12":"shipping-taxable","13":"purchasable","14":"product-type-simple"},"acf":[],"yoast_head":"<!-- This site is optimized with the Yoast SEO plugin v25.1 - https:\/\/yoast.com\/wordpress\/plugins\/seo\/ -->\n<title>Comernos el sol - Libros del Zorro Rojo<\/title>\n<meta name=\"robots\" content=\"index, follow, max-snippet:-1, max-image-preview:large, max-video-preview:-1\" \/>\n<link rel=\"canonical\" href=\"https:\/\/librosdelzorrorojo.com\/ca\/cataleg\/comernos-el-sol\/\" \/>\n<meta property=\"og:locale\" content=\"ca_ES\" \/>\n<meta property=\"og:type\" content=\"article\" \/>\n<meta property=\"og:title\" content=\"Comernos el sol - Libros del Zorro Rojo\" \/>\n<meta property=\"og:description\" content=\"\u00abPara m\u00ed, asombrarse significa contemplar la oscuridad de la noche hasta que los ojos me duelen y las estrellas quedan impresas en mi retina durante horas\u2026\u00bb\" \/>\n<meta property=\"og:url\" content=\"https:\/\/librosdelzorrorojo.com\/ca\/cataleg\/comernos-el-sol\/\" \/>\n<meta property=\"og:site_name\" content=\"Libros del Zorro Rojo\" \/>\n<meta property=\"article:modified_time\" content=\"2024-02-29T10:40:52+00:00\" \/>\n<meta property=\"og:image\" content=\"https:\/\/librosdelzorrorojo.com\/wp-content\/uploads\/2019\/07\/COVER_Comernos-El-Sol-WEB.jpg\" \/>\n\t<meta property=\"og:image:width\" content=\"865\" \/>\n\t<meta property=\"og:image:height\" content=\"1164\" \/>\n\t<meta property=\"og:image:type\" content=\"image\/jpeg\" \/>\n<meta name=\"twitter:card\" content=\"summary_large_image\" \/>\n<meta name=\"twitter:label1\" content=\"Temps estimat de lectura\" \/>\n\t<meta name=\"twitter:data1\" content=\"2 minuts\" \/>\n<script type=\"application\/ld+json\" class=\"yoast-schema-graph\">{\"@context\":\"https:\/\/schema.org\",\"@graph\":[{\"@type\":\"WebPage\",\"@id\":\"https:\/\/librosdelzorrorojo.com\/ca\/cataleg\/comernos-el-sol\/\",\"url\":\"https:\/\/librosdelzorrorojo.com\/ca\/cataleg\/comernos-el-sol\/\",\"name\":\"Comernos el sol - Libros del Zorro Rojo\",\"isPartOf\":{\"@id\":\"https:\/\/librosdelzorrorojo.com\/#website\"},\"primaryImageOfPage\":{\"@id\":\"https:\/\/librosdelzorrorojo.com\/ca\/cataleg\/comernos-el-sol\/#primaryimage\"},\"image\":{\"@id\":\"https:\/\/librosdelzorrorojo.com\/ca\/cataleg\/comernos-el-sol\/#primaryimage\"},\"thumbnailUrl\":\"https:\/\/librosdelzorrorojo.com\/wp-content\/uploads\/2019\/07\/COVER_Comernos-El-Sol-WEB.jpg\",\"datePublished\":\"2019-09-17T08:38:23+00:00\",\"dateModified\":\"2024-02-29T10:40:52+00:00\",\"breadcrumb\":{\"@id\":\"https:\/\/librosdelzorrorojo.com\/ca\/cataleg\/comernos-el-sol\/#breadcrumb\"},\"inLanguage\":\"ca\",\"potentialAction\":[{\"@type\":\"ReadAction\",\"target\":[\"https:\/\/librosdelzorrorojo.com\/ca\/cataleg\/comernos-el-sol\/\"]}]},{\"@type\":\"ImageObject\",\"inLanguage\":\"ca\",\"@id\":\"https:\/\/librosdelzorrorojo.com\/ca\/cataleg\/comernos-el-sol\/#primaryimage\",\"url\":\"https:\/\/librosdelzorrorojo.com\/wp-content\/uploads\/2019\/07\/COVER_Comernos-El-Sol-WEB.jpg\",\"contentUrl\":\"https:\/\/librosdelzorrorojo.com\/wp-content\/uploads\/2019\/07\/COVER_Comernos-El-Sol-WEB.jpg\",\"width\":865,\"height\":1164,\"caption\":\"COVER Comernos El Sol WEB\"},{\"@type\":\"BreadcrumbList\",\"@id\":\"https:\/\/librosdelzorrorojo.com\/ca\/cataleg\/comernos-el-sol\/#breadcrumb\",\"itemListElement\":[{\"@type\":\"ListItem\",\"position\":1,\"name\":\"Portada\",\"item\":\"https:\/\/librosdelzorrorojo.com\/ca\/\"},{\"@type\":\"ListItem\",\"position\":2,\"name\":\"Cat\u00e0leg\",\"item\":\"https:\/\/librosdelzorrorojo.com\/ca\/cataleg\/\"},{\"@type\":\"ListItem\",\"position\":3,\"name\":\"Comernos el sol\"}]},{\"@type\":\"WebSite\",\"@id\":\"https:\/\/librosdelzorrorojo.com\/#website\",\"url\":\"https:\/\/librosdelzorrorojo.com\/\",\"name\":\"Libros del Zorro Rojo\",\"description\":\"Libros ilustrados\",\"potentialAction\":[{\"@type\":\"SearchAction\",\"target\":{\"@type\":\"EntryPoint\",\"urlTemplate\":\"https:\/\/librosdelzorrorojo.com\/?s={search_term_string}\"},\"query-input\":{\"@type\":\"PropertyValueSpecification\",\"valueRequired\":true,\"valueName\":\"search_term_string\"}}],\"inLanguage\":\"ca\"}]}<\/script>\n<!-- \/ Yoast SEO plugin. -->","yoast_head_json":{"title":"Comernos el sol - Libros del Zorro Rojo","robots":{"index":"index","follow":"follow","max-snippet":"max-snippet:-1","max-image-preview":"max-image-preview:large","max-video-preview":"max-video-preview:-1"},"canonical":"https:\/\/librosdelzorrorojo.com\/ca\/cataleg\/comernos-el-sol\/","og_locale":"ca_ES","og_type":"article","og_title":"Comernos el sol - Libros del Zorro Rojo","og_description":"\u00abPara m\u00ed, asombrarse significa contemplar la oscuridad de la noche hasta que los ojos me duelen y las estrellas quedan impresas en mi retina durante horas\u2026\u00bb","og_url":"https:\/\/librosdelzorrorojo.com\/ca\/cataleg\/comernos-el-sol\/","og_site_name":"Libros del Zorro Rojo","article_modified_time":"2024-02-29T10:40:52+00:00","og_image":[{"width":865,"height":1164,"url":"https:\/\/librosdelzorrorojo.com\/wp-content\/uploads\/2019\/07\/COVER_Comernos-El-Sol-WEB.jpg","type":"image\/jpeg"}],"twitter_card":"summary_large_image","twitter_misc":{"Temps estimat de lectura":"2 minuts"},"schema":{"@context":"https:\/\/schema.org","@graph":[{"@type":"WebPage","@id":"https:\/\/librosdelzorrorojo.com\/ca\/cataleg\/comernos-el-sol\/","url":"https:\/\/librosdelzorrorojo.com\/ca\/cataleg\/comernos-el-sol\/","name":"Comernos el sol - Libros del Zorro Rojo","isPartOf":{"@id":"https:\/\/librosdelzorrorojo.com\/#website"},"primaryImageOfPage":{"@id":"https:\/\/librosdelzorrorojo.com\/ca\/cataleg\/comernos-el-sol\/#primaryimage"},"image":{"@id":"https:\/\/librosdelzorrorojo.com\/ca\/cataleg\/comernos-el-sol\/#primaryimage"},"thumbnailUrl":"https:\/\/librosdelzorrorojo.com\/wp-content\/uploads\/2019\/07\/COVER_Comernos-El-Sol-WEB.jpg","datePublished":"2019-09-17T08:38:23+00:00","dateModified":"2024-02-29T10:40:52+00:00","breadcrumb":{"@id":"https:\/\/librosdelzorrorojo.com\/ca\/cataleg\/comernos-el-sol\/#breadcrumb"},"inLanguage":"ca","potentialAction":[{"@type":"ReadAction","target":["https:\/\/librosdelzorrorojo.com\/ca\/cataleg\/comernos-el-sol\/"]}]},{"@type":"ImageObject","inLanguage":"ca","@id":"https:\/\/librosdelzorrorojo.com\/ca\/cataleg\/comernos-el-sol\/#primaryimage","url":"https:\/\/librosdelzorrorojo.com\/wp-content\/uploads\/2019\/07\/COVER_Comernos-El-Sol-WEB.jpg","contentUrl":"https:\/\/librosdelzorrorojo.com\/wp-content\/uploads\/2019\/07\/COVER_Comernos-El-Sol-WEB.jpg","width":865,"height":1164,"caption":"COVER Comernos El Sol WEB"},{"@type":"BreadcrumbList","@id":"https:\/\/librosdelzorrorojo.com\/ca\/cataleg\/comernos-el-sol\/#breadcrumb","itemListElement":[{"@type":"ListItem","position":1,"name":"Portada","item":"https:\/\/librosdelzorrorojo.com\/ca\/"},{"@type":"ListItem","position":2,"name":"Cat\u00e0leg","item":"https:\/\/librosdelzorrorojo.com\/ca\/cataleg\/"},{"@type":"ListItem","position":3,"name":"Comernos el sol"}]},{"@type":"WebSite","@id":"https:\/\/librosdelzorrorojo.com\/#website","url":"https:\/\/librosdelzorrorojo.com\/","name":"Libros del Zorro Rojo","description":"Libros ilustrados","potentialAction":[{"@type":"SearchAction","target":{"@type":"EntryPoint","urlTemplate":"https:\/\/librosdelzorrorojo.com\/?s={search_term_string}"},"query-input":{"@type":"PropertyValueSpecification","valueRequired":true,"valueName":"search_term_string"}}],"inLanguage":"ca"}]}},"_links":{"self":[{"href":"https:\/\/librosdelzorrorojo.com\/ca\/wp-json\/wp\/v2\/product\/15362","targetHints":{"allow":["GET"]}}],"collection":[{"href":"https:\/\/librosdelzorrorojo.com\/ca\/wp-json\/wp\/v2\/product"}],"about":[{"href":"https:\/\/librosdelzorrorojo.com\/ca\/wp-json\/wp\/v2\/types\/product"}],"wp:featuredmedia":[{"embeddable":true,"href":"https:\/\/librosdelzorrorojo.com\/ca\/wp-json\/wp\/v2\/media\/15354"}],"wp:attachment":[{"href":"https:\/\/librosdelzorrorojo.com\/ca\/wp-json\/wp\/v2\/media?parent=15362"}],"wp:term":[{"taxonomy":"product_brand","embeddable":true,"href":"https:\/\/librosdelzorrorojo.com\/ca\/wp-json\/wp\/v2\/product_brand?post=15362"},{"taxonomy":"product_cat","embeddable":true,"href":"https:\/\/librosdelzorrorojo.com\/ca\/wp-json\/wp\/v2\/product_cat?post=15362"},{"taxonomy":"product_tag","embeddable":true,"href":"https:\/\/librosdelzorrorojo.com\/ca\/wp-json\/wp\/v2\/product_tag?post=15362"}],"curies":[{"name":"wp","href":"https:\/\/api.w.org\/{rel}","templated":true}]}}