{"id":15349,"date":"2010-12-06T15:46:47","date_gmt":"2010-12-06T14:50:57","guid":{"rendered":"https:\/\/librosdelzorrorojo.com\/?post_type=product&#038;p=15349"},"modified":"2024-02-29T11:40:51","modified_gmt":"2024-02-29T10:40:51","slug":"la-otra-navidad-de-papa-noel","status":"publish","type":"product","link":"https:\/\/librosdelzorrorojo.com\/ca\/cataleg\/la-otra-navidad-de-papa-noel\/","title":{"rendered":"La otra navidad de pap\u00e1 Noel"},"content":{"rendered":"<p><span>Esta es la historia de Noel, un hombre real, un padre de carne y hueso con el que podr\u00edamos cruzarnos en la calle o en cualquier estaci\u00f3n de metro. El personaje de esta obra encontrar\u00e1 en estas navidades, marcadas por la crisis, un milagro tan real como \u00e9l. La otra Navidad de pap\u00e1 Noel es un alegato contra la desesperanza, un libro que invita a los adultos a reflexionar sobre los t\u00f3picos habituales en la cultura de consumo a la vez que aporta una respuesta inteligente a la pregunta infantil sobre la existencia de Santa Claus.<\/span><\/p>\n","protected":false},"excerpt":{"rendered":"<span>Esta es la historia de Noel, un hombre real, un padre de carne y hueso con el que podr\u00edamos cruzarnos en la calle o en cualquier estaci\u00f3n de metro. <\/span>","protected":false},"featured_media":0,"template":"","meta":{"_acf_changed":false},"product_brand":[],"product_cat":[844,3156],"product_tag":[],"class_list":{"0":"post-15349","1":"product","2":"type-product","3":"status-publish","5":"product_cat-castella","6":"product_cat-juvenil-adult","8":"first","9":"instock","10":"taxable","11":"shipping-taxable","12":"purchasable","13":"product-type-simple"},"acf":[],"yoast_head":"<!-- This site is optimized with the Yoast SEO plugin v25.1 - https:\/\/yoast.com\/wordpress\/plugins\/seo\/ -->\n<title>La otra navidad de pap\u00e1 Noel - Libros del Zorro Rojo<\/title>\n<meta name=\"description\" content=\"Esta es la historia de Noel, un hombre real, un padre de carne y hueso con el que podr\u00edamos cruzarnos en la calle o en cualquier estaci\u00f3n de metro.\" \/>\n<meta name=\"robots\" content=\"index, follow, max-snippet:-1, max-image-preview:large, max-video-preview:-1\" \/>\n<link rel=\"canonical\" href=\"https:\/\/librosdelzorrorojo.com\/ca\/cataleg\/la-otra-navidad-de-papa-noel\/\" \/>\n<meta property=\"og:locale\" content=\"ca_ES\" \/>\n<meta property=\"og:type\" content=\"article\" \/>\n<meta property=\"og:title\" content=\"La otra navidad de pap\u00e1 Noel - Libros del Zorro Rojo\" \/>\n<meta property=\"og:description\" content=\"Esta es la historia de Noel, un hombre real, un padre de carne y hueso con el que podr\u00edamos cruzarnos en la calle o en cualquier estaci\u00f3n de metro.\" \/>\n<meta property=\"og:url\" content=\"https:\/\/librosdelzorrorojo.com\/ca\/cataleg\/la-otra-navidad-de-papa-noel\/\" \/>\n<meta property=\"og:site_name\" content=\"Libros del Zorro Rojo\" \/>\n<meta property=\"article:modified_time\" content=\"2024-02-29T10:40:51+00:00\" \/>\n<meta name=\"twitter:card\" content=\"summary_large_image\" \/>\n<script type=\"application\/ld+json\" class=\"yoast-schema-graph\">{\"@context\":\"https:\/\/schema.org\",\"@graph\":[{\"@type\":\"WebPage\",\"@id\":\"https:\/\/librosdelzorrorojo.com\/ca\/cataleg\/la-otra-navidad-de-papa-noel\/\",\"url\":\"https:\/\/librosdelzorrorojo.com\/ca\/cataleg\/la-otra-navidad-de-papa-noel\/\",\"name\":\"La otra navidad de pap\u00e1 Noel - Libros del Zorro Rojo\",\"isPartOf\":{\"@id\":\"https:\/\/librosdelzorrorojo.com\/#website\"},\"datePublished\":\"2010-12-06T14:50:57+00:00\",\"dateModified\":\"2024-02-29T10:40:51+00:00\",\"description\":\"Esta es la historia de Noel, un hombre real, un padre de carne y hueso con el que podr\u00edamos cruzarnos en la calle o en cualquier estaci\u00f3n de metro.\",\"breadcrumb\":{\"@id\":\"https:\/\/librosdelzorrorojo.com\/ca\/cataleg\/la-otra-navidad-de-papa-noel\/#breadcrumb\"},\"inLanguage\":\"ca\",\"potentialAction\":[{\"@type\":\"ReadAction\",\"target\":[\"https:\/\/librosdelzorrorojo.com\/ca\/cataleg\/la-otra-navidad-de-papa-noel\/\"]}]},{\"@type\":\"BreadcrumbList\",\"@id\":\"https:\/\/librosdelzorrorojo.com\/ca\/cataleg\/la-otra-navidad-de-papa-noel\/#breadcrumb\",\"itemListElement\":[{\"@type\":\"ListItem\",\"position\":1,\"name\":\"Portada\",\"item\":\"https:\/\/librosdelzorrorojo.com\/ca\/\"},{\"@type\":\"ListItem\",\"position\":2,\"name\":\"Cat\u00e0leg\",\"item\":\"https:\/\/librosdelzorrorojo.com\/ca\/cataleg\/\"},{\"@type\":\"ListItem\",\"position\":3,\"name\":\"La otra navidad de pap\u00e1 Noel\"}]},{\"@type\":\"WebSite\",\"@id\":\"https:\/\/librosdelzorrorojo.com\/#website\",\"url\":\"https:\/\/librosdelzorrorojo.com\/\",\"name\":\"Libros del Zorro Rojo\",\"description\":\"Libros ilustrados\",\"potentialAction\":[{\"@type\":\"SearchAction\",\"target\":{\"@type\":\"EntryPoint\",\"urlTemplate\":\"https:\/\/librosdelzorrorojo.com\/?s={search_term_string}\"},\"query-input\":{\"@type\":\"PropertyValueSpecification\",\"valueRequired\":true,\"valueName\":\"search_term_string\"}}],\"inLanguage\":\"ca\"}]}<\/script>\n<!-- \/ Yoast SEO plugin. -->","yoast_head_json":{"title":"La otra navidad de pap\u00e1 Noel - Libros del Zorro Rojo","description":"Esta es la historia de Noel, un hombre real, un padre de carne y hueso con el que podr\u00edamos cruzarnos en la calle o en cualquier estaci\u00f3n de metro.","robots":{"index":"index","follow":"follow","max-snippet":"max-snippet:-1","max-image-preview":"max-image-preview:large","max-video-preview":"max-video-preview:-1"},"canonical":"https:\/\/librosdelzorrorojo.com\/ca\/cataleg\/la-otra-navidad-de-papa-noel\/","og_locale":"ca_ES","og_type":"article","og_title":"La otra navidad de pap\u00e1 Noel - Libros del Zorro Rojo","og_description":"Esta es la historia de Noel, un hombre real, un padre de carne y hueso con el que podr\u00edamos cruzarnos en la calle o en cualquier estaci\u00f3n de metro.","og_url":"https:\/\/librosdelzorrorojo.com\/ca\/cataleg\/la-otra-navidad-de-papa-noel\/","og_site_name":"Libros del Zorro Rojo","article_modified_time":"2024-02-29T10:40:51+00:00","twitter_card":"summary_large_image","schema":{"@context":"https:\/\/schema.org","@graph":[{"@type":"WebPage","@id":"https:\/\/librosdelzorrorojo.com\/ca\/cataleg\/la-otra-navidad-de-papa-noel\/","url":"https:\/\/librosdelzorrorojo.com\/ca\/cataleg\/la-otra-navidad-de-papa-noel\/","name":"La otra navidad de pap\u00e1 Noel - Libros del Zorro Rojo","isPartOf":{"@id":"https:\/\/librosdelzorrorojo.com\/#website"},"datePublished":"2010-12-06T14:50:57+00:00","dateModified":"2024-02-29T10:40:51+00:00","description":"Esta es la historia de Noel, un hombre real, un padre de carne y hueso con el que podr\u00edamos cruzarnos en la calle o en cualquier estaci\u00f3n de metro.","breadcrumb":{"@id":"https:\/\/librosdelzorrorojo.com\/ca\/cataleg\/la-otra-navidad-de-papa-noel\/#breadcrumb"},"inLanguage":"ca","potentialAction":[{"@type":"ReadAction","target":["https:\/\/librosdelzorrorojo.com\/ca\/cataleg\/la-otra-navidad-de-papa-noel\/"]}]},{"@type":"BreadcrumbList","@id":"https:\/\/librosdelzorrorojo.com\/ca\/cataleg\/la-otra-navidad-de-papa-noel\/#breadcrumb","itemListElement":[{"@type":"ListItem","position":1,"name":"Portada","item":"https:\/\/librosdelzorrorojo.com\/ca\/"},{"@type":"ListItem","position":2,"name":"Cat\u00e0leg","item":"https:\/\/librosdelzorrorojo.com\/ca\/cataleg\/"},{"@type":"ListItem","position":3,"name":"La otra navidad de pap\u00e1 Noel"}]},{"@type":"WebSite","@id":"https:\/\/librosdelzorrorojo.com\/#website","url":"https:\/\/librosdelzorrorojo.com\/","name":"Libros del Zorro Rojo","description":"Libros ilustrados","potentialAction":[{"@type":"SearchAction","target":{"@type":"EntryPoint","urlTemplate":"https:\/\/librosdelzorrorojo.com\/?s={search_term_string}"},"query-input":{"@type":"PropertyValueSpecification","valueRequired":true,"valueName":"search_term_string"}}],"inLanguage":"ca"}]}},"_links":{"self":[{"href":"https:\/\/librosdelzorrorojo.com\/ca\/wp-json\/wp\/v2\/product\/15349","targetHints":{"allow":["GET"]}}],"collection":[{"href":"https:\/\/librosdelzorrorojo.com\/ca\/wp-json\/wp\/v2\/product"}],"about":[{"href":"https:\/\/librosdelzorrorojo.com\/ca\/wp-json\/wp\/v2\/types\/product"}],"wp:attachment":[{"href":"https:\/\/librosdelzorrorojo.com\/ca\/wp-json\/wp\/v2\/media?parent=15349"}],"wp:term":[{"taxonomy":"product_brand","embeddable":true,"href":"https:\/\/librosdelzorrorojo.com\/ca\/wp-json\/wp\/v2\/product_brand?post=15349"},{"taxonomy":"product_cat","embeddable":true,"href":"https:\/\/librosdelzorrorojo.com\/ca\/wp-json\/wp\/v2\/product_cat?post=15349"},{"taxonomy":"product_tag","embeddable":true,"href":"https:\/\/librosdelzorrorojo.com\/ca\/wp-json\/wp\/v2\/product_tag?post=15349"}],"curies":[{"name":"wp","href":"https:\/\/api.w.org\/{rel}","templated":true}]}}