{"id":15345,"date":"2010-06-22T15:32:37","date_gmt":"2010-06-22T13:37:00","guid":{"rendered":"https:\/\/librosdelzorrorojo.com\/?post_type=product&#038;p=15345"},"modified":"2024-02-29T11:40:51","modified_gmt":"2024-02-29T10:40:51","slug":"un-dia-en-la-playa","status":"publish","type":"product","link":"https:\/\/librosdelzorrorojo.com\/ca\/cataleg\/un-dia-en-la-playa\/","title":{"rendered":"Un d\u00eda en la playa"},"content":{"rendered":"<p><span>\u00abHay muchas formas de contar una historia. Una de ellas es en silencio, oyendo el sonido del mar. Este \u00e1lbum relata con im\u00e1genes un d\u00eda de playa que acab\u00f3 de una forma completamente inesperada\u00bb.<\/span><\/p>\n<p><span>Un d\u00eda en la playa es un libro de im\u00e1genes, un libro abierto que invita a m\u00faltiples lecturas. No est\u00e1 dirigido a una edad determinada, sino a todos aquellos a quienes les gusta la ilustraci\u00f3n, una buena historia, descubrir,\u00a0<\/span><span>imaginar\u00a0<\/span><span>y&#8230;\u00a0<\/span><span>reciclar.<\/span><\/p>\n","protected":false},"excerpt":{"rendered":"<span>Un d\u00eda en la playa es un libro de im\u00e1genes, un libro abierto que invita a m\u00faltiples lecturas. No est\u00e1 dirigido a una edad determinada<\/span>","protected":false},"featured_media":0,"template":"","meta":{"_acf_changed":false},"product_brand":[],"product_cat":[844,843],"product_tag":[],"class_list":{"0":"post-15345","1":"product","2":"type-product","3":"status-publish","5":"product_cat-castella","6":"product_cat-infantiles-ca","8":"first","9":"instock","10":"taxable","11":"shipping-taxable","12":"purchasable","13":"product-type-simple"},"acf":[],"yoast_head":"<!-- This site is optimized with the Yoast SEO plugin v25.1 - https:\/\/yoast.com\/wordpress\/plugins\/seo\/ -->\n<title>Un d\u00eda en la playa - Libros del Zorro Rojo<\/title>\n<meta name=\"robots\" content=\"index, follow, max-snippet:-1, max-image-preview:large, max-video-preview:-1\" \/>\n<link rel=\"canonical\" href=\"https:\/\/librosdelzorrorojo.com\/ca\/cataleg\/un-dia-en-la-playa\/\" \/>\n<meta property=\"og:locale\" content=\"ca_ES\" \/>\n<meta property=\"og:type\" content=\"article\" \/>\n<meta property=\"og:title\" content=\"Un d\u00eda en la playa - Libros del Zorro Rojo\" \/>\n<meta property=\"og:description\" content=\"Un d\u00eda en la playa es un libro de im\u00e1genes, un libro abierto que invita a m\u00faltiples lecturas. No est\u00e1 dirigido a una edad determinada\" \/>\n<meta property=\"og:url\" content=\"https:\/\/librosdelzorrorojo.com\/ca\/cataleg\/un-dia-en-la-playa\/\" \/>\n<meta property=\"og:site_name\" content=\"Libros del Zorro Rojo\" \/>\n<meta property=\"article:modified_time\" content=\"2024-02-29T10:40:51+00:00\" \/>\n<meta name=\"twitter:card\" content=\"summary_large_image\" \/>\n<script type=\"application\/ld+json\" class=\"yoast-schema-graph\">{\"@context\":\"https:\/\/schema.org\",\"@graph\":[{\"@type\":\"WebPage\",\"@id\":\"https:\/\/librosdelzorrorojo.com\/ca\/cataleg\/un-dia-en-la-playa\/\",\"url\":\"https:\/\/librosdelzorrorojo.com\/ca\/cataleg\/un-dia-en-la-playa\/\",\"name\":\"Un d\u00eda en la playa - Libros del Zorro Rojo\",\"isPartOf\":{\"@id\":\"https:\/\/librosdelzorrorojo.com\/#website\"},\"datePublished\":\"2010-06-22T13:37:00+00:00\",\"dateModified\":\"2024-02-29T10:40:51+00:00\",\"breadcrumb\":{\"@id\":\"https:\/\/librosdelzorrorojo.com\/ca\/cataleg\/un-dia-en-la-playa\/#breadcrumb\"},\"inLanguage\":\"ca\",\"potentialAction\":[{\"@type\":\"ReadAction\",\"target\":[\"https:\/\/librosdelzorrorojo.com\/ca\/cataleg\/un-dia-en-la-playa\/\"]}]},{\"@type\":\"BreadcrumbList\",\"@id\":\"https:\/\/librosdelzorrorojo.com\/ca\/cataleg\/un-dia-en-la-playa\/#breadcrumb\",\"itemListElement\":[{\"@type\":\"ListItem\",\"position\":1,\"name\":\"Portada\",\"item\":\"https:\/\/librosdelzorrorojo.com\/ca\/\"},{\"@type\":\"ListItem\",\"position\":2,\"name\":\"Cat\u00e0leg\",\"item\":\"https:\/\/librosdelzorrorojo.com\/ca\/cataleg\/\"},{\"@type\":\"ListItem\",\"position\":3,\"name\":\"Un d\u00eda en la playa\"}]},{\"@type\":\"WebSite\",\"@id\":\"https:\/\/librosdelzorrorojo.com\/#website\",\"url\":\"https:\/\/librosdelzorrorojo.com\/\",\"name\":\"Libros del Zorro Rojo\",\"description\":\"Libros ilustrados\",\"potentialAction\":[{\"@type\":\"SearchAction\",\"target\":{\"@type\":\"EntryPoint\",\"urlTemplate\":\"https:\/\/librosdelzorrorojo.com\/?s={search_term_string}\"},\"query-input\":{\"@type\":\"PropertyValueSpecification\",\"valueRequired\":true,\"valueName\":\"search_term_string\"}}],\"inLanguage\":\"ca\"}]}<\/script>\n<!-- \/ Yoast SEO plugin. -->","yoast_head_json":{"title":"Un d\u00eda en la playa - Libros del Zorro Rojo","robots":{"index":"index","follow":"follow","max-snippet":"max-snippet:-1","max-image-preview":"max-image-preview:large","max-video-preview":"max-video-preview:-1"},"canonical":"https:\/\/librosdelzorrorojo.com\/ca\/cataleg\/un-dia-en-la-playa\/","og_locale":"ca_ES","og_type":"article","og_title":"Un d\u00eda en la playa - Libros del Zorro Rojo","og_description":"Un d\u00eda en la playa es un libro de im\u00e1genes, un libro abierto que invita a m\u00faltiples lecturas. No est\u00e1 dirigido a una edad determinada","og_url":"https:\/\/librosdelzorrorojo.com\/ca\/cataleg\/un-dia-en-la-playa\/","og_site_name":"Libros del Zorro Rojo","article_modified_time":"2024-02-29T10:40:51+00:00","twitter_card":"summary_large_image","schema":{"@context":"https:\/\/schema.org","@graph":[{"@type":"WebPage","@id":"https:\/\/librosdelzorrorojo.com\/ca\/cataleg\/un-dia-en-la-playa\/","url":"https:\/\/librosdelzorrorojo.com\/ca\/cataleg\/un-dia-en-la-playa\/","name":"Un d\u00eda en la playa - Libros del Zorro Rojo","isPartOf":{"@id":"https:\/\/librosdelzorrorojo.com\/#website"},"datePublished":"2010-06-22T13:37:00+00:00","dateModified":"2024-02-29T10:40:51+00:00","breadcrumb":{"@id":"https:\/\/librosdelzorrorojo.com\/ca\/cataleg\/un-dia-en-la-playa\/#breadcrumb"},"inLanguage":"ca","potentialAction":[{"@type":"ReadAction","target":["https:\/\/librosdelzorrorojo.com\/ca\/cataleg\/un-dia-en-la-playa\/"]}]},{"@type":"BreadcrumbList","@id":"https:\/\/librosdelzorrorojo.com\/ca\/cataleg\/un-dia-en-la-playa\/#breadcrumb","itemListElement":[{"@type":"ListItem","position":1,"name":"Portada","item":"https:\/\/librosdelzorrorojo.com\/ca\/"},{"@type":"ListItem","position":2,"name":"Cat\u00e0leg","item":"https:\/\/librosdelzorrorojo.com\/ca\/cataleg\/"},{"@type":"ListItem","position":3,"name":"Un d\u00eda en la playa"}]},{"@type":"WebSite","@id":"https:\/\/librosdelzorrorojo.com\/#website","url":"https:\/\/librosdelzorrorojo.com\/","name":"Libros del Zorro Rojo","description":"Libros ilustrados","potentialAction":[{"@type":"SearchAction","target":{"@type":"EntryPoint","urlTemplate":"https:\/\/librosdelzorrorojo.com\/?s={search_term_string}"},"query-input":{"@type":"PropertyValueSpecification","valueRequired":true,"valueName":"search_term_string"}}],"inLanguage":"ca"}]}},"_links":{"self":[{"href":"https:\/\/librosdelzorrorojo.com\/ca\/wp-json\/wp\/v2\/product\/15345","targetHints":{"allow":["GET"]}}],"collection":[{"href":"https:\/\/librosdelzorrorojo.com\/ca\/wp-json\/wp\/v2\/product"}],"about":[{"href":"https:\/\/librosdelzorrorojo.com\/ca\/wp-json\/wp\/v2\/types\/product"}],"wp:attachment":[{"href":"https:\/\/librosdelzorrorojo.com\/ca\/wp-json\/wp\/v2\/media?parent=15345"}],"wp:term":[{"taxonomy":"product_brand","embeddable":true,"href":"https:\/\/librosdelzorrorojo.com\/ca\/wp-json\/wp\/v2\/product_brand?post=15345"},{"taxonomy":"product_cat","embeddable":true,"href":"https:\/\/librosdelzorrorojo.com\/ca\/wp-json\/wp\/v2\/product_cat?post=15345"},{"taxonomy":"product_tag","embeddable":true,"href":"https:\/\/librosdelzorrorojo.com\/ca\/wp-json\/wp\/v2\/product_tag?post=15345"}],"curies":[{"name":"wp","href":"https:\/\/api.w.org\/{rel}","templated":true}]}}