{"id":15340,"date":"2005-09-13T15:07:35","date_gmt":"2005-09-13T13:07:35","guid":{"rendered":"https:\/\/librosdelzorrorojo.com\/?post_type=product&#038;p=15340"},"modified":"2024-03-01T09:21:52","modified_gmt":"2024-03-01T08:21:52","slug":"tuk-es-tuk-2","status":"publish","type":"product","link":"https:\/\/librosdelzorrorojo.com\/ca\/cataleg\/tuk-es-tuk-2\/","title":{"rendered":"Tuk \u00e9s Tuk"},"content":{"rendered":"<p>\u00abTuk \u00e9s Tuk\u00bb \u00e9s la his\u00f2ria d&#8217;alg\u00fa molt singular. No \u00e9s tortuga ni drac, ni tampoc camale\u00f3. No \u00e9s verd, ni violeta: simplement&#8230; \u00e9s un Tuk en samarreta! I amb Tuk hi ha Tuk i els tukutets, i molts altres animals meravellosos, que poden ser una mica girafa i una mica elefant, amb potes de cangur i cua de de cocodril. Tots formen un poble \u00fanic, sorprenent i divertit, que Tuk et convida a con<\/p>\n","protected":false},"excerpt":{"rendered":"\u00abTuk \u00e9s Tuk\u00bb \u00e9s la his\u00f2ria d&#8217;alg\u00fa molt singular. No \u00e9s tortuga ni drac, ni tampoc camale\u00f3. No \u00e9s verd, ni violeta: simplement&#8230; \u00e9s un Tuk en samarreta!","protected":false},"featured_media":0,"template":"","meta":{"_acf_changed":false},"product_brand":[],"product_cat":[840],"product_tag":[],"class_list":{"0":"post-15340","1":"product","2":"type-product","3":"status-publish","5":"product_cat-catala","6":"vinculo-tuk-es-tuk","8":"first","9":"outofstock","10":"taxable","11":"shipping-taxable","12":"purchasable","13":"product-type-simple"},"acf":[],"yoast_head":"<!-- This site is optimized with the Yoast SEO plugin v25.1 - https:\/\/yoast.com\/wordpress\/plugins\/seo\/ -->\n<title>Tuk \u00e9s Tuk - Libros del Zorro Rojo<\/title>\n<meta name=\"description\" content=\"v\u00abTuk \u00e9s Tuk\u00bb \u00e9s la his\u00f2ria d&#039;alg\u00fa molt singular. No \u00e9s tortuga ni drac, ni tampoc camale\u00f3. No \u00e9s verd, ni violeta: simplement... \u00e9s un Tuk en samarreta!\" \/>\n<meta name=\"robots\" content=\"index, follow, max-snippet:-1, max-image-preview:large, max-video-preview:-1\" \/>\n<link rel=\"canonical\" href=\"https:\/\/librosdelzorrorojo.com\/ca\/cataleg\/tuk-es-tuk-2\/\" \/>\n<meta property=\"og:locale\" content=\"ca_ES\" \/>\n<meta property=\"og:type\" content=\"article\" \/>\n<meta property=\"og:title\" content=\"Tuk \u00e9s Tuk - Libros del Zorro Rojo\" \/>\n<meta property=\"og:description\" content=\"v\u00abTuk \u00e9s Tuk\u00bb \u00e9s la his\u00f2ria d&#039;alg\u00fa molt singular. No \u00e9s tortuga ni drac, ni tampoc camale\u00f3. No \u00e9s verd, ni violeta: simplement... \u00e9s un Tuk en samarreta!\" \/>\n<meta property=\"og:url\" content=\"https:\/\/librosdelzorrorojo.com\/ca\/cataleg\/tuk-es-tuk-2\/\" \/>\n<meta property=\"og:site_name\" content=\"Libros del Zorro Rojo\" \/>\n<meta property=\"article:modified_time\" content=\"2024-03-01T08:21:52+00:00\" \/>\n<meta name=\"twitter:card\" content=\"summary_large_image\" \/>\n<script type=\"application\/ld+json\" class=\"yoast-schema-graph\">{\"@context\":\"https:\/\/schema.org\",\"@graph\":[{\"@type\":\"WebPage\",\"@id\":\"https:\/\/librosdelzorrorojo.com\/ca\/cataleg\/tuk-es-tuk-2\/\",\"url\":\"https:\/\/librosdelzorrorojo.com\/ca\/cataleg\/tuk-es-tuk-2\/\",\"name\":\"Tuk \u00e9s Tuk - Libros del Zorro Rojo\",\"isPartOf\":{\"@id\":\"https:\/\/librosdelzorrorojo.com\/#website\"},\"datePublished\":\"2005-09-13T13:07:35+00:00\",\"dateModified\":\"2024-03-01T08:21:52+00:00\",\"description\":\"v\u00abTuk \u00e9s Tuk\u00bb \u00e9s la his\u00f2ria d'alg\u00fa molt singular. No \u00e9s tortuga ni drac, ni tampoc camale\u00f3. No \u00e9s verd, ni violeta: simplement... \u00e9s un Tuk en samarreta!\",\"breadcrumb\":{\"@id\":\"https:\/\/librosdelzorrorojo.com\/ca\/cataleg\/tuk-es-tuk-2\/#breadcrumb\"},\"inLanguage\":\"ca\",\"potentialAction\":[{\"@type\":\"ReadAction\",\"target\":[\"https:\/\/librosdelzorrorojo.com\/ca\/cataleg\/tuk-es-tuk-2\/\"]}]},{\"@type\":\"BreadcrumbList\",\"@id\":\"https:\/\/librosdelzorrorojo.com\/ca\/cataleg\/tuk-es-tuk-2\/#breadcrumb\",\"itemListElement\":[{\"@type\":\"ListItem\",\"position\":1,\"name\":\"Portada\",\"item\":\"https:\/\/librosdelzorrorojo.com\/ca\/\"},{\"@type\":\"ListItem\",\"position\":2,\"name\":\"Cat\u00e0leg\",\"item\":\"https:\/\/librosdelzorrorojo.com\/ca\/cataleg\/\"},{\"@type\":\"ListItem\",\"position\":3,\"name\":\"Tuk \u00e9s Tuk\"}]},{\"@type\":\"WebSite\",\"@id\":\"https:\/\/librosdelzorrorojo.com\/#website\",\"url\":\"https:\/\/librosdelzorrorojo.com\/\",\"name\":\"Libros del Zorro Rojo\",\"description\":\"Libros ilustrados\",\"potentialAction\":[{\"@type\":\"SearchAction\",\"target\":{\"@type\":\"EntryPoint\",\"urlTemplate\":\"https:\/\/librosdelzorrorojo.com\/?s={search_term_string}\"},\"query-input\":{\"@type\":\"PropertyValueSpecification\",\"valueRequired\":true,\"valueName\":\"search_term_string\"}}],\"inLanguage\":\"ca\"}]}<\/script>\n<!-- \/ Yoast SEO plugin. -->","yoast_head_json":{"title":"Tuk \u00e9s Tuk - Libros del Zorro Rojo","description":"v\u00abTuk \u00e9s Tuk\u00bb \u00e9s la his\u00f2ria d'alg\u00fa molt singular. No \u00e9s tortuga ni drac, ni tampoc camale\u00f3. No \u00e9s verd, ni violeta: simplement... \u00e9s un Tuk en samarreta!","robots":{"index":"index","follow":"follow","max-snippet":"max-snippet:-1","max-image-preview":"max-image-preview:large","max-video-preview":"max-video-preview:-1"},"canonical":"https:\/\/librosdelzorrorojo.com\/ca\/cataleg\/tuk-es-tuk-2\/","og_locale":"ca_ES","og_type":"article","og_title":"Tuk \u00e9s Tuk - Libros del Zorro Rojo","og_description":"v\u00abTuk \u00e9s Tuk\u00bb \u00e9s la his\u00f2ria d'alg\u00fa molt singular. No \u00e9s tortuga ni drac, ni tampoc camale\u00f3. No \u00e9s verd, ni violeta: simplement... \u00e9s un Tuk en samarreta!","og_url":"https:\/\/librosdelzorrorojo.com\/ca\/cataleg\/tuk-es-tuk-2\/","og_site_name":"Libros del Zorro Rojo","article_modified_time":"2024-03-01T08:21:52+00:00","twitter_card":"summary_large_image","schema":{"@context":"https:\/\/schema.org","@graph":[{"@type":"WebPage","@id":"https:\/\/librosdelzorrorojo.com\/ca\/cataleg\/tuk-es-tuk-2\/","url":"https:\/\/librosdelzorrorojo.com\/ca\/cataleg\/tuk-es-tuk-2\/","name":"Tuk \u00e9s Tuk - Libros del Zorro Rojo","isPartOf":{"@id":"https:\/\/librosdelzorrorojo.com\/#website"},"datePublished":"2005-09-13T13:07:35+00:00","dateModified":"2024-03-01T08:21:52+00:00","description":"v\u00abTuk \u00e9s Tuk\u00bb \u00e9s la his\u00f2ria d'alg\u00fa molt singular. No \u00e9s tortuga ni drac, ni tampoc camale\u00f3. No \u00e9s verd, ni violeta: simplement... \u00e9s un Tuk en samarreta!","breadcrumb":{"@id":"https:\/\/librosdelzorrorojo.com\/ca\/cataleg\/tuk-es-tuk-2\/#breadcrumb"},"inLanguage":"ca","potentialAction":[{"@type":"ReadAction","target":["https:\/\/librosdelzorrorojo.com\/ca\/cataleg\/tuk-es-tuk-2\/"]}]},{"@type":"BreadcrumbList","@id":"https:\/\/librosdelzorrorojo.com\/ca\/cataleg\/tuk-es-tuk-2\/#breadcrumb","itemListElement":[{"@type":"ListItem","position":1,"name":"Portada","item":"https:\/\/librosdelzorrorojo.com\/ca\/"},{"@type":"ListItem","position":2,"name":"Cat\u00e0leg","item":"https:\/\/librosdelzorrorojo.com\/ca\/cataleg\/"},{"@type":"ListItem","position":3,"name":"Tuk \u00e9s Tuk"}]},{"@type":"WebSite","@id":"https:\/\/librosdelzorrorojo.com\/#website","url":"https:\/\/librosdelzorrorojo.com\/","name":"Libros del Zorro Rojo","description":"Libros ilustrados","potentialAction":[{"@type":"SearchAction","target":{"@type":"EntryPoint","urlTemplate":"https:\/\/librosdelzorrorojo.com\/?s={search_term_string}"},"query-input":{"@type":"PropertyValueSpecification","valueRequired":true,"valueName":"search_term_string"}}],"inLanguage":"ca"}]}},"_links":{"self":[{"href":"https:\/\/librosdelzorrorojo.com\/ca\/wp-json\/wp\/v2\/product\/15340","targetHints":{"allow":["GET"]}}],"collection":[{"href":"https:\/\/librosdelzorrorojo.com\/ca\/wp-json\/wp\/v2\/product"}],"about":[{"href":"https:\/\/librosdelzorrorojo.com\/ca\/wp-json\/wp\/v2\/types\/product"}],"wp:attachment":[{"href":"https:\/\/librosdelzorrorojo.com\/ca\/wp-json\/wp\/v2\/media?parent=15340"}],"wp:term":[{"taxonomy":"product_brand","embeddable":true,"href":"https:\/\/librosdelzorrorojo.com\/ca\/wp-json\/wp\/v2\/product_brand?post=15340"},{"taxonomy":"product_cat","embeddable":true,"href":"https:\/\/librosdelzorrorojo.com\/ca\/wp-json\/wp\/v2\/product_cat?post=15340"},{"taxonomy":"product_tag","embeddable":true,"href":"https:\/\/librosdelzorrorojo.com\/ca\/wp-json\/wp\/v2\/product_tag?post=15340"}],"curies":[{"name":"wp","href":"https:\/\/api.w.org\/{rel}","templated":true}]}}